{"id":3127,"date":"2025-03-09T13:06:46","date_gmt":"2025-03-09T13:06:46","guid":{"rendered":"https:\/\/artstella-elixirs-floraux.com\/product\/noix-de-coco-afrique-15-ml-phi\/"},"modified":"2025-06-17T09:26:37","modified_gmt":"2025-06-17T09:26:37","slug":"noix-de-coco-afrique-15-ml-phi","status":"publish","type":"product","link":"https:\/\/artstella-elixirs-floraux.com\/fr_fr\/produit\/noix-de-coco-afrique-15-ml-phi\/","title":{"rendered":"NOIX DE COCO AFRIQUE 15 ML PHI"},"content":{"rendered":"","protected":false},"excerpt":{"rendered":"<p><strong><em><span style=\"color: #008000\">Noix de coco (Cocus nucifera) (Kokuspalme)<\/span> <br \/>\u00a0<\/em><\/strong>Facilite l&rsquo;acceptation de la douceur int\u00e9rieure. Les \u00eatres sensibles apprennent \u00e0 se prot\u00e9ger avec une \u00ab\u00a0\u00e9corce solide\u00a0\u00bb. Il permet d&rsquo;\u00e9tablir un lien harmonieux entre l&rsquo;int\u00e9rieur et l&rsquo;ext\u00e9rieur<\/p>\n","protected":false},"featured_media":3128,"template":"","meta":[],"product_brand":[],"product_cat":[88],"product_tag":[],"class_list":{"0":"post-3127","1":"product","2":"type-product","3":"status-publish","4":"has-post-thumbnail","6":"product_cat-les-elixirs-d-afriques-et-des-canaries","8":"first","9":"instock","10":"taxable","11":"shipping-taxable","12":"purchasable","13":"product-type-simple"},"etheme_brands":{"errors":{"invalid_taxonomy":["Taxonomie non valide."]},"error_data":[]},"jetpack_sharing_enabled":true,"jetpack-related-posts":[{"id":4546,"url":"https:\/\/artstella-elixirs-floraux.com\/fr_fr\/produit\/coffret-20-fleurs-dafrique-15-ml-phi\/","url_meta":{"origin":3127,"position":0},"title":"COFFRET 20 fLEURS D&rsquo;AFRIQUE 15 ML PHI","author":"eveapprill","date":"9 mars 2025","format":false,"excerpt":"Contient les 20 \u00e9lixirs de fleurs d'Afrique et des Canaries :","rel":"","context":"Article similaire","block_context":{"text":"Article similaire","link":""},"img":{"alt_text":"","src":"https:\/\/i0.wp.com\/artstella-elixirs-floraux.com\/wp-content\/uploads\/2025\/03\/wp-image1158.png?resize=350%2C200&ssl=1","width":350,"height":200,"srcset":"https:\/\/i0.wp.com\/artstella-elixirs-floraux.com\/wp-content\/uploads\/2025\/03\/wp-image1158.png?resize=350%2C200&ssl=1 1x, https:\/\/i0.wp.com\/artstella-elixirs-floraux.com\/wp-content\/uploads\/2025\/03\/wp-image1158.png?resize=525%2C300&ssl=1 1.5x, https:\/\/i0.wp.com\/artstella-elixirs-floraux.com\/wp-content\/uploads\/2025\/03\/wp-image1158.png?resize=700%2C400&ssl=1 2x"},"classes":[]},{"id":3586,"url":"https:\/\/artstella-elixirs-floraux.com\/fr_fr\/produit\/protecteur-du-voyage-interieur-15-ml\/","url_meta":{"origin":3127,"position":1},"title":"Protecteur du voyage int\u00e9rieur 15 ml","author":"eveapprill","date":"9 mars 2025","format":false,"excerpt":"Guardian of the inner journey \/Protecteur du voyage int\u00e9rieur Il apporte le courage de voir notre ombre et les peurs qui inhibent notre \u00e9volution spirituelle. Un \u00e9lixir \"s\u00e9rieux\" qui nous aide dans les pratiques de m\u00e9ditation. Il correspond \u00e9nerg\u00e9tiquement \u00e0 \"Walking to the Earth rythm\" qui peut \u00eatre pris \u00e0\u2026","rel":"","context":"Article similaire","block_context":{"text":"Article similaire","link":""},"img":{"alt_text":"","src":"https:\/\/i0.wp.com\/artstella-elixirs-floraux.com\/wp-content\/uploads\/2025\/03\/be484e02-a99a-4749-8338-486dd12f7498.jpg?resize=350%2C200&ssl=1","width":350,"height":200,"srcset":"https:\/\/i0.wp.com\/artstella-elixirs-floraux.com\/wp-content\/uploads\/2025\/03\/be484e02-a99a-4749-8338-486dd12f7498.jpg?resize=350%2C200&ssl=1 1x, https:\/\/i0.wp.com\/artstella-elixirs-floraux.com\/wp-content\/uploads\/2025\/03\/be484e02-a99a-4749-8338-486dd12f7498.jpg?resize=525%2C300&ssl=1 1.5x, https:\/\/i0.wp.com\/artstella-elixirs-floraux.com\/wp-content\/uploads\/2025\/03\/be484e02-a99a-4749-8338-486dd12f7498.jpg?resize=700%2C400&ssl=1 2x"},"classes":[]},{"id":4026,"url":"https:\/\/artstella-elixirs-floraux.com\/fr_fr\/produit\/copihue-lys-du-chili-15-ml-sylfos\/","url_meta":{"origin":3127,"position":2},"title":"COPIHUE \/ LYS DU CHILI SYLFOS","author":"eveapprill","date":"9 mars 2025","format":false,"excerpt":"COPIHUE\/ LYS DU CHILI\u00a0 Lapageria rosea Joie int\u00e9rieure. Aide \u00e0 retrouver la joie int\u00e9rieure. Elixir recommand\u00e9 aux temp\u00e9raments pessimistes,","rel":"","context":"Article similaire","block_context":{"text":"Article similaire","link":""},"img":{"alt_text":"","src":"","width":0,"height":0},"classes":[]},{"id":3659,"url":"https:\/\/artstella-elixirs-floraux.com\/fr_fr\/produit\/54-secret-wisdom-ltoe-15-ml\/","url_meta":{"origin":3127,"position":3},"title":"54. SECRET WISDOM LTOE 15 ML","author":"eveapprill","date":"9 mars 2025","format":false,"excerpt":"Secret Wisdom \/Sagesse secrete : oriente l\u2019attention vers la divinit\u00e9 int\u00e9rieure, au niveau de la chambre int\u00e9rieure du chakra du c\u0153ur.","rel":"","context":"Article similaire","block_context":{"text":"Article similaire","link":""},"img":{"alt_text":"","src":"https:\/\/i0.wp.com\/artstella-elixirs-floraux.com\/wp-content\/uploads\/2025\/03\/0291e82f-9c29-418d-a2ef-b20a6361b50a.jpg?resize=350%2C200&ssl=1","width":350,"height":200,"srcset":"https:\/\/i0.wp.com\/artstella-elixirs-floraux.com\/wp-content\/uploads\/2025\/03\/0291e82f-9c29-418d-a2ef-b20a6361b50a.jpg?resize=350%2C200&ssl=1 1x, https:\/\/i0.wp.com\/artstella-elixirs-floraux.com\/wp-content\/uploads\/2025\/03\/0291e82f-9c29-418d-a2ef-b20a6361b50a.jpg?resize=525%2C300&ssl=1 1.5x, https:\/\/i0.wp.com\/artstella-elixirs-floraux.com\/wp-content\/uploads\/2025\/03\/0291e82f-9c29-418d-a2ef-b20a6361b50a.jpg?resize=700%2C400&ssl=1 2x"},"classes":[]},{"id":5220,"url":"https:\/\/artstella-elixirs-floraux.com\/fr_fr\/produit\/beluga\/","url_meta":{"origin":3127,"position":4},"title":"Beluga","author":"eveapprill","date":"9 mars 2025","format":false,"excerpt":"Cet \u00e9lixir nous rappelle la joie et la l\u00e9g\u00e8ret\u00e9 enfantine. Il nous apprend \u00e0 ne pas prendre la vie trop au s\u00e9rieux et \u00e0 rester enjou\u00e9","rel":"","context":"Article similaire","block_context":{"text":"Article similaire","link":""},"img":{"alt_text":"","src":"https:\/\/i0.wp.com\/artstella-elixirs-floraux.com\/wp-content\/uploads\/2025\/03\/wp-image1501.png?resize=350%2C200&ssl=1","width":350,"height":200},"classes":[]},{"id":5672,"url":"https:\/\/artstella-elixirs-floraux.com\/fr_fr\/produit\/coquelicot-de-californie-15-ml-deva\/","url_meta":{"origin":3127,"position":5},"title":"Coquelicot de Californie 15 ml DEVA","author":"eveapprill","date":"9 mars 2025","format":false,"excerpt":"Coquelicot de Californie Ecoute int\u00e9rieure, \u00e9veil. Assiste l\u2019individu dans sa recherche spirituelle en d\u00e9veloppant l\u2019attention et l\u2019\u00e9coute int\u00e9rieure.","rel":"","context":"Article similaire","block_context":{"text":"Article similaire","link":""},"img":{"alt_text":"","src":"https:\/\/i0.wp.com\/artstella-elixirs-floraux.com\/wp-content\/uploads\/2025\/03\/wp-image2392.png?resize=350%2C200&ssl=1","width":350,"height":200},"classes":[]}],"_links":{"self":[{"href":"https:\/\/artstella-elixirs-floraux.com\/fr_fr\/wp-json\/wp\/v2\/product\/3127","targetHints":{"allow":["GET"]}}],"collection":[{"href":"https:\/\/artstella-elixirs-floraux.com\/fr_fr\/wp-json\/wp\/v2\/product"}],"about":[{"href":"https:\/\/artstella-elixirs-floraux.com\/fr_fr\/wp-json\/wp\/v2\/types\/product"}],"version-history":[{"count":1,"href":"https:\/\/artstella-elixirs-floraux.com\/fr_fr\/wp-json\/wp\/v2\/product\/3127\/revisions"}],"predecessor-version":[{"id":10774,"href":"https:\/\/artstella-elixirs-floraux.com\/fr_fr\/wp-json\/wp\/v2\/product\/3127\/revisions\/10774"}],"wp:featuredmedia":[{"embeddable":true,"href":"https:\/\/artstella-elixirs-floraux.com\/fr_fr\/wp-json\/wp\/v2\/media\/3128"}],"wp:attachment":[{"href":"https:\/\/artstella-elixirs-floraux.com\/fr_fr\/wp-json\/wp\/v2\/media?parent=3127"}],"wp:term":[{"taxonomy":"product_brand","embeddable":true,"href":"https:\/\/artstella-elixirs-floraux.com\/fr_fr\/wp-json\/wp\/v2\/product_brand?post=3127"},{"taxonomy":"product_cat","embeddable":true,"href":"https:\/\/artstella-elixirs-floraux.com\/fr_fr\/wp-json\/wp\/v2\/product_cat?post=3127"},{"taxonomy":"product_tag","embeddable":true,"href":"https:\/\/artstella-elixirs-floraux.com\/fr_fr\/wp-json\/wp\/v2\/product_tag?post=3127"}],"curies":[{"name":"wp","href":"https:\/\/api.w.org\/{rel}","templated":true}]}}