{"id":3129,"date":"2025-03-09T13:06:47","date_gmt":"2025-03-09T13:06:47","guid":{"rendered":"https:\/\/artstella-elixirs-floraux.com\/product\/mimosa-afrique-phi-15ml\/"},"modified":"2025-06-17T09:26:34","modified_gmt":"2025-06-17T09:26:34","slug":"mimosa-afrique-phi-15ml","status":"publish","type":"product","link":"https:\/\/artstella-elixirs-floraux.com\/fr_fr\/produit\/mimosa-afrique-phi-15ml\/","title":{"rendered":"MIMOSA AFRIQUE PHI 15ML"},"content":{"rendered":"","protected":false},"excerpt":{"rendered":"<p><strong><em><span style=\"color: #008000\">Mimosa (Mimosa) (Mimose)<\/span> <\/em><\/strong><\/p>\n<p>Am\u00e9liore le contact avec les autres, en nous rendant plus conscients de nos propres forces. Nous aide \u00e0 d\u00e9couvrir notre richesse et \u00e0 ressentir la lumi\u00e8re int\u00e9rieure.<\/p>\n","protected":false},"featured_media":3130,"template":"","meta":[],"product_brand":[],"product_cat":[88],"product_tag":[],"class_list":{"0":"post-3129","1":"product","2":"type-product","3":"status-publish","4":"has-post-thumbnail","6":"product_cat-les-elixirs-d-afriques-et-des-canaries","8":"first","9":"instock","10":"taxable","11":"shipping-taxable","12":"purchasable","13":"product-type-simple"},"etheme_brands":{"errors":{"invalid_taxonomy":["Taxonomie non valide."]},"error_data":[]},"jetpack_sharing_enabled":true,"jetpack-related-posts":[{"id":5730,"url":"https:\/\/artstella-elixirs-floraux.com\/fr_fr\/produit\/mimosa-10-ml-deva\/","url_meta":{"origin":3129,"position":0},"title":"Mimosa 10 ml DEVA","author":"eveapprill","date":"9 mars 2025","format":false,"excerpt":"Mimosa Pour les temp\u00e9raments timides, introvertis, ind\u00e9pendants qui se replient sur eux-m\u00eames et qui s'isolent des autres. Facilite l'ouverture aux autres et au monde.","rel":"","context":"Article similaire","block_context":{"text":"Article similaire","link":""},"img":{"alt_text":"","src":"https:\/\/i0.wp.com\/artstella-elixirs-floraux.com\/wp-content\/uploads\/2025\/03\/wp-image2423.png?resize=350%2C200&ssl=1","width":350,"height":200},"classes":[]},{"id":5446,"url":"https:\/\/artstella-elixirs-floraux.com\/fr_fr\/produit\/sensitive-mimosa-pudica-10-ml-bl\/","url_meta":{"origin":3129,"position":1},"title":"Sensitive &#8211; Mimosa pudica 10 ML BL","author":"eveapprill","date":"9 mars 2025","format":false,"excerpt":"Mimosa \/ Mimosa pudica (sensitive weed)\u00a0\u00a0\u00a0\u00a0\u00a0\u00a0\u00a0\u00a0\u00a0 Stimule l\u2019\u00e2me et apporte stabilit\u00e9, clart\u00e9 et force du mental. Pour choisir son chemin avec certitude et ne pas se laisser d\u00e9vier. Quand on se sent \u00e9touff\u00e9 par l\u2019autre ou pris dans un espace trop \u00e9troit.","rel":"","context":"Article similaire","block_context":{"text":"Article similaire","link":""},"img":{"alt_text":"","src":"","width":0,"height":0},"classes":[]},{"id":6337,"url":"https:\/\/artstella-elixirs-floraux.com\/fr_fr\/produit\/espinillo-mimosa-du-chili-15-ml-sylfos\/","url_meta":{"origin":3129,"position":2},"title":"ESPINILLO \u2013 MIMOSA DU CHILI 15 ml SYLFOS","author":"eveapprill","date":"9 mars 2025","format":false,"excerpt":"ESPINILLO \u2013 MIMOSA DU CHILI\u00a0 Vachellia caven Amertume, vuln\u00e9rabilit\u00e9, incapacit\u00e9 \u00e0 se pardonner, sensibilit\u00e9 excessive. Le Mimosa du Chili agit comme un antid\u00e9presseur et poss\u00e8de une action \u00e9nergisante naturelle. Il sera recommand\u00e9 en cas d'incapacit\u00e9 \u00e0 se pardonner et lorsque la personne a besoin d'\u00eatre surla d\u00e9fensive face \u00e0 toute\u2026","rel":"","context":"Article similaire","block_context":{"text":"Article similaire","link":""},"img":{"alt_text":"","src":"https:\/\/i0.wp.com\/artstella-elixirs-floraux.com\/wp-content\/uploads\/2025\/03\/ESPINILLO.jpg?resize=350%2C200&ssl=1","width":350,"height":200},"classes":[]},{"id":4546,"url":"https:\/\/artstella-elixirs-floraux.com\/fr_fr\/produit\/coffret-20-fleurs-dafrique-15-ml-phi\/","url_meta":{"origin":3129,"position":3},"title":"COFFRET 20 fLEURS D&rsquo;AFRIQUE 15 ML PHI","author":"eveapprill","date":"9 mars 2025","format":false,"excerpt":"Contient les 20 \u00e9lixirs de fleurs d'Afrique et des Canaries :","rel":"","context":"Article similaire","block_context":{"text":"Article similaire","link":""},"img":{"alt_text":"","src":"https:\/\/i0.wp.com\/artstella-elixirs-floraux.com\/wp-content\/uploads\/2025\/03\/wp-image1158.png?resize=350%2C200&ssl=1","width":350,"height":200,"srcset":"https:\/\/i0.wp.com\/artstella-elixirs-floraux.com\/wp-content\/uploads\/2025\/03\/wp-image1158.png?resize=350%2C200&ssl=1 1x, https:\/\/i0.wp.com\/artstella-elixirs-floraux.com\/wp-content\/uploads\/2025\/03\/wp-image1158.png?resize=525%2C300&ssl=1 1.5x, https:\/\/i0.wp.com\/artstella-elixirs-floraux.com\/wp-content\/uploads\/2025\/03\/wp-image1158.png?resize=700%2C400&ssl=1 2x"},"classes":[]},{"id":6333,"url":"https:\/\/artstella-elixirs-floraux.com\/fr_fr\/produit\/hyperactivite-n22-comp-deva-30-ml\/","url_meta":{"origin":3129,"position":4},"title":"Hyperactivit\u00e9 N\u00b022 Comp Deva 30 ml","author":"eveapprill","date":"9 mars 2025","format":false,"excerpt":"e compos\u00e9 floral Deva HYPERACTIVIT\u00c9 stabilise humeur, attention et activit\u00e9 chez l'enfant et l'adulte hypersensibles et hyper\u00e9motifs. Apaise les tensions li\u00e9es \u00e0 l'impulsivit\u00e9. Renforce l'estime de soi, l'\u00e9coute, la concentration. Apporte douceur, confiance et protection.","rel":"","context":"Article similaire","block_context":{"text":"Article similaire","link":""},"img":{"alt_text":"","src":"https:\/\/i0.wp.com\/artstella-elixirs-floraux.com\/wp-content\/uploads\/2025\/03\/wp-image2341.png?resize=350%2C200&ssl=1","width":350,"height":200,"srcset":"https:\/\/i0.wp.com\/artstella-elixirs-floraux.com\/wp-content\/uploads\/2025\/03\/wp-image2341.png?resize=350%2C200&ssl=1 1x, https:\/\/i0.wp.com\/artstella-elixirs-floraux.com\/wp-content\/uploads\/2025\/03\/wp-image2341.png?resize=525%2C300&ssl=1 1.5x, https:\/\/i0.wp.com\/artstella-elixirs-floraux.com\/wp-content\/uploads\/2025\/03\/wp-image2341.png?resize=700%2C400&ssl=1 2x"},"classes":[]},{"id":5462,"url":"https:\/\/artstella-elixirs-floraux.com\/fr_fr\/produit\/strophaire-a-anneau-rugueux-10ml-bl\/","url_meta":{"origin":3129,"position":5},"title":"Strophaire \u00e0 anneau rugueux 10ml BL","author":"eveapprill","date":"9 mars 2025","format":false,"excerpt":"Strophaire \u00e0 anneau rugueux \/ Stropharia rugoso annulata\u00a0\u00a0\u00a0\u00a0\u00a0\u00a0\u00a0\u00a0\u00a0\u00a0\u00a0\u00a0\u00a0\u00a0 Peut atteindre 40 \u00e0 50 cm de circonf\u00e9rence. Pour trouver de nouvelles intuitions dans ses activit\u00e9s.","rel":"","context":"Article similaire","block_context":{"text":"Article similaire","link":""},"img":{"alt_text":"","src":"","width":0,"height":0},"classes":[]}],"_links":{"self":[{"href":"https:\/\/artstella-elixirs-floraux.com\/fr_fr\/wp-json\/wp\/v2\/product\/3129","targetHints":{"allow":["GET"]}}],"collection":[{"href":"https:\/\/artstella-elixirs-floraux.com\/fr_fr\/wp-json\/wp\/v2\/product"}],"about":[{"href":"https:\/\/artstella-elixirs-floraux.com\/fr_fr\/wp-json\/wp\/v2\/types\/product"}],"version-history":[{"count":1,"href":"https:\/\/artstella-elixirs-floraux.com\/fr_fr\/wp-json\/wp\/v2\/product\/3129\/revisions"}],"predecessor-version":[{"id":10773,"href":"https:\/\/artstella-elixirs-floraux.com\/fr_fr\/wp-json\/wp\/v2\/product\/3129\/revisions\/10773"}],"wp:featuredmedia":[{"embeddable":true,"href":"https:\/\/artstella-elixirs-floraux.com\/fr_fr\/wp-json\/wp\/v2\/media\/3130"}],"wp:attachment":[{"href":"https:\/\/artstella-elixirs-floraux.com\/fr_fr\/wp-json\/wp\/v2\/media?parent=3129"}],"wp:term":[{"taxonomy":"product_brand","embeddable":true,"href":"https:\/\/artstella-elixirs-floraux.com\/fr_fr\/wp-json\/wp\/v2\/product_brand?post=3129"},{"taxonomy":"product_cat","embeddable":true,"href":"https:\/\/artstella-elixirs-floraux.com\/fr_fr\/wp-json\/wp\/v2\/product_cat?post=3129"},{"taxonomy":"product_tag","embeddable":true,"href":"https:\/\/artstella-elixirs-floraux.com\/fr_fr\/wp-json\/wp\/v2\/product_tag?post=3129"}],"curies":[{"name":"wp","href":"https:\/\/api.w.org\/{rel}","templated":true}]}}