{"id":3153,"date":"2025-03-09T13:07:02","date_gmt":"2025-03-09T13:07:02","guid":{"rendered":"https:\/\/artstella-elixirs-floraux.com\/product\/rose-cannelle-phi-15-ml\/"},"modified":"2025-06-17T17:07:28","modified_gmt":"2025-06-17T17:07:28","slug":"rose-cannelle-phi-15-ml","status":"publish","type":"product","link":"https:\/\/artstella-elixirs-floraux.com\/fr_fr\/produit\/rose-cannelle-phi-15-ml\/","title":{"rendered":"ROSE CANNELLE PHI 15 ML"},"content":{"rendered":"","protected":false},"excerpt":{"rendered":"<p><strong><em><span style=\"color: #008000;\">Rose cannelle (Rosa majalis) (Zimtrose)<\/span><br \/>\n<\/em><\/strong>Redonne l&rsquo;espoir quand nous ne trouvons plus d&rsquo;issue. Elle nous ouvre \u00e0 de nouvelles rencontres. Cette rose nous aide \u00e0 gu\u00e9rir les blessures \u00e9motionnelles et permet de retrouver l&rsquo;optimisme.<\/p>\n","protected":false},"featured_media":3154,"template":"","meta":[],"product_brand":[],"product_cat":[89],"product_tag":[],"class_list":{"0":"post-3153","1":"product","2":"type-product","3":"status-publish","4":"has-post-thumbnail","6":"product_cat-les-elixirs-de-roses","8":"first","9":"instock","10":"taxable","11":"shipping-taxable","12":"purchasable","13":"product-type-variable"},"etheme_brands":{"errors":{"invalid_taxonomy":["Taxonomie non valide."]},"error_data":[]},"jetpack_sharing_enabled":true,"jetpack-related-posts":[{"id":3177,"url":"https:\/\/artstella-elixirs-floraux.com\/fr_fr\/produit\/rose-verte-phi-15-ml-green-rose\/","url_meta":{"origin":3153,"position":0},"title":"ROSE VERTE PHI 15 ML Green rose","author":"eveapprill","date":"9 mars 2025","format":false,"excerpt":"Rose verte (Rosa chinensis viridiflora) (Gr\u00fcne Rose) Green rose Quand nous nous sentons \u00e0 l'\u00e9troit et sous pression, l'\u00e9lixir nous aide \u00e0 nous d\u00e9tendre et \u00e0 retrouver la paix. Il agit en lib\u00e9rant et en \u00e9largissant le c\u0153ur.","rel":"","context":"Article similaire","block_context":{"text":"Article similaire","link":""},"img":{"alt_text":"","src":"https:\/\/i0.wp.com\/artstella-elixirs-floraux.com\/wp-content\/uploads\/2025\/03\/wp-image405.png?resize=350%2C200&ssl=1","width":350,"height":200},"classes":[]},{"id":4549,"url":"https:\/\/artstella-elixirs-floraux.com\/fr_fr\/produit\/coffret-10-elixirs-de-roses-15ml-phi\/","url_meta":{"origin":3153,"position":1},"title":"COFFRET 10 ELIXIRS DE ROSES 15ml PHI","author":"eveapprill","date":"9 mars 2025","format":false,"excerpt":"Contient les 10 \u00e9lixirs de roses\u00a0 une particularit\u00e9 dans le domaine des \u00e9lixirs floraux Rose du Japon, Rose pimprenelle, Rose sauvage, Rose rugueuse Sarah van Fleet, Rose rugueuse Souvenir de Phil\u00e9mon Cochet, Rose tib\u00e9taine, Rose verte, Rose reine du Danmark, Rose Provence.","rel":"","context":"Article similaire","block_context":{"text":"Article similaire","link":""},"img":{"alt_text":"","src":"https:\/\/i0.wp.com\/artstella-elixirs-floraux.com\/wp-content\/uploads\/2025\/03\/wp-image1160.png?resize=350%2C200&ssl=1","width":350,"height":200,"srcset":"https:\/\/i0.wp.com\/artstella-elixirs-floraux.com\/wp-content\/uploads\/2025\/03\/wp-image1160.png?resize=350%2C200&ssl=1 1x, https:\/\/i0.wp.com\/artstella-elixirs-floraux.com\/wp-content\/uploads\/2025\/03\/wp-image1160.png?resize=525%2C300&ssl=1 1.5x, https:\/\/i0.wp.com\/artstella-elixirs-floraux.com\/wp-content\/uploads\/2025\/03\/wp-image1160.png?resize=700%2C400&ssl=1 2x"},"classes":[]},{"id":3149,"url":"https:\/\/artstella-elixirs-floraux.com\/fr_fr\/produit\/rose-du-japon-phi-15-ml\/","url_meta":{"origin":3153,"position":2},"title":"ROSE DU JAPON PHI 15 ML","author":"eveapprill","date":"9 mars 2025","format":false,"excerpt":"Rose du Japon (Rosa roxbourghi) (Japanische Rose) Favorise la modestie et l'humilit\u00e9 en l'amour. La rose du Japon nous aide \u00e0 retrouver l'espoir dans l'amour. Nous apprenons \u00e0 garder une douce retenue et \u00e0 n'utiliser nos \u00e9pines qu'en cas de n\u00e9cessit\u00e9.","rel":"","context":"Article similaire","block_context":{"text":"Article similaire","link":""},"img":{"alt_text":"","src":"https:\/\/i0.wp.com\/artstella-elixirs-floraux.com\/wp-content\/uploads\/2025\/03\/wp-image398.png?resize=350%2C200&ssl=1","width":350,"height":200},"classes":[]},{"id":3185,"url":"https:\/\/artstella-elixirs-floraux.com\/fr_fr\/produit\/rose-provence-15-ml-phi\/","url_meta":{"origin":3153,"position":3},"title":"ROSE PROVENCE 15 ML PHI","author":"eveapprill","date":"9 mars 2025","format":false,"excerpt":"Rose de Provence (Rosa centifolia) (Provence Rose) Nous aide \u00e0 d\u00e9passer les obstacles apparents et relie le c\u0153ur \u00e0 la raison. Il apporte un \u00e9quilibre entre l\u2019esprit et les sentiments.","rel":"","context":"Article similaire","block_context":{"text":"Article similaire","link":""},"img":{"alt_text":"","src":"https:\/\/i0.wp.com\/artstella-elixirs-floraux.com\/wp-content\/uploads\/2025\/03\/wp-image406.png?resize=350%2C200&ssl=1","width":350,"height":200},"classes":[]},{"id":3157,"url":"https:\/\/artstella-elixirs-floraux.com\/fr_fr\/produit\/rose-pimprenelle-phi-15-ml\/","url_meta":{"origin":3153,"position":4},"title":"ROSE PIMPRENELLE PHI 15 ML","author":"eveapprill","date":"9 mars 2025","format":false,"excerpt":"Rose Pimprenelle (Rosa spinosissima) Agit de mani\u00e8re harmonisante au niveau du plexus solaire et du chakra du c\u0153ur. Nous apprenons \u00e0 prendre de la distance et \u00e0 \u00eatre plus d\u00e9tendus. Cette rose permet au c\u0153ur de ressentir, mais non de se d\u00e9velopper. Elle apporte la chaleur du c\u0153ur et la\u2026","rel":"","context":"Article similaire","block_context":{"text":"Article similaire","link":""},"img":{"alt_text":"","src":"https:\/\/i0.wp.com\/artstella-elixirs-floraux.com\/wp-content\/uploads\/2025\/03\/wp-image400.png?resize=350%2C200&ssl=1","width":350,"height":200},"classes":[]},{"id":3173,"url":"https:\/\/artstella-elixirs-floraux.com\/fr_fr\/produit\/rose-tibetaine-15-ml-phi\/","url_meta":{"origin":3153,"position":5},"title":"ROSE TIBETAINE 15 ML PHI","author":"eveapprill","date":"9 mars 2025","format":false,"excerpt":"Rose tib\u00e9taine (Rosa moyesii) (Tibetanische Bergrose) Aide \u00e0 nous accepter et \u00e0 nous aimer tels que nous sommes. La confiance en nous se d\u00e9veloppe, ainsi que notre joie de vivre et notre force vitale.","rel":"","context":"Article similaire","block_context":{"text":"Article similaire","link":""},"img":{"alt_text":"","src":"https:\/\/i0.wp.com\/artstella-elixirs-floraux.com\/wp-content\/uploads\/2025\/03\/wp-image404.png?resize=350%2C200&ssl=1","width":350,"height":200},"classes":[]}],"_links":{"self":[{"href":"https:\/\/artstella-elixirs-floraux.com\/fr_fr\/wp-json\/wp\/v2\/product\/3153","targetHints":{"allow":["GET"]}}],"collection":[{"href":"https:\/\/artstella-elixirs-floraux.com\/fr_fr\/wp-json\/wp\/v2\/product"}],"about":[{"href":"https:\/\/artstella-elixirs-floraux.com\/fr_fr\/wp-json\/wp\/v2\/types\/product"}],"version-history":[{"count":1,"href":"https:\/\/artstella-elixirs-floraux.com\/fr_fr\/wp-json\/wp\/v2\/product\/3153\/revisions"}],"predecessor-version":[{"id":10911,"href":"https:\/\/artstella-elixirs-floraux.com\/fr_fr\/wp-json\/wp\/v2\/product\/3153\/revisions\/10911"}],"wp:featuredmedia":[{"embeddable":true,"href":"https:\/\/artstella-elixirs-floraux.com\/fr_fr\/wp-json\/wp\/v2\/media\/3154"}],"wp:attachment":[{"href":"https:\/\/artstella-elixirs-floraux.com\/fr_fr\/wp-json\/wp\/v2\/media?parent=3153"}],"wp:term":[{"taxonomy":"product_brand","embeddable":true,"href":"https:\/\/artstella-elixirs-floraux.com\/fr_fr\/wp-json\/wp\/v2\/product_brand?post=3153"},{"taxonomy":"product_cat","embeddable":true,"href":"https:\/\/artstella-elixirs-floraux.com\/fr_fr\/wp-json\/wp\/v2\/product_cat?post=3153"},{"taxonomy":"product_tag","embeddable":true,"href":"https:\/\/artstella-elixirs-floraux.com\/fr_fr\/wp-json\/wp\/v2\/product_tag?post=3153"}],"curies":[{"name":"wp","href":"https:\/\/api.w.org\/{rel}","templated":true}]}}