{"id":3191,"date":"2025-03-09T13:07:40","date_gmt":"2025-03-09T13:07:40","guid":{"rendered":"https:\/\/artstella-elixirs-floraux.com\/product\/arnica-15-ml-phi\/"},"modified":"2025-06-17T16:28:44","modified_gmt":"2025-06-17T16:28:44","slug":"arnica-15-ml-phi","status":"publish","type":"product","link":"https:\/\/artstella-elixirs-floraux.com\/fr_fr\/produit\/arnica-15-ml-phi\/","title":{"rendered":"ARNICA 15 ML PHI"},"content":{"rendered":"","protected":false},"excerpt":{"rendered":"<p><strong><em>Arnica (Arnica montana) (Arnika)<\/em><\/strong><\/p>\n<p><strong><em> <\/em><\/strong>L&rsquo;\u00e9lixir est un rem\u00e8de de base dans tous les cas de \u00ab\u00a0blessures\u00a0\u00bb ou de chocs. Il ouvre le chemin pour nous ressentir \u00e0 nouveau entier.<\/p>\n","protected":false},"featured_media":3192,"template":"","meta":[],"product_brand":[],"product_cat":[90],"product_tag":[],"class_list":{"0":"post-3191","1":"product","2":"type-product","3":"status-publish","4":"has-post-thumbnail","6":"product_cat-les-elixirs-de-fleurs-sauvages","8":"first","9":"instock","10":"taxable","11":"shipping-taxable","12":"purchasable","13":"product-type-simple"},"etheme_brands":{"errors":{"invalid_taxonomy":["Taxonomie non valide."]},"error_data":[]},"jetpack_sharing_enabled":true,"jetpack-related-posts":[{"id":5627,"url":"https:\/\/artstella-elixirs-floraux.com\/fr_fr\/produit\/arnica-15-ml\/","url_meta":{"origin":3191,"position":0},"title":"Arnica 15 ml","author":"eveapprill","date":"9 mars 2025","format":false,"excerpt":"Arnica R\u00e9g\u00e9n\u00e9ration, r\u00e9confort. Supprime les blocages \u00e9nerg\u00e9tiques. Maintient ou r\u00e9tablit la connexion avec le \u00abMoi sup\u00e9rieur\u201d.","rel":"","context":"Article similaire","block_context":{"text":"Article similaire","link":""},"img":{"alt_text":"","src":"https:\/\/i0.wp.com\/artstella-elixirs-floraux.com\/wp-content\/uploads\/2025\/03\/wp-image1816.png?resize=350%2C200&ssl=1","width":350,"height":200},"classes":[]},{"id":4519,"url":"https:\/\/artstella-elixirs-floraux.com\/fr_fr\/produit\/arnica\/","url_meta":{"origin":3191,"position":1},"title":"Arnica","author":"eveapprill","date":"9 mars 2025","format":false,"excerpt":"Arnica (arnica montana) Egalement dans la gamme des fleurs sauvages, nous relie \u00e0 notre \u00ab\u00a0moi sup\u00e9rieur\u00a0\u00bb. Une longue prise de drogues, un accident ou une narcose peuvent ab\u00eemer ce lien et nous perdons alors le sens de notre vie,","rel":"","context":"Article similaire","block_context":{"text":"Article similaire","link":""},"img":{"alt_text":"","src":"","width":0,"height":0},"classes":[]},{"id":4868,"url":"https:\/\/artstella-elixirs-floraux.com\/fr_fr\/produit\/alpine-arnica-alas-f-sup\/","url_meta":{"origin":3191,"position":2},"title":"ALPINE ARNICA ALAS F SUP","author":"eveapprill","date":"9 mars 2025","format":false,"excerpt":"Alpine Arnica Indications : au cours de l'identification avec les traumatismes \u00e9motionnels et les blessures du pass\u00e9 ; douleur sans comprendre.","rel":"","context":"Article similaire","block_context":{"text":"Article similaire","link":""},"img":{"alt_text":"","src":"https:\/\/i0.wp.com\/artstella-elixirs-floraux.com\/wp-content\/uploads\/2025\/03\/wp-image1372.png?resize=350%2C200&ssl=1","width":350,"height":200},"classes":[]},{"id":5292,"url":"https:\/\/artstella-elixirs-floraux.com\/fr_fr\/produit\/complexe-n-5-liberation-deva-30ml\/","url_meta":{"origin":3191,"position":3},"title":"COMPLEXE N\u00b0 5 Lib\u00e9ration DEVA 30ML","author":"eveapprill","date":"9 mars 2025","format":false,"excerpt":"COMPLEXE N\u00b0 6\u00a0 Lib\u00e9ration (anciennement D\u00e9saccoutumance) 30ml aide \u00e0 se lib\u00e9rer des habitudes nocives et r\u00e9p\u00e9titives. Il soutient la volont\u00e9 et apaise dans les p\u00e9riodes de changement. Il stimule la vitalit\u00e9 et r\u00e9gularise les rythmes de vie d\u00e9sordonn\u00e9s.","rel":"","context":"Article similaire","block_context":{"text":"Article similaire","link":""},"img":{"alt_text":"","src":"https:\/\/i0.wp.com\/artstella-elixirs-floraux.com\/wp-content\/uploads\/2025\/03\/73c6ebeb-db7e-42f0-af08-28a7d151d309.jpg?resize=350%2C200&ssl=1","width":350,"height":200,"srcset":"https:\/\/i0.wp.com\/artstella-elixirs-floraux.com\/wp-content\/uploads\/2025\/03\/73c6ebeb-db7e-42f0-af08-28a7d151d309.jpg?resize=350%2C200&ssl=1 1x, https:\/\/i0.wp.com\/artstella-elixirs-floraux.com\/wp-content\/uploads\/2025\/03\/73c6ebeb-db7e-42f0-af08-28a7d151d309.jpg?resize=525%2C300&ssl=1 1.5x, https:\/\/i0.wp.com\/artstella-elixirs-floraux.com\/wp-content\/uploads\/2025\/03\/73c6ebeb-db7e-42f0-af08-28a7d151d309.jpg?resize=700%2C400&ssl=1 2x"},"classes":[]},{"id":5281,"url":"https:\/\/artstella-elixirs-floraux.com\/fr_fr\/produit\/complexe-n3-detente-corporelle-deva-30ml\/","url_meta":{"origin":3191,"position":4},"title":"COMPLEXE N\u00b03 D\u00e9tente corporelle DEVA 30ml","author":"eveapprill","date":"9 mars 2025","format":false,"excerpt":"COMPLEXE N\u00b03 D\u00e9tente corporelle s'utilise avant et apr\u00e8s l'effort pour favoriser l'\u00e9limination, l'assouplissement corporel et l'\u00e9lasticit\u00e9. Il est conseill\u00e9 \u00e0 ceux qui ont une pratique sportive r\u00e9guli\u00e8re ou un effort physique inhabituel \u00e0 fournir. Il est recommand\u00e9 pour \u00eatre \u00e0 l'\u00e9coute de son corps.","rel":"","context":"Article similaire","block_context":{"text":"Article similaire","link":""},"img":{"alt_text":"","src":"https:\/\/i0.wp.com\/artstella-elixirs-floraux.com\/wp-content\/uploads\/2025\/03\/1aa3298e-fafe-4a65-9e97-9bddc22b27ed.jpg?resize=350%2C200&ssl=1","width":350,"height":200,"srcset":"https:\/\/i0.wp.com\/artstella-elixirs-floraux.com\/wp-content\/uploads\/2025\/03\/1aa3298e-fafe-4a65-9e97-9bddc22b27ed.jpg?resize=350%2C200&ssl=1 1x, https:\/\/i0.wp.com\/artstella-elixirs-floraux.com\/wp-content\/uploads\/2025\/03\/1aa3298e-fafe-4a65-9e97-9bddc22b27ed.jpg?resize=525%2C300&ssl=1 1.5x, https:\/\/i0.wp.com\/artstella-elixirs-floraux.com\/wp-content\/uploads\/2025\/03\/1aa3298e-fafe-4a65-9e97-9bddc22b27ed.jpg?resize=700%2C400&ssl=1 2x"},"classes":[]},{"id":5329,"url":"https:\/\/artstella-elixirs-floraux.com\/fr_fr\/produit\/creme-echinaflor\/","url_meta":{"origin":3191,"position":5},"title":"Cr\u00e8me Echinaflor","author":"eveapprill","date":"9 mars 2025","format":false,"excerpt":"La cr\u00e8me ECHINAFLOR r\u00e9g\u00e9n\u00e8re l'\u00e9piderme en restaurant l'\u00e9quilibre de ses fonctions naturelles et en luttant efficacement contre les agressions ext\u00e9rieures. La cr\u00e8me ECHINAFLOR pr\u00e9serve la souplesse, la vitalit\u00e9 et l'int\u00e9grit\u00e9 de la peau. Elle prot\u00e8ge les peaux sensibles et fortifie les peaux fatigu\u00e9es ou ab\u00eem\u00e9es.","rel":"","context":"Article similaire","block_context":{"text":"Article similaire","link":""},"img":{"alt_text":"","src":"https:\/\/i0.wp.com\/artstella-elixirs-floraux.com\/wp-content\/uploads\/2025\/03\/wp-image1600.png?resize=350%2C200&ssl=1","width":350,"height":200},"classes":[]}],"_links":{"self":[{"href":"https:\/\/artstella-elixirs-floraux.com\/fr_fr\/wp-json\/wp\/v2\/product\/3191","targetHints":{"allow":["GET"]}}],"collection":[{"href":"https:\/\/artstella-elixirs-floraux.com\/fr_fr\/wp-json\/wp\/v2\/product"}],"about":[{"href":"https:\/\/artstella-elixirs-floraux.com\/fr_fr\/wp-json\/wp\/v2\/types\/product"}],"version-history":[{"count":1,"href":"https:\/\/artstella-elixirs-floraux.com\/fr_fr\/wp-json\/wp\/v2\/product\/3191\/revisions"}],"predecessor-version":[{"id":10887,"href":"https:\/\/artstella-elixirs-floraux.com\/fr_fr\/wp-json\/wp\/v2\/product\/3191\/revisions\/10887"}],"wp:featuredmedia":[{"embeddable":true,"href":"https:\/\/artstella-elixirs-floraux.com\/fr_fr\/wp-json\/wp\/v2\/media\/3192"}],"wp:attachment":[{"href":"https:\/\/artstella-elixirs-floraux.com\/fr_fr\/wp-json\/wp\/v2\/media?parent=3191"}],"wp:term":[{"taxonomy":"product_brand","embeddable":true,"href":"https:\/\/artstella-elixirs-floraux.com\/fr_fr\/wp-json\/wp\/v2\/product_brand?post=3191"},{"taxonomy":"product_cat","embeddable":true,"href":"https:\/\/artstella-elixirs-floraux.com\/fr_fr\/wp-json\/wp\/v2\/product_cat?post=3191"},{"taxonomy":"product_tag","embeddable":true,"href":"https:\/\/artstella-elixirs-floraux.com\/fr_fr\/wp-json\/wp\/v2\/product_tag?post=3191"}],"curies":[{"name":"wp","href":"https:\/\/api.w.org\/{rel}","templated":true}]}}