{"id":3207,"date":"2025-03-09T13:07:52","date_gmt":"2025-03-09T13:07:52","guid":{"rendered":"https:\/\/artstella-elixirs-floraux.com\/product\/molene-phi-15-ml\/"},"modified":"2025-06-17T16:27:56","modified_gmt":"2025-06-17T16:27:56","slug":"molene-phi-15-ml","status":"publish","type":"product","link":"https:\/\/artstella-elixirs-floraux.com\/fr_fr\/produit\/molene-phi-15-ml\/","title":{"rendered":"MOLENE PHI 15 ML"},"content":{"rendered":"","protected":false},"excerpt":{"rendered":"<p><span style=\"color: #008000\"> <strong><em>Mol\u00e8ne (Verbascum Thapsus) (K\u00f6nnigskerze) <\/em><\/strong><\/span><\/p>\n<p><strong><em><\/em><\/strong>Favorise l&rsquo;\u00e9coute de notre voix int\u00e9rieure. Il aide \u00e0 trouver notre juste place dans un groupe et \u00e0 ne pas nous m\u00ealer de tout, ainsi qu&rsquo;\u00e0 voir comment apporter notre soutient \u00e0 l&rsquo;ensemble.<\/p>\n","protected":false},"featured_media":3208,"template":"","meta":[],"product_brand":[],"product_cat":[90],"product_tag":[],"class_list":{"0":"post-3207","1":"product","2":"type-product","3":"status-publish","4":"has-post-thumbnail","6":"product_cat-les-elixirs-de-fleurs-sauvages","8":"first","9":"outofstock","10":"taxable","11":"shipping-taxable","12":"purchasable","13":"product-type-simple"},"etheme_brands":{"errors":{"invalid_taxonomy":["Taxonomie non valide."]},"error_data":[]},"jetpack_sharing_enabled":true,"jetpack-related-posts":[{"id":5736,"url":"https:\/\/artstella-elixirs-floraux.com\/fr_fr\/produit\/molene-10-ml-deva\/","url_meta":{"origin":3207,"position":0},"title":"Mol\u00e8ne 10 ml DEVA","author":"eveapprill","date":"9 mars 2025","format":false,"excerpt":"Mol\u00e8ne Ecoute int\u00e9rieure, droiture et rigueur morale. Pour ceux qui sont ind\u00e9cis sur la direction et les valeurs morales \u00e0 suivre dans leur vie. Pour cr\u00e9er l\u2019unit\u00e9 et d\u00e9velopper l\u2019harmonie au sein d\u2019un groupe.","rel":"","context":"Article similaire","block_context":{"text":"Article similaire","link":""},"img":{"alt_text":"","src":"https:\/\/i0.wp.com\/artstella-elixirs-floraux.com\/wp-content\/uploads\/2025\/03\/wp-image2427.png?resize=350%2C200&ssl=1","width":350,"height":200},"classes":[]},{"id":5304,"url":"https:\/\/artstella-elixirs-floraux.com\/fr_fr\/produit\/complexe-n12-emotions-de-ladolescence-deva-30ml\/","url_meta":{"origin":3207,"position":1},"title":"COMPLEXE N\u00b012 Emotions de l&rsquo;Adolescence DEVA 30ML","author":"eveapprill","date":"9 mars 2025","format":false,"excerpt":"COMPLEXE N\u00b012 en 30ml Le compos\u00e9 floral \u00c9motions de l'ADOLESCENCE facilite la transition de l'enfance \u00e0 l'\u00e2ge adulte. Il aide \u00e0 surmonter l'insatisfaction et l'immaturit\u00e9. Il est\u00a0 recommand\u00e9 pour affirmer positivement son individualit\u00e9 et d\u00e9fendre ses convictions. Pour faciliter les choix de vie et d'orientation et garder son cap.","rel":"","context":"Article similaire","block_context":{"text":"Article similaire","link":""},"img":{"alt_text":"","src":"https:\/\/i0.wp.com\/artstella-elixirs-floraux.com\/wp-content\/uploads\/2025\/03\/a59a17e7-574b-4ee7-a37f-0dbea1df662c.jpg?resize=350%2C200&ssl=1","width":350,"height":200,"srcset":"https:\/\/i0.wp.com\/artstella-elixirs-floraux.com\/wp-content\/uploads\/2025\/03\/a59a17e7-574b-4ee7-a37f-0dbea1df662c.jpg?resize=350%2C200&ssl=1 1x, https:\/\/i0.wp.com\/artstella-elixirs-floraux.com\/wp-content\/uploads\/2025\/03\/a59a17e7-574b-4ee7-a37f-0dbea1df662c.jpg?resize=525%2C300&ssl=1 1.5x, https:\/\/i0.wp.com\/artstella-elixirs-floraux.com\/wp-content\/uploads\/2025\/03\/a59a17e7-574b-4ee7-a37f-0dbea1df662c.jpg?resize=700%2C400&ssl=1 2x"},"classes":[]},{"id":4551,"url":"https:\/\/artstella-elixirs-floraux.com\/fr_fr\/produit\/coffret-fleurs-sauvages-15-ml\/","url_meta":{"origin":3207,"position":2},"title":"COFFRET FLEURS SAUVAGES 15 ML","author":"eveapprill","date":"9 mars 2025","format":false,"excerpt":"Les \u00e9lixirs de 40 fleurs Sauvages R\u00e9alis\u00e9s avec des fleurs europ\u00e9ennes communes dans la nature.","rel":"","context":"Article similaire","block_context":{"text":"Article similaire","link":""},"img":{"alt_text":"","src":"","width":0,"height":0},"classes":[]},{"id":5462,"url":"https:\/\/artstella-elixirs-floraux.com\/fr_fr\/produit\/strophaire-a-anneau-rugueux-10ml-bl\/","url_meta":{"origin":3207,"position":3},"title":"Strophaire \u00e0 anneau rugueux 10ml BL","author":"eveapprill","date":"9 mars 2025","format":false,"excerpt":"Strophaire \u00e0 anneau rugueux \/ Stropharia rugoso annulata\u00a0\u00a0\u00a0\u00a0\u00a0\u00a0\u00a0\u00a0\u00a0\u00a0\u00a0\u00a0\u00a0\u00a0 Peut atteindre 40 \u00e0 50 cm de circonf\u00e9rence. Pour trouver de nouvelles intuitions dans ses activit\u00e9s.","rel":"","context":"Article similaire","block_context":{"text":"Article similaire","link":""},"img":{"alt_text":"","src":"","width":0,"height":0},"classes":[]},{"id":2186,"url":"https:\/\/artstella-elixirs-floraux.com\/fr_fr\/produit\/harebell-alaskan\/","url_meta":{"origin":3207,"position":4},"title":"Harebell Alaskan","author":"eveapprill","date":"9 mars 2025","format":false,"excerpt":"Harebell. Campanula lasiocarpa. Campanule Ne se sent pas aim\u00e9 et coup\u00e9 de la Source ; \u00e0 la recherche de l\u2019amour \u00e0 l'ext\u00e9rieur.","rel":"","context":"Article similaire","block_context":{"text":"Article similaire","link":""},"img":{"alt_text":"","src":"https:\/\/i0.wp.com\/artstella-elixirs-floraux.com\/wp-content\/uploads\/2025\/03\/wp-image542.png?resize=350%2C200&ssl=1","width":350,"height":200},"classes":[]},{"id":5840,"url":"https:\/\/artstella-elixirs-floraux.com\/fr_fr\/produit\/paresseux-a-deux-doigts-15-ml-phi\/","url_meta":{"origin":3207,"position":5},"title":"Paresseux \u00e0 deux doigts 15 ml PHI","author":"eveapprill","date":"9 mars 2025","format":false,"excerpt":"Paresseux \u00e0 deux doigts - Southern two toed Sloth (Choloepus didactylus) Cet animal nous aide \u00e0 d\u00e9velopper une meilleure relation au temps et \u00e0 la relaxation. Il nous aide \u00e0 mieux g\u00e9rer des situations de stress, en prenant les choses plus l\u00e9g\u00e8rement et de fa\u00e7on plus d\u00e9tendue. Il nous aide\u2026","rel":"","context":"Article similaire","block_context":{"text":"Article similaire","link":""},"img":{"alt_text":"","src":"","width":0,"height":0},"classes":[]}],"_links":{"self":[{"href":"https:\/\/artstella-elixirs-floraux.com\/fr_fr\/wp-json\/wp\/v2\/product\/3207","targetHints":{"allow":["GET"]}}],"collection":[{"href":"https:\/\/artstella-elixirs-floraux.com\/fr_fr\/wp-json\/wp\/v2\/product"}],"about":[{"href":"https:\/\/artstella-elixirs-floraux.com\/fr_fr\/wp-json\/wp\/v2\/types\/product"}],"version-history":[{"count":1,"href":"https:\/\/artstella-elixirs-floraux.com\/fr_fr\/wp-json\/wp\/v2\/product\/3207\/revisions"}],"predecessor-version":[{"id":10881,"href":"https:\/\/artstella-elixirs-floraux.com\/fr_fr\/wp-json\/wp\/v2\/product\/3207\/revisions\/10881"}],"wp:featuredmedia":[{"embeddable":true,"href":"https:\/\/artstella-elixirs-floraux.com\/fr_fr\/wp-json\/wp\/v2\/media\/3208"}],"wp:attachment":[{"href":"https:\/\/artstella-elixirs-floraux.com\/fr_fr\/wp-json\/wp\/v2\/media?parent=3207"}],"wp:term":[{"taxonomy":"product_brand","embeddable":true,"href":"https:\/\/artstella-elixirs-floraux.com\/fr_fr\/wp-json\/wp\/v2\/product_brand?post=3207"},{"taxonomy":"product_cat","embeddable":true,"href":"https:\/\/artstella-elixirs-floraux.com\/fr_fr\/wp-json\/wp\/v2\/product_cat?post=3207"},{"taxonomy":"product_tag","embeddable":true,"href":"https:\/\/artstella-elixirs-floraux.com\/fr_fr\/wp-json\/wp\/v2\/product_tag?post=3207"}],"curies":[{"name":"wp","href":"https:\/\/api.w.org\/{rel}","templated":true}]}}