{"id":3239,"date":"2025-03-09T13:08:15","date_gmt":"2025-03-09T13:08:15","guid":{"rendered":"https:\/\/artstella-elixirs-floraux.com\/product\/calla-15-ml-phi\/"},"modified":"2025-06-17T16:27:48","modified_gmt":"2025-06-17T16:27:48","slug":"calla-15-ml-phi","status":"publish","type":"product","link":"https:\/\/artstella-elixirs-floraux.com\/fr_fr\/produit\/calla-15-ml-phi\/","title":{"rendered":"CALLA 15 ML PHI"},"content":{"rendered":"","protected":false},"excerpt":{"rendered":"<p><strong><em>Calla (Zantedeschia aethiopica) (Calla) <\/em><\/strong>Aide \u00e0 \u00e9quilibrer l&rsquo;\u00e9nergie \u00ab\u00a0yin\/yang\u00a0\u00bb, active et r\u00e9ceptive, au niveau du premier et du deuxi\u00e8me chakra. Nous apprenons gr\u00e2ce \u00e0 cet \u00e9lixir \u00e0 accepter nos composantes masculines et f\u00e9minines.<strong><em><\/em><\/strong><\/p>\n","protected":false},"featured_media":3240,"template":"","meta":[],"product_brand":[],"product_cat":[90],"product_tag":[],"class_list":{"0":"post-3239","1":"product","2":"type-product","3":"status-publish","4":"has-post-thumbnail","6":"product_cat-les-elixirs-de-fleurs-sauvages","8":"first","9":"outofstock","10":"taxable","11":"shipping-taxable","12":"purchasable","13":"product-type-simple"},"etheme_brands":{"errors":{"invalid_taxonomy":["Taxonomie non valide."]},"error_data":[]},"jetpack_sharing_enabled":true,"jetpack-related-posts":[{"id":3655,"url":"https:\/\/artstella-elixirs-floraux.com\/fr_fr\/produit\/52-rising-the-call-of-beauty-ltoe-15-m\/","url_meta":{"origin":3239,"position":0},"title":"52. RISING THE CALL OF BEAUTY LTOE 15 M","author":"eveapprill","date":"9 mars 2025","format":false,"excerpt":"Rising to the Call of Beauty \/Appel \u00e0 la beaut\u00e9l : pour s\u2019ouvrir \u00e0 l\u2019appel de la beaut\u00e9 et s\u2019aligner avec elle. La soci\u00e9t\u00e9 moderne s\u2019en est souvent \u00e9loign\u00e9e, cr\u00e9ant ainsi un s\u00e9rieux malaise.","rel":"","context":"Article similaire","block_context":{"text":"Article similaire","link":""},"img":{"alt_text":"","src":"https:\/\/i0.wp.com\/artstella-elixirs-floraux.com\/wp-content\/uploads\/2025\/03\/6670b669-0382-4ee3-bdf0-252796f5919c.jpg?resize=350%2C200&ssl=1","width":350,"height":200,"srcset":"https:\/\/i0.wp.com\/artstella-elixirs-floraux.com\/wp-content\/uploads\/2025\/03\/6670b669-0382-4ee3-bdf0-252796f5919c.jpg?resize=350%2C200&ssl=1 1x, https:\/\/i0.wp.com\/artstella-elixirs-floraux.com\/wp-content\/uploads\/2025\/03\/6670b669-0382-4ee3-bdf0-252796f5919c.jpg?resize=525%2C300&ssl=1 1.5x, https:\/\/i0.wp.com\/artstella-elixirs-floraux.com\/wp-content\/uploads\/2025\/03\/6670b669-0382-4ee3-bdf0-252796f5919c.jpg?resize=700%2C400&ssl=1 2x"},"classes":[]},{"id":5322,"url":"https:\/\/artstella-elixirs-floraux.com\/fr_fr\/produit\/true-beauty-spray\/","url_meta":{"origin":3239,"position":1},"title":"TRUE BEAUTY SPRAY","author":"eveapprill","date":"9 mars 2025","format":false,"excerpt":"True Beauty Aura Spray \u2013 \u201cVraie Beaut\u00e9\u201d \u00a0aide \u00e0 voir la beaut\u00e9 de l\u2019Esprit et de l\u2019Etre qui se trouve en chacun de nous et \u00e0 pouvoir incarner cette gr\u00e2ce c\u00e9leste. \"Bleu\" avec Rose Otto","rel":"","context":"Article similaire","block_context":{"text":"Article similaire","link":""},"img":{"alt_text":"","src":"","width":0,"height":0},"classes":[]},{"id":4551,"url":"https:\/\/artstella-elixirs-floraux.com\/fr_fr\/produit\/coffret-fleurs-sauvages-15-ml\/","url_meta":{"origin":3239,"position":2},"title":"COFFRET FLEURS SAUVAGES 15 ML","author":"eveapprill","date":"9 mars 2025","format":false,"excerpt":"Les \u00e9lixirs de 40 fleurs Sauvages R\u00e9alis\u00e9s avec des fleurs europ\u00e9ennes communes dans la nature.","rel":"","context":"Article similaire","block_context":{"text":"Article similaire","link":""},"img":{"alt_text":"","src":"","width":0,"height":0},"classes":[]},{"id":5462,"url":"https:\/\/artstella-elixirs-floraux.com\/fr_fr\/produit\/strophaire-a-anneau-rugueux-10ml-bl\/","url_meta":{"origin":3239,"position":3},"title":"Strophaire \u00e0 anneau rugueux 10ml BL","author":"eveapprill","date":"9 mars 2025","format":false,"excerpt":"Strophaire \u00e0 anneau rugueux \/ Stropharia rugoso annulata\u00a0\u00a0\u00a0\u00a0\u00a0\u00a0\u00a0\u00a0\u00a0\u00a0\u00a0\u00a0\u00a0\u00a0 Peut atteindre 40 \u00e0 50 cm de circonf\u00e9rence. Pour trouver de nouvelles intuitions dans ses activit\u00e9s.","rel":"","context":"Article similaire","block_context":{"text":"Article similaire","link":""},"img":{"alt_text":"","src":"","width":0,"height":0},"classes":[]},{"id":2186,"url":"https:\/\/artstella-elixirs-floraux.com\/fr_fr\/produit\/harebell-alaskan\/","url_meta":{"origin":3239,"position":4},"title":"Harebell Alaskan","author":"eveapprill","date":"9 mars 2025","format":false,"excerpt":"Harebell. Campanula lasiocarpa. Campanule Ne se sent pas aim\u00e9 et coup\u00e9 de la Source ; \u00e0 la recherche de l\u2019amour \u00e0 l'ext\u00e9rieur.","rel":"","context":"Article similaire","block_context":{"text":"Article similaire","link":""},"img":{"alt_text":"","src":"https:\/\/i0.wp.com\/artstella-elixirs-floraux.com\/wp-content\/uploads\/2025\/03\/wp-image542.png?resize=350%2C200&ssl=1","width":350,"height":200},"classes":[]},{"id":5840,"url":"https:\/\/artstella-elixirs-floraux.com\/fr_fr\/produit\/paresseux-a-deux-doigts-15-ml-phi\/","url_meta":{"origin":3239,"position":5},"title":"Paresseux \u00e0 deux doigts 15 ml PHI","author":"eveapprill","date":"9 mars 2025","format":false,"excerpt":"Paresseux \u00e0 deux doigts - Southern two toed Sloth (Choloepus didactylus) Cet animal nous aide \u00e0 d\u00e9velopper une meilleure relation au temps et \u00e0 la relaxation. Il nous aide \u00e0 mieux g\u00e9rer des situations de stress, en prenant les choses plus l\u00e9g\u00e8rement et de fa\u00e7on plus d\u00e9tendue. Il nous aide\u2026","rel":"","context":"Article similaire","block_context":{"text":"Article similaire","link":""},"img":{"alt_text":"","src":"","width":0,"height":0},"classes":[]}],"_links":{"self":[{"href":"https:\/\/artstella-elixirs-floraux.com\/fr_fr\/wp-json\/wp\/v2\/product\/3239","targetHints":{"allow":["GET"]}}],"collection":[{"href":"https:\/\/artstella-elixirs-floraux.com\/fr_fr\/wp-json\/wp\/v2\/product"}],"about":[{"href":"https:\/\/artstella-elixirs-floraux.com\/fr_fr\/wp-json\/wp\/v2\/types\/product"}],"version-history":[{"count":1,"href":"https:\/\/artstella-elixirs-floraux.com\/fr_fr\/wp-json\/wp\/v2\/product\/3239\/revisions"}],"predecessor-version":[{"id":10867,"href":"https:\/\/artstella-elixirs-floraux.com\/fr_fr\/wp-json\/wp\/v2\/product\/3239\/revisions\/10867"}],"wp:featuredmedia":[{"embeddable":true,"href":"https:\/\/artstella-elixirs-floraux.com\/fr_fr\/wp-json\/wp\/v2\/media\/3240"}],"wp:attachment":[{"href":"https:\/\/artstella-elixirs-floraux.com\/fr_fr\/wp-json\/wp\/v2\/media?parent=3239"}],"wp:term":[{"taxonomy":"product_brand","embeddable":true,"href":"https:\/\/artstella-elixirs-floraux.com\/fr_fr\/wp-json\/wp\/v2\/product_brand?post=3239"},{"taxonomy":"product_cat","embeddable":true,"href":"https:\/\/artstella-elixirs-floraux.com\/fr_fr\/wp-json\/wp\/v2\/product_cat?post=3239"},{"taxonomy":"product_tag","embeddable":true,"href":"https:\/\/artstella-elixirs-floraux.com\/fr_fr\/wp-json\/wp\/v2\/product_tag?post=3239"}],"curies":[{"name":"wp","href":"https:\/\/api.w.org\/{rel}","templated":true}]}}