{"id":3241,"date":"2025-03-09T13:08:17","date_gmt":"2025-03-09T13:08:17","guid":{"rendered":"https:\/\/artstella-elixirs-floraux.com\/product\/aneth-15ml-phi\/"},"modified":"2025-06-17T16:27:48","modified_gmt":"2025-06-17T16:27:48","slug":"aneth-15ml-phi","status":"publish","type":"product","link":"https:\/\/artstella-elixirs-floraux.com\/fr_fr\/produit\/aneth-15ml-phi\/","title":{"rendered":"ANETH 15ML PHI"},"content":{"rendered":"","protected":false},"excerpt":{"rendered":"<p><strong><em>Aneth (Anethum graveolens) (Dill) <\/em><\/strong>Nous aide \u00e0 mieux assimiler une grande quantit\u00e9 d&rsquo;impressions et d&rsquo;exp\u00e9riences diverses qui nous submergent. Il est id\u00e9al pour les enfants tr\u00e8s sollicit\u00e9s, dans les situations d&rsquo;apprentissage ou de voyage.<strong><em><\/em><\/strong><\/p>\n","protected":false},"featured_media":3242,"template":"","meta":[],"product_brand":[],"product_cat":[90],"product_tag":[],"class_list":{"0":"post-3241","1":"product","2":"type-product","3":"status-publish","4":"has-post-thumbnail","6":"product_cat-les-elixirs-de-fleurs-sauvages","8":"first","9":"instock","10":"taxable","11":"shipping-taxable","12":"purchasable","13":"product-type-simple"},"etheme_brands":{"errors":{"invalid_taxonomy":["Taxonomie non valide."]},"error_data":[]},"jetpack_sharing_enabled":true,"jetpack-related-posts":[{"id":5623,"url":"https:\/\/artstella-elixirs-floraux.com\/fr_fr\/produit\/aneth-15-ml\/","url_meta":{"origin":3241,"position":0},"title":"Aneth 15 ML","author":"eveapprill","date":"9 mars 2025","format":false,"excerpt":"Aneth Assimilation des exp\u00e9riences. Pour ceux qui se sentent d\u00e9pass\u00e9s par un rythme de vie trop rapide. Pour comprendre et assimiler les situations complexes ou inhabituelles.","rel":"","context":"Article similaire","block_context":{"text":"Article similaire","link":""},"img":{"alt_text":"","src":"https:\/\/i0.wp.com\/artstella-elixirs-floraux.com\/wp-content\/uploads\/2025\/03\/wp-image1814.png?resize=350%2C200&ssl=1","width":350,"height":200},"classes":[]},{"id":5877,"url":"https:\/\/artstella-elixirs-floraux.com\/fr_fr\/produit\/compose-n19-renaissance-deva-30ml\/","url_meta":{"origin":3241,"position":1},"title":"Compos\u00e9 n\u00b019 RENAISSANCE DEVA 30ml","author":"eveapprill","date":"9 mars 2025","format":false,"excerpt":"Compos\u00e9 n\u00b019 Renaissance DEVA 30ml Aide \u00e0 retrouver une paix profonde et sa pleine int\u00e9grit\u00e9 physique, mentale et \u00e9motionnelle apr\u00e8s une situation d'\u00e9puisement total.","rel":"","context":"Article similaire","block_context":{"text":"Article similaire","link":""},"img":{"alt_text":"","src":"https:\/\/i0.wp.com\/artstella-elixirs-floraux.com\/wp-content\/uploads\/2025\/03\/367f6051-abea-4271-a4de-e0b28fe2b56e.jpg?resize=350%2C200&ssl=1","width":350,"height":200,"srcset":"https:\/\/i0.wp.com\/artstella-elixirs-floraux.com\/wp-content\/uploads\/2025\/03\/367f6051-abea-4271-a4de-e0b28fe2b56e.jpg?resize=350%2C200&ssl=1 1x, https:\/\/i0.wp.com\/artstella-elixirs-floraux.com\/wp-content\/uploads\/2025\/03\/367f6051-abea-4271-a4de-e0b28fe2b56e.jpg?resize=525%2C300&ssl=1 1.5x, https:\/\/i0.wp.com\/artstella-elixirs-floraux.com\/wp-content\/uploads\/2025\/03\/367f6051-abea-4271-a4de-e0b28fe2b56e.jpg?resize=700%2C400&ssl=1 2x"},"classes":[]},{"id":4551,"url":"https:\/\/artstella-elixirs-floraux.com\/fr_fr\/produit\/coffret-fleurs-sauvages-15-ml\/","url_meta":{"origin":3241,"position":2},"title":"COFFRET FLEURS SAUVAGES 15 ML","author":"eveapprill","date":"9 mars 2025","format":false,"excerpt":"Les \u00e9lixirs de 40 fleurs Sauvages R\u00e9alis\u00e9s avec des fleurs europ\u00e9ennes communes dans la nature.","rel":"","context":"Article similaire","block_context":{"text":"Article similaire","link":""},"img":{"alt_text":"","src":"","width":0,"height":0},"classes":[]}],"_links":{"self":[{"href":"https:\/\/artstella-elixirs-floraux.com\/fr_fr\/wp-json\/wp\/v2\/product\/3241","targetHints":{"allow":["GET"]}}],"collection":[{"href":"https:\/\/artstella-elixirs-floraux.com\/fr_fr\/wp-json\/wp\/v2\/product"}],"about":[{"href":"https:\/\/artstella-elixirs-floraux.com\/fr_fr\/wp-json\/wp\/v2\/types\/product"}],"version-history":[{"count":1,"href":"https:\/\/artstella-elixirs-floraux.com\/fr_fr\/wp-json\/wp\/v2\/product\/3241\/revisions"}],"predecessor-version":[{"id":10866,"href":"https:\/\/artstella-elixirs-floraux.com\/fr_fr\/wp-json\/wp\/v2\/product\/3241\/revisions\/10866"}],"wp:featuredmedia":[{"embeddable":true,"href":"https:\/\/artstella-elixirs-floraux.com\/fr_fr\/wp-json\/wp\/v2\/media\/3242"}],"wp:attachment":[{"href":"https:\/\/artstella-elixirs-floraux.com\/fr_fr\/wp-json\/wp\/v2\/media?parent=3241"}],"wp:term":[{"taxonomy":"product_brand","embeddable":true,"href":"https:\/\/artstella-elixirs-floraux.com\/fr_fr\/wp-json\/wp\/v2\/product_brand?post=3241"},{"taxonomy":"product_cat","embeddable":true,"href":"https:\/\/artstella-elixirs-floraux.com\/fr_fr\/wp-json\/wp\/v2\/product_cat?post=3241"},{"taxonomy":"product_tag","embeddable":true,"href":"https:\/\/artstella-elixirs-floraux.com\/fr_fr\/wp-json\/wp\/v2\/product_tag?post=3241"}],"curies":[{"name":"wp","href":"https:\/\/api.w.org\/{rel}","templated":true}]}}