{"id":3276,"date":"2025-03-09T13:08:56","date_gmt":"2025-03-09T13:08:56","guid":{"rendered":"https:\/\/artstella-elixirs-floraux.com\/product\/ail-sauvage-phi-15-ml\/"},"modified":"2025-06-17T16:39:23","modified_gmt":"2025-06-17T16:39:23","slug":"ail-sauvage-phi-15-ml","status":"publish","type":"product","link":"https:\/\/artstella-elixirs-floraux.com\/fr_fr\/produit\/ail-sauvage-phi-15-ml\/","title":{"rendered":"AIL SAUVAGE PHI 15 ML"},"content":{"rendered":"","protected":false},"excerpt":{"rendered":"<p><strong><em>Ail sauvage (Allium angulosum) (Wilder Knoblauch) <\/em><\/strong>Agit \u00e9nerg\u00e9tiquement sur toutes les formes de peurs. Les \u00e9nergies bloqu\u00e9es sont lib\u00e9r\u00e9es et l&rsquo;ensemble de notre syst\u00e8me se renforce.<\/p>\n","protected":false},"featured_media":3277,"template":"","meta":[],"product_brand":[],"product_cat":[90],"product_tag":[],"class_list":{"0":"post-3276","1":"product","2":"type-product","3":"status-publish","4":"has-post-thumbnail","6":"product_cat-les-elixirs-de-fleurs-sauvages","8":"first","9":"instock","10":"taxable","11":"shipping-taxable","12":"purchasable","13":"product-type-simple"},"etheme_brands":{"errors":{"invalid_taxonomy":["Taxonomie non valide."]},"error_data":[]},"jetpack_sharing_enabled":true,"jetpack-related-posts":[{"id":5612,"url":"https:\/\/artstella-elixirs-floraux.com\/fr_fr\/produit\/ail-sauvage-15-ml-deva\/","url_meta":{"origin":3276,"position":0},"title":"Ail sauvage 15 ml DEVA","author":"eveapprill","date":"9 mars 2025","format":false,"excerpt":"Ail Sauvage Lib\u00e9ration des peurs, r\u00e9sistance active. Pour les temp\u00e9raments faibles, peureux, inquiets ou facilement influen\u00e7ables. Pour ceux qui se laissent envahir par l\u2019inqui\u00e9tude qui paralyse la volont\u00e9 et qui d\u00e9vitalise.","rel":"","context":"Article similaire","block_context":{"text":"Article similaire","link":""},"img":{"alt_text":"","src":"https:\/\/i0.wp.com\/artstella-elixirs-floraux.com\/wp-content\/uploads\/2025\/03\/wp-image1808.png?resize=350%2C200&ssl=1","width":350,"height":200},"classes":[]},{"id":3285,"url":"https:\/\/artstella-elixirs-floraux.com\/fr_fr\/produit\/ail-des-ours-15-ml-phi\/","url_meta":{"origin":3276,"position":1},"title":"AIL DES OURS 15 ML PHI","author":"eveapprill","date":"9 mars 2025","format":false,"excerpt":"Ail des ours (Allium ursinum (B\u00e4rlauch) Stimule \u00e9nerg\u00e9tiquement la digestion. Il aide \u00e0 nous d\u00e9barrasser des surcharges et \u00e0 sortir de l'inertie avec une force vitale renouvel\u00e9e.","rel":"","context":"Article similaire","block_context":{"text":"Article similaire","link":""},"img":{"alt_text":"","src":"https:\/\/i0.wp.com\/artstella-elixirs-floraux.com\/wp-content\/uploads\/2025\/03\/wp-image682.png?resize=350%2C200&ssl=1","width":350,"height":200},"classes":[]},{"id":4553,"url":"https:\/\/artstella-elixirs-floraux.com\/fr_fr\/produit\/coffret-fleurs-sauvages-supplementaires-phi-15-ml\/","url_meta":{"origin":3276,"position":2},"title":"COFFRET Fleurs sauvages suppl\u00e9mentaires PHI 15 ML","author":"eveapprill","date":"9 mars 2025","format":false,"excerpt":"Contient 20 \u00e9lixirs de fleurs sauvages suppl\u00e9mentaires","rel":"","context":"Article similaire","block_context":{"text":"Article similaire","link":""},"img":{"alt_text":"","src":"","width":0,"height":0},"classes":[]},{"id":4551,"url":"https:\/\/artstella-elixirs-floraux.com\/fr_fr\/produit\/coffret-fleurs-sauvages-15-ml\/","url_meta":{"origin":3276,"position":3},"title":"COFFRET FLEURS SAUVAGES 15 ML","author":"eveapprill","date":"9 mars 2025","format":false,"excerpt":"Les \u00e9lixirs de 40 fleurs Sauvages R\u00e9alis\u00e9s avec des fleurs europ\u00e9ennes communes dans la nature.","rel":"","context":"Article similaire","block_context":{"text":"Article similaire","link":""},"img":{"alt_text":"","src":"","width":0,"height":0},"classes":[]},{"id":3237,"url":"https:\/\/artstella-elixirs-floraux.com\/fr_fr\/produit\/mure-sauvage-15-ml-phi\/","url_meta":{"origin":3276,"position":4},"title":"MURE SAUVAGE 15 ML PHI","author":"eveapprill","date":"9 mars 2025","format":false,"excerpt":"M\u00fbre sauvage (Rubus Fructosus) (Brombeere) Permet de concr\u00e9tiser dans le monde physique notre force cr\u00e9atrice. Pour les personnes auxquelles manque l'impulsion de d\u00e9part.","rel":"","context":"Article similaire","block_context":{"text":"Article similaire","link":""},"img":{"alt_text":"","src":"https:\/\/i0.wp.com\/artstella-elixirs-floraux.com\/wp-content\/uploads\/2025\/03\/wp-image659.png?resize=350%2C200&ssl=1","width":350,"height":200},"classes":[]},{"id":3279,"url":"https:\/\/artstella-elixirs-floraux.com\/fr_fr\/produit\/carotte-sauvage-15-ml-phi\/","url_meta":{"origin":3276,"position":5},"title":"CAROTTE SAUVAGE 15 ML PHI","author":"eveapprill","date":"9 mars 2025","format":false,"excerpt":"Carotte sauvage (Daucus carota) (Wild M\u00f6hre) Am\u00e9liore nos perceptions int\u00e9rieures comme ext\u00e9rieures. Renforce \u00e9nerg\u00e9tiquement la vision et la paix du mental. Id\u00e9al pour l'accompagnement du \u00ab\u00a0r\u00eave \u00e9veill\u00e9\u00a0\u00bb.","rel":"","context":"Article similaire","block_context":{"text":"Article similaire","link":""},"img":{"alt_text":"","src":"https:\/\/i0.wp.com\/artstella-elixirs-floraux.com\/wp-content\/uploads\/2025\/03\/wp-image679.png?resize=350%2C200&ssl=1","width":350,"height":200},"classes":[]}],"_links":{"self":[{"href":"https:\/\/artstella-elixirs-floraux.com\/fr_fr\/wp-json\/wp\/v2\/product\/3276","targetHints":{"allow":["GET"]}}],"collection":[{"href":"https:\/\/artstella-elixirs-floraux.com\/fr_fr\/wp-json\/wp\/v2\/product"}],"about":[{"href":"https:\/\/artstella-elixirs-floraux.com\/fr_fr\/wp-json\/wp\/v2\/types\/product"}],"version-history":[{"count":2,"href":"https:\/\/artstella-elixirs-floraux.com\/fr_fr\/wp-json\/wp\/v2\/product\/3276\/revisions"}],"predecessor-version":[{"id":10893,"href":"https:\/\/artstella-elixirs-floraux.com\/fr_fr\/wp-json\/wp\/v2\/product\/3276\/revisions\/10893"}],"wp:featuredmedia":[{"embeddable":true,"href":"https:\/\/artstella-elixirs-floraux.com\/fr_fr\/wp-json\/wp\/v2\/media\/3277"}],"wp:attachment":[{"href":"https:\/\/artstella-elixirs-floraux.com\/fr_fr\/wp-json\/wp\/v2\/media?parent=3276"}],"wp:term":[{"taxonomy":"product_brand","embeddable":true,"href":"https:\/\/artstella-elixirs-floraux.com\/fr_fr\/wp-json\/wp\/v2\/product_brand?post=3276"},{"taxonomy":"product_cat","embeddable":true,"href":"https:\/\/artstella-elixirs-floraux.com\/fr_fr\/wp-json\/wp\/v2\/product_cat?post=3276"},{"taxonomy":"product_tag","embeddable":true,"href":"https:\/\/artstella-elixirs-floraux.com\/fr_fr\/wp-json\/wp\/v2\/product_tag?post=3276"}],"curies":[{"name":"wp","href":"https:\/\/api.w.org\/{rel}","templated":true}]}}