{"id":3308,"date":"2025-03-09T13:09:23","date_gmt":"2025-03-09T13:09:23","guid":{"rendered":"https:\/\/artstella-elixirs-floraux.com\/product\/petunia-15-ml-phi\/"},"modified":"2025-06-17T16:24:33","modified_gmt":"2025-06-17T16:24:33","slug":"petunia-15-ml-phi","status":"publish","type":"product","link":"https:\/\/artstella-elixirs-floraux.com\/fr_fr\/produit\/petunia-15-ml-phi\/","title":{"rendered":"PETUNIA 15 ML PHI"},"content":{"rendered":"","protected":false},"excerpt":{"rendered":"<p style=\"text-align: left\"><strong><em>Petunia (Petunia hybr.)(Petunie) <\/em><\/strong>Permet de mieux canaliser notre \u00e9nergie mentale, am\u00e9liore nos capacit\u00e9s de concentration.<strong><em><\/em><\/strong><\/p>\n","protected":false},"featured_media":3309,"template":"","meta":[],"product_brand":[],"product_cat":[90],"product_tag":[],"class_list":{"0":"post-3308","1":"product","2":"type-product","3":"status-publish","4":"has-post-thumbnail","6":"product_cat-les-elixirs-de-fleurs-sauvages","8":"first","9":"outofstock","10":"taxable","11":"shipping-taxable","12":"purchasable","13":"product-type-simple"},"etheme_brands":{"errors":{"invalid_taxonomy":["Taxonomie non valide."]},"error_data":[]},"jetpack_sharing_enabled":true,"jetpack-related-posts":[{"id":5780,"url":"https:\/\/artstella-elixirs-floraux.com\/fr_fr\/produit\/petunia-15-ml-deva\/","url_meta":{"origin":3308,"position":0},"title":"Petunia 15 ml DEVA","author":"eveapprill","date":"9 mars 2025","format":false,"excerpt":"P\u00e9tunia Clart\u00e9 mentale, enthousiasme. Aide \u00e0 examiner les priorit\u00e9s, \u00e0 \u00e9liminer le superflu, \u00e0 se focaliser sur l\u2019essentiel pour aller droit au but.","rel":"","context":"Article similaire","block_context":{"text":"Article similaire","link":""},"img":{"alt_text":"","src":"https:\/\/i0.wp.com\/artstella-elixirs-floraux.com\/wp-content\/uploads\/2025\/03\/wp-image2438.png?resize=350%2C200&ssl=1","width":350,"height":200},"classes":[]},{"id":4553,"url":"https:\/\/artstella-elixirs-floraux.com\/fr_fr\/produit\/coffret-fleurs-sauvages-supplementaires-phi-15-ml\/","url_meta":{"origin":3308,"position":1},"title":"COFFRET Fleurs sauvages suppl\u00e9mentaires PHI 15 ML","author":"eveapprill","date":"9 mars 2025","format":false,"excerpt":"Contient 20 \u00e9lixirs de fleurs sauvages suppl\u00e9mentaires","rel":"","context":"Article similaire","block_context":{"text":"Article similaire","link":""},"img":{"alt_text":"","src":"","width":0,"height":0},"classes":[]},{"id":2994,"url":"https:\/\/artstella-elixirs-floraux.com\/fr_fr\/produit\/fluorit-15-ml-phi\/","url_meta":{"origin":3308,"position":2},"title":"FLUORIT 15 ML PHI","author":"eveapprill","date":"9 mars 2025","format":false,"excerpt":"Fluorine ou fluorite (Fluorit) Produit un effet d'apaisement et de d\u00e9tente. Am\u00e9liore les capacit\u00e9s de concentration et met l'esprit en ordre.","rel":"","context":"Article similaire","block_context":{"text":"Article similaire","link":""},"img":{"alt_text":"","src":"https:\/\/i0.wp.com\/artstella-elixirs-floraux.com\/wp-content\/uploads\/2025\/03\/wp-image627.png?resize=350%2C200&ssl=1","width":350,"height":200,"srcset":"https:\/\/i0.wp.com\/artstella-elixirs-floraux.com\/wp-content\/uploads\/2025\/03\/wp-image627.png?resize=350%2C200&ssl=1 1x, https:\/\/i0.wp.com\/artstella-elixirs-floraux.com\/wp-content\/uploads\/2025\/03\/wp-image627.png?resize=525%2C300&ssl=1 1.5x, https:\/\/i0.wp.com\/artstella-elixirs-floraux.com\/wp-content\/uploads\/2025\/03\/wp-image627.png?resize=700%2C400&ssl=1 2x, https:\/\/i0.wp.com\/artstella-elixirs-floraux.com\/wp-content\/uploads\/2025\/03\/wp-image627.png?resize=1050%2C600&ssl=1 3x, https:\/\/i0.wp.com\/artstella-elixirs-floraux.com\/wp-content\/uploads\/2025\/03\/wp-image627.png?resize=1400%2C800&ssl=1 4x"},"classes":[]},{"id":6333,"url":"https:\/\/artstella-elixirs-floraux.com\/fr_fr\/produit\/hyperactivite-n22-comp-deva-30-ml\/","url_meta":{"origin":3308,"position":3},"title":"Hyperactivit\u00e9 N\u00b022 Comp Deva 30 ml","author":"eveapprill","date":"9 mars 2025","format":false,"excerpt":"e compos\u00e9 floral Deva HYPERACTIVIT\u00c9 stabilise humeur, attention et activit\u00e9 chez l'enfant et l'adulte hypersensibles et hyper\u00e9motifs. Apaise les tensions li\u00e9es \u00e0 l'impulsivit\u00e9. Renforce l'estime de soi, l'\u00e9coute, la concentration. Apporte douceur, confiance et protection.","rel":"","context":"Article similaire","block_context":{"text":"Article similaire","link":""},"img":{"alt_text":"","src":"https:\/\/i0.wp.com\/artstella-elixirs-floraux.com\/wp-content\/uploads\/2025\/03\/wp-image2341.png?resize=350%2C200&ssl=1","width":350,"height":200,"srcset":"https:\/\/i0.wp.com\/artstella-elixirs-floraux.com\/wp-content\/uploads\/2025\/03\/wp-image2341.png?resize=350%2C200&ssl=1 1x, https:\/\/i0.wp.com\/artstella-elixirs-floraux.com\/wp-content\/uploads\/2025\/03\/wp-image2341.png?resize=525%2C300&ssl=1 1.5x, https:\/\/i0.wp.com\/artstella-elixirs-floraux.com\/wp-content\/uploads\/2025\/03\/wp-image2341.png?resize=700%2C400&ssl=1 2x"},"classes":[]},{"id":3218,"url":"https:\/\/artstella-elixirs-floraux.com\/fr_fr\/produit\/romarin-15-ml-phi\/","url_meta":{"origin":3308,"position":4},"title":"ROMARIN 15 ML PHI","author":"eveapprill","date":"9 mars 2025","format":false,"excerpt":"Romarin (Rosmarinus officinalis) (Rosmarin) Pour les personnes dont la m\u00e9moire est d\u00e9fectueuse. L'\u00e9lixir favorise la concentration et la vigilance et permet de se sentir plus consciemment pr\u00e9sent et mieux structur\u00e9.","rel":"","context":"Article similaire","block_context":{"text":"Article similaire","link":""},"img":{"alt_text":"","src":"https:\/\/i0.wp.com\/artstella-elixirs-floraux.com\/wp-content\/uploads\/2025\/03\/wp-image390.png?resize=350%2C200&ssl=1","width":350,"height":200},"classes":[]},{"id":5588,"url":"https:\/\/artstella-elixirs-floraux.com\/fr_fr\/produit\/pyramide-kephren-phi-15-ml\/","url_meta":{"origin":3308,"position":5},"title":"PYRAMIDE Kephren PHI 15 ML","author":"eveapprill","date":"9 mars 2025","format":false,"excerpt":"Pyramide de Kh\u00e9phren En partant du chakra du c\u0153ur, cette \u00e9nergie monte et communique avec le corps mental et les chakras sup\u00e9rieurs. L\u2019\u00e9lixir active \u00e9nergiquement le cerveau. Pour \u00e9quilibrer \u00e9nergiquement\u00a0 notre \u00e9volution.","rel":"","context":"Article similaire","block_context":{"text":"Article similaire","link":""},"img":{"alt_text":"","src":"https:\/\/i0.wp.com\/artstella-elixirs-floraux.com\/wp-content\/uploads\/2025\/03\/wp-image2169.png?resize=350%2C200&ssl=1","width":350,"height":200,"srcset":"https:\/\/i0.wp.com\/artstella-elixirs-floraux.com\/wp-content\/uploads\/2025\/03\/wp-image2169.png?resize=350%2C200&ssl=1 1x, https:\/\/i0.wp.com\/artstella-elixirs-floraux.com\/wp-content\/uploads\/2025\/03\/wp-image2169.png?resize=525%2C300&ssl=1 1.5x, https:\/\/i0.wp.com\/artstella-elixirs-floraux.com\/wp-content\/uploads\/2025\/03\/wp-image2169.png?resize=700%2C400&ssl=1 2x"},"classes":[]}],"_links":{"self":[{"href":"https:\/\/artstella-elixirs-floraux.com\/fr_fr\/wp-json\/wp\/v2\/product\/3308","targetHints":{"allow":["GET"]}}],"collection":[{"href":"https:\/\/artstella-elixirs-floraux.com\/fr_fr\/wp-json\/wp\/v2\/product"}],"about":[{"href":"https:\/\/artstella-elixirs-floraux.com\/fr_fr\/wp-json\/wp\/v2\/types\/product"}],"version-history":[{"count":1,"href":"https:\/\/artstella-elixirs-floraux.com\/fr_fr\/wp-json\/wp\/v2\/product\/3308\/revisions"}],"predecessor-version":[{"id":10836,"href":"https:\/\/artstella-elixirs-floraux.com\/fr_fr\/wp-json\/wp\/v2\/product\/3308\/revisions\/10836"}],"wp:featuredmedia":[{"embeddable":true,"href":"https:\/\/artstella-elixirs-floraux.com\/fr_fr\/wp-json\/wp\/v2\/media\/3309"}],"wp:attachment":[{"href":"https:\/\/artstella-elixirs-floraux.com\/fr_fr\/wp-json\/wp\/v2\/media?parent=3308"}],"wp:term":[{"taxonomy":"product_brand","embeddable":true,"href":"https:\/\/artstella-elixirs-floraux.com\/fr_fr\/wp-json\/wp\/v2\/product_brand?post=3308"},{"taxonomy":"product_cat","embeddable":true,"href":"https:\/\/artstella-elixirs-floraux.com\/fr_fr\/wp-json\/wp\/v2\/product_cat?post=3308"},{"taxonomy":"product_tag","embeddable":true,"href":"https:\/\/artstella-elixirs-floraux.com\/fr_fr\/wp-json\/wp\/v2\/product_tag?post=3308"}],"curies":[{"name":"wp","href":"https:\/\/api.w.org\/{rel}","templated":true}]}}