{"id":3310,"date":"2025-03-09T13:09:24","date_gmt":"2025-03-09T13:09:24","guid":{"rendered":"https:\/\/artstella-elixirs-floraux.com\/product\/souci-15-ml-phi\/"},"modified":"2025-06-17T16:24:33","modified_gmt":"2025-06-17T16:24:33","slug":"souci-15-ml-phi","status":"publish","type":"product","link":"https:\/\/artstella-elixirs-floraux.com\/fr_fr\/produit\/souci-15-ml-phi\/","title":{"rendered":"SOUCI 15 ML PHI"},"content":{"rendered":"","protected":false},"excerpt":{"rendered":"<p><strong><em>Souci (Calendula officinalis) (Ringelblume) <\/em><\/strong>Permet de laisser aller les \u00e9motions. L&rsquo;\u00e9lixir nous aide \u00e0 construire notre centre et aide \u00e0 dissoudre les tensions et les blocages dus aux chocs et traumatismes.<strong><em><\/em><\/strong><\/p>\n","protected":false},"featured_media":3311,"template":"","meta":[],"product_brand":[],"product_cat":[90],"product_tag":[],"class_list":{"0":"post-3310","1":"product","2":"type-product","3":"status-publish","4":"has-post-thumbnail","6":"product_cat-les-elixirs-de-fleurs-sauvages","8":"first","9":"outofstock","10":"taxable","11":"shipping-taxable","12":"purchasable","13":"product-type-simple"},"etheme_brands":{"errors":{"invalid_taxonomy":["Taxonomie non valide."]},"error_data":[]},"jetpack_sharing_enabled":true,"jetpack-related-posts":[{"id":3266,"url":"https:\/\/artstella-elixirs-floraux.com\/fr_fr\/produit\/achillee-rose-phi-15-ml\/","url_meta":{"origin":3310,"position":0},"title":"ACHILLEE ROSE PHI 15 ML","author":"eveapprill","date":"9 mars 2025","format":false,"excerpt":"Achill\u00e9e rose (Achillea millefolium) (Rosa Schafgarbe) Cet \u00e9lixir nous aide \u00e0 \u00eatre moins en prise avec les \u00e9motions des autres et \u00e0 nous faire moins de soucis. L'\u00e9lixir am\u00e9liore notre protection au niveau du c\u0153ur et des \u00e9motions.","rel":"","context":"Article similaire","block_context":{"text":"Article similaire","link":""},"img":{"alt_text":"","src":"https:\/\/i0.wp.com\/artstella-elixirs-floraux.com\/wp-content\/uploads\/2025\/03\/wp-image674.png?resize=350%2C200&ssl=1","width":350,"height":200},"classes":[]},{"id":6157,"url":"https:\/\/artstella-elixirs-floraux.com\/fr_fr\/produit\/flabelline-mauve-15ml-phi\/","url_meta":{"origin":3310,"position":1},"title":"FLABELLINE MAUVE 15ML PHI","author":"eveapprill","date":"9 mars 2025","format":false,"excerpt":"FLABELINE MAUVE (Flabellina affinis) Cet \u00e9lixir nous relie avec la l\u00e9g\u00e8ret\u00e9 de l\u2019Etre. Il nous aide \u00e0 voir les choses avec recul et ouvre le c\u0153ur. Nous pouvons ainsi consid\u00e9rer les choses avec plus de l\u00e9g\u00e8ret\u00e9 et accepter les gens tels qu\u2019ils sont, en les voyant avec le c\u0153ur. La\u2026","rel":"","context":"Article similaire","block_context":{"text":"Article similaire","link":""},"img":{"alt_text":"","src":"https:\/\/i0.wp.com\/artstella-elixirs-floraux.com\/wp-content\/uploads\/2025\/03\/wp-image2161.png?resize=350%2C200&ssl=1","width":350,"height":200},"classes":[]},{"id":3695,"url":"https:\/\/artstella-elixirs-floraux.com\/fr_fr\/produit\/winged-messenger-ltoe-15ml\/","url_meta":{"origin":3310,"position":2},"title":"WINGED MESSENGER LTOE 15ML","author":"eveapprill","date":"9 mars 2025","format":false,"excerpt":". Winged Messenger\/ Messager volant Remarquable pour atteindre ses buts, tout en apportant de la joie au c\u0153ur et de l\u2019ancrage.","rel":"","context":"Article similaire","block_context":{"text":"Article similaire","link":""},"img":{"alt_text":"","src":"https:\/\/i0.wp.com\/artstella-elixirs-floraux.com\/wp-content\/uploads\/2025\/03\/49d267dd-96d5-4648-be19-bb0c9e87820b.jpg?resize=350%2C200&ssl=1","width":350,"height":200,"srcset":"https:\/\/i0.wp.com\/artstella-elixirs-floraux.com\/wp-content\/uploads\/2025\/03\/49d267dd-96d5-4648-be19-bb0c9e87820b.jpg?resize=350%2C200&ssl=1 1x, https:\/\/i0.wp.com\/artstella-elixirs-floraux.com\/wp-content\/uploads\/2025\/03\/49d267dd-96d5-4648-be19-bb0c9e87820b.jpg?resize=525%2C300&ssl=1 1.5x, https:\/\/i0.wp.com\/artstella-elixirs-floraux.com\/wp-content\/uploads\/2025\/03\/49d267dd-96d5-4648-be19-bb0c9e87820b.jpg?resize=700%2C400&ssl=1 2x"},"classes":[]},{"id":5934,"url":"https:\/\/artstella-elixirs-floraux.com\/fr_fr\/produit\/marronnier-rouge-15-ml-deva\/","url_meta":{"origin":3310,"position":3},"title":"Marronnier rouge 15 ml DEVA","author":"eveapprill","date":"9 mars 2025","format":false,"excerpt":"Marronnier rouge - Red chestnut Aesculus carnea Confiance en la vie Supprime l'inqui\u00e9tude et la crainte du pire pour les autres. Pour ceux qui ont tendance \u00e0 trop s'impliquer dans la vie des autres. Pour ceux qui ne peuvent s'emp\u00eacher de se faire du souci pour autrui.","rel":"","context":"Article similaire","block_context":{"text":"Article similaire","link":""},"img":{"alt_text":"","src":"","width":0,"height":0},"classes":[]},{"id":3974,"url":"https:\/\/artstella-elixirs-floraux.com\/fr_fr\/produit\/phoque-a-e-15-ml-phi\/","url_meta":{"origin":3310,"position":4},"title":"PHOQUE A.E 15 ML PHI","author":"eveapprill","date":"9 mars 2025","format":false,"excerpt":"Phoque (Phoca vitulina) Seehund Am\u00e9liore la compr\u00e9hension pour le jeu.","rel":"","context":"Article similaire","block_context":{"text":"Article similaire","link":""},"img":{"alt_text":"","src":"","width":0,"height":0},"classes":[]},{"id":3920,"url":"https:\/\/artstella-elixirs-floraux.com\/fr_fr\/produit\/boeuf-a-e-15-ml-phi\/","url_meta":{"origin":3310,"position":5},"title":"BOEUF A.E 15 ML PHI","author":"eveapprill","date":"9 mars 2025","format":false,"excerpt":"B\u0153uf Rind Pour \u00e9tablir une liaison entre l\u2019animal et l\u2019\u00eatre humain, dans des aspects comme la paix et la confiance.","rel":"","context":"Article similaire","block_context":{"text":"Article similaire","link":""},"img":{"alt_text":"","src":"","width":0,"height":0},"classes":[]}],"_links":{"self":[{"href":"https:\/\/artstella-elixirs-floraux.com\/fr_fr\/wp-json\/wp\/v2\/product\/3310","targetHints":{"allow":["GET"]}}],"collection":[{"href":"https:\/\/artstella-elixirs-floraux.com\/fr_fr\/wp-json\/wp\/v2\/product"}],"about":[{"href":"https:\/\/artstella-elixirs-floraux.com\/fr_fr\/wp-json\/wp\/v2\/types\/product"}],"version-history":[{"count":1,"href":"https:\/\/artstella-elixirs-floraux.com\/fr_fr\/wp-json\/wp\/v2\/product\/3310\/revisions"}],"predecessor-version":[{"id":10835,"href":"https:\/\/artstella-elixirs-floraux.com\/fr_fr\/wp-json\/wp\/v2\/product\/3310\/revisions\/10835"}],"wp:featuredmedia":[{"embeddable":true,"href":"https:\/\/artstella-elixirs-floraux.com\/fr_fr\/wp-json\/wp\/v2\/media\/3311"}],"wp:attachment":[{"href":"https:\/\/artstella-elixirs-floraux.com\/fr_fr\/wp-json\/wp\/v2\/media?parent=3310"}],"wp:term":[{"taxonomy":"product_brand","embeddable":true,"href":"https:\/\/artstella-elixirs-floraux.com\/fr_fr\/wp-json\/wp\/v2\/product_brand?post=3310"},{"taxonomy":"product_cat","embeddable":true,"href":"https:\/\/artstella-elixirs-floraux.com\/fr_fr\/wp-json\/wp\/v2\/product_cat?post=3310"},{"taxonomy":"product_tag","embeddable":true,"href":"https:\/\/artstella-elixirs-floraux.com\/fr_fr\/wp-json\/wp\/v2\/product_tag?post=3310"}],"curies":[{"name":"wp","href":"https:\/\/api.w.org\/{rel}","templated":true}]}}