{"id":3324,"date":"2025-03-09T13:09:36","date_gmt":"2025-03-09T13:09:36","guid":{"rendered":"https:\/\/artstella-elixirs-floraux.com\/product\/citronnier-15-ml-phi\/"},"modified":"2025-06-17T16:24:29","modified_gmt":"2025-06-17T16:24:29","slug":"citronnier-15-ml-phi","status":"publish","type":"product","link":"https:\/\/artstella-elixirs-floraux.com\/fr_fr\/produit\/citronnier-15-ml-phi\/","title":{"rendered":"CITRONNIER 15 ML PHI"},"content":{"rendered":"","protected":false},"excerpt":{"rendered":"<p><strong><em>Citronnier (Citrus limon) (Zitrone) <\/em><\/strong>Purifie les plans subtils et apporte une clart\u00e9 nouvelle. L&rsquo;\u00e9lixir renouvelle le sentiment de bien-\u00eatre.<\/p>\n","protected":false},"featured_media":3325,"template":"","meta":[],"product_brand":[],"product_cat":[90],"product_tag":[],"class_list":{"0":"post-3324","1":"product","2":"type-product","3":"status-publish","4":"has-post-thumbnail","6":"product_cat-les-elixirs-de-fleurs-sauvages","8":"first","9":"instock","10":"taxable","11":"shipping-taxable","12":"purchasable","13":"product-type-simple"},"etheme_brands":{"errors":{"invalid_taxonomy":["Taxonomie non valide."]},"error_data":[]},"jetpack_sharing_enabled":true,"jetpack-related-posts":[{"id":5664,"url":"https:\/\/artstella-elixirs-floraux.com\/fr_fr\/produit\/citronier-15-ml-deva\/","url_meta":{"origin":3324,"position":0},"title":"Citronier 15 ml DEVA","author":"eveapprill","date":"9 mars 2025","format":false,"excerpt":"Citronnier Tonicit\u00e9, clart\u00e9 mentale. Eclaircit le mental en coordonnant les pens\u00e9es. Aide \u00e0 retrouver le calme et la tranquillit\u00e9 d\u2019esprit. Stimule l\u2019intellect et favorise le raisonnement analytique.","rel":"","context":"Article similaire","block_context":{"text":"Article similaire","link":""},"img":{"alt_text":"","src":"https:\/\/i0.wp.com\/artstella-elixirs-floraux.com\/wp-content\/uploads\/2025\/03\/wp-image2388.png?resize=350%2C200&ssl=1","width":350,"height":200},"classes":[]},{"id":4553,"url":"https:\/\/artstella-elixirs-floraux.com\/fr_fr\/produit\/coffret-fleurs-sauvages-supplementaires-phi-15-ml\/","url_meta":{"origin":3324,"position":1},"title":"COFFRET Fleurs sauvages suppl\u00e9mentaires PHI 15 ML","author":"eveapprill","date":"9 mars 2025","format":false,"excerpt":"Contient 20 \u00e9lixirs de fleurs sauvages suppl\u00e9mentaires","rel":"","context":"Article similaire","block_context":{"text":"Article similaire","link":""},"img":{"alt_text":"","src":"","width":0,"height":0},"classes":[]},{"id":5312,"url":"https:\/\/artstella-elixirs-floraux.com\/fr_fr\/produit\/complexe-n16-consolation-deva-30ml\/","url_meta":{"origin":3324,"position":2},"title":"COMPLEXE N\u00b016 Consolation DEVA 30ml","author":"eveapprill","date":"9 mars 2025","format":false,"excerpt":"COMPLEXE N\u00b016 Consolation DEVA 30ml Le compos\u00e9 floral CONSOLATIONS\u00a0apporte r\u00e9confort et paix du c\u0153ur. Il aide \u00e0 retrouver une autonomie affective et \u00e0 surmonter tristesse, confusion ou amertume. Il est recommand\u00e9 pour tous les petits deuils du quotidien et les grands deuils de la vie.","rel":"","context":"Article similaire","block_context":{"text":"Article similaire","link":""},"img":{"alt_text":"","src":"https:\/\/i0.wp.com\/artstella-elixirs-floraux.com\/wp-content\/uploads\/2025\/03\/2415f69e-17ad-4029-ae37-735517e5564d.jpg?resize=350%2C200&ssl=1","width":350,"height":200,"srcset":"https:\/\/i0.wp.com\/artstella-elixirs-floraux.com\/wp-content\/uploads\/2025\/03\/2415f69e-17ad-4029-ae37-735517e5564d.jpg?resize=350%2C200&ssl=1 1x, https:\/\/i0.wp.com\/artstella-elixirs-floraux.com\/wp-content\/uploads\/2025\/03\/2415f69e-17ad-4029-ae37-735517e5564d.jpg?resize=525%2C300&ssl=1 1.5x, https:\/\/i0.wp.com\/artstella-elixirs-floraux.com\/wp-content\/uploads\/2025\/03\/2415f69e-17ad-4029-ae37-735517e5564d.jpg?resize=700%2C400&ssl=1 2x"},"classes":[]},{"id":5296,"url":"https:\/\/artstella-elixirs-floraux.com\/fr_fr\/produit\/complexe-n8-etudes-et-examens-deva-30ml\/","url_meta":{"origin":3324,"position":3},"title":"COMPLEXE N\u00b08 Etudes et examens DEVA 30ML","author":"eveapprill","date":"9 mars 2025","format":false,"excerpt":"Le compos\u00e9 floral DEVA\u00a0\u00c9TUDES & EXAMENS\u00a0aide \u00e0 d\u00e9velopper l'esprit de synth\u00e8se. Il facilite une expression orale claire et coh\u00e9rente. Il est conseill\u00e9 aux \u00e9tudiants en p\u00e9riode d'examens ou aux personnes qui m\u00e8nent des travaux de recherche ou donnent des conf\u00e9rences.","rel":"","context":"Article similaire","block_context":{"text":"Article similaire","link":""},"img":{"alt_text":"","src":"https:\/\/i0.wp.com\/artstella-elixirs-floraux.com\/wp-content\/uploads\/2025\/03\/a0c22a76-9d02-484d-b5d8-57ffbb7b1305.jpg?resize=350%2C200&ssl=1","width":350,"height":200,"srcset":"https:\/\/i0.wp.com\/artstella-elixirs-floraux.com\/wp-content\/uploads\/2025\/03\/a0c22a76-9d02-484d-b5d8-57ffbb7b1305.jpg?resize=350%2C200&ssl=1 1x, https:\/\/i0.wp.com\/artstella-elixirs-floraux.com\/wp-content\/uploads\/2025\/03\/a0c22a76-9d02-484d-b5d8-57ffbb7b1305.jpg?resize=525%2C300&ssl=1 1.5x, https:\/\/i0.wp.com\/artstella-elixirs-floraux.com\/wp-content\/uploads\/2025\/03\/a0c22a76-9d02-484d-b5d8-57ffbb7b1305.jpg?resize=700%2C400&ssl=1 2x"},"classes":[]}],"_links":{"self":[{"href":"https:\/\/artstella-elixirs-floraux.com\/fr_fr\/wp-json\/wp\/v2\/product\/3324","targetHints":{"allow":["GET"]}}],"collection":[{"href":"https:\/\/artstella-elixirs-floraux.com\/fr_fr\/wp-json\/wp\/v2\/product"}],"about":[{"href":"https:\/\/artstella-elixirs-floraux.com\/fr_fr\/wp-json\/wp\/v2\/types\/product"}],"version-history":[{"count":1,"href":"https:\/\/artstella-elixirs-floraux.com\/fr_fr\/wp-json\/wp\/v2\/product\/3324\/revisions"}],"predecessor-version":[{"id":10828,"href":"https:\/\/artstella-elixirs-floraux.com\/fr_fr\/wp-json\/wp\/v2\/product\/3324\/revisions\/10828"}],"wp:featuredmedia":[{"embeddable":true,"href":"https:\/\/artstella-elixirs-floraux.com\/fr_fr\/wp-json\/wp\/v2\/media\/3325"}],"wp:attachment":[{"href":"https:\/\/artstella-elixirs-floraux.com\/fr_fr\/wp-json\/wp\/v2\/media?parent=3324"}],"wp:term":[{"taxonomy":"product_brand","embeddable":true,"href":"https:\/\/artstella-elixirs-floraux.com\/fr_fr\/wp-json\/wp\/v2\/product_brand?post=3324"},{"taxonomy":"product_cat","embeddable":true,"href":"https:\/\/artstella-elixirs-floraux.com\/fr_fr\/wp-json\/wp\/v2\/product_cat?post=3324"},{"taxonomy":"product_tag","embeddable":true,"href":"https:\/\/artstella-elixirs-floraux.com\/fr_fr\/wp-json\/wp\/v2\/product_tag?post=3324"}],"curies":[{"name":"wp","href":"https:\/\/api.w.org\/{rel}","templated":true}]}}