{"id":3336,"date":"2025-03-09T13:09:47","date_gmt":"2025-03-09T13:09:47","guid":{"rendered":"https:\/\/artstella-elixirs-floraux.com\/product\/shadow-cactus-15ml-phi\/"},"modified":"2025-06-17T16:11:14","modified_gmt":"2025-06-17T16:11:14","slug":"shadow-cactus-15ml-phi","status":"publish","type":"product","link":"https:\/\/artstella-elixirs-floraux.com\/fr_fr\/produit\/shadow-cactus-15ml-phi\/","title":{"rendered":"SHADOW CACTUS 15ML PHI"},"content":{"rendered":"","protected":false},"excerpt":{"rendered":"<p><span style=\"color: #008000;\"> <strong><em>Shadow cactus (Caalluma russelliana)<\/em><\/strong><\/span><\/p>\n<p>Lib\u00e8re les tensions du plexus solaire. Nous prenons conscience des processus int\u00e9rieurs et pouvons ainsi nous en lib\u00e9rer. Nous pouvons nous s\u00e9parer de nos \u00ab\u00a0ombres\u00a0\u00bb et apprendre \u00e0 accepter la \u00ab\u00a0mort\u00a0\u00bb pour vivre une vie plus consciente.<\/p>\n","protected":false},"featured_media":3337,"template":"","meta":[],"product_brand":[],"product_cat":[92],"product_tag":[],"class_list":{"0":"post-3336","1":"product","2":"type-product","3":"status-publish","4":"has-post-thumbnail","6":"product_cat-les-elixirs-de-cactus","8":"first","9":"instock","10":"taxable","11":"shipping-taxable","12":"purchasable","13":"product-type-variable"},"etheme_brands":{"errors":{"invalid_taxonomy":["Taxonomie non valide."]},"error_data":[]},"jetpack_sharing_enabled":true,"jetpack-related-posts":[{"id":3381,"url":"https:\/\/artstella-elixirs-floraux.com\/fr_fr\/produit\/blueberry-cactus-15-ml-phi\/","url_meta":{"origin":3336,"position":0},"title":"BLUEBERRY CACTUS 15 ML PHI","author":"eveapprill","date":"9 mars 2025","format":false,"excerpt":"Blueberry cactus (Myrtillocactus geometrizans) favorise la d\u00e9limitation et la protection pour mieux int\u00e9grer le plan \u00e9motionnel. Il renforce et permet \u00e0 notre potentiel de se d\u00e9ployer enti\u00e8rement. Nous pouvons appr\u00e9cier la beaut\u00e9 dans la vie.","rel":"","context":"Article similaire","block_context":{"text":"Article similaire","link":""},"img":{"alt_text":"","src":"https:\/\/i0.wp.com\/artstella-elixirs-floraux.com\/wp-content\/uploads\/2025\/03\/wp-image367.png?resize=350%2C200&ssl=1","width":350,"height":200},"classes":[]},{"id":3407,"url":"https:\/\/artstella-elixirs-floraux.com\/fr_fr\/produit\/love-cactus-15-ml-phi\/","url_meta":{"origin":3336,"position":1},"title":"LOVE CACTUS 15 ML PHI","author":"eveapprill","date":"9 mars 2025","format":false,"excerpt":"Love cactus (Seticereus icosagonus) agit au niveau du deuxi\u00e8me chakra. Nous pouvons apprendre \u00e0 mieux utiliser nos \u00e9nergies cr\u00e9atrices, \u00e0 trouver la bonne mesure pour jouer avec elles et \u00e0 conserver notre int\u00e9grit\u00e9 dans les \u00e9changes avec les autres.","rel":"","context":"Article similaire","block_context":{"text":"Article similaire","link":""},"img":{"alt_text":"","src":"https:\/\/i0.wp.com\/artstella-elixirs-floraux.com\/wp-content\/uploads\/2025\/03\/wp-image375.png?resize=350%2C200&ssl=1","width":350,"height":200},"classes":[]},{"id":3344,"url":"https:\/\/artstella-elixirs-floraux.com\/fr_fr\/produit\/release-cactus-15ml-phi\/","url_meta":{"origin":3336,"position":2},"title":"RELEASE CACTUS 15ML PHI","author":"eveapprill","date":"9 mars 2025","format":false,"excerpt":"Release Cactus (Ceropegia Fusca) Il aide \u00e0 nous lib\u00e9rer d'anciens sch\u00e9mas ressentis comme n\u00e9gatifs. L'\u00e9lixir agit tr\u00e8s en profondeur : il atteint l'inconscient et la conscience cellulaire. Il permet de nettoyer les blocages et contribue \u00e0 nous r\u00e9g\u00e9n\u00e9rer.","rel":"","context":"Article similaire","block_context":{"text":"Article similaire","link":""},"img":{"alt_text":"","src":"https:\/\/i0.wp.com\/artstella-elixirs-floraux.com\/wp-content\/uploads\/2025\/03\/wp-image357.png?resize=350%2C200&ssl=1","width":350,"height":200},"classes":[]},{"id":3352,"url":"https:\/\/artstella-elixirs-floraux.com\/fr_fr\/produit\/aura-cleansing-cactus-15ml-phi\/","url_meta":{"origin":3336,"position":3},"title":"AURA CLEANSING CACTUS 15ML PHI","author":"eveapprill","date":"9 mars 2025","format":false,"excerpt":"Aura cleansing cactus (Cleistocactus strausii) Sert \u00e0 la purification et la r\u00e9g\u00e9n\u00e9ration de l'aura, en particulier du corps astral. Il convient \u00e9galement aux personnes qui ont un champ d'\u00e9nergie trop perm\u00e9able et qui ont des probl\u00e8mes de d\u00e9limitation. Il aide \u00e0 lib\u00e9rer l'aura d'\u00e9nergies parasites ou d'entit\u00e9s.","rel":"","context":"Article similaire","block_context":{"text":"Article similaire","link":""},"img":{"alt_text":"","src":"https:\/\/i0.wp.com\/artstella-elixirs-floraux.com\/wp-content\/uploads\/2025\/03\/wp-image359.png?resize=350%2C200&ssl=1","width":350,"height":200},"classes":[]},{"id":4555,"url":"https:\/\/artstella-elixirs-floraux.com\/fr_fr\/produit\/coffret-20-elixirs-de-cactus-15-ml\/","url_meta":{"origin":3336,"position":4},"title":"COFFRET 20 \u00e9lixirs de CACTUS 15 ML","author":"eveapprill","date":"9 mars 2025","format":false,"excerpt":"Les 20 Elixirs de Cactus Les cactus et les plantes succulentes sont des plantes particuli\u00e8res. Leur sph\u00e8re d'action est \u00ab la protection et la d\u00e9limitation \u00bb.","rel":"","context":"Article similaire","block_context":{"text":"Article similaire","link":""},"img":{"alt_text":"","src":"https:\/\/i0.wp.com\/artstella-elixirs-floraux.com\/wp-content\/uploads\/2025\/03\/wp-image1161.png?resize=350%2C200&ssl=1","width":350,"height":200,"srcset":"https:\/\/i0.wp.com\/artstella-elixirs-floraux.com\/wp-content\/uploads\/2025\/03\/wp-image1161.png?resize=350%2C200&ssl=1 1x, https:\/\/i0.wp.com\/artstella-elixirs-floraux.com\/wp-content\/uploads\/2025\/03\/wp-image1161.png?resize=525%2C300&ssl=1 1.5x, https:\/\/i0.wp.com\/artstella-elixirs-floraux.com\/wp-content\/uploads\/2025\/03\/wp-image1161.png?resize=700%2C400&ssl=1 2x"},"classes":[]},{"id":5265,"url":"https:\/\/artstella-elixirs-floraux.com\/fr_fr\/produit\/jeu-de-20-cartes-de-fleurs-de-cactus\/","url_meta":{"origin":3336,"position":5},"title":"Jeu de 20 cartes de fleurs de cactus","author":"eveapprill","date":"9 mars 2025","format":false,"excerpt":"Jeu de 20 cartes de fleurs de cactus repr\u00e9sentant les fleurs avec lesquelles les \u00e9lixirs de cactus ont \u00e9t\u00e9 r\u00e9alis\u00e9s par Andr\u00e9as Korte","rel":"","context":"Article similaire","block_context":{"text":"Article similaire","link":""},"img":{"alt_text":"","src":"","width":0,"height":0},"classes":[]}],"_links":{"self":[{"href":"https:\/\/artstella-elixirs-floraux.com\/fr_fr\/wp-json\/wp\/v2\/product\/3336","targetHints":{"allow":["GET"]}}],"collection":[{"href":"https:\/\/artstella-elixirs-floraux.com\/fr_fr\/wp-json\/wp\/v2\/product"}],"about":[{"href":"https:\/\/artstella-elixirs-floraux.com\/fr_fr\/wp-json\/wp\/v2\/types\/product"}],"version-history":[{"count":1,"href":"https:\/\/artstella-elixirs-floraux.com\/fr_fr\/wp-json\/wp\/v2\/product\/3336\/revisions"}],"predecessor-version":[{"id":10820,"href":"https:\/\/artstella-elixirs-floraux.com\/fr_fr\/wp-json\/wp\/v2\/product\/3336\/revisions\/10820"}],"wp:featuredmedia":[{"embeddable":true,"href":"https:\/\/artstella-elixirs-floraux.com\/fr_fr\/wp-json\/wp\/v2\/media\/3337"}],"wp:attachment":[{"href":"https:\/\/artstella-elixirs-floraux.com\/fr_fr\/wp-json\/wp\/v2\/media?parent=3336"}],"wp:term":[{"taxonomy":"product_brand","embeddable":true,"href":"https:\/\/artstella-elixirs-floraux.com\/fr_fr\/wp-json\/wp\/v2\/product_brand?post=3336"},{"taxonomy":"product_cat","embeddable":true,"href":"https:\/\/artstella-elixirs-floraux.com\/fr_fr\/wp-json\/wp\/v2\/product_cat?post=3336"},{"taxonomy":"product_tag","embeddable":true,"href":"https:\/\/artstella-elixirs-floraux.com\/fr_fr\/wp-json\/wp\/v2\/product_tag?post=3336"}],"curies":[{"name":"wp","href":"https:\/\/api.w.org\/{rel}","templated":true}]}}