{"id":3369,"date":"2025-03-09T13:10:17","date_gmt":"2025-03-09T13:10:17","guid":{"rendered":"https:\/\/artstella-elixirs-floraux.com\/product\/self-esteem-cactus-phi-15-ml\/"},"modified":"2026-03-11T09:19:57","modified_gmt":"2026-03-11T09:19:57","slug":"self-esteem-cactus-phi-15-ml","status":"publish","type":"product","link":"https:\/\/artstella-elixirs-floraux.com\/fr_fr\/produit\/self-esteem-cactus-phi-15-ml\/","title":{"rendered":"SELF ESTEEM CACTUS PHI 15 ML"},"content":{"rendered":"","protected":false},"excerpt":{"rendered":"<p><span style=\"color: #008000;\"> <strong><em>Self-Esteem cactus (Ferocactus Schwarzii)<\/em><\/strong><\/span><\/p>\n<p>Renforce la confiance en soi et soutient \u00e9nerg\u00e9tiquement nos d\u00e9fenses. Favorise la conscience de groupe, la solidarit\u00e9 et la compassion pour tous les \u00eatres vivants. Avec la confiance en soi et dans les autres, il est possible d&rsquo;\u00e9tablir des relations solides.<\/p>\n","protected":false},"featured_media":3370,"template":"","meta":[],"product_brand":[],"product_cat":[92],"product_tag":[],"class_list":{"0":"post-3369","1":"product","2":"type-product","3":"status-publish","4":"has-post-thumbnail","6":"product_cat-les-elixirs-de-cactus","8":"first","9":"instock","10":"taxable","11":"shipping-taxable","12":"purchasable","13":"product-type-variable"},"etheme_brands":{"errors":{"invalid_taxonomy":["Taxonomie non valide."]},"error_data":[]},"jetpack_sharing_enabled":true,"jetpack-related-posts":[{"id":3385,"url":"https:\/\/artstella-elixirs-floraux.com\/fr_fr\/produit\/joyful-opuntia-cactus-15-ml-phi\/","url_meta":{"origin":3369,"position":0},"title":"JOYFUL OPUNTIA CACTUS 15 ML PHI","author":"eveapprill","date":"9 mars 2025","format":false,"excerpt":"Joyful opuntia (Opuntia cardiosperma) apporte joie et l\u00e9g\u00e8ret\u00e9 dans des moments difficiles. Il ram\u00e8ne confiance, espoir et optimisme.","rel":"","context":"Article similaire","block_context":{"text":"Article similaire","link":""},"img":{"alt_text":"","src":"https:\/\/i0.wp.com\/artstella-elixirs-floraux.com\/wp-content\/uploads\/2025\/03\/wp-image368.png?resize=350%2C200&ssl=1","width":350,"height":200},"classes":[]},{"id":4555,"url":"https:\/\/artstella-elixirs-floraux.com\/fr_fr\/produit\/coffret-20-elixirs-de-cactus-15-ml\/","url_meta":{"origin":3369,"position":1},"title":"COFFRET 20 \u00e9lixirs de CACTUS 15 ML","author":"eveapprill","date":"9 mars 2025","format":false,"excerpt":"Les 20 Elixirs de Cactus Les cactus et les plantes succulentes sont des plantes particuli\u00e8res. Leur sph\u00e8re d'action est \u00ab la protection et la d\u00e9limitation \u00bb.","rel":"","context":"Article similaire","block_context":{"text":"Article similaire","link":""},"img":{"alt_text":"","src":"https:\/\/i0.wp.com\/artstella-elixirs-floraux.com\/wp-content\/uploads\/2025\/03\/wp-image1161.png?resize=350%2C200&ssl=1","width":350,"height":200,"srcset":"https:\/\/i0.wp.com\/artstella-elixirs-floraux.com\/wp-content\/uploads\/2025\/03\/wp-image1161.png?resize=350%2C200&ssl=1 1x, https:\/\/i0.wp.com\/artstella-elixirs-floraux.com\/wp-content\/uploads\/2025\/03\/wp-image1161.png?resize=525%2C300&ssl=1 1.5x, https:\/\/i0.wp.com\/artstella-elixirs-floraux.com\/wp-content\/uploads\/2025\/03\/wp-image1161.png?resize=700%2C400&ssl=1 2x"},"classes":[]},{"id":5265,"url":"https:\/\/artstella-elixirs-floraux.com\/fr_fr\/produit\/jeu-de-20-cartes-de-fleurs-de-cactus\/","url_meta":{"origin":3369,"position":2},"title":"Jeu de 20 cartes de fleurs de cactus","author":"eveapprill","date":"9 mars 2025","format":false,"excerpt":"Jeu de 20 cartes de fleurs de cactus repr\u00e9sentant les fleurs avec lesquelles les \u00e9lixirs de cactus ont \u00e9t\u00e9 r\u00e9alis\u00e9s par Andr\u00e9as Korte","rel":"","context":"Article similaire","block_context":{"text":"Article similaire","link":""},"img":{"alt_text":"","src":"","width":0,"height":0},"classes":[]},{"id":3348,"url":"https:\/\/artstella-elixirs-floraux.com\/fr_fr\/produit\/inner-cleansing-cactus-15-ml-phi\/","url_meta":{"origin":3369,"position":3},"title":"INNER CLEANSING CACTUS 15 ML PHI","author":"eveapprill","date":"9 mars 2025","format":false,"excerpt":"Inner cleansing cactus (Cleistocactus Ritteri) Il nous aide \u00e0 \u00ab\u00a0dig\u00e9rer\u00a0\u00bb les impressions que nous recevons. Il favorise la purification des processus internes.","rel":"","context":"Article similaire","block_context":{"text":"Article similaire","link":""},"img":{"alt_text":"","src":"https:\/\/i0.wp.com\/artstella-elixirs-floraux.com\/wp-content\/uploads\/2025\/03\/wp-image358.png?resize=350%2C200&ssl=1","width":350,"height":200},"classes":[]},{"id":3377,"url":"https:\/\/artstella-elixirs-floraux.com\/fr_fr\/produit\/formation-cactus-15-ml-phi\/","url_meta":{"origin":3369,"position":4},"title":"FORMATION CACTUS 15 ML PHI","author":"eveapprill","date":"9 mars 2025","format":false,"excerpt":"Formation cactus (Mamillaria rubrograndis) Apporte une protection et une stabilit\u00e9 sur tous les plans de la forme, du plan cellulaire \u00e0 celui de l'information. Il soutient et renforce.","rel":"","context":"Article similaire","block_context":{"text":"Article similaire","link":""},"img":{"alt_text":"","src":"https:\/\/i0.wp.com\/artstella-elixirs-floraux.com\/wp-content\/uploads\/2025\/03\/wp-image366.png?resize=350%2C200&ssl=1","width":350,"height":200},"classes":[]},{"id":3365,"url":"https:\/\/artstella-elixirs-floraux.com\/fr_fr\/produit\/inspiration-cactus-15-ml-phi\/","url_meta":{"origin":3369,"position":5},"title":"INSPIRATION CACTUS 15 ML PHI","author":"eveapprill","date":"9 mars 2025","format":false,"excerpt":"Inspiration cactus (Echinopsis oxygona ) \u00c9largit et clarifie le plan mental. Il nous prot\u00e8ge des pens\u00e9es perturbatrices et des influences n\u00e9gatives et nous permet de d\u00e9velopper une vision plus claire de notre direction int\u00e9rieure.","rel":"","context":"Article similaire","block_context":{"text":"Article similaire","link":""},"img":{"alt_text":"","src":"https:\/\/i0.wp.com\/artstella-elixirs-floraux.com\/wp-content\/uploads\/2025\/03\/wp-image363.png?resize=350%2C200&ssl=1","width":350,"height":200},"classes":[]}],"_links":{"self":[{"href":"https:\/\/artstella-elixirs-floraux.com\/fr_fr\/wp-json\/wp\/v2\/product\/3369","targetHints":{"allow":["GET"]}}],"collection":[{"href":"https:\/\/artstella-elixirs-floraux.com\/fr_fr\/wp-json\/wp\/v2\/product"}],"about":[{"href":"https:\/\/artstella-elixirs-floraux.com\/fr_fr\/wp-json\/wp\/v2\/types\/product"}],"version-history":[{"count":1,"href":"https:\/\/artstella-elixirs-floraux.com\/fr_fr\/wp-json\/wp\/v2\/product\/3369\/revisions"}],"predecessor-version":[{"id":10812,"href":"https:\/\/artstella-elixirs-floraux.com\/fr_fr\/wp-json\/wp\/v2\/product\/3369\/revisions\/10812"}],"wp:featuredmedia":[{"embeddable":true,"href":"https:\/\/artstella-elixirs-floraux.com\/fr_fr\/wp-json\/wp\/v2\/media\/3370"}],"wp:attachment":[{"href":"https:\/\/artstella-elixirs-floraux.com\/fr_fr\/wp-json\/wp\/v2\/media?parent=3369"}],"wp:term":[{"taxonomy":"product_brand","embeddable":true,"href":"https:\/\/artstella-elixirs-floraux.com\/fr_fr\/wp-json\/wp\/v2\/product_brand?post=3369"},{"taxonomy":"product_cat","embeddable":true,"href":"https:\/\/artstella-elixirs-floraux.com\/fr_fr\/wp-json\/wp\/v2\/product_cat?post=3369"},{"taxonomy":"product_tag","embeddable":true,"href":"https:\/\/artstella-elixirs-floraux.com\/fr_fr\/wp-json\/wp\/v2\/product_tag?post=3369"}],"curies":[{"name":"wp","href":"https:\/\/api.w.org\/{rel}","templated":true}]}}