{"id":3385,"date":"2025-03-09T13:10:45","date_gmt":"2025-03-09T13:10:45","guid":{"rendered":"https:\/\/artstella-elixirs-floraux.com\/product\/joyful-opuntia-cactus-15-ml-phi\/"},"modified":"2025-06-17T10:27:30","modified_gmt":"2025-06-17T10:27:30","slug":"joyful-opuntia-cactus-15-ml-phi","status":"publish","type":"product","link":"https:\/\/artstella-elixirs-floraux.com\/fr_fr\/produit\/joyful-opuntia-cactus-15-ml-phi\/","title":{"rendered":"JOYFUL OPUNTIA CACTUS 15 ML PHI"},"content":{"rendered":"","protected":false},"excerpt":{"rendered":"<p><strong><em>Joyful opuntia (Opuntia cardiosperma) <\/em><\/strong>apporte joie et l\u00e9g\u00e8ret\u00e9 dans des moments difficiles. Il ram\u00e8ne confiance, espoir et optimisme.<\/p>\n","protected":false},"featured_media":3386,"template":"","meta":[],"product_brand":[],"product_cat":[92],"product_tag":[],"class_list":{"0":"post-3385","1":"product","2":"type-product","3":"status-publish","4":"has-post-thumbnail","6":"product_cat-les-elixirs-de-cactus","8":"first","9":"instock","10":"taxable","11":"shipping-taxable","12":"purchasable","13":"product-type-variable"},"etheme_brands":{"errors":{"invalid_taxonomy":["Taxonomie non valide."]},"error_data":[]},"jetpack_sharing_enabled":true,"jetpack-related-posts":[{"id":3389,"url":"https:\/\/artstella-elixirs-floraux.com\/fr_fr\/produit\/grounding-opuntia-cactus-phi-15-ml\/","url_meta":{"origin":3385,"position":0},"title":"GROUNDING OPUNTIA CACTUS PHI 15 ML","author":"eveapprill","date":"9 mars 2025","format":false,"excerpt":"Grounding opuntia (Opuntia dejecta)\u00a0 stimule le premier chakra, am\u00e9liore l'enracinement et la stabilit\u00e9. Il nous aide \u00e0 trouver la paix et \u00e0 partir de l\u00e0, \u00e0 \u00eatre pleinement nous-m\u00eame.","rel":"","context":"Article similaire","block_context":{"text":"Article similaire","link":""},"img":{"alt_text":"","src":"https:\/\/i0.wp.com\/artstella-elixirs-floraux.com\/wp-content\/uploads\/2025\/03\/wp-image369.png?resize=350%2C200&ssl=1","width":350,"height":200},"classes":[]},{"id":4381,"url":"https:\/\/artstella-elixirs-floraux.com\/fr_fr\/produit\/joyfulwork-wea-30-ml\/","url_meta":{"origin":3385,"position":1},"title":"JOYFULWORK WEA 30 ML","author":"eveapprill","date":"27 mai 2025","format":false,"excerpt":"Joyful work Pour ressentir la joie et l\u2019accomplissement dans notre travail quotidien. Ce complexe favorise le jeu et l\u2019enchantement, la productivit\u00e9 et la cr\u00e9ativit\u00e9 et l\u2019int\u00e9gration du travail et du jeu.","rel":"","context":"Article similaire","block_context":{"text":"Article similaire","link":""},"img":{"alt_text":"","src":"https:\/\/i0.wp.com\/artstella-elixirs-floraux.com\/wp-content\/uploads\/2025\/05\/joyful.jpeg?resize=350%2C200&ssl=1","width":350,"height":200},"classes":[]},{"id":4565,"url":"https:\/\/artstella-elixirs-floraux.com\/fr_fr\/produit\/coffret-complexes-elixirs-phi\/","url_meta":{"origin":3385,"position":2},"title":"COFFRET COMPLEXES ELIXIRS PHI","author":"eveapprill","date":"9 mars 2025","format":false,"excerpt":"Contient les 10 \u00e9lixirs compos\u00e9s de la gamme PHI pour r\u00e9\u00e9quilibrer l'\u00e9nergie: Women \u00e9quilibre du f\u00e9minin, Men \u00e9quilibre du masculin, Joyful Sexuality sexualit\u00e9 heureuse, Forever Joung! Eternelle jeunesse Regeneration, Purification, Equilibre du Stress, Jetlag \/ Sleep d\u00e9calage horaire \/ sommeil, Heart \u00e9quilibre du coeur, Protection","rel":"","context":"Article similaire","block_context":{"text":"Article similaire","link":""},"img":{"alt_text":"","src":"","width":0,"height":0},"classes":[]}],"_links":{"self":[{"href":"https:\/\/artstella-elixirs-floraux.com\/fr_fr\/wp-json\/wp\/v2\/product\/3385","targetHints":{"allow":["GET"]}}],"collection":[{"href":"https:\/\/artstella-elixirs-floraux.com\/fr_fr\/wp-json\/wp\/v2\/product"}],"about":[{"href":"https:\/\/artstella-elixirs-floraux.com\/fr_fr\/wp-json\/wp\/v2\/types\/product"}],"version-history":[{"count":1,"href":"https:\/\/artstella-elixirs-floraux.com\/fr_fr\/wp-json\/wp\/v2\/product\/3385\/revisions"}],"predecessor-version":[{"id":10808,"href":"https:\/\/artstella-elixirs-floraux.com\/fr_fr\/wp-json\/wp\/v2\/product\/3385\/revisions\/10808"}],"wp:featuredmedia":[{"embeddable":true,"href":"https:\/\/artstella-elixirs-floraux.com\/fr_fr\/wp-json\/wp\/v2\/media\/3386"}],"wp:attachment":[{"href":"https:\/\/artstella-elixirs-floraux.com\/fr_fr\/wp-json\/wp\/v2\/media?parent=3385"}],"wp:term":[{"taxonomy":"product_brand","embeddable":true,"href":"https:\/\/artstella-elixirs-floraux.com\/fr_fr\/wp-json\/wp\/v2\/product_brand?post=3385"},{"taxonomy":"product_cat","embeddable":true,"href":"https:\/\/artstella-elixirs-floraux.com\/fr_fr\/wp-json\/wp\/v2\/product_cat?post=3385"},{"taxonomy":"product_tag","embeddable":true,"href":"https:\/\/artstella-elixirs-floraux.com\/fr_fr\/wp-json\/wp\/v2\/product_tag?post=3385"}],"curies":[{"name":"wp","href":"https:\/\/api.w.org\/{rel}","templated":true}]}}