{"id":3419,"date":"2025-03-09T13:11:14","date_gmt":"2025-03-09T13:11:14","guid":{"rendered":"https:\/\/artstella-elixirs-floraux.com\/product\/collier-delph-phi\/"},"modified":"2025-05-27T17:32:49","modified_gmt":"2025-05-27T17:32:49","slug":"collier-delph-phi","status":"publish","type":"product","link":"https:\/\/artstella-elixirs-floraux.com\/fr_fr\/produit\/collier-delph-phi\/","title":{"rendered":"COLLIER DELPH PHI"},"content":{"rendered":"<p><strong><em>Le pendentif \u00ab\u00a0Delph<\/em><\/strong><strong>\u00a0\u00bb<\/strong> en verre souffl\u00e9 transparent.<\/p>\n<p>Accroch\u00e9 \u00e0 une lani\u00e8re de cuir r\u00e9glable. Nous pouvons ainsi porter l&rsquo;\u00e9lixir des dauphins directement sur le chakra du c\u0153ur. Son action est harmonisante.<\/p>\n","protected":false},"excerpt":{"rendered":"<p>Le pendentif \u00ab\u00a0Delph\u00a0\u00bb en verre souffl\u00e9 transparent. Accroch\u00e9 \u00e0 une lani\u00e8re de cuir r\u00e9glable. Nous pouvons ainsi porter l&rsquo;\u00e9lixir des dauphins directement sur le chakra&#8230;<\/p>\n","protected":false},"featured_media":9767,"template":"","meta":[],"product_brand":[],"product_cat":[154],"product_tag":[],"class_list":{"0":"post-3419","1":"product","2":"type-product","3":"status-publish","4":"has-post-thumbnail","6":"product_cat-les-penditifs","8":"first","9":"instock","10":"taxable","11":"shipping-taxable","12":"purchasable","13":"product-type-simple"},"etheme_brands":{"errors":{"invalid_taxonomy":["Taxonomie non valide."]},"error_data":[]},"jetpack_sharing_enabled":true,"jetpack-related-posts":[{"id":3891,"url":"https:\/\/artstella-elixirs-floraux.com\/fr_fr\/produit\/delph-spray-spray-energie-dauphin-phi\/","url_meta":{"origin":3419,"position":0},"title":"DELPH -SPRAY spray \u00e9nergie dauphin PHI","author":"eveapprill","date":"9 mars 2025","format":false,"excerpt":"Delph spray - Spray \u00e0 l'\u00e9nergie des dauphins Action bienfaisante et purifiante de Delph\u00ae existe en spray. Il s'utilise en vaporisation pour purifier les pi\u00e8ces charg\u00e9es \u00e9nerg\u00e9tiquement (bureau, cabinet de consultation, salle de conf\u00e9rences, etc.).","rel":"","context":"Article similaire","block_context":{"text":"Article similaire","link":""},"img":{"alt_text":"","src":"","width":0,"height":0},"classes":[]},{"id":6201,"url":"https:\/\/artstella-elixirs-floraux.com\/fr_fr\/produit\/collier-delph-enfant-phi\/","url_meta":{"origin":3419,"position":1},"title":"Collier DELPH \u00ab\u00a0ENFANT\u00a0\u00bb PHI","author":"eveapprill","date":"9 mars 2025","format":false,"excerpt":"Collier DELPH \"Enfant\" par PHI Ce pendantif renferme l'\u00e9nergie de Delph avec un verre \"coccinelle\" Apporte un amour inconditionnel, le plus grand cadeau que nous puissions recevoir!","rel":"","context":"Article similaire","block_context":{"text":"Article similaire","link":""},"img":{"alt_text":"","src":"https:\/\/i0.wp.com\/artstella-elixirs-floraux.com\/wp-content\/uploads\/2025\/03\/wp-image2195.png?resize=350%2C200&ssl=1","width":350,"height":200},"classes":[]},{"id":5237,"url":"https:\/\/artstella-elixirs-floraux.com\/fr_fr\/produit\/creme-delph-a-lenergie-des-dauphins\/","url_meta":{"origin":3419,"position":2},"title":"Cr\u00e8me DELPH, \u00e0 l&rsquo;\u00e9nergie des dauphins","author":"eveapprill","date":"9 mars 2025","format":false,"excerpt":"Cr\u00e8me DELPH, \u00e0 l'\u00e9nergie des dauphins La Cr\u00e8me DELPH, \u00e0 l\u2019\u00e9nergie des dauphins. Elle \u00e9quilibre \u00e9nerg\u00e9tiquement la peau et, par son action d\u2019ouverture du c\u0153ur, favorise le bien-\u00eatre. Elle est particuli\u00e8rement recommand\u00e9e pour appliquer un choix d\u2019\u00e9lixirs personnel ou d\u2019huiles essentielles, et comme cr\u00e8me de massage pendant la grossesse.","rel":"","context":"Article similaire","block_context":{"text":"Article similaire","link":""},"img":{"alt_text":"","src":"https:\/\/i0.wp.com\/artstella-elixirs-floraux.com\/wp-content\/uploads\/2025\/03\/cf5e58c7-45d9-4f51-9ba7-60a61f4188bd.jpg?resize=350%2C200&ssl=1","width":350,"height":200,"srcset":"https:\/\/i0.wp.com\/artstella-elixirs-floraux.com\/wp-content\/uploads\/2025\/03\/cf5e58c7-45d9-4f51-9ba7-60a61f4188bd.jpg?resize=350%2C200&ssl=1 1x, https:\/\/i0.wp.com\/artstella-elixirs-floraux.com\/wp-content\/uploads\/2025\/03\/cf5e58c7-45d9-4f51-9ba7-60a61f4188bd.jpg?resize=525%2C300&ssl=1 1.5x, https:\/\/i0.wp.com\/artstella-elixirs-floraux.com\/wp-content\/uploads\/2025\/03\/cf5e58c7-45d9-4f51-9ba7-60a61f4188bd.jpg?resize=700%2C400&ssl=1 2x"},"classes":[]},{"id":3843,"url":"https:\/\/artstella-elixirs-floraux.com\/fr_fr\/produit\/delph-dauphin-15-ml-phi\/","url_meta":{"origin":3419,"position":3},"title":"DELPH Elixir des Dauphins PHI","author":"eveapprill","date":"9 mars 2025","format":false,"excerpt":"Delph (Tursiops truncatus) Delph est un \u00e9lixir \u00e0 part. Il a pu \u00eatre r\u00e9alis\u00e9 avec l\u2019aide des dauphins dans la mer. existe aussi en spray, en cr\u00e8me et en pendentif","rel":"","context":"Article similaire","block_context":{"text":"Article similaire","link":""},"img":{"alt_text":"","src":"","width":0,"height":0},"classes":[]},{"id":4655,"url":"https:\/\/artstella-elixirs-floraux.com\/fr_fr\/produit\/t1-delph-phi-2x15-ml\/","url_meta":{"origin":3419,"position":4},"title":"T1 + DELPH PHI 2&#215;15 ML","author":"eveapprill","date":"9 mars 2025","format":false,"excerpt":"T1 - \u00e9lixir anti-rayonnement Cet \u00e9lixir est diff\u00e9rent de tous les autres \u00e9lixirs connus. Au lieu d\u2019\u00e9mettre de l\u2019\u00e9nergie, il absorbe les \u00e9nergies exc\u00e9dentaires et r\u00e9\u00e9quilibre ainsi l\u2019organisme \u00e9nerg\u00e9tiquement.","rel":"","context":"Article similaire","block_context":{"text":"Article similaire","link":""},"img":{"alt_text":"T1 - \u00e9lixir anti-rayonnement","src":"https:\/\/i0.wp.com\/artstella-elixirs-floraux.com\/wp-content\/uploads\/2025\/03\/6dfb40f2-b7a1-42c7-82ee-2a04f237e22a.webp?resize=350%2C200&ssl=1","width":350,"height":200,"srcset":"https:\/\/i0.wp.com\/artstella-elixirs-floraux.com\/wp-content\/uploads\/2025\/03\/6dfb40f2-b7a1-42c7-82ee-2a04f237e22a.webp?resize=350%2C200&ssl=1 1x, https:\/\/i0.wp.com\/artstella-elixirs-floraux.com\/wp-content\/uploads\/2025\/03\/6dfb40f2-b7a1-42c7-82ee-2a04f237e22a.webp?resize=525%2C300&ssl=1 1.5x, https:\/\/i0.wp.com\/artstella-elixirs-floraux.com\/wp-content\/uploads\/2025\/03\/6dfb40f2-b7a1-42c7-82ee-2a04f237e22a.webp?resize=700%2C400&ssl=1 2x"},"classes":[]},{"id":3084,"url":"https:\/\/artstella-elixirs-floraux.com\/fr_fr\/produit\/t1-phi-15-ml\/","url_meta":{"origin":3419,"position":5},"title":"T1 PHI 15 ML","author":"eveapprill","date":"9 mars 2025","format":false,"excerpt":"T1 - \u00e9lixir anti-rayonnement Cet \u00e9lixir est diff\u00e9rent de tous les autres \u00e9lixirs connus. Au lieu d\u2019\u00e9mettre de l\u2019\u00e9nergie, il absorbe les \u00e9nergies exc\u00e9dentaires et r\u00e9\u00e9quilibre ainsi l\u2019organisme \u00e9nerg\u00e9tiquement.","rel":"","context":"Article similaire","block_context":{"text":"Article similaire","link":""},"img":{"alt_text":"","src":"","width":0,"height":0},"classes":[]}],"_links":{"self":[{"href":"https:\/\/artstella-elixirs-floraux.com\/fr_fr\/wp-json\/wp\/v2\/product\/3419","targetHints":{"allow":["GET"]}}],"collection":[{"href":"https:\/\/artstella-elixirs-floraux.com\/fr_fr\/wp-json\/wp\/v2\/product"}],"about":[{"href":"https:\/\/artstella-elixirs-floraux.com\/fr_fr\/wp-json\/wp\/v2\/types\/product"}],"version-history":[{"count":0,"href":"https:\/\/artstella-elixirs-floraux.com\/fr_fr\/wp-json\/wp\/v2\/product\/3419\/revisions"}],"wp:featuredmedia":[{"embeddable":true,"href":"https:\/\/artstella-elixirs-floraux.com\/fr_fr\/wp-json\/wp\/v2\/media\/9767"}],"wp:attachment":[{"href":"https:\/\/artstella-elixirs-floraux.com\/fr_fr\/wp-json\/wp\/v2\/media?parent=3419"}],"wp:term":[{"taxonomy":"product_brand","embeddable":true,"href":"https:\/\/artstella-elixirs-floraux.com\/fr_fr\/wp-json\/wp\/v2\/product_brand?post=3419"},{"taxonomy":"product_cat","embeddable":true,"href":"https:\/\/artstella-elixirs-floraux.com\/fr_fr\/wp-json\/wp\/v2\/product_cat?post=3419"},{"taxonomy":"product_tag","embeddable":true,"href":"https:\/\/artstella-elixirs-floraux.com\/fr_fr\/wp-json\/wp\/v2\/product_tag?post=3419"}],"curies":[{"name":"wp","href":"https:\/\/api.w.org\/{rel}","templated":true}]}}