{"id":3420,"date":"2025-03-09T13:11:15","date_gmt":"2025-03-09T13:11:15","guid":{"rendered":"https:\/\/artstella-elixirs-floraux.com\/product\/laccaire-amethyste-phi15-ml\/"},"modified":"2025-04-23T13:12:12","modified_gmt":"2025-04-23T13:12:12","slug":"laccaire-amethyste-phi15-ml","status":"publish","type":"product","link":"https:\/\/artstella-elixirs-floraux.com\/fr_fr\/produit\/laccaire-amethyste-phi15-ml\/","title":{"rendered":"LACCAIRE AMETHYSTE PHI15 ML"},"content":{"rendered":"","protected":false},"excerpt":{"rendered":"<p><span style=\"color: #008000\"><strong><em>Laccaire am\u00e9thyste (Laccaria amethystina) Amethystblauer Lacktrichterling<\/em><\/strong><\/span><\/p>\n<p><strong><em> <\/em><\/strong>Agit sur le troisi\u00e8me \u0153il, lib\u00e8re les processus internes de transformation. L&rsquo;\u00e9lixir favoriser la perc\u00e9e, afin d&rsquo;achever un processus. Les \u00ab\u00a0poisons\u00a0\u00bb \u00e9motionnels sont d&rsquo;abord remu\u00e9s puis d\u00e9sactiv\u00e9s<\/p>\n","protected":false},"featured_media":3421,"template":"","meta":[],"product_brand":[],"product_cat":[93],"product_tag":[],"class_list":{"0":"post-3420","1":"product","2":"type-product","3":"status-publish","4":"has-post-thumbnail","6":"product_cat-les-elixirs-de-champignons","8":"first","9":"instock","10":"taxable","11":"shipping-taxable","12":"purchasable","13":"product-type-simple"},"etheme_brands":{"errors":{"invalid_taxonomy":["Taxonomie non valide."]},"error_data":[]},"jetpack_sharing_enabled":true,"jetpack-related-posts":[{"id":2922,"url":"https:\/\/artstella-elixirs-floraux.com\/fr_fr\/produit\/amethyste-15-ml-phi\/","url_meta":{"origin":3420,"position":0},"title":"AMETHYSTE 15 ML PHI","author":"eveapprill","date":"9 mars 2025","format":false,"excerpt":"Am\u00e9thyste (Amethyst) Permet un meilleur acc\u00e8s au domaine du r\u00eave et de l'intuition. Il supprime les cons\u00e9quences du stress. Id\u00e9al pour accompagner la m\u00e9ditation.","rel":"","context":"Article similaire","block_context":{"text":"Article similaire","link":""},"img":{"alt_text":"","src":"https:\/\/i0.wp.com\/artstella-elixirs-floraux.com\/wp-content\/uploads\/2025\/03\/wp-image294.png?resize=350%2C200&ssl=1","width":350,"height":200},"classes":[]},{"id":5418,"url":"https:\/\/artstella-elixirs-floraux.com\/fr_fr\/produit\/clematite-bosrank-10ml\/","url_meta":{"origin":3420,"position":1},"title":"Cl\u00e9matite BOSRANK 10ML","author":"eveapprill","date":"9 mars 2025","format":false,"excerpt":"Cet \u00e9lixir a \u00e9t\u00e9 pr\u00e9par\u00e9 dans les montagnes entre la France et l\u2019Espagne. Cette cl\u00e9matite sert non seulement \u00e0 \u00eatre plus \u00e9veill\u00e9 mais apporte une compr\u00e9hension claire de nos actions.\u00a0","rel":"","context":"Article similaire","block_context":{"text":"Article similaire","link":""},"img":{"alt_text":"","src":"","width":0,"height":0},"classes":[]},{"id":5350,"url":"https:\/\/artstella-elixirs-floraux.com\/fr_fr\/produit\/fireweed-combo-alaskan\/","url_meta":{"origin":3420,"position":2},"title":"FIREWEED COMBO ALASKAN","author":"eveapprill","date":"9 mars 2025","format":false,"excerpt":"FIREWEED COMBO (Combi d\u2019\u00e9pilobes) (Gouttes uniquement) Accompagne les processus de transformation, de changement et de renouveau.\u00a0","rel":"","context":"Article similaire","block_context":{"text":"Article similaire","link":""},"img":{"alt_text":"combinaison d'elixirs","src":"https:\/\/i0.wp.com\/artstella-elixirs-floraux.com\/wp-content\/uploads\/2025\/03\/a08df189-167a-48b8-9489-c84019eaf64b.jpg?resize=350%2C200&ssl=1","width":350,"height":200,"srcset":"https:\/\/i0.wp.com\/artstella-elixirs-floraux.com\/wp-content\/uploads\/2025\/03\/a08df189-167a-48b8-9489-c84019eaf64b.jpg?resize=350%2C200&ssl=1 1x, https:\/\/i0.wp.com\/artstella-elixirs-floraux.com\/wp-content\/uploads\/2025\/03\/a08df189-167a-48b8-9489-c84019eaf64b.jpg?resize=525%2C300&ssl=1 1.5x, https:\/\/i0.wp.com\/artstella-elixirs-floraux.com\/wp-content\/uploads\/2025\/03\/a08df189-167a-48b8-9489-c84019eaf64b.jpg?resize=700%2C400&ssl=1 2x"},"classes":[]},{"id":4912,"url":"https:\/\/artstella-elixirs-floraux.com\/fr_fr\/produit\/dwarf-fireweed-alaskan-f-sup\/","url_meta":{"origin":3420,"position":3},"title":"DWARF FIREWEED ALASKAN F SUP","author":"eveapprill","date":"9 mars 2025","format":false,"excerpt":"DWARF FIREWEED Indications : attachement au mal ; faire les choses la dure ; d\u00e9bord\u00e9 pendant tout type de processus de gu\u00e9rison transformatrice.","rel":"","context":"Article similaire","block_context":{"text":"Article similaire","link":""},"img":{"alt_text":"","src":"https:\/\/i0.wp.com\/artstella-elixirs-floraux.com\/wp-content\/uploads\/2025\/03\/wp-image1383.png?resize=350%2C200&ssl=1","width":350,"height":200},"classes":[]},{"id":6357,"url":"https:\/\/artstella-elixirs-floraux.com\/fr_fr\/produit\/light-relief-ltoe-15ml\/","url_meta":{"origin":3420,"position":4},"title":"Light Relief LTOE 15ml","author":"eveapprill","date":"9 mars 2025","format":false,"excerpt":"Vous avez d\u00e9pass\u00e9 depuis longtemps le moment o\u00f9 vous auriez d\u00fb prendre du recul et vous permettre de vous reposer et de vous ressourcer. \u00ab\u00a0Light Relief\u00a0\u00bb \"d\u00e9branche\" le moteur que nous utilisons pour surmonter notre \u00e9puisement. On se retrouve alors presque imm\u00e9diatement dans le niveau de fatigue tel qu'il est\u2026","rel":"","context":"Article similaire","block_context":{"text":"Article similaire","link":""},"img":{"alt_text":"","src":"https:\/\/i0.wp.com\/artstella-elixirs-floraux.com\/wp-content\/uploads\/2025\/03\/wp-image2360.png?resize=350%2C200&ssl=1","width":350,"height":200,"srcset":"https:\/\/i0.wp.com\/artstella-elixirs-floraux.com\/wp-content\/uploads\/2025\/03\/wp-image2360.png?resize=350%2C200&ssl=1 1x, https:\/\/i0.wp.com\/artstella-elixirs-floraux.com\/wp-content\/uploads\/2025\/03\/wp-image2360.png?resize=525%2C300&ssl=1 1.5x, https:\/\/i0.wp.com\/artstella-elixirs-floraux.com\/wp-content\/uploads\/2025\/03\/wp-image2360.png?resize=700%2C400&ssl=1 2x, https:\/\/i0.wp.com\/artstella-elixirs-floraux.com\/wp-content\/uploads\/2025\/03\/wp-image2360.png?resize=1050%2C600&ssl=1 3x"},"classes":[]},{"id":6217,"url":"https:\/\/artstella-elixirs-floraux.com\/fr_fr\/produit\/elixir-ocean-n-29-phi-15ml\/","url_meta":{"origin":3420,"position":5},"title":"ELIXIR OCEAN N\u00b0 29 PHI 15ml","author":"eveapprill","date":"9 mars 2025","format":false,"excerpt":"ELIXIR OCEAN N\u00b0 29\u00a0 soutient les processus d\u2019assimilation. Il agit \u00e9nerg\u00e9tiquement sur la peau et sur l\u2019intestin, exer\u00e7ant une action de renforcement et de nettoyage. Soutient la structure et la lib\u00e9ration de l\u2019ancien. Active les processus de nettoyage et de r\u00e9g\u00e9n\u00e9ration.","rel":"","context":"Article similaire","block_context":{"text":"Article similaire","link":""},"img":{"alt_text":"","src":"","width":0,"height":0},"classes":[]}],"_links":{"self":[{"href":"https:\/\/artstella-elixirs-floraux.com\/fr_fr\/wp-json\/wp\/v2\/product\/3420","targetHints":{"allow":["GET"]}}],"collection":[{"href":"https:\/\/artstella-elixirs-floraux.com\/fr_fr\/wp-json\/wp\/v2\/product"}],"about":[{"href":"https:\/\/artstella-elixirs-floraux.com\/fr_fr\/wp-json\/wp\/v2\/types\/product"}],"version-history":[{"count":0,"href":"https:\/\/artstella-elixirs-floraux.com\/fr_fr\/wp-json\/wp\/v2\/product\/3420\/revisions"}],"wp:featuredmedia":[{"embeddable":true,"href":"https:\/\/artstella-elixirs-floraux.com\/fr_fr\/wp-json\/wp\/v2\/media\/3421"}],"wp:attachment":[{"href":"https:\/\/artstella-elixirs-floraux.com\/fr_fr\/wp-json\/wp\/v2\/media?parent=3420"}],"wp:term":[{"taxonomy":"product_brand","embeddable":true,"href":"https:\/\/artstella-elixirs-floraux.com\/fr_fr\/wp-json\/wp\/v2\/product_brand?post=3420"},{"taxonomy":"product_cat","embeddable":true,"href":"https:\/\/artstella-elixirs-floraux.com\/fr_fr\/wp-json\/wp\/v2\/product_cat?post=3420"},{"taxonomy":"product_tag","embeddable":true,"href":"https:\/\/artstella-elixirs-floraux.com\/fr_fr\/wp-json\/wp\/v2\/product_tag?post=3420"}],"curies":[{"name":"wp","href":"https:\/\/api.w.org\/{rel}","templated":true}]}}