{"id":3422,"date":"2025-03-09T13:11:16","date_gmt":"2025-03-09T13:11:16","guid":{"rendered":"https:\/\/artstella-elixirs-floraux.com\/product\/nonette-voilee-champ-15-ml-phi\/"},"modified":"2025-06-08T14:00:29","modified_gmt":"2025-06-08T14:00:29","slug":"nonette-voilee-champ-15-ml-phi","status":"publish","type":"product","link":"https:\/\/artstella-elixirs-floraux.com\/fr_fr\/produit\/nonette-voilee-champ-15-ml-phi\/","title":{"rendered":"NONETTE VOILEE CHAMP 15 ML PHI"},"content":{"rendered":"","protected":false},"excerpt":{"rendered":"<p><strong><em><span style=\"color: #008000\">Nonette voil\u00e9e (Suillus luteus) (Butterr\u00f6hrling<\/span>) <\/em><\/strong><\/p>\n<p>Favorise la prise de conscience des causes profondes des sentiments de culpabilit\u00e9 et de honte. Son action lib\u00e8re les blocages qui proviennent des sentiments n\u00e9gatifs.<\/p>\n","protected":false},"featured_media":3423,"template":"","meta":[],"product_brand":[],"product_cat":[93],"product_tag":[],"class_list":{"0":"post-3422","1":"product","2":"type-product","3":"status-publish","4":"has-post-thumbnail","6":"product_cat-les-elixirs-de-champignons","8":"first","9":"instock","10":"taxable","11":"shipping-taxable","12":"purchasable","13":"product-type-simple"},"etheme_brands":{"errors":{"invalid_taxonomy":["Taxonomie non valide."]},"error_data":[]},"jetpack_sharing_enabled":true,"jetpack-related-posts":[{"id":3855,"url":"https:\/\/artstella-elixirs-floraux.com\/fr_fr\/produit\/blennie-15-ml-phi\/","url_meta":{"origin":3422,"position":0},"title":"BLENNIE 15 ML PHI","author":"eveapprill","date":"9 mars 2025","format":false,"excerpt":"Blennie\u00a0(Blennius sanguinolentus) Schleimfish L\u2019\u00e9lixir aide \u00e0 l\u00e2cher les tensions qui proviennent de nos sentiments.","rel":"","context":"Article similaire","block_context":{"text":"Article similaire","link":""},"img":{"alt_text":"","src":"","width":0,"height":0},"classes":[]},{"id":2363,"url":"https:\/\/artstella-elixirs-floraux.com\/fr_fr\/produit\/yellow-dryas-alaskan\/","url_meta":{"origin":3422,"position":1},"title":"Yellow Dryas Alaskan","author":"eveapprill","date":"9 mars 2025","format":false,"excerpt":"Yellow Dryas. Dryas drummondii Se sent \u00e9tranger \u00e0 sa famille d'\u00e2me. Incapacit\u00e9 \u00e0 sentir le fil conducteur qui fait de nos exp\u00e9riences un tout coh\u00e9rent et compr\u00e9hensible.","rel":"","context":"Article similaire","block_context":{"text":"Article similaire","link":""},"img":{"alt_text":"wp-image604","src":"https:\/\/i0.wp.com\/artstella-elixirs-floraux.com\/wp-content\/uploads\/2025\/03\/wp-image604.png?resize=350%2C200&ssl=1","width":350,"height":200},"classes":[]},{"id":5574,"url":"https:\/\/artstella-elixirs-floraux.com\/fr_fr\/produit\/protector-inner-dog-wea30ml\/","url_meta":{"origin":3422,"position":2},"title":"PROTECTOR \u00ab\u00a0INNER DOG\u00a0\u00bb WEA30ML","author":"eveapprill","date":"9 mars 2025","format":false,"excerpt":"Protector (Protecteur) \/ S\u00e9curit\u00e9 Pour traverser la vie avec le sentiment d\u2019\u00eatre en s\u00e9curit\u00e9 et prot\u00e9g\u00e9. Pour savoir que nous sommes en s\u00e9curit\u00e9 o\u00f9 que nous allions. Conf\u00e8re un sentiment d\u2019invincibilit\u00e9 saine \u2013 sachant que rien ne peut nous faire du mal. Pour se sentir confiant et fort en faisant\u2026","rel":"","context":"Article similaire","block_context":{"text":"Article similaire","link":""},"img":{"alt_text":"","src":"https:\/\/i0.wp.com\/artstella-elixirs-floraux.com\/wp-content\/uploads\/2025\/03\/cdb8ca27-b10c-418b-9cf2-26625ea14d57.jpg?resize=350%2C200&ssl=1","width":350,"height":200,"srcset":"https:\/\/i0.wp.com\/artstella-elixirs-floraux.com\/wp-content\/uploads\/2025\/03\/cdb8ca27-b10c-418b-9cf2-26625ea14d57.jpg?resize=350%2C200&ssl=1 1x, https:\/\/i0.wp.com\/artstella-elixirs-floraux.com\/wp-content\/uploads\/2025\/03\/cdb8ca27-b10c-418b-9cf2-26625ea14d57.jpg?resize=525%2C300&ssl=1 1.5x, https:\/\/i0.wp.com\/artstella-elixirs-floraux.com\/wp-content\/uploads\/2025\/03\/cdb8ca27-b10c-418b-9cf2-26625ea14d57.jpg?resize=700%2C400&ssl=1 2x"},"classes":[]},{"id":6062,"url":"https:\/\/artstella-elixirs-floraux.com\/fr_fr\/produit\/elixir-ocean-n17-phi-15ml\/","url_meta":{"origin":3422,"position":3},"title":"ELIXIR OCEAN N\u00b017 PHI 15ML","author":"eveapprill","date":"9 mars 2025","format":false,"excerpt":"L\u2019\u00e9lixir agit sur les blocages tr\u00e8s profond\u00e9ment ancr\u00e9s dans le subconscient. Les sentiments tels la peur et la honte peuvent \u00eatre lib\u00e9r\u00e9s. Il aide \u00e0 d\u00e9velopper une clart\u00e9 int\u00e9rieure et am\u00e9liore l\u2019estime de soi.e.","rel":"","context":"Article similaire","block_context":{"text":"Article similaire","link":""},"img":{"alt_text":"","src":"","width":0,"height":0},"classes":[]},{"id":2725,"url":"https:\/\/artstella-elixirs-floraux.com\/fr_fr\/produit\/confid-confiance-bush-30ml\/","url_meta":{"origin":3422,"position":4},"title":"CONFID Confiance BUSH 30ml","author":"eveapprill","date":"9 mars 2025","format":false,"excerpt":"Confid -\u00a0Confiance Fait na\u00eetre les qualit\u00e9s positives que sont la confiance en soi et l'amour propre. Permet de se sentir \u00e0 l'aise et de combattre tous les complexes d'inf\u00e9riorit\u00e9 ainsi que tout sentiment de culpabilit\u00e9 concernant des actes pass\u00e9s.","rel":"","context":"Article similaire","block_context":{"text":"Article similaire","link":""},"img":{"alt_text":"","src":"https:\/\/i0.wp.com\/artstella-elixirs-floraux.com\/wp-content\/uploads\/2025\/03\/cc21bcd6-7999-45bb-9f36-13d8bcf95728.jpg?resize=350%2C200&ssl=1","width":350,"height":200,"srcset":"https:\/\/i0.wp.com\/artstella-elixirs-floraux.com\/wp-content\/uploads\/2025\/03\/cc21bcd6-7999-45bb-9f36-13d8bcf95728.jpg?resize=350%2C200&ssl=1 1x, https:\/\/i0.wp.com\/artstella-elixirs-floraux.com\/wp-content\/uploads\/2025\/03\/cc21bcd6-7999-45bb-9f36-13d8bcf95728.jpg?resize=525%2C300&ssl=1 1.5x, https:\/\/i0.wp.com\/artstella-elixirs-floraux.com\/wp-content\/uploads\/2025\/03\/cc21bcd6-7999-45bb-9f36-13d8bcf95728.jpg?resize=700%2C400&ssl=1 2x"},"classes":[]},{"id":5566,"url":"https:\/\/artstella-elixirs-floraux.com\/fr_fr\/produit\/ravenelle-sylfos-15-ml\/","url_meta":{"origin":3422,"position":5},"title":"RAVENELLE SYLFOS 15 ML","author":"eveapprill","date":"9 mars 2025","format":false,"excerpt":"RAVENELLE\u00a0 Raphanus raphanistrum RABANO \u00a0 \u00a0 Pour gu\u00e9rir les blessures dans la relation avec le p\u00e8re ou l\u2019image masculine.","rel":"","context":"Article similaire","block_context":{"text":"Article similaire","link":""},"img":{"alt_text":"","src":"","width":0,"height":0},"classes":[]}],"_links":{"self":[{"href":"https:\/\/artstella-elixirs-floraux.com\/fr_fr\/wp-json\/wp\/v2\/product\/3422","targetHints":{"allow":["GET"]}}],"collection":[{"href":"https:\/\/artstella-elixirs-floraux.com\/fr_fr\/wp-json\/wp\/v2\/product"}],"about":[{"href":"https:\/\/artstella-elixirs-floraux.com\/fr_fr\/wp-json\/wp\/v2\/types\/product"}],"version-history":[{"count":0,"href":"https:\/\/artstella-elixirs-floraux.com\/fr_fr\/wp-json\/wp\/v2\/product\/3422\/revisions"}],"wp:featuredmedia":[{"embeddable":true,"href":"https:\/\/artstella-elixirs-floraux.com\/fr_fr\/wp-json\/wp\/v2\/media\/3423"}],"wp:attachment":[{"href":"https:\/\/artstella-elixirs-floraux.com\/fr_fr\/wp-json\/wp\/v2\/media?parent=3422"}],"wp:term":[{"taxonomy":"product_brand","embeddable":true,"href":"https:\/\/artstella-elixirs-floraux.com\/fr_fr\/wp-json\/wp\/v2\/product_brand?post=3422"},{"taxonomy":"product_cat","embeddable":true,"href":"https:\/\/artstella-elixirs-floraux.com\/fr_fr\/wp-json\/wp\/v2\/product_cat?post=3422"},{"taxonomy":"product_tag","embeddable":true,"href":"https:\/\/artstella-elixirs-floraux.com\/fr_fr\/wp-json\/wp\/v2\/product_tag?post=3422"}],"curies":[{"name":"wp","href":"https:\/\/api.w.org\/{rel}","templated":true}]}}