{"id":3424,"date":"2025-03-09T13:11:17","date_gmt":"2025-03-09T13:11:17","guid":{"rendered":"https:\/\/artstella-elixirs-floraux.com\/product\/vesse-de-loup-15-ml-phi\/"},"modified":"2025-06-08T14:00:29","modified_gmt":"2025-06-08T14:00:29","slug":"vesse-de-loup-15-ml-phi","status":"publish","type":"product","link":"https:\/\/artstella-elixirs-floraux.com\/fr_fr\/produit\/vesse-de-loup-15-ml-phi\/","title":{"rendered":"VESSE DE LOUP 15 ML PHI"},"content":{"rendered":"","protected":false},"excerpt":{"rendered":"<p><span style=\"color: #008000\"><strong><em>Vesse de loup \u00e0 pierreries (Lycoperdon perlatum) (Flaschen-Sta\u00fcbling)<\/em><\/strong><\/span><\/p>\n<p><strong><em> <\/em><\/strong>L\u2019\u00e9lixir agit sur la fontanelle : ouverture du 7\u00e8me chakra. Il favorise une liaison avec les plans sup\u00e9rieurs et permet de rester calme et centr\u00e9 quoiqu&rsquo;il arrive. Relativisation des probl\u00e8mes, permet de rester calme et centr\u00e9<\/p>\n","protected":false},"featured_media":3425,"template":"","meta":[],"product_brand":[],"product_cat":[93],"product_tag":[],"class_list":{"0":"post-3424","1":"product","2":"type-product","3":"status-publish","4":"has-post-thumbnail","6":"product_cat-les-elixirs-de-champignons","8":"first","9":"instock","10":"taxable","11":"shipping-taxable","12":"purchasable","13":"product-type-simple"},"etheme_brands":{"errors":{"invalid_taxonomy":["Taxonomie non valide."]},"error_data":[]},"jetpack_sharing_enabled":true,"jetpack-related-posts":[{"id":6185,"url":"https:\/\/artstella-elixirs-floraux.com\/fr_fr\/produit\/celebration-15-ml-ltoe\/","url_meta":{"origin":3424,"position":0},"title":"CELEBRATION 15 ML LTOE","author":"eveapprill","date":"9 mars 2025","format":false,"excerpt":"Celestial siren - Sir\u00e8ne c\u00e9leste (Dendrobium lawesii) Favorable \u00e0 la m\u00e9ditation. Permet d\u2019atteindre une attitude int\u00e9rieure de calme et de silence. Les pens\u00e9es n\u00e9gatives sont souffl\u00e9es telles des bougies.\u00a0","rel":"","context":"Article similaire","block_context":{"text":"Article similaire","link":""},"img":{"alt_text":"","src":"https:\/\/i0.wp.com\/artstella-elixirs-floraux.com\/wp-content\/uploads\/2025\/03\/0597375b-4703-441c-a0c7-7bfc63b4e47c.jpg?resize=350%2C200&ssl=1","width":350,"height":200,"srcset":"https:\/\/i0.wp.com\/artstella-elixirs-floraux.com\/wp-content\/uploads\/2025\/03\/0597375b-4703-441c-a0c7-7bfc63b4e47c.jpg?resize=350%2C200&ssl=1 1x, https:\/\/i0.wp.com\/artstella-elixirs-floraux.com\/wp-content\/uploads\/2025\/03\/0597375b-4703-441c-a0c7-7bfc63b4e47c.jpg?resize=525%2C300&ssl=1 1.5x, https:\/\/i0.wp.com\/artstella-elixirs-floraux.com\/wp-content\/uploads\/2025\/03\/0597375b-4703-441c-a0c7-7bfc63b4e47c.jpg?resize=700%2C400&ssl=1 2x"},"classes":[]},{"id":3557,"url":"https:\/\/artstella-elixirs-floraux.com\/fr_fr\/produit\/9-celestial-siren-ltoe-15-ml\/","url_meta":{"origin":3424,"position":1},"title":"9. CELESTIAL SIREN LTOE 15 ML","author":"eveapprill","date":"9 mars 2025","format":false,"excerpt":"Celestial siren \/ Sir\u00e8ne c\u00e9leste (Dendrobium lawesii)Favorable \u00e0 la m\u00e9ditation. Permet d\u2019atteindre une attitude int\u00e9rieure de calme et de silence. Les pens\u00e9es n\u00e9gatives sont souffl\u00e9es telles des bougies.","rel":"","context":"Article similaire","block_context":{"text":"Article similaire","link":""},"img":{"alt_text":"","src":"https:\/\/i0.wp.com\/artstella-elixirs-floraux.com\/wp-content\/uploads\/2025\/03\/f89166a4-b22a-4ff5-9fa5-1b29deb20102.jpg?resize=350%2C200&ssl=1","width":350,"height":200,"srcset":"https:\/\/i0.wp.com\/artstella-elixirs-floraux.com\/wp-content\/uploads\/2025\/03\/f89166a4-b22a-4ff5-9fa5-1b29deb20102.jpg?resize=350%2C200&ssl=1 1x, https:\/\/i0.wp.com\/artstella-elixirs-floraux.com\/wp-content\/uploads\/2025\/03\/f89166a4-b22a-4ff5-9fa5-1b29deb20102.jpg?resize=525%2C300&ssl=1 1.5x, https:\/\/i0.wp.com\/artstella-elixirs-floraux.com\/wp-content\/uploads\/2025\/03\/f89166a4-b22a-4ff5-9fa5-1b29deb20102.jpg?resize=700%2C400&ssl=1 2x"},"classes":[]},{"id":3296,"url":"https:\/\/artstella-elixirs-floraux.com\/fr_fr\/produit\/petite-pervenche-15-ml-phi\/","url_meta":{"origin":3424,"position":2},"title":"PETITE PERVENCHE 15 ML PHI","author":"eveapprill","date":"9 mars 2025","format":false,"excerpt":"Petite pervenche (Vinca minor) (Immergr\u00fcn) Apaise et \u00e9quilibre. Permet de rester calme et centr\u00e9 et de garder ses distances dans les situations de stress.","rel":"","context":"Article similaire","block_context":{"text":"Article similaire","link":""},"img":{"alt_text":"","src":"https:\/\/i0.wp.com\/artstella-elixirs-floraux.com\/wp-content\/uploads\/2025\/03\/wp-image688.png?resize=350%2C200&ssl=1","width":350,"height":200},"classes":[]},{"id":5602,"url":"https:\/\/artstella-elixirs-floraux.com\/fr_fr\/produit\/trefle-rouge-15-ml-deva\/","url_meta":{"origin":3424,"position":3},"title":"Tr\u00e8fle rouge 15 ML Deva","author":"eveapprill","date":"9 mars 2025","format":false,"excerpt":"Tr\u00e8fle Rouge Lucidit\u00e9, tranquillit\u00e9. Pour rester calme et \u00abcentr\u00e9\u00bb face aux mouvements de masse ou face aux \u00e9tats de conscience collectifs d\u00e9stabilisants. Permet de conserver son \u00e9quilibre psychique.","rel":"","context":"Article similaire","block_context":{"text":"Article similaire","link":""},"img":{"alt_text":"","src":"https:\/\/i0.wp.com\/artstella-elixirs-floraux.com\/wp-content\/uploads\/2025\/03\/wp-image1803.png?resize=350%2C200&ssl=1","width":350,"height":200},"classes":[]},{"id":5584,"url":"https:\/\/artstella-elixirs-floraux.com\/fr_fr\/produit\/wolf-dog-hybrid-hybride-loup-chien-30ml\/","url_meta":{"origin":3424,"position":4},"title":"Wolf-dog Hybrid (Hybride loup-chien) 30ML","author":"eveapprill","date":"9 mars 2025","format":false,"excerpt":"Wolf-dog Hybrid (Hybride loup-chien) \/ sauvagerie saine Pour rester connect\u00e9 avec la nature dans la vie moderne. Apporte un \u00e9quilibre entre le sauvage et l\u2019apprivois\u00e9 en nous. Pour rester en contact avec son c\u00f4t\u00e9 sauvage mais sain. Pour se sentir une appartenance sociale avec sa \u00ab meute \u00bb et le\u2026","rel":"","context":"Article similaire","block_context":{"text":"Article similaire","link":""},"img":{"alt_text":"","src":"https:\/\/i0.wp.com\/artstella-elixirs-floraux.com\/wp-content\/uploads\/2025\/03\/e5130010-8c56-43f9-acf4-6dee43f9f3c1.jpg?resize=350%2C200&ssl=1","width":350,"height":200,"srcset":"https:\/\/i0.wp.com\/artstella-elixirs-floraux.com\/wp-content\/uploads\/2025\/03\/e5130010-8c56-43f9-acf4-6dee43f9f3c1.jpg?resize=350%2C200&ssl=1 1x, https:\/\/i0.wp.com\/artstella-elixirs-floraux.com\/wp-content\/uploads\/2025\/03\/e5130010-8c56-43f9-acf4-6dee43f9f3c1.jpg?resize=525%2C300&ssl=1 1.5x, https:\/\/i0.wp.com\/artstella-elixirs-floraux.com\/wp-content\/uploads\/2025\/03\/e5130010-8c56-43f9-acf4-6dee43f9f3c1.jpg?resize=700%2C400&ssl=1 2x"},"classes":[]},{"id":5700,"url":"https:\/\/artstella-elixirs-floraux.com\/fr_fr\/produit\/gueule-de-loup-15ml-deva\/","url_meta":{"origin":3424,"position":5},"title":"Gueule de Loup 15ml DEVA","author":"eveapprill","date":"9 mars 2025","format":false,"excerpt":"Gueule de Loup Expression de la parole vraie, l\u00e2cher-prise. Permet de se lib\u00e9rer des \u00e9motions r\u00e9prim\u00e9es et favorise le l\u00e2cher-prise \u00e0 travers l\u2019expression verbale.","rel":"","context":"Article similaire","block_context":{"text":"Article similaire","link":""},"img":{"alt_text":"","src":"https:\/\/i0.wp.com\/artstella-elixirs-floraux.com\/wp-content\/uploads\/2025\/03\/wp-image2407.png?resize=350%2C200&ssl=1","width":350,"height":200},"classes":[]}],"_links":{"self":[{"href":"https:\/\/artstella-elixirs-floraux.com\/fr_fr\/wp-json\/wp\/v2\/product\/3424","targetHints":{"allow":["GET"]}}],"collection":[{"href":"https:\/\/artstella-elixirs-floraux.com\/fr_fr\/wp-json\/wp\/v2\/product"}],"about":[{"href":"https:\/\/artstella-elixirs-floraux.com\/fr_fr\/wp-json\/wp\/v2\/types\/product"}],"version-history":[{"count":0,"href":"https:\/\/artstella-elixirs-floraux.com\/fr_fr\/wp-json\/wp\/v2\/product\/3424\/revisions"}],"wp:featuredmedia":[{"embeddable":true,"href":"https:\/\/artstella-elixirs-floraux.com\/fr_fr\/wp-json\/wp\/v2\/media\/3425"}],"wp:attachment":[{"href":"https:\/\/artstella-elixirs-floraux.com\/fr_fr\/wp-json\/wp\/v2\/media?parent=3424"}],"wp:term":[{"taxonomy":"product_brand","embeddable":true,"href":"https:\/\/artstella-elixirs-floraux.com\/fr_fr\/wp-json\/wp\/v2\/product_brand?post=3424"},{"taxonomy":"product_cat","embeddable":true,"href":"https:\/\/artstella-elixirs-floraux.com\/fr_fr\/wp-json\/wp\/v2\/product_cat?post=3424"},{"taxonomy":"product_tag","embeddable":true,"href":"https:\/\/artstella-elixirs-floraux.com\/fr_fr\/wp-json\/wp\/v2\/product_tag?post=3424"}],"curies":[{"name":"wp","href":"https:\/\/api.w.org\/{rel}","templated":true}]}}