{"id":3433,"date":"2025-03-09T13:11:24","date_gmt":"2025-03-09T13:11:24","guid":{"rendered":"https:\/\/artstella-elixirs-floraux.com\/product\/trompette-de-la-m-champ-15ml-phi\/"},"modified":"2025-04-23T12:46:13","modified_gmt":"2025-04-23T12:46:13","slug":"trompette-de-la-m-champ-15ml-phi","status":"publish","type":"product","link":"https:\/\/artstella-elixirs-floraux.com\/fr_fr\/produit\/trompette-de-la-m-champ-15ml-phi\/","title":{"rendered":"TROMPETTE DE LA M. CHAMP 15ML PHI"},"content":{"rendered":"<p><span style=\"color: #008000\"><strong><em>Trompette de la mort (Craterellus cornucopioides) Herbsttrompete \u00ab\u00a0La respiration d\u2019Had\u00e8s\u00a0\u00bb <\/em><\/strong><\/span><\/p>\n<p>L\u2019\u00e9lixir permet d&rsquo;int\u00e9grer les ombres, de se relier \u00e0 la terre et de se lib\u00e9rer des blocages. En reliant fortement \u00e0 la terre, il met en contact avec l&rsquo;aspect physique, profond, sombre. Les \u00e9nergies concentr\u00e9es uniquement sur le mat\u00e9riel sont \u00e9lev\u00e9es. La terre respire \u00e0 travers ces entonnoirs. C&rsquo;est par ce mouvement de respiration que nos blocages sont lib\u00e9r\u00e9s. Le 1er chakra (\u00e9nergie vitale) est stimul\u00e9.<\/p>\n","protected":false},"excerpt":{"rendered":"<p><strong><em><span style=\"color: #008000\">Trompette de la mort (Craterellus cornucopioides) Herbsttrompete \u00ab\u00a0La respiration d\u2019Had\u00e8s\u00a0\u00bb<\/span> <\/em><\/strong><\/p>\n<p>L\u2019\u00e9lixir permet d&rsquo;int\u00e9grer les ombres, de se relier \u00e0 la terre et de se lib\u00e9rer des blocages. En reliant fortement \u00e0 la terre, il met en contact avec l&rsquo;aspect physique, profond, sombre.<\/p>\n","protected":false},"featured_media":3434,"template":"","meta":[],"product_brand":[],"product_cat":[93],"product_tag":[],"class_list":{"0":"post-3433","1":"product","2":"type-product","3":"status-publish","4":"has-post-thumbnail","6":"product_cat-les-elixirs-de-champignons","8":"first","9":"instock","10":"taxable","11":"shipping-taxable","12":"purchasable","13":"product-type-simple"},"etheme_brands":{"errors":{"invalid_taxonomy":["Taxonomie non valide."]},"error_data":[]},"jetpack_sharing_enabled":true,"jetpack-related-posts":[{"id":5518,"url":"https:\/\/artstella-elixirs-floraux.com\/fr_fr\/produit\/orque\/","url_meta":{"origin":3433,"position":0},"title":"ORQUE","author":"eveapprill","date":"9 mars 2025","format":false,"excerpt":"ORQUE - Orca (Orcinus Orca) Cet \u00e9lixir a une forte action au niveau du chakra du c\u0153ur et nous relie \u00e0 la cinqui\u00e8me dimension. Il nous relie \u00e0 notre force int\u00e9rieure et nous permet de puiser dans notre potentiel de cr\u00e9ation, pour nous relier \u00e0 la lumi\u00e8re. Dans cette dimension,\u2026","rel":"","context":"Article similaire","block_context":{"text":"Article similaire","link":""},"img":{"alt_text":"","src":"https:\/\/i0.wp.com\/artstella-elixirs-floraux.com\/wp-content\/uploads\/2025\/03\/wp-image1754.png?resize=350%2C200&ssl=1","width":350,"height":200},"classes":[]},{"id":6056,"url":"https:\/\/artstella-elixirs-floraux.com\/fr_fr\/produit\/elixir-ocean-n14-phi-15ml\/","url_meta":{"origin":3433,"position":1},"title":"ELIXIR OCEAN N\u00b014 PHI 15ML","author":"eveapprill","date":"9 mars 2025","format":false,"excerpt":"L\u2019\u00e9lixir agit \u00e9nerg\u00e9tiquement pour lib\u00e9rer des blocages tr\u00e8s profond\u00e9ment ancr\u00e9s. Il nous lib\u00e8re int\u00e9rieurement des anciennes barri\u00e8res et sch\u00e9mas qui limitent l\u2019estime de soi. L\u2019\u00e9lixir agit fortement sur le cerveau, activant les h\u00e9misph\u00e8res c\u00e9r\u00e9braux et le lobe frontal.","rel":"","context":"Article similaire","block_context":{"text":"Article similaire","link":""},"img":{"alt_text":"","src":"https:\/\/i0.wp.com\/artstella-elixirs-floraux.com\/wp-content\/uploads\/2025\/03\/wp-image2052.png?resize=350%2C200&ssl=1","width":350,"height":200},"classes":[]},{"id":6101,"url":"https:\/\/artstella-elixirs-floraux.com\/fr_fr\/produit\/polypore-du-bouleau-phi\/","url_meta":{"origin":3433,"position":2},"title":"Polypore du Bouleau PHI","author":"eveapprill","date":"9 mars 2025","format":false,"excerpt":"Polypore du Bouleau - Pictoporus Betulinus(Birkenporling) Sur le plan \u00e9motionnel, cet \u00e9lixir aide \u00e0 int\u00e9grer notre ombre en nous reliant au subconscient. Des th\u00e9matiques comme la peur de la mort, de la finitude, de l\u2019impermanence qui touche tous les \u00eatres peuvent de ce fait \u00eatre mieux accept\u00e9es.","rel":"","context":"Article similaire","block_context":{"text":"Article similaire","link":""},"img":{"alt_text":"","src":"https:\/\/i0.wp.com\/artstella-elixirs-floraux.com\/wp-content\/uploads\/2025\/03\/wp-image2133.png?resize=350%2C200&ssl=1","width":350,"height":200},"classes":[]},{"id":3092,"url":"https:\/\/artstella-elixirs-floraux.com\/fr_fr\/produit\/teide-phi-15-ml\/","url_meta":{"origin":3433,"position":3},"title":"TEIDE PHI 15 ML","author":"eveapprill","date":"9 mars 2025","format":false,"excerpt":"\u00c9lixir du volcan Te\u00efde Cet \u00e9lixir environnemental a \u00e9t\u00e9 r\u00e9alis\u00e9 sur le volcan du Te\u00efde ( 3 718 m) qui domine l\u2019\u00eele de T\u00e9n\u00e9riffe aux Canaries. Son action\u00a0: l\u2019\u00e9lixir permet \u00e0 la conscience de descendre au plan cellulaire, jusqu\u2019aux plus petites structures.","rel":"","context":"Article similaire","block_context":{"text":"Article similaire","link":""},"img":{"alt_text":"","src":"","width":0,"height":0},"classes":[]},{"id":5974,"url":"https:\/\/artstella-elixirs-floraux.com\/fr_fr\/produit\/living-star-ligth-bloesem-10ml\/","url_meta":{"origin":3433,"position":4},"title":"LIVING STAR LIGTH BLOESEM 10ML","author":"eveapprill","date":"9 mars 2025","format":false,"excerpt":"LIVING STAR LIGHT Cet \u00e9lixir n\u2019est ni un compos\u00e9 ni une essence florale, mais une essence cosmique. Elle nous met en contact avec notre \u00eatre naturel terrien et avec les \u00e9toiles. Elle a \u00e9t\u00e9 pr\u00e9par\u00e9e \u00e0 partir d\u2019une \u00e9toile \u00e0 cinq branches, avec trois sur le plan horizontal, une autre\u2026","rel":"","context":"Article similaire","block_context":{"text":"Article similaire","link":""},"img":{"alt_text":"","src":"","width":0,"height":0},"classes":[]},{"id":4072,"url":"https:\/\/artstella-elixirs-floraux.com\/fr_fr\/produit\/toloache-15-ml-sylfos\/","url_meta":{"origin":3433,"position":5},"title":"TOLOACHE \/ TROMPETTE DU JUGEMENT DERNIER SYLFOS","author":"eveapprill","date":"9 mars 2025","format":false,"excerpt":"TOLOACHE Datura arborea Courage, foi. Aide \u00e0 surmonter la peur de la mort et la peur de l\u2019inconnu. Pour accepter le d\u00e9part d\u2019un \u00eatre cher avec compr\u00e9hension et compassion, en se lib\u00e9rant des attachements \u00e9motionnels...","rel":"","context":"Article similaire","block_context":{"text":"Article similaire","link":""},"img":{"alt_text":"","src":"","width":0,"height":0},"classes":[]}],"_links":{"self":[{"href":"https:\/\/artstella-elixirs-floraux.com\/fr_fr\/wp-json\/wp\/v2\/product\/3433","targetHints":{"allow":["GET"]}}],"collection":[{"href":"https:\/\/artstella-elixirs-floraux.com\/fr_fr\/wp-json\/wp\/v2\/product"}],"about":[{"href":"https:\/\/artstella-elixirs-floraux.com\/fr_fr\/wp-json\/wp\/v2\/types\/product"}],"version-history":[{"count":0,"href":"https:\/\/artstella-elixirs-floraux.com\/fr_fr\/wp-json\/wp\/v2\/product\/3433\/revisions"}],"wp:featuredmedia":[{"embeddable":true,"href":"https:\/\/artstella-elixirs-floraux.com\/fr_fr\/wp-json\/wp\/v2\/media\/3434"}],"wp:attachment":[{"href":"https:\/\/artstella-elixirs-floraux.com\/fr_fr\/wp-json\/wp\/v2\/media?parent=3433"}],"wp:term":[{"taxonomy":"product_brand","embeddable":true,"href":"https:\/\/artstella-elixirs-floraux.com\/fr_fr\/wp-json\/wp\/v2\/product_brand?post=3433"},{"taxonomy":"product_cat","embeddable":true,"href":"https:\/\/artstella-elixirs-floraux.com\/fr_fr\/wp-json\/wp\/v2\/product_cat?post=3433"},{"taxonomy":"product_tag","embeddable":true,"href":"https:\/\/artstella-elixirs-floraux.com\/fr_fr\/wp-json\/wp\/v2\/product_tag?post=3433"}],"curies":[{"name":"wp","href":"https:\/\/api.w.org\/{rel}","templated":true}]}}