{"id":3448,"date":"2025-03-09T13:11:35","date_gmt":"2025-03-09T13:11:35","guid":{"rendered":"https:\/\/artstella-elixirs-floraux.com\/product\/collybie-a-pied-vel-phi-15-ml\/"},"modified":"2025-04-23T12:46:09","modified_gmt":"2025-04-23T12:46:09","slug":"collybie-a-pied-vel-phi-15-ml","status":"publish","type":"product","link":"https:\/\/artstella-elixirs-floraux.com\/fr_fr\/produit\/collybie-a-pied-vel-phi-15-ml\/","title":{"rendered":"COLLYBIE A PIED VEL PHI 15 ML"},"content":{"rendered":"","protected":false},"excerpt":{"rendered":"<p><strong><em><span style=\"color: #008000\">Collybie \u00e0 pied velout\u00e9 (Flammulina velutipes) (Samtfusstr\u00fcbling)<\/span><br \/> <\/em><\/strong>L&rsquo;\u00e9lixir procure la l\u00e9g\u00e8ret\u00e9 et fra\u00eecheur pour de nouveaux sch\u00e9mas de pens\u00e9e. Il aide \u00e0 l\u00e2cher des sch\u00e9mas anciens en amenant un vent nouveau, vivifiant, p\u00e9tillant.<\/p>\n","protected":false},"featured_media":3449,"template":"","meta":[],"product_brand":[],"product_cat":[93],"product_tag":[],"class_list":{"0":"post-3448","1":"product","2":"type-product","3":"status-publish","4":"has-post-thumbnail","6":"product_cat-les-elixirs-de-champignons","8":"first","9":"instock","10":"taxable","11":"shipping-taxable","12":"purchasable","13":"product-type-simple"},"etheme_brands":{"errors":{"invalid_taxonomy":["Taxonomie non valide."]},"error_data":[]},"jetpack_sharing_enabled":true,"jetpack-related-posts":[{"id":3438,"url":"https:\/\/artstella-elixirs-floraux.com\/fr_fr\/produit\/collybie-confluente-phi-15-ml\/","url_meta":{"origin":3448,"position":0},"title":"COLLYBIE CONFLUENTE PHI 15 ML","author":"eveapprill","date":"9 mars 2025","format":false,"excerpt":"Collybie confluente (Collybia confluens) (Knopfstieliger R\u00fcbling) L'\u00e9lixir agit sur nos \u00ab\u00a0antennes de l'esprit\u00a0\u00bb, et \u00e9largit le rayon de nos perceptions. Nous devenons plus sensibles aux plans \u00e9nerg\u00e9tiques. Action sur les cheveux au niveau de l'information en tant qu'\u00a0\u00ab\u00a0antennes physiques\u00a0\u00bb.","rel":"","context":"Article similaire","block_context":{"text":"Article similaire","link":""},"img":{"alt_text":"","src":"https:\/\/i0.wp.com\/artstella-elixirs-floraux.com\/wp-content\/uploads\/2025\/03\/wp-image1682.png?resize=350%2C200&ssl=1","width":350,"height":200},"classes":[]},{"id":3647,"url":"https:\/\/artstella-elixirs-floraux.com\/fr_fr\/produit\/48-releasing-karmic-patterns-ltoe-15-ml\/","url_meta":{"origin":3448,"position":1},"title":"RELEASING KARMIC PATTERNS LTOE 15 ML","author":"eveapprill","date":"9 mars 2025","format":false,"excerpt":"Releasing Karmic Patterns\/ Lib\u00e9ration des sch\u00e9mas karmiques Lib\u00e8re les sch\u00e9mas karmiques, croyances rigides et id\u00e9es pr\u00e9con\u00e7ues, du 8e chakra, l\u00e0 o\u00f9 sont enregistr\u00e9s les abus pass\u00e9s du savoir et du pouvoir spirituels","rel":"","context":"Article similaire","block_context":{"text":"Article similaire","link":""},"img":{"alt_text":"","src":"https:\/\/i0.wp.com\/artstella-elixirs-floraux.com\/wp-content\/uploads\/2025\/03\/b3b9ee13-a2d2-42ad-8495-cd83129b6f34.jpg?resize=350%2C200&ssl=1","width":350,"height":200,"srcset":"https:\/\/i0.wp.com\/artstella-elixirs-floraux.com\/wp-content\/uploads\/2025\/03\/b3b9ee13-a2d2-42ad-8495-cd83129b6f34.jpg?resize=350%2C200&ssl=1 1x, https:\/\/i0.wp.com\/artstella-elixirs-floraux.com\/wp-content\/uploads\/2025\/03\/b3b9ee13-a2d2-42ad-8495-cd83129b6f34.jpg?resize=525%2C300&ssl=1 1.5x, https:\/\/i0.wp.com\/artstella-elixirs-floraux.com\/wp-content\/uploads\/2025\/03\/b3b9ee13-a2d2-42ad-8495-cd83129b6f34.jpg?resize=700%2C400&ssl=1 2x"},"classes":[]},{"id":6169,"url":"https:\/\/artstella-elixirs-floraux.com\/fr_fr\/produit\/artichaut-sylfos-15ml\/","url_meta":{"origin":3448,"position":2},"title":"Artichaut Sylfos 15ml","author":"eveapprill","date":"9 mars 2025","format":false,"excerpt":"ARTICHAUT Cynarascolynus\u00a0 Confiance Nous accompagne pour faire face aux peurs qui apparaissent quand nous sommes seuls avec nous-m\u00eames et\u00a0 dans l\u2019ins\u00e9curit\u00e9.","rel":"","context":"Article similaire","block_context":{"text":"Article similaire","link":""},"img":{"alt_text":"","src":"https:\/\/i0.wp.com\/artstella-elixirs-floraux.com\/wp-content\/uploads\/2025\/03\/wp-image2174.png?resize=350%2C200&ssl=1","width":350,"height":200,"srcset":"https:\/\/i0.wp.com\/artstella-elixirs-floraux.com\/wp-content\/uploads\/2025\/03\/wp-image2174.png?resize=350%2C200&ssl=1 1x, https:\/\/i0.wp.com\/artstella-elixirs-floraux.com\/wp-content\/uploads\/2025\/03\/wp-image2174.png?resize=525%2C300&ssl=1 1.5x, https:\/\/i0.wp.com\/artstella-elixirs-floraux.com\/wp-content\/uploads\/2025\/03\/wp-image2174.png?resize=700%2C400&ssl=1 2x"},"classes":[]},{"id":6060,"url":"https:\/\/artstella-elixirs-floraux.com\/fr_fr\/produit\/elixir-ocean-n16-phi-15ml\/","url_meta":{"origin":3448,"position":3},"title":"ELIXIR OCEAN N\u00b016 PHI 15ML","author":"eveapprill","date":"9 mars 2025","format":false,"excerpt":"L\u2019\u00e9lixir agit \u00e9nerg\u00e9tiquement en lib\u00e9rant des vieux sch\u00e9mas et sentiments. Les limitations int\u00e9rieures peuvent \u00eatre transform\u00e9es et les blocages dissouts. Cela contribue \u00e0 am\u00e9liorer la confiance en soi et il est alors plus ais\u00e9 d\u2019aborder les autres de fa\u00e7on plus cordiale et sans pr\u00e9jug\u00e9s.","rel":"","context":"Article similaire","block_context":{"text":"Article similaire","link":""},"img":{"alt_text":"","src":"https:\/\/i0.wp.com\/artstella-elixirs-floraux.com\/wp-content\/uploads\/2025\/03\/wp-image2054.png?resize=350%2C200&ssl=1","width":350,"height":200},"classes":[]},{"id":6300,"url":"https:\/\/artstella-elixirs-floraux.com\/fr_fr\/produit\/yucca-sylfos\/","url_meta":{"origin":3448,"position":4},"title":"YUCCA Sylfos","author":"eveapprill","date":"9 mars 2025","format":false,"excerpt":"YUCCA Yucca elata Personnalit\u00e9 - Action - Harmonie Pour ceux qui ne parviennent pas \u00e0 transformer leurs sch\u00e9mas comportementaux ; pour ceux qui ont peur des nouveaux d\u00e9fis ; pour les personnes en d\u00e9s\u00e9quilibre, d\u00e9prim\u00e9es, isol\u00e9s.","rel":"","context":"Article similaire","block_context":{"text":"Article similaire","link":""},"img":{"alt_text":"","src":"https:\/\/i0.wp.com\/artstella-elixirs-floraux.com\/wp-content\/uploads\/2025\/03\/wp-image2239.png?resize=350%2C200&ssl=1","width":350,"height":200},"classes":[]},{"id":6266,"url":"https:\/\/artstella-elixirs-floraux.com\/fr_fr\/produit\/arbol-de-josue-15-ml-sylfos\/","url_meta":{"origin":3448,"position":5},"title":"ARBOL DE JOSUE 15 ML SYLFOS","author":"eveapprill","date":"9 mars 2025","format":false,"excerpt":"Arbre de Josue Lib\u00e9ration des sch\u00e9mas h\u00e9rit\u00e9s - Karma g\u00e9n\u00e9rationnel Gu\u00e9rir son propre arbre g\u00e9n\u00e9rationnel, se lib\u00e9rer des sch\u00e9mas h\u00e9rit\u00e9s g\u00e9n\u00e9ration apr\u00e8s g\u00e9n\u00e9ration, sans renier ses origines. Permet d'int\u00e9grer l'h\u00e9ritage, la lign\u00e9e, sans \u00eatre esclave des traditions familiales.","rel":"","context":"Article similaire","block_context":{"text":"Article similaire","link":""},"img":{"alt_text":"","src":"https:\/\/i0.wp.com\/artstella-elixirs-floraux.com\/wp-content\/uploads\/2025\/03\/wp-image2223.png?resize=350%2C200&ssl=1","width":350,"height":200},"classes":[]}],"_links":{"self":[{"href":"https:\/\/artstella-elixirs-floraux.com\/fr_fr\/wp-json\/wp\/v2\/product\/3448","targetHints":{"allow":["GET"]}}],"collection":[{"href":"https:\/\/artstella-elixirs-floraux.com\/fr_fr\/wp-json\/wp\/v2\/product"}],"about":[{"href":"https:\/\/artstella-elixirs-floraux.com\/fr_fr\/wp-json\/wp\/v2\/types\/product"}],"version-history":[{"count":0,"href":"https:\/\/artstella-elixirs-floraux.com\/fr_fr\/wp-json\/wp\/v2\/product\/3448\/revisions"}],"wp:featuredmedia":[{"embeddable":true,"href":"https:\/\/artstella-elixirs-floraux.com\/fr_fr\/wp-json\/wp\/v2\/media\/3449"}],"wp:attachment":[{"href":"https:\/\/artstella-elixirs-floraux.com\/fr_fr\/wp-json\/wp\/v2\/media?parent=3448"}],"wp:term":[{"taxonomy":"product_brand","embeddable":true,"href":"https:\/\/artstella-elixirs-floraux.com\/fr_fr\/wp-json\/wp\/v2\/product_brand?post=3448"},{"taxonomy":"product_cat","embeddable":true,"href":"https:\/\/artstella-elixirs-floraux.com\/fr_fr\/wp-json\/wp\/v2\/product_cat?post=3448"},{"taxonomy":"product_tag","embeddable":true,"href":"https:\/\/artstella-elixirs-floraux.com\/fr_fr\/wp-json\/wp\/v2\/product_tag?post=3448"}],"curies":[{"name":"wp","href":"https:\/\/api.w.org\/{rel}","templated":true}]}}