{"id":3450,"date":"2025-03-09T13:11:36","date_gmt":"2025-03-09T13:11:36","guid":{"rendered":"https:\/\/artstella-elixirs-floraux.com\/product\/polypore-versicolore-15-ml-phi\/"},"modified":"2025-04-23T13:01:18","modified_gmt":"2025-04-23T13:01:18","slug":"polypore-versicolore-15-ml-phi","status":"publish","type":"product","link":"https:\/\/artstella-elixirs-floraux.com\/fr_fr\/produit\/polypore-versicolore-15-ml-phi\/","title":{"rendered":"POLYPORE VERSICOLORE 15 ML PHI"},"content":{"rendered":"","protected":false},"excerpt":{"rendered":"<p><strong><em><span style=\"color: #008000\">Polypore versicolore (Trametes versicolor) Schmetterlings-tramete.<\/span> <br \/> <\/em><\/strong>L&rsquo;\u00e9lixir am\u00e9liore la perception de nous-m\u00eames et nous aide ainsi dans des moments de grande crise et de changement. Renforce nos limites envers les \u00e9nergies \u00e9trang\u00e8res et notre protection des \u00e9nergies \u00ab parasites\u00a0\u00bb.<\/p>\n","protected":false},"featured_media":3451,"template":"","meta":[],"product_brand":[],"product_cat":[93],"product_tag":[],"class_list":{"0":"post-3450","1":"product","2":"type-product","3":"status-publish","4":"has-post-thumbnail","6":"product_cat-les-elixirs-de-champignons","8":"first","9":"instock","10":"taxable","11":"shipping-taxable","12":"purchasable","13":"product-type-variable"},"etheme_brands":{"errors":{"invalid_taxonomy":["Taxonomie non valide."]},"error_data":[]},"jetpack_sharing_enabled":true,"jetpack-related-posts":[{"id":3454,"url":"https:\/\/artstella-elixirs-floraux.com\/fr_fr\/produit\/polypore-versicolore-30-ml\/","url_meta":{"origin":3450,"position":0},"title":"POLYPORE VERSICOLORE 30 ML","author":"eveapprill","date":"27 mai 2025","format":false,"excerpt":"","rel":"","context":"Article similaire","block_context":{"text":"Article similaire","link":""},"img":{"alt_text":"","src":"https:\/\/i0.wp.com\/artstella-elixirs-floraux.com\/wp-content\/uploads\/2025\/03\/wp-image326.png?resize=350%2C200&ssl=1","width":350,"height":200},"classes":[]},{"id":6101,"url":"https:\/\/artstella-elixirs-floraux.com\/fr_fr\/produit\/polypore-du-bouleau-phi\/","url_meta":{"origin":3450,"position":1},"title":"Polypore du Bouleau PHI","author":"eveapprill","date":"9 mars 2025","format":false,"excerpt":"Polypore du Bouleau - Pictoporus Betulinus(Birkenporling) Sur le plan \u00e9motionnel, cet \u00e9lixir aide \u00e0 int\u00e9grer notre ombre en nous reliant au subconscient. Des th\u00e9matiques comme la peur de la mort, de la finitude, de l\u2019impermanence qui touche tous les \u00eatres peuvent de ce fait \u00eatre mieux accept\u00e9es.","rel":"","context":"Article similaire","block_context":{"text":"Article similaire","link":""},"img":{"alt_text":"","src":"https:\/\/i0.wp.com\/artstella-elixirs-floraux.com\/wp-content\/uploads\/2025\/03\/wp-image2133.png?resize=350%2C200&ssl=1","width":350,"height":200},"classes":[]},{"id":2215,"url":"https:\/\/artstella-elixirs-floraux.com\/fr_fr\/produit\/ladys-slipper-alaskan\/","url_meta":{"origin":3450,"position":2},"title":"Lady\u2019s slipper Alaskan","author":"eveapprill","date":"9 mars 2025","format":false,"excerpt":"Lady\u2019s slipper. Spiranthes romanzoffiana Manque de sensibilit\u00e9 au flux d'\u00e9nergie dans et autour du corps ; r\u00e9sistance \u00e0 recevoir l'\u00e9nergie gu\u00e9risseuse des autres","rel":"","context":"Article similaire","block_context":{"text":"Article similaire","link":""},"img":{"alt_text":"","src":"https:\/\/i0.wp.com\/artstella-elixirs-floraux.com\/wp-content\/uploads\/2025\/03\/wp-image563.png?resize=350%2C200&ssl=1","width":350,"height":200},"classes":[]},{"id":2315,"url":"https:\/\/artstella-elixirs-floraux.com\/fr_fr\/produit\/sweetgrass-alaskan\/","url_meta":{"origin":3450,"position":3},"title":"Sweetgrass Alaskan","author":"eveapprill","date":"9 mars 2025","format":false,"excerpt":"Sweetgrass. Hierochloe odorata Blocage de l'\u00e9nergie dans le corps \u00e9th\u00e9rique, faible circulation d'\u00e9nergie durant la journ\u00e9e, difficult\u00e9 \u00e0 aller au bout des processus,","rel":"","context":"Article similaire","block_context":{"text":"Article similaire","link":""},"img":{"alt_text":"","src":"https:\/\/i0.wp.com\/artstella-elixirs-floraux.com\/wp-content\/uploads\/2025\/03\/wp-image592.png?resize=350%2C200&ssl=1","width":350,"height":200},"classes":[]},{"id":5108,"url":"https:\/\/artstella-elixirs-floraux.com\/fr_fr\/produit\/tourmalated-quartz-30-ml-gem-sup\/","url_meta":{"origin":3450,"position":4},"title":"TOURMALATED QUARTZ 30 ML GEM SUP","author":"eveapprill","date":"9 avril 2025","format":false,"excerpt":"Tourmalated Quartz \u2013 Quartz tourmaline Indications\u00a0: flux d\u2019\u00e9nergie congestionn\u00e9 ou d\u00e9s\u00e9quilibr\u00e9 entre les chakras et les corps subtils\u00a0; \u00e9nergie toxique dans l\u2019aura\u00a0; manque de circulation dans les chakras inf\u00e9rieurs d\u2019\u00e9nergies spirituelles","rel":"","context":"Article similaire","block_context":{"text":"Article similaire","link":""},"img":{"alt_text":"","src":"https:\/\/i0.wp.com\/artstella-elixirs-floraux.com\/wp-content\/uploads\/2025\/03\/wp-image1420.png?resize=350%2C200&ssl=1","width":350,"height":200},"classes":[]},{"id":5081,"url":"https:\/\/artstella-elixirs-floraux.com\/fr_fr\/produit\/labradorite-7-5-ml-alas-gem-sup\/","url_meta":{"origin":3450,"position":5},"title":"LABRADORITE 7.5 ML ALAS GEM SUP","author":"eveapprill","date":"9 mars 2025","format":false,"excerpt":"Labradorite \u2013 Labradorite Indication : Qualit\u00e9s : morose, pens\u00e9es pessimistes\u00a0; faibles r\u00e9serves d\u2019\u00e9nergies\u00a0; fatigue du \u00e0 un rythme de vie ne tenant pas compte des besoins corporels\u00a0; mauvaise utilisation de l\u2019\u00e9nergie vitale.","rel":"","context":"Article similaire","block_context":{"text":"Article similaire","link":""},"img":{"alt_text":"","src":"https:\/\/i0.wp.com\/artstella-elixirs-floraux.com\/wp-content\/uploads\/2025\/03\/wp-image1411.png?resize=350%2C200&ssl=1","width":350,"height":200},"classes":[]}],"_links":{"self":[{"href":"https:\/\/artstella-elixirs-floraux.com\/fr_fr\/wp-json\/wp\/v2\/product\/3450","targetHints":{"allow":["GET"]}}],"collection":[{"href":"https:\/\/artstella-elixirs-floraux.com\/fr_fr\/wp-json\/wp\/v2\/product"}],"about":[{"href":"https:\/\/artstella-elixirs-floraux.com\/fr_fr\/wp-json\/wp\/v2\/types\/product"}],"version-history":[{"count":0,"href":"https:\/\/artstella-elixirs-floraux.com\/fr_fr\/wp-json\/wp\/v2\/product\/3450\/revisions"}],"wp:featuredmedia":[{"embeddable":true,"href":"https:\/\/artstella-elixirs-floraux.com\/fr_fr\/wp-json\/wp\/v2\/media\/3451"}],"wp:attachment":[{"href":"https:\/\/artstella-elixirs-floraux.com\/fr_fr\/wp-json\/wp\/v2\/media?parent=3450"}],"wp:term":[{"taxonomy":"product_brand","embeddable":true,"href":"https:\/\/artstella-elixirs-floraux.com\/fr_fr\/wp-json\/wp\/v2\/product_brand?post=3450"},{"taxonomy":"product_cat","embeddable":true,"href":"https:\/\/artstella-elixirs-floraux.com\/fr_fr\/wp-json\/wp\/v2\/product_cat?post=3450"},{"taxonomy":"product_tag","embeddable":true,"href":"https:\/\/artstella-elixirs-floraux.com\/fr_fr\/wp-json\/wp\/v2\/product_tag?post=3450"}],"curies":[{"name":"wp","href":"https:\/\/api.w.org\/{rel}","templated":true}]}}