{"id":3454,"date":"2025-05-27T16:08:57","date_gmt":"2025-05-27T16:08:57","guid":{"rendered":"https:\/\/artstella-elixirs-floraux.com\/?post_type=product&#038;p=3454"},"modified":"2025-06-08T12:47:43","modified_gmt":"2025-06-08T12:47:43","slug":"polypore-versicolore-30-ml","status":"publish","type":"product","link":"https:\/\/artstella-elixirs-floraux.com\/fr_fr\/produit\/polypore-versicolore-30-ml\/","title":{"rendered":"POLYPORE VERSICOLORE 30 ML"},"content":{"rendered":"","protected":false},"excerpt":{"rendered":"","protected":false},"featured_media":3455,"template":"","meta":[],"product_brand":[],"product_cat":[93],"product_tag":[],"class_list":{"0":"post-3454","1":"product","2":"type-product","3":"status-publish","4":"has-post-thumbnail","6":"product_cat-les-elixirs-de-champignons","8":"first","9":"instock","10":"taxable","11":"shipping-taxable","12":"purchasable","13":"product-type-simple"},"etheme_brands":{"errors":{"invalid_taxonomy":["Taxonomie non valide."]},"error_data":[]},"jetpack_sharing_enabled":true,"jetpack-related-posts":[{"id":3450,"url":"https:\/\/artstella-elixirs-floraux.com\/fr_fr\/produit\/polypore-versicolore-15-ml-phi\/","url_meta":{"origin":3454,"position":0},"title":"POLYPORE VERSICOLORE 15 ML PHI","author":"eveapprill","date":"9 mars 2025","format":false,"excerpt":"Polypore versicolore (Trametes versicolor) Schmetterlings-tramete. L'\u00e9lixir am\u00e9liore la perception de nous-m\u00eames et nous aide ainsi dans des moments de grande crise et de changement. Renforce nos limites envers les \u00e9nergies \u00e9trang\u00e8res et notre protection des \u00e9nergies \u00ab parasites\u00a0\u00bb.","rel":"","context":"Article similaire","block_context":{"text":"Article similaire","link":""},"img":{"alt_text":"","src":"https:\/\/i0.wp.com\/artstella-elixirs-floraux.com\/wp-content\/uploads\/2025\/03\/wp-image325.png?resize=350%2C200&ssl=1","width":350,"height":200},"classes":[]},{"id":6101,"url":"https:\/\/artstella-elixirs-floraux.com\/fr_fr\/produit\/polypore-du-bouleau-phi\/","url_meta":{"origin":3454,"position":1},"title":"Polypore du Bouleau PHI","author":"eveapprill","date":"9 mars 2025","format":false,"excerpt":"Polypore du Bouleau - Pictoporus Betulinus(Birkenporling) Sur le plan \u00e9motionnel, cet \u00e9lixir aide \u00e0 int\u00e9grer notre ombre en nous reliant au subconscient. Des th\u00e9matiques comme la peur de la mort, de la finitude, de l\u2019impermanence qui touche tous les \u00eatres peuvent de ce fait \u00eatre mieux accept\u00e9es.","rel":"","context":"Article similaire","block_context":{"text":"Article similaire","link":""},"img":{"alt_text":"","src":"https:\/\/i0.wp.com\/artstella-elixirs-floraux.com\/wp-content\/uploads\/2025\/03\/wp-image2133.png?resize=350%2C200&ssl=1","width":350,"height":200},"classes":[]},{"id":4155,"url":"https:\/\/artstella-elixirs-floraux.com\/fr_fr\/produit\/coffret-sylfos-30-ml\/","url_meta":{"origin":3454,"position":2},"title":"COFFRET SYLFOS 30 ML","author":"eveapprill","date":"9 mars 2025","format":false,"excerpt":"contient les 24 \u00e9lixirs floraux Andins en 30 ml","rel":"","context":"Article similaire","block_context":{"text":"Article similaire","link":""},"img":{"alt_text":"","src":"https:\/\/i0.wp.com\/artstella-elixirs-floraux.com\/wp-content\/uploads\/2025\/03\/wp-image1493.png?resize=350%2C200&ssl=1","width":350,"height":200},"classes":[]},{"id":4617,"url":"https:\/\/artstella-elixirs-floraux.com\/fr_fr\/produit\/coffret-48-gemmes-30-ml\/","url_meta":{"origin":3454,"position":3},"title":"COFFRET 48 GEMMES 30 ML","author":"eveapprill","date":"9 mars 2025","format":false,"excerpt":"COFFRET 48 GEMMES 30 ML","rel":"","context":"Article similaire","block_context":{"text":"Article similaire","link":""},"img":{"alt_text":"","src":"","width":0,"height":0},"classes":[]},{"id":4625,"url":"https:\/\/artstella-elixirs-floraux.com\/fr_fr\/produit\/coffret-72-fleurs-30-ml\/","url_meta":{"origin":3454,"position":4},"title":"COFFRET 72 FLEURS 30 ML","author":"eveapprill","date":"9 mars 2025","format":false,"excerpt":"COFFRET 72 FLEURS 30 ML","rel":"","context":"Article similaire","block_context":{"text":"Article similaire","link":""},"img":{"alt_text":"Les coffrets des \u00e9lixirs d'Alaska","src":"https:\/\/i0.wp.com\/artstella-elixirs-floraux.com\/wp-content\/uploads\/2025\/03\/wp-image1462.png?resize=350%2C200&ssl=1","width":350,"height":200},"classes":[]},{"id":4609,"url":"https:\/\/artstella-elixirs-floraux.com\/fr_fr\/produit\/coffret-12-combinaisons-30-ml-alaska\/","url_meta":{"origin":3454,"position":5},"title":"COFFRET 12 Combinaisons 30 ML ALASKA","author":"eveapprill","date":"9 mars 2025","format":false,"excerpt":"COFFRET 12 Combinaisons 30 ML ALASKA","rel":"","context":"Article similaire","block_context":{"text":"Article similaire","link":""},"img":{"alt_text":"","src":"","width":0,"height":0},"classes":[]}],"_links":{"self":[{"href":"https:\/\/artstella-elixirs-floraux.com\/fr_fr\/wp-json\/wp\/v2\/product\/3454","targetHints":{"allow":["GET"]}}],"collection":[{"href":"https:\/\/artstella-elixirs-floraux.com\/fr_fr\/wp-json\/wp\/v2\/product"}],"about":[{"href":"https:\/\/artstella-elixirs-floraux.com\/fr_fr\/wp-json\/wp\/v2\/types\/product"}],"version-history":[{"count":0,"href":"https:\/\/artstella-elixirs-floraux.com\/fr_fr\/wp-json\/wp\/v2\/product\/3454\/revisions"}],"wp:featuredmedia":[{"embeddable":true,"href":"https:\/\/artstella-elixirs-floraux.com\/fr_fr\/wp-json\/wp\/v2\/media\/3455"}],"wp:attachment":[{"href":"https:\/\/artstella-elixirs-floraux.com\/fr_fr\/wp-json\/wp\/v2\/media?parent=3454"}],"wp:term":[{"taxonomy":"product_brand","embeddable":true,"href":"https:\/\/artstella-elixirs-floraux.com\/fr_fr\/wp-json\/wp\/v2\/product_brand?post=3454"},{"taxonomy":"product_cat","embeddable":true,"href":"https:\/\/artstella-elixirs-floraux.com\/fr_fr\/wp-json\/wp\/v2\/product_cat?post=3454"},{"taxonomy":"product_tag","embeddable":true,"href":"https:\/\/artstella-elixirs-floraux.com\/fr_fr\/wp-json\/wp\/v2\/product_tag?post=3454"}],"curies":[{"name":"wp","href":"https:\/\/api.w.org\/{rel}","templated":true}]}}