{"id":3456,"date":"2025-03-09T13:11:41","date_gmt":"2025-03-09T13:11:41","guid":{"rendered":"https:\/\/artstella-elixirs-floraux.com\/product\/cepe-dete-15-ml-phi\/"},"modified":"2026-05-04T10:41:46","modified_gmt":"2026-05-04T10:41:46","slug":"cepe-dete-15-ml-phi","status":"publish","type":"product","link":"https:\/\/artstella-elixirs-floraux.com\/fr_fr\/produit\/cepe-dete-15-ml-phi\/","title":{"rendered":"CEPE D&rsquo;ETE 15 ML PHI"},"content":{"rendered":"","protected":false},"excerpt":{"rendered":"<p><strong><em><span style=\"color: #008000;\">C\u00e8pe d\u2019\u00e9t\u00e9 (Boletus aestivalis ou reticulatus) (Sommer-Steinpilz)<\/span><br \/>\n<\/em><\/strong>L&rsquo;\u00e9lixir relie \u00e0 la force de la terre, renforce par cet ancrage solide. Il apporte une protection \u00e9nerg\u00e9tique \u00e0 tout l&rsquo;organisme.<\/p>\n","protected":false},"featured_media":3457,"template":"","meta":[],"product_brand":[],"product_cat":[93],"product_tag":[],"class_list":{"0":"post-3456","1":"product","2":"type-product","3":"status-publish","4":"has-post-thumbnail","6":"product_cat-les-elixirs-de-champignons","8":"first","9":"instock","10":"taxable","11":"shipping-taxable","12":"purchasable","13":"product-type-variable"},"etheme_brands":{"errors":{"invalid_taxonomy":["Taxonomie non valide."]},"error_data":[]},"jetpack_sharing_enabled":true,"jetpack-related-posts":[{"id":2761,"url":"https:\/\/artstella-elixirs-floraux.com\/fr_fr\/produit\/devic-devique-bush-white-light\/","url_meta":{"origin":3456,"position":0},"title":"DEVIC (D\u00e9vique) BUSH WHITE LIGHT","author":"eveapprill","date":"9 mars 2025","format":false,"excerpt":"L\u2019\u00c9LIXIR D\u00c9VIQUE (DEVIC ESSENCE) a \u00e9t\u00e9 pr\u00e9par\u00e9 lors du solstice d\u2019\u00e9t\u00e9 dans le jardin de Chalice Well \u00e0 Glastonbury en Angleterre. Il aide \u00e0 \u00e9tablir des liens solides avec le royaume des Devas, tout en ramenant chacun \u00e0 un \u00e9tat de simplicit\u00e9 et de paix.","rel":"","context":"Article similaire","block_context":{"text":"Article similaire","link":""},"img":{"alt_text":"","src":"https:\/\/i0.wp.com\/artstella-elixirs-floraux.com\/wp-content\/uploads\/2025\/03\/4a34ab52-f1ec-4770-8e7f-32a80ebd477b.jpg?resize=350%2C200&ssl=1","width":350,"height":200,"srcset":"https:\/\/i0.wp.com\/artstella-elixirs-floraux.com\/wp-content\/uploads\/2025\/03\/4a34ab52-f1ec-4770-8e7f-32a80ebd477b.jpg?resize=350%2C200&ssl=1 1x, https:\/\/i0.wp.com\/artstella-elixirs-floraux.com\/wp-content\/uploads\/2025\/03\/4a34ab52-f1ec-4770-8e7f-32a80ebd477b.jpg?resize=525%2C300&ssl=1 1.5x, https:\/\/i0.wp.com\/artstella-elixirs-floraux.com\/wp-content\/uploads\/2025\/03\/4a34ab52-f1ec-4770-8e7f-32a80ebd477b.jpg?resize=700%2C400&ssl=1 2x"},"classes":[]},{"id":2751,"url":"https:\/\/artstella-elixirs-floraux.com\/fr_fr\/produit\/water-eau-bush-white-light\/","url_meta":{"origin":3456,"position":1},"title":"WATER (Eau) BUSH WHITE LIGHT","author":"eveapprill","date":"9 mars 2025","format":false,"excerpt":"L'\u00c9LIXIR EAU (WATER ESSENCE) a \u00e9t\u00e9 r\u00e9alis\u00e9 \u00e0 partir d\u2019un m\u00e9lange alchimique de deux \u00e9lixirs qui ont \u00e9t\u00e9 pr\u00e9par\u00e9s dans l\u2019h\u00e9misph\u00e8re Nord sur l\u2019\u00eele d\u2019Iona \u00e0 l\u2019ouest au large de l\u2019Ecosse, et dans l\u2019h\u00e9misph\u00e8re Sud sur l\u2019\u00eele Heron sur la grande barri\u00e8re de corail australienne. \u00a0","rel":"","context":"Article similaire","block_context":{"text":"Article similaire","link":""},"img":{"alt_text":"","src":"https:\/\/i0.wp.com\/artstella-elixirs-floraux.com\/wp-content\/uploads\/2025\/03\/b043b8f5-107e-4ab0-a70c-df54db5f2015.jpg?resize=350%2C200&ssl=1","width":350,"height":200,"srcset":"https:\/\/i0.wp.com\/artstella-elixirs-floraux.com\/wp-content\/uploads\/2025\/03\/b043b8f5-107e-4ab0-a70c-df54db5f2015.jpg?resize=350%2C200&ssl=1 1x, https:\/\/i0.wp.com\/artstella-elixirs-floraux.com\/wp-content\/uploads\/2025\/03\/b043b8f5-107e-4ab0-a70c-df54db5f2015.jpg?resize=525%2C300&ssl=1 1.5x, https:\/\/i0.wp.com\/artstella-elixirs-floraux.com\/wp-content\/uploads\/2025\/03\/b043b8f5-107e-4ab0-a70c-df54db5f2015.jpg?resize=700%2C400&ssl=1 2x"},"classes":[]},{"id":3090,"url":"https:\/\/artstella-elixirs-floraux.com\/fr_fr\/produit\/pyramide-guimar-15ml-phi\/","url_meta":{"origin":3456,"position":2},"title":"PYRAMIDE GUIMAR 15ML PHI","author":"eveapprill","date":"9 mars 2025","format":false,"excerpt":"Apporte un ancrage en douceur","rel":"","context":"Article similaire","block_context":{"text":"Article similaire","link":""},"img":{"alt_text":"","src":"","width":0,"height":0},"classes":[]},{"id":5007,"url":"https:\/\/artstella-elixirs-floraux.com\/fr_fr\/produit\/stinging-nettle-alaskan-f-sup\/","url_meta":{"origin":3456,"position":3},"title":"STINGING NETTLE ALASKAN F SUP","author":"eveapprill","date":"9 mars 2025","format":false,"excerpt":"Stinging Nettle Urtica gracilis Ortie Indications\u00a0: sur la d\u00e9fensive en raison de traumatismes non r\u00e9solus\u00a0; en col\u00e8re, contrari\u00e9\u00a0; d\u00e9connect\u00e9 quand il y a beaucoup \u00e0 faire.","rel":"","context":"Article similaire","block_context":{"text":"Article similaire","link":""},"img":{"alt_text":"","src":"","width":0,"height":0},"classes":[]},{"id":5418,"url":"https:\/\/artstella-elixirs-floraux.com\/fr_fr\/produit\/clematite-bosrank-10ml\/","url_meta":{"origin":3456,"position":4},"title":"Cl\u00e9matite BOSRANK 10ML","author":"eveapprill","date":"9 mars 2025","format":false,"excerpt":"Cet \u00e9lixir a \u00e9t\u00e9 pr\u00e9par\u00e9 dans les montagnes entre la France et l\u2019Espagne. Cette cl\u00e9matite sert non seulement \u00e0 \u00eatre plus \u00e9veill\u00e9 mais apporte une compr\u00e9hension claire de nos actions.\u00a0","rel":"","context":"Article similaire","block_context":{"text":"Article similaire","link":""},"img":{"alt_text":"","src":"","width":0,"height":0},"classes":[]},{"id":3092,"url":"https:\/\/artstella-elixirs-floraux.com\/fr_fr\/produit\/teide-phi-15-ml\/","url_meta":{"origin":3456,"position":5},"title":"TEIDE PHI 15 ML","author":"eveapprill","date":"9 mars 2025","format":false,"excerpt":"\u00c9lixir du volcan Te\u00efde Cet \u00e9lixir environnemental a \u00e9t\u00e9 r\u00e9alis\u00e9 sur le volcan du Te\u00efde ( 3 718 m) qui domine l\u2019\u00eele de T\u00e9n\u00e9riffe aux Canaries. Son action\u00a0: l\u2019\u00e9lixir permet \u00e0 la conscience de descendre au plan cellulaire, jusqu\u2019aux plus petites structures.","rel":"","context":"Article similaire","block_context":{"text":"Article similaire","link":""},"img":{"alt_text":"","src":"","width":0,"height":0},"classes":[]}],"_links":{"self":[{"href":"https:\/\/artstella-elixirs-floraux.com\/fr_fr\/wp-json\/wp\/v2\/product\/3456","targetHints":{"allow":["GET"]}}],"collection":[{"href":"https:\/\/artstella-elixirs-floraux.com\/fr_fr\/wp-json\/wp\/v2\/product"}],"about":[{"href":"https:\/\/artstella-elixirs-floraux.com\/fr_fr\/wp-json\/wp\/v2\/types\/product"}],"version-history":[{"count":1,"href":"https:\/\/artstella-elixirs-floraux.com\/fr_fr\/wp-json\/wp\/v2\/product\/3456\/revisions"}],"predecessor-version":[{"id":12518,"href":"https:\/\/artstella-elixirs-floraux.com\/fr_fr\/wp-json\/wp\/v2\/product\/3456\/revisions\/12518"}],"wp:featuredmedia":[{"embeddable":true,"href":"https:\/\/artstella-elixirs-floraux.com\/fr_fr\/wp-json\/wp\/v2\/media\/3457"}],"wp:attachment":[{"href":"https:\/\/artstella-elixirs-floraux.com\/fr_fr\/wp-json\/wp\/v2\/media?parent=3456"}],"wp:term":[{"taxonomy":"product_brand","embeddable":true,"href":"https:\/\/artstella-elixirs-floraux.com\/fr_fr\/wp-json\/wp\/v2\/product_brand?post=3456"},{"taxonomy":"product_cat","embeddable":true,"href":"https:\/\/artstella-elixirs-floraux.com\/fr_fr\/wp-json\/wp\/v2\/product_cat?post=3456"},{"taxonomy":"product_tag","embeddable":true,"href":"https:\/\/artstella-elixirs-floraux.com\/fr_fr\/wp-json\/wp\/v2\/product_tag?post=3456"}],"curies":[{"name":"wp","href":"https:\/\/api.w.org\/{rel}","templated":true}]}}