{"id":3459,"date":"2025-03-09T13:11:43","date_gmt":"2025-03-09T13:11:43","guid":{"rendered":"https:\/\/artstella-elixirs-floraux.com\/product\/lepiste-phi-15-ml-champ\/"},"modified":"2025-04-23T12:46:06","modified_gmt":"2025-04-23T12:46:06","slug":"lepiste-phi-15-ml-champ","status":"publish","type":"product","link":"https:\/\/artstella-elixirs-floraux.com\/fr_fr\/produit\/lepiste-phi-15-ml-champ\/","title":{"rendered":"LEPISTE PHI 15 ML CHAMP"},"content":{"rendered":"","protected":false},"excerpt":{"rendered":"<p><strong><em><span style=\"color: #008000\">L\u00e9piste \u00e0 odeur d\u2019iris (Lepista irina) (Veilchen R\u00f6telritterling)<\/span><br \/> <\/em><\/strong>L&rsquo;\u00e9lixir facilite l&rsquo;acc\u00e8s au troisi\u00e8me \u0153il (6\u00e8me chakra), am\u00e8ne la clart\u00e9 de l&rsquo;intuition, nettoie le flux d&rsquo;\u00e9nergie entre les chakras et les diff\u00e9rents plans d&rsquo;\u00e9nergie. Ancrage de l&rsquo;\u00e9nergie \u00e9quilibr\u00e9e au niveau cellulaire.<\/p>\n","protected":false},"featured_media":3460,"template":"","meta":[],"product_brand":[],"product_cat":[93],"product_tag":[],"class_list":{"0":"post-3459","1":"product","2":"type-product","3":"status-publish","4":"has-post-thumbnail","6":"product_cat-les-elixirs-de-champignons","8":"first","9":"instock","10":"taxable","11":"shipping-taxable","12":"purchasable","13":"product-type-simple"},"etheme_brands":{"errors":{"invalid_taxonomy":["Taxonomie non valide."]},"error_data":[]},"jetpack_sharing_enabled":true,"jetpack-related-posts":[{"id":5108,"url":"https:\/\/artstella-elixirs-floraux.com\/fr_fr\/produit\/tourmalated-quartz-30-ml-gem-sup\/","url_meta":{"origin":3459,"position":0},"title":"TOURMALATED QUARTZ 30 ML GEM SUP","author":"eveapprill","date":"9 avril 2025","format":false,"excerpt":"Tourmalated Quartz \u2013 Quartz tourmaline Indications\u00a0: flux d\u2019\u00e9nergie congestionn\u00e9 ou d\u00e9s\u00e9quilibr\u00e9 entre les chakras et les corps subtils\u00a0; \u00e9nergie toxique dans l\u2019aura\u00a0; manque de circulation dans les chakras inf\u00e9rieurs d\u2019\u00e9nergies spirituelles","rel":"","context":"Article similaire","block_context":{"text":"Article similaire","link":""},"img":{"alt_text":"","src":"https:\/\/i0.wp.com\/artstella-elixirs-floraux.com\/wp-content\/uploads\/2025\/03\/wp-image1420.png?resize=350%2C200&ssl=1","width":350,"height":200},"classes":[]},{"id":3685,"url":"https:\/\/artstella-elixirs-floraux.com\/fr_fr\/produit\/69-vital-core-ltoe-15ml\/","url_meta":{"origin":3459,"position":1},"title":"VITAL CORE LTOE 15ML","author":"eveapprill","date":"9 mars 2025","format":false,"excerpt":"Vital core \/ Centre vital Apporte une forte \u00e9nergie d\u2019enracinement et au 2\u00e8me chakra de m\u00eame qu\u2019au m\u00e9ridien de la v\u00e9sicule biliaire. Tout en ayant une action sur le chakra coronal, laryng\u00e9 et du c\u0153ur, celle-ci est principalement remarquable","rel":"","context":"Article similaire","block_context":{"text":"Article similaire","link":""},"img":{"alt_text":"","src":"https:\/\/i0.wp.com\/artstella-elixirs-floraux.com\/wp-content\/uploads\/2025\/03\/b7fd20da-5fb4-4b7c-83f1-7cba0c405f2b.jpg?resize=350%2C200&ssl=1","width":350,"height":200,"srcset":"https:\/\/i0.wp.com\/artstella-elixirs-floraux.com\/wp-content\/uploads\/2025\/03\/b7fd20da-5fb4-4b7c-83f1-7cba0c405f2b.jpg?resize=350%2C200&ssl=1 1x, https:\/\/i0.wp.com\/artstella-elixirs-floraux.com\/wp-content\/uploads\/2025\/03\/b7fd20da-5fb4-4b7c-83f1-7cba0c405f2b.jpg?resize=525%2C300&ssl=1 1.5x, https:\/\/i0.wp.com\/artstella-elixirs-floraux.com\/wp-content\/uploads\/2025\/03\/b7fd20da-5fb4-4b7c-83f1-7cba0c405f2b.jpg?resize=700%2C400&ssl=1 2x"},"classes":[]},{"id":5588,"url":"https:\/\/artstella-elixirs-floraux.com\/fr_fr\/produit\/pyramide-kephren-phi-15-ml\/","url_meta":{"origin":3459,"position":2},"title":"PYRAMIDE Kephren PHI 15 ML","author":"eveapprill","date":"9 mars 2025","format":false,"excerpt":"Pyramide de Kh\u00e9phren En partant du chakra du c\u0153ur, cette \u00e9nergie monte et communique avec le corps mental et les chakras sup\u00e9rieurs. L\u2019\u00e9lixir active \u00e9nergiquement le cerveau. Pour \u00e9quilibrer \u00e9nergiquement\u00a0 notre \u00e9volution.","rel":"","context":"Article similaire","block_context":{"text":"Article similaire","link":""},"img":{"alt_text":"","src":"https:\/\/i0.wp.com\/artstella-elixirs-floraux.com\/wp-content\/uploads\/2025\/03\/wp-image2169.png?resize=350%2C200&ssl=1","width":350,"height":200,"srcset":"https:\/\/i0.wp.com\/artstella-elixirs-floraux.com\/wp-content\/uploads\/2025\/03\/wp-image2169.png?resize=350%2C200&ssl=1 1x, https:\/\/i0.wp.com\/artstella-elixirs-floraux.com\/wp-content\/uploads\/2025\/03\/wp-image2169.png?resize=525%2C300&ssl=1 1.5x, https:\/\/i0.wp.com\/artstella-elixirs-floraux.com\/wp-content\/uploads\/2025\/03\/wp-image2169.png?resize=700%2C400&ssl=1 2x"},"classes":[]},{"id":5049,"url":"https:\/\/artstella-elixirs-floraux.com\/fr_fr\/produit\/black-tourmaline-master-q-7-5-ml\/","url_meta":{"origin":3459,"position":3},"title":"BLACK TOURMALINE MASTER Q 7.5 ML","author":"eveapprill","date":"9 mars 2025","format":false,"excerpt":"Black Tourmaline\/Master Quartz \u2013 Tourmaline noire \/quartz ma\u00eetre Indication flux d\u2019\u00e9nergie restreint dans certaines parties du corps\u00a0; haut niveau d\u2019\u00e9nergies toxiques dans les chakras\u00a0; incapacit\u00e9 \u00e0 int\u00e9grer l\u2019\u00e9nergie spirituelle avec la programmation de la survie.","rel":"","context":"Article similaire","block_context":{"text":"Article similaire","link":""},"img":{"alt_text":"","src":"https:\/\/i0.wp.com\/artstella-elixirs-floraux.com\/wp-content\/uploads\/2025\/03\/wp-image1400.png?resize=350%2C200&ssl=1","width":350,"height":200},"classes":[]},{"id":4942,"url":"https:\/\/artstella-elixirs-floraux.com\/fr_fr\/produit\/lavender-yarrow-alaskan-f-sup\/","url_meta":{"origin":3459,"position":4},"title":"LAVENDER YARROW ALASKAN F SUP","author":"eveapprill","date":"9 mars 2025","format":false,"excerpt":"Lavender Yarrow Achil\u00e9e bor\u00e9ale Donne force et protection aux chakras sup\u00e9rieurs ; Equilibre le flux d\u2019\u00e9nergie vers le c\u0153ur ; traite le d\u00e9p\u00e9rissement caus\u00e9 par une dissipation des forces cardiaques ou par un influx d\u2019\u00e9nergie chaotique \u00e0 travers le chakra coronal.","rel":"","context":"Article similaire","block_context":{"text":"Article similaire","link":""},"img":{"alt_text":"","src":"https:\/\/i0.wp.com\/artstella-elixirs-floraux.com\/wp-content\/uploads\/2025\/03\/wp-image1391.png?resize=350%2C200&ssl=1","width":350,"height":200},"classes":[]},{"id":5590,"url":"https:\/\/artstella-elixirs-floraux.com\/fr_fr\/produit\/pyramide-bosnie-phi-15ml\/","url_meta":{"origin":3459,"position":5},"title":"PYRAMIDE BOSNIE PHI 15ML","author":"eveapprill","date":"9 mars 2025","format":false,"excerpt":"Cet \u00e9lixir nous relie fortement \u00e0 la terre. Il apporte stabilit\u00e9 et force et par le septi\u00e8me chakra nous relie aux chakras sup\u00e9rieurs. Il s\u2019agit d\u2019\u00e9quilibrer le haut et le bas. Les \u00e9nergies corporelles sont stimul\u00e9es et peuvent circuler librement.\u00a0","rel":"","context":"Article similaire","block_context":{"text":"Article similaire","link":""},"img":{"alt_text":"","src":"","width":0,"height":0},"classes":[]}],"_links":{"self":[{"href":"https:\/\/artstella-elixirs-floraux.com\/fr_fr\/wp-json\/wp\/v2\/product\/3459","targetHints":{"allow":["GET"]}}],"collection":[{"href":"https:\/\/artstella-elixirs-floraux.com\/fr_fr\/wp-json\/wp\/v2\/product"}],"about":[{"href":"https:\/\/artstella-elixirs-floraux.com\/fr_fr\/wp-json\/wp\/v2\/types\/product"}],"version-history":[{"count":0,"href":"https:\/\/artstella-elixirs-floraux.com\/fr_fr\/wp-json\/wp\/v2\/product\/3459\/revisions"}],"wp:featuredmedia":[{"embeddable":true,"href":"https:\/\/artstella-elixirs-floraux.com\/fr_fr\/wp-json\/wp\/v2\/media\/3460"}],"wp:attachment":[{"href":"https:\/\/artstella-elixirs-floraux.com\/fr_fr\/wp-json\/wp\/v2\/media?parent=3459"}],"wp:term":[{"taxonomy":"product_brand","embeddable":true,"href":"https:\/\/artstella-elixirs-floraux.com\/fr_fr\/wp-json\/wp\/v2\/product_brand?post=3459"},{"taxonomy":"product_cat","embeddable":true,"href":"https:\/\/artstella-elixirs-floraux.com\/fr_fr\/wp-json\/wp\/v2\/product_cat?post=3459"},{"taxonomy":"product_tag","embeddable":true,"href":"https:\/\/artstella-elixirs-floraux.com\/fr_fr\/wp-json\/wp\/v2\/product_tag?post=3459"}],"curies":[{"name":"wp","href":"https:\/\/api.w.org\/{rel}","templated":true}]}}