{"id":3473,"date":"2025-03-09T13:11:54","date_gmt":"2025-03-09T13:11:54","guid":{"rendered":"https:\/\/artstella-elixirs-floraux.com\/product\/rossolis-filiforme-15-ml-phi\/"},"modified":"2025-06-17T16:48:59","modified_gmt":"2025-06-17T16:48:59","slug":"rossolis-filiforme-15-ml-phi","status":"publish","type":"product","link":"https:\/\/artstella-elixirs-floraux.com\/fr_fr\/produit\/rossolis-filiforme-15-ml-phi\/","title":{"rendered":"ROSSOLIS FILIFORME 15 ML PHI"},"content":{"rendered":"","protected":false},"excerpt":{"rendered":"<p><span style=\"color: #008000;\"><strong><em>Rossolis filiforme (Drosera filliformis) (Sonnentau) <\/em><\/strong><\/span><\/p>\n<p>Favorise une compr\u00e9hension profonde pour se lib\u00e9rer du karma. Il permet de prendre conscience de vieilles exp\u00e9riences dont nous pouvons nous lib\u00e9rer par l&rsquo;amour et la compr\u00e9hension. De cette mani\u00e8re, nous \u00e9levons notre vibration.<\/p>\n","protected":false},"featured_media":3474,"template":"","meta":[],"product_brand":[],"product_cat":[130],"product_tag":[],"class_list":{"0":"post-3473","1":"product","2":"type-product","3":"status-publish","4":"has-post-thumbnail","6":"product_cat-les-elixris-de-fleurs-carnivores","8":"first","9":"instock","10":"taxable","11":"shipping-taxable","12":"purchasable","13":"product-type-simple"},"etheme_brands":{"errors":{"invalid_taxonomy":["Taxonomie non valide."]},"error_data":[]},"jetpack_sharing_enabled":true,"jetpack-related-posts":[{"id":4072,"url":"https:\/\/artstella-elixirs-floraux.com\/fr_fr\/produit\/toloache-15-ml-sylfos\/","url_meta":{"origin":3473,"position":0},"title":"TOLOACHE \/ TROMPETTE DU JUGEMENT DERNIER SYLFOS","author":"eveapprill","date":"9 mars 2025","format":false,"excerpt":"TOLOACHE Datura arborea Courage, foi. Aide \u00e0 surmonter la peur de la mort et la peur de l\u2019inconnu. Pour accepter le d\u00e9part d\u2019un \u00eatre cher avec compr\u00e9hension et compassion, en se lib\u00e9rant des attachements \u00e9motionnels...","rel":"","context":"Article similaire","block_context":{"text":"Article similaire","link":""},"img":{"alt_text":"","src":"","width":0,"height":0},"classes":[]},{"id":3076,"url":"https:\/\/artstella-elixirs-floraux.com\/fr_fr\/produit\/saturne-planete-phi-15-ml\/","url_meta":{"origin":3473,"position":1},"title":"SATURNE PLANETE PHI 15 ML","author":"eveapprill","date":"9 mars 2025","format":false,"excerpt":"Saturne Exerce une action lib\u00e9ratrice et aide \u00e0 comprendre en profondeur la mani\u00e8re dont agit le Karma. Nous apprenons \u00e0 en devenir conscients et, par la compr\u00e9hension et l'amour, \u00e0 nous en lib\u00e9rer pour pouvoir vivre ici et maintenant consciemment.","rel":"","context":"Article similaire","block_context":{"text":"Article similaire","link":""},"img":{"alt_text":"","src":"","width":0,"height":0},"classes":[]},{"id":4005,"url":"https:\/\/artstella-elixirs-floraux.com\/fr_fr\/produit\/bougainvillee-sylfos-15-ml\/","url_meta":{"origin":3473,"position":2},"title":"BOUGAINVILLEA \/ BOUGAINVILLEE SYLFOS","author":"eveapprill","date":"9 mars 2025","format":false,"excerpt":"BOUGAINVILLEA Bougainvillea glabra Compr\u00e9hension et int\u00e9gration du pass\u00e9 ancestral, renaissance Pour prendre conscience et int\u00e9grer pleinement l\u2019h\u00e9ritage ancestral...","rel":"","context":"Article similaire","block_context":{"text":"Article similaire","link":""},"img":{"alt_text":"","src":"","width":0,"height":0},"classes":[]},{"id":3974,"url":"https:\/\/artstella-elixirs-floraux.com\/fr_fr\/produit\/phoque-a-e-15-ml-phi\/","url_meta":{"origin":3473,"position":3},"title":"PHOQUE A.E 15 ML PHI","author":"eveapprill","date":"9 mars 2025","format":false,"excerpt":"Phoque (Phoca vitulina) Seehund Am\u00e9liore la compr\u00e9hension pour le jeu.","rel":"","context":"Article similaire","block_context":{"text":"Article similaire","link":""},"img":{"alt_text":"","src":"","width":0,"height":0},"classes":[]},{"id":3074,"url":"https:\/\/artstella-elixirs-floraux.com\/fr_fr\/produit\/pluton-planete-phi-15-ml\/","url_meta":{"origin":3473,"position":4},"title":"PLUTON PLANETE PHI 15 ML","author":"eveapprill","date":"9 mars 2025","format":false,"excerpt":"Pluton Cet \u00e9lixir favorise la connaissance et l'int\u00e9gration de spiritualit\u00e9. Il permet une meilleure compr\u00e9hension de th\u00e8mes comme la vie et la mort. Il aide aussi les \u00eatres fortement attach\u00e9s \u00e0 la mati\u00e8re \u00e0 se lib\u00e9rer en douceur de ce lien.","rel":"","context":"Article similaire","block_context":{"text":"Article similaire","link":""},"img":{"alt_text":"","src":"https:\/\/i0.wp.com\/artstella-elixirs-floraux.com\/wp-content\/uploads\/2025\/03\/wp-image526.png?resize=350%2C200&ssl=1","width":350,"height":200},"classes":[]},{"id":5572,"url":"https:\/\/artstella-elixirs-floraux.com\/fr_fr\/produit\/viperine-sylfos-15-ml\/","url_meta":{"origin":3473,"position":5},"title":"VIPERINE SYLFOS 15 ML","author":"eveapprill","date":"9 mars 2025","format":false,"excerpt":"VIP\u00c9RINE \/ VIBORERA\u00a0 Purple Viper's Bugloss Echium bonariense \u00a0 \u00a0 Pour les personnes s\u00e9rieuses, s\u00e8ches et sans sens de l\u2019humour. Apporte relaxation et lib\u00e8re des tensions accumul\u00e9es\u00a0; all\u00e8ge le mental, les \u00e9motions,","rel":"","context":"Article similaire","block_context":{"text":"Article similaire","link":""},"img":{"alt_text":"","src":"","width":0,"height":0},"classes":[]}],"_links":{"self":[{"href":"https:\/\/artstella-elixirs-floraux.com\/fr_fr\/wp-json\/wp\/v2\/product\/3473","targetHints":{"allow":["GET"]}}],"collection":[{"href":"https:\/\/artstella-elixirs-floraux.com\/fr_fr\/wp-json\/wp\/v2\/product"}],"about":[{"href":"https:\/\/artstella-elixirs-floraux.com\/fr_fr\/wp-json\/wp\/v2\/types\/product"}],"version-history":[{"count":2,"href":"https:\/\/artstella-elixirs-floraux.com\/fr_fr\/wp-json\/wp\/v2\/product\/3473\/revisions"}],"predecessor-version":[{"id":10901,"href":"https:\/\/artstella-elixirs-floraux.com\/fr_fr\/wp-json\/wp\/v2\/product\/3473\/revisions\/10901"}],"wp:featuredmedia":[{"embeddable":true,"href":"https:\/\/artstella-elixirs-floraux.com\/fr_fr\/wp-json\/wp\/v2\/media\/3474"}],"wp:attachment":[{"href":"https:\/\/artstella-elixirs-floraux.com\/fr_fr\/wp-json\/wp\/v2\/media?parent=3473"}],"wp:term":[{"taxonomy":"product_brand","embeddable":true,"href":"https:\/\/artstella-elixirs-floraux.com\/fr_fr\/wp-json\/wp\/v2\/product_brand?post=3473"},{"taxonomy":"product_cat","embeddable":true,"href":"https:\/\/artstella-elixirs-floraux.com\/fr_fr\/wp-json\/wp\/v2\/product_cat?post=3473"},{"taxonomy":"product_tag","embeddable":true,"href":"https:\/\/artstella-elixirs-floraux.com\/fr_fr\/wp-json\/wp\/v2\/product_tag?post=3473"}],"curies":[{"name":"wp","href":"https:\/\/api.w.org\/{rel}","templated":true}]}}