{"id":3479,"date":"2025-03-09T13:11:59","date_gmt":"2025-03-09T13:11:59","guid":{"rendered":"https:\/\/artstella-elixirs-floraux.com\/product\/being-present-ltoe-15-ml\/"},"modified":"2026-05-06T17:44:04","modified_gmt":"2026-05-06T17:44:04","slug":"being-present-ltoe-15-ml","status":"publish","type":"product","link":"https:\/\/artstella-elixirs-floraux.com\/fr_fr\/produit\/being-present-ltoe-15-ml\/","title":{"rendered":"BEING PRESENT LTOE 15 ML"},"content":{"rendered":"","protected":false},"excerpt":{"rendered":"<h5><span style=\"color: #008000;\"><strong>Pr\u00e9sence attentive\/Being Present<\/strong><\/span><\/h5>\n<p>Compos\u00e9 de Pieds sur terre et de Harmonisation horaire, ce complexe aide \u00e0 \u00eatre totalement pr\u00e9sent l\u00e0 o\u00f9 on se trouve. Tr\u00e8s b\u00e9n\u00e9fique apr\u00e8s un long voyage, il invite toutes les parties du corps et de l\u2019esprit \u00e0 arriver \u00e0 destination. De plus, il apporte courage pour faire face \u00e0 des situations th\u00e9rapeutiques ou \u00e0 des conversations difficiles.<\/p>\n","protected":false},"featured_media":7663,"template":"","meta":[],"product_brand":[],"product_cat":[131],"product_tag":[],"class_list":{"0":"post-3479","1":"product","2":"type-product","3":"status-publish","4":"has-post-thumbnail","6":"product_cat-les-composes","8":"first","9":"instock","10":"taxable","11":"shipping-taxable","12":"purchasable","13":"product-type-simple"},"etheme_brands":{"errors":{"invalid_taxonomy":["Taxonomie non valide."]},"error_data":[]},"jetpack_sharing_enabled":true,"jetpack-related-posts":[{"id":3701,"url":"https:\/\/artstella-elixirs-floraux.com\/fr_fr\/produit\/being-present-blue-spray\/","url_meta":{"origin":3479,"position":0},"title":"BEING PRESENT BLUE SPRAY","author":"eveapprill","date":"9 mars 2025","format":false,"excerpt":"Being Present (Etre Pr\u00e9sent) Permet de se r\u00e9harmoniser apr\u00e8s un long voyage en avion (pour un effet accru utiliser \u00e9galement Being Present ou Being in time en gouttes) \u00ab\u00a0bleu\u00bb avec des huiles essentielles de Bois de Santal, Rose bulgare et lavande","rel":"","context":"Article similaire","block_context":{"text":"Article similaire","link":""},"img":{"alt_text":"","src":"","width":0,"height":0},"classes":[]},{"id":3548,"url":"https:\/\/artstella-elixirs-floraux.com\/fr_fr\/produit\/6-being-in-time-ltoe-15-ml\/","url_meta":{"origin":3479,"position":1},"title":"BEING IN TIME LTOE 15 ML","author":"eveapprill","date":"9 mars 2025","format":false,"excerpt":"Harmonisation horaire\/Being in Time (Phragmipedium Ainsworthii) Cet \u00e9lixir ram\u00e8ne le corps dans les 3 dimensions du moment pr\u00e9sent. Il s\u2019av\u00e8re \u00eatre un excellent outil th\u00e9rapeutique, invitant la personne \u00e0 prendre contact avec la partie inf\u00e9rieure de son corps et \u00e0 y habiter","rel":"","context":"Article similaire","block_context":{"text":"Article similaire","link":""},"img":{"alt_text":"","src":"https:\/\/i0.wp.com\/artstella-elixirs-floraux.com\/wp-content\/uploads\/2025\/03\/1a7b9608-2c6d-4c38-8343-d074457b4e40.jpg?resize=350%2C200&ssl=1","width":350,"height":200,"srcset":"https:\/\/i0.wp.com\/artstella-elixirs-floraux.com\/wp-content\/uploads\/2025\/03\/1a7b9608-2c6d-4c38-8343-d074457b4e40.jpg?resize=350%2C200&ssl=1 1x, https:\/\/i0.wp.com\/artstella-elixirs-floraux.com\/wp-content\/uploads\/2025\/03\/1a7b9608-2c6d-4c38-8343-d074457b4e40.jpg?resize=525%2C300&ssl=1 1.5x, https:\/\/i0.wp.com\/artstella-elixirs-floraux.com\/wp-content\/uploads\/2025\/03\/1a7b9608-2c6d-4c38-8343-d074457b4e40.jpg?resize=700%2C400&ssl=1 2x"},"classes":[]},{"id":3545,"url":"https:\/\/artstella-elixirs-floraux.com\/fr_fr\/produit\/5-being-in-grace-ltoe-15-ml\/","url_meta":{"origin":3479,"position":2},"title":"BEING IN GRACE LTOE 15 ML","author":"eveapprill","date":"9 mars 2025","format":false,"excerpt":"\u00c9tat de gr\u00e2ce \/ Being in Grace (Ascocenda Princes Mikasa) Cet \u00e9lixir fut cr\u00e9\u00e9 \u00e0 partir d\u2019une Vanda \u00e0 grosses fleurs d\u2019un violet vif. La couleur de la fleur est centrale au processus de gu\u00e9rison.","rel":"","context":"Article similaire","block_context":{"text":"Article similaire","link":""},"img":{"alt_text":"","src":"https:\/\/i0.wp.com\/artstella-elixirs-floraux.com\/wp-content\/uploads\/2025\/03\/839c7804-29a0-4445-a10a-679a65288c04.jpg?resize=350%2C200&ssl=1","width":350,"height":200,"srcset":"https:\/\/i0.wp.com\/artstella-elixirs-floraux.com\/wp-content\/uploads\/2025\/03\/839c7804-29a0-4445-a10a-679a65288c04.jpg?resize=350%2C200&ssl=1 1x, https:\/\/i0.wp.com\/artstella-elixirs-floraux.com\/wp-content\/uploads\/2025\/03\/839c7804-29a0-4445-a10a-679a65288c04.jpg?resize=525%2C300&ssl=1 1.5x, https:\/\/i0.wp.com\/artstella-elixirs-floraux.com\/wp-content\/uploads\/2025\/03\/839c7804-29a0-4445-a10a-679a65288c04.jpg?resize=700%2C400&ssl=1 2x"},"classes":[]},{"id":3566,"url":"https:\/\/artstella-elixirs-floraux.com\/fr_fr\/produit\/12-core-of-being-ltoe-15-ml\/","url_meta":{"origin":3479,"position":3},"title":"CORE OF BEING LTOE 15 ML","author":"eveapprill","date":"9 mars 2025","format":false,"excerpt":"Tr\u00e9fonds de l\u2019\u00eatre\/Core of Being (Nanodes medusae\u00a0\u00a0 (\u00c9quateur) Voici un \u00e9lixir tr\u00e8s efficace pour se r\u00e9aligner sur son axe spirituel. Il p\u00e9n\u00e8tre le corps causal (lumi\u00e8re blanche spirituelle).","rel":"","context":"Article similaire","block_context":{"text":"Article similaire","link":""},"img":{"alt_text":"","src":"https:\/\/i0.wp.com\/artstella-elixirs-floraux.com\/wp-content\/uploads\/2025\/03\/68ad64f9-1ba6-47fd-af78-70df93f47b98.jpg?resize=350%2C200&ssl=1","width":350,"height":200,"srcset":"https:\/\/i0.wp.com\/artstella-elixirs-floraux.com\/wp-content\/uploads\/2025\/03\/68ad64f9-1ba6-47fd-af78-70df93f47b98.jpg?resize=350%2C200&ssl=1 1x, https:\/\/i0.wp.com\/artstella-elixirs-floraux.com\/wp-content\/uploads\/2025\/03\/68ad64f9-1ba6-47fd-af78-70df93f47b98.jpg?resize=525%2C300&ssl=1 1.5x, https:\/\/i0.wp.com\/artstella-elixirs-floraux.com\/wp-content\/uploads\/2025\/03\/68ad64f9-1ba6-47fd-af78-70df93f47b98.jpg?resize=700%2C400&ssl=1 2x"},"classes":[]},{"id":2359,"url":"https:\/\/artstella-elixirs-floraux.com\/fr_fr\/produit\/yarrow-alaskan\/","url_meta":{"origin":3479,"position":4},"title":"Yarrow Alaskan","author":"eveapprill","date":"9 mars 2025","format":false,"excerpt":"Yarrow. Achillea borealis. Achill\u00e9e Hypersensibilit\u00e9 \u00e0 l'environnement ; recherche la protection \u00e0 l'ext\u00e9rieur, int\u00e9grit\u00e9 de l'aura atteinte par un accident ou un traumatisme pass\u00e9 ou pr\u00e9sent.","rel":"","context":"Article similaire","block_context":{"text":"Article similaire","link":""},"img":{"alt_text":"","src":"https:\/\/i0.wp.com\/artstella-elixirs-floraux.com\/wp-content\/uploads\/2025\/03\/wp-image603.png?resize=350%2C200&ssl=1","width":350,"height":200},"classes":[]},{"id":4908,"url":"https:\/\/artstella-elixirs-floraux.com\/fr_fr\/produit\/devils-club-alaskan-f-sup\/","url_meta":{"origin":3479,"position":5},"title":"DEVIL&rsquo;S CLUB ALASKAN F SUP","author":"eveapprill","date":"9 mars 2025","format":false,"excerpt":"DEVIL'S CLUB Indications : pauvres limites \u00e9nergiques ; conflits territoriaux ; se sentir comme il n'y a pas assez de place pour \u00eatre pleinement pr\u00e9sent ; d\u00e9finition de son espace personnel est une lutte constante.","rel":"","context":"Article similaire","block_context":{"text":"Article similaire","link":""},"img":{"alt_text":"","src":"https:\/\/i0.wp.com\/artstella-elixirs-floraux.com\/wp-content\/uploads\/2025\/03\/wp-image1382.png?resize=350%2C200&ssl=1","width":350,"height":200},"classes":[]}],"_links":{"self":[{"href":"https:\/\/artstella-elixirs-floraux.com\/fr_fr\/wp-json\/wp\/v2\/product\/3479","targetHints":{"allow":["GET"]}}],"collection":[{"href":"https:\/\/artstella-elixirs-floraux.com\/fr_fr\/wp-json\/wp\/v2\/product"}],"about":[{"href":"https:\/\/artstella-elixirs-floraux.com\/fr_fr\/wp-json\/wp\/v2\/types\/product"}],"version-history":[{"count":1,"href":"https:\/\/artstella-elixirs-floraux.com\/fr_fr\/wp-json\/wp\/v2\/product\/3479\/revisions"}],"predecessor-version":[{"id":12679,"href":"https:\/\/artstella-elixirs-floraux.com\/fr_fr\/wp-json\/wp\/v2\/product\/3479\/revisions\/12679"}],"wp:featuredmedia":[{"embeddable":true,"href":"https:\/\/artstella-elixirs-floraux.com\/fr_fr\/wp-json\/wp\/v2\/media\/7663"}],"wp:attachment":[{"href":"https:\/\/artstella-elixirs-floraux.com\/fr_fr\/wp-json\/wp\/v2\/media?parent=3479"}],"wp:term":[{"taxonomy":"product_brand","embeddable":true,"href":"https:\/\/artstella-elixirs-floraux.com\/fr_fr\/wp-json\/wp\/v2\/product_brand?post=3479"},{"taxonomy":"product_cat","embeddable":true,"href":"https:\/\/artstella-elixirs-floraux.com\/fr_fr\/wp-json\/wp\/v2\/product_cat?post=3479"},{"taxonomy":"product_tag","embeddable":true,"href":"https:\/\/artstella-elixirs-floraux.com\/fr_fr\/wp-json\/wp\/v2\/product_tag?post=3479"}],"curies":[{"name":"wp","href":"https:\/\/api.w.org\/{rel}","templated":true}]}}