{"id":3493,"date":"2025-03-09T13:12:08","date_gmt":"2025-03-09T13:12:08","guid":{"rendered":"https:\/\/artstella-elixirs-floraux.com\/product\/energy-matrix-protec-15ml-ltoe\/"},"modified":"2026-05-06T17:37:31","modified_gmt":"2026-05-06T17:37:31","slug":"energy-matrix-protec-15ml-ltoe","status":"publish","type":"product","link":"https:\/\/artstella-elixirs-floraux.com\/fr_fr\/produit\/energy-matrix-protec-15ml-ltoe\/","title":{"rendered":"ENERGY MATRIX PROTECTION 15ML LTOE"},"content":{"rendered":"","protected":false},"excerpt":{"rendered":"<p><strong><em>Energy matrix Protection <\/em><\/strong><em>(Core release, Ligth of my eye, Moon Child, Narnia sphagnum moss, un peu de sel et Wisdom of compassion)<\/em> Cr\u00e9e un champ de protection sain au niveau de la matrice du corps jusqu\u2019au niveau cellulaire. Notamment recommand\u00e9 \u00e0 ceux qui utilisent beaucoup l\u2019ordinateur ou les t\u00e9l\u00e9phones portables.<\/p>\n","protected":false},"featured_media":7654,"template":"","meta":[],"product_brand":[],"product_cat":[131],"product_tag":[],"class_list":{"0":"post-3493","1":"product","2":"type-product","3":"status-publish","4":"has-post-thumbnail","6":"product_cat-les-composes","8":"first","9":"instock","10":"taxable","11":"shipping-taxable","12":"purchasable","13":"product-type-simple"},"etheme_brands":{"errors":{"invalid_taxonomy":["Taxonomie non valide."]},"error_data":[]},"jetpack_sharing_enabled":true,"jetpack-related-posts":[{"id":5331,"url":"https:\/\/artstella-elixirs-floraux.com\/fr_fr\/produit\/energy-matrix-protection\/","url_meta":{"origin":3493,"position":0},"title":"ENERGY MATRIX PROTECTION SPRAY","author":"eveapprill","date":"9 mars 2025","format":false,"excerpt":"Energy Matrix Protection (Matrice de Protection) Combinaison cr\u00e9\u00e9e en r\u00e9ponse \u00e0 la situation pr\u00e9occupante du Japon en 2011, apr\u00e8s le tremblement de terre et le tsunami. Notre but avec ce spray est de cr\u00e9er un champ de protection \u00e9nerg\u00e9tique sain du corps jusqu\u2019 au niveau cellulaire. Tr\u00e8s utile \u00e0 ceux\u2026","rel":"","context":"Article similaire","block_context":{"text":"Article similaire","link":""},"img":{"alt_text":"","src":"","width":0,"height":0},"classes":[]},{"id":3766,"url":"https:\/\/artstella-elixirs-floraux.com\/fr_fr\/produit\/angel-of-protection-orch-phiphi\/","url_meta":{"origin":3493,"position":1},"title":"ANGEL OF PROTECTION ORCH PHI","author":"eveapprill","date":"9 mars 2025","format":false,"excerpt":"Angel of protection orchid (Miltonia phalaenopsis) Pour les \u00eatres fins et sensibles, expos\u00e9s aux hostilit\u00e9s d'un environnement difficile et qui ont besoin de mani\u00e8re urgente d'un \u00e9cran protecteur. L'\u00e9lixir am\u00e9liore la communication avec nos anges gardiens.","rel":"","context":"Article similaire","block_context":{"text":"Article similaire","link":""},"img":{"alt_text":"","src":"https:\/\/i0.wp.com\/artstella-elixirs-floraux.com\/wp-content\/uploads\/2025\/03\/wp-image502.png?resize=350%2C200&ssl=1","width":350,"height":200},"classes":[]},{"id":5482,"url":"https:\/\/artstella-elixirs-floraux.com\/fr_fr\/produit\/protection-bescherming-30ml-bloesem-remedies\/","url_meta":{"origin":3493,"position":2},"title":"PROTECTION (Bescherming)Bloesem Remedies","author":"eveapprill","date":"9 mars 2025","format":false,"excerpt":"Protection\u00a0 Bloesem Remedies 30ml (Bescherming) (Achill\u00e9e, Ch\u00e9lidoine, Rue, Sensitive) am\u00e9liore la protection \u00e9motionnelle et spirituelle. Permet de rester centr\u00e9 dans la tension","rel":"","context":"Article similaire","block_context":{"text":"Article similaire","link":""},"img":{"alt_text":"","src":"","width":0,"height":0},"classes":[]},{"id":4084,"url":"https:\/\/artstella-elixirs-floraux.com\/fr_fr\/produit\/protection-15-ml-sylfos\/","url_meta":{"origin":3493,"position":3},"title":"PROTECTION 15 ML SYLFOS","author":"eveapprill","date":"9 mars 2025","format":false,"excerpt":"Cet \u00e9lixir cr\u00e9e un manteau protecteur au niveau physique et psychique tout en nettoyant le champ \u00e9nerg\u00e9tique. Il favorise l\u2019ancrage et la sensation de stabilit\u00e9. Il peut \u00eatre port\u00e9 dans la poche ou sous l\u2019oreiller la nuit.","rel":"","context":"Article similaire","block_context":{"text":"Article similaire","link":""},"img":{"alt_text":"","src":"https:\/\/i0.wp.com\/artstella-elixirs-floraux.com\/wp-content\/uploads\/2025\/03\/c979bbc8-e117-4621-96ea-cf965f840245.jpg?resize=350%2C200&ssl=1","width":350,"height":200,"srcset":"https:\/\/i0.wp.com\/artstella-elixirs-floraux.com\/wp-content\/uploads\/2025\/03\/c979bbc8-e117-4621-96ea-cf965f840245.jpg?resize=350%2C200&ssl=1 1x, https:\/\/i0.wp.com\/artstella-elixirs-floraux.com\/wp-content\/uploads\/2025\/03\/c979bbc8-e117-4621-96ea-cf965f840245.jpg?resize=525%2C300&ssl=1 1.5x, https:\/\/i0.wp.com\/artstella-elixirs-floraux.com\/wp-content\/uploads\/2025\/03\/c979bbc8-e117-4621-96ea-cf965f840245.jpg?resize=700%2C400&ssl=1 2x"},"classes":[]},{"id":6050,"url":"https:\/\/artstella-elixirs-floraux.com\/fr_fr\/produit\/elixir-ocean-n11-phi-15ml\/","url_meta":{"origin":3493,"position":4},"title":"ELIXIR OCEAN N\u00b011 PHI 15ML","author":"eveapprill","date":"9 mars 2025","format":false,"excerpt":"L\u2019\u00e9lixir soutient les processus m\u00e9taboliques et l\u2019\u00e9limination. Psychosomatique de l\u2019intestin. Nous rassure \u00e9nerg\u00e9tiquement au niveau de nos \u00e9motions. Nous comprenons mieux les \u00e9v\u00e9nements et les \u00e9motions et pouvons ainsi mieux les appr\u00e9hender. Soutien et protection \u00e9nerg\u00e9tique de l\u2019organisme.","rel":"","context":"Article similaire","block_context":{"text":"Article similaire","link":""},"img":{"alt_text":"","src":"https:\/\/i0.wp.com\/artstella-elixirs-floraux.com\/wp-content\/uploads\/2025\/03\/wp-image2049.png?resize=350%2C200&ssl=1","width":350,"height":200},"classes":[]},{"id":4099,"url":"https:\/\/artstella-elixirs-floraux.com\/fr_fr\/produit\/lama-el-chamaniques-15ml\/","url_meta":{"origin":3493,"position":5},"title":"LAMA EL CHAMANIQUES 15ML","author":"eveapprill","date":"9 mars 2025","format":false,"excerpt":"LAMA Protection \u2013 Renforce le c\u00f4t\u00e9 f\u00e9minin \u2013 R\u00e9confort de l\u2019inconscient. Elixir de protection permettant d\u2019affronter et de nettoyer les \u00e9nergies n\u00e9gatives qui nous entourent.","rel":"","context":"Article similaire","block_context":{"text":"Article similaire","link":""},"img":{"alt_text":"","src":"","width":0,"height":0},"classes":[]}],"_links":{"self":[{"href":"https:\/\/artstella-elixirs-floraux.com\/fr_fr\/wp-json\/wp\/v2\/product\/3493","targetHints":{"allow":["GET"]}}],"collection":[{"href":"https:\/\/artstella-elixirs-floraux.com\/fr_fr\/wp-json\/wp\/v2\/product"}],"about":[{"href":"https:\/\/artstella-elixirs-floraux.com\/fr_fr\/wp-json\/wp\/v2\/types\/product"}],"version-history":[{"count":1,"href":"https:\/\/artstella-elixirs-floraux.com\/fr_fr\/wp-json\/wp\/v2\/product\/3493\/revisions"}],"predecessor-version":[{"id":12672,"href":"https:\/\/artstella-elixirs-floraux.com\/fr_fr\/wp-json\/wp\/v2\/product\/3493\/revisions\/12672"}],"wp:featuredmedia":[{"embeddable":true,"href":"https:\/\/artstella-elixirs-floraux.com\/fr_fr\/wp-json\/wp\/v2\/media\/7654"}],"wp:attachment":[{"href":"https:\/\/artstella-elixirs-floraux.com\/fr_fr\/wp-json\/wp\/v2\/media?parent=3493"}],"wp:term":[{"taxonomy":"product_brand","embeddable":true,"href":"https:\/\/artstella-elixirs-floraux.com\/fr_fr\/wp-json\/wp\/v2\/product_brand?post=3493"},{"taxonomy":"product_cat","embeddable":true,"href":"https:\/\/artstella-elixirs-floraux.com\/fr_fr\/wp-json\/wp\/v2\/product_cat?post=3493"},{"taxonomy":"product_tag","embeddable":true,"href":"https:\/\/artstella-elixirs-floraux.com\/fr_fr\/wp-json\/wp\/v2\/product_tag?post=3493"}],"curies":[{"name":"wp","href":"https:\/\/api.w.org\/{rel}","templated":true}]}}