{"id":3499,"date":"2025-03-09T13:12:12","date_gmt":"2025-03-09T13:12:12","guid":{"rendered":"https:\/\/artstella-elixirs-floraux.com\/product\/happy-relief-ltoe-15-ml\/"},"modified":"2026-05-06T17:34:29","modified_gmt":"2026-05-06T17:34:29","slug":"happy-relief-ltoe-15-ml","status":"publish","type":"product","link":"https:\/\/artstella-elixirs-floraux.com\/fr_fr\/produit\/happy-relief-ltoe-15-ml\/","title":{"rendered":"HAPPY RELIEF LTOE 15 ML"},"content":{"rendered":"<h5><strong><span style=\"color: #008000;\"><em>\u00a0Heureux soulagement <\/em>\/Happy Relief<\/span><\/strong><\/h5>\n<p>Ce complexe apporte du bonheur et une \u00e9nergie vitale \u00e0 la fois douce et dynamique. Il est surprenant\u00a0 \u00e0 quel point ce complexe rend heureux, tout en soulageant la d\u00e9tresse et les tensions mentales et \u00e9motionnelles. Il est donc tout indiqu\u00e9 pour faire face aux p\u00e9riodes difficiles. Il agit sur le point baihui* au sommet du cr\u00e2ne, \u00e0 deux doigts du chakra coronal, qui s\u2019ouvre et donne \u00e0 la t\u00eate une sensation de remonter.<\/p>\n<p>* Le point baihai, appel\u00e9 \u00ab\u00a0place of 1000 gatherings\u00a0\u00bb en m\u00e9decine chinoise, gouverne les principaux m\u00e9ridiens en acupuncture.<\/p>\n","protected":false},"excerpt":{"rendered":"<h5><span style=\"color: #008000;\"><strong><em>\u00a0Heureux soulagement <\/em>\/Happy Relief<\/strong><\/span><\/h5>\n<p>Ce complexe apporte du bonheur et une \u00e9nergie vitale \u00e0 la fois douce et dynamique. Il est surprenant\u00a0 \u00e0 quel point ce complexe rend heureux, tout en soulageant la d\u00e9tresse et les tensions mentales et \u00e9motionnelles.<\/p>\n","protected":false},"featured_media":7657,"template":"","meta":[],"product_brand":[],"product_cat":[131],"product_tag":[],"class_list":{"0":"post-3499","1":"product","2":"type-product","3":"status-publish","4":"has-post-thumbnail","6":"product_cat-les-composes","8":"first","9":"instock","10":"taxable","11":"shipping-taxable","12":"purchasable","13":"product-type-simple"},"etheme_brands":{"errors":{"invalid_taxonomy":["Taxonomie non valide."]},"error_data":[]},"jetpack_sharing_enabled":true,"jetpack-related-posts":[{"id":3477,"url":"https:\/\/artstella-elixirs-floraux.com\/fr_fr\/produit\/serenite-active-ltoe-15-ml\/","url_meta":{"origin":3499,"position":0},"title":"Active Serenity LTOE 15 ml","author":"eveapprill","date":"9 mars 2025","format":false,"excerpt":"S\u00e9r\u00e9nit\u00e9 active\/Active Serenity Un excellent rem\u00e8de contre la fatigue et la d\u00e9tresse, ce complexe agit essentiellement sur les centres du corps mental.","rel":"","context":"Article similaire","block_context":{"text":"Article similaire","link":""},"img":{"alt_text":"S\u00e9r\u00e9nit\u00e9 active LTOE 15 ml","src":"https:\/\/i0.wp.com\/artstella-elixirs-floraux.com\/wp-content\/uploads\/2025\/03\/2606d8f5-f8c1-469c-9783-404409240b50.jpg?resize=350%2C200&ssl=1","width":350,"height":200,"srcset":"https:\/\/i0.wp.com\/artstella-elixirs-floraux.com\/wp-content\/uploads\/2025\/03\/2606d8f5-f8c1-469c-9783-404409240b50.jpg?resize=350%2C200&ssl=1 1x, https:\/\/i0.wp.com\/artstella-elixirs-floraux.com\/wp-content\/uploads\/2025\/03\/2606d8f5-f8c1-469c-9783-404409240b50.jpg?resize=525%2C300&ssl=1 1.5x, https:\/\/i0.wp.com\/artstella-elixirs-floraux.com\/wp-content\/uploads\/2025\/03\/2606d8f5-f8c1-469c-9783-404409240b50.jpg?resize=700%2C400&ssl=1 2x"},"classes":[]},{"id":6357,"url":"https:\/\/artstella-elixirs-floraux.com\/fr_fr\/produit\/light-relief-ltoe-15ml\/","url_meta":{"origin":3499,"position":1},"title":"Light Relief LTOE 15ml","author":"eveapprill","date":"9 mars 2025","format":false,"excerpt":"Vous avez d\u00e9pass\u00e9 depuis longtemps le moment o\u00f9 vous auriez d\u00fb prendre du recul et vous permettre de vous reposer et de vous ressourcer. \u00ab\u00a0Light Relief\u00a0\u00bb \"d\u00e9branche\" le moteur que nous utilisons pour surmonter notre \u00e9puisement. On se retrouve alors presque imm\u00e9diatement dans le niveau de fatigue tel qu'il est\u2026","rel":"","context":"Article similaire","block_context":{"text":"Article similaire","link":""},"img":{"alt_text":"","src":"https:\/\/i0.wp.com\/artstella-elixirs-floraux.com\/wp-content\/uploads\/2025\/03\/wp-image2360.png?resize=350%2C200&ssl=1","width":350,"height":200,"srcset":"https:\/\/i0.wp.com\/artstella-elixirs-floraux.com\/wp-content\/uploads\/2025\/03\/wp-image2360.png?resize=350%2C200&ssl=1 1x, https:\/\/i0.wp.com\/artstella-elixirs-floraux.com\/wp-content\/uploads\/2025\/03\/wp-image2360.png?resize=525%2C300&ssl=1 1.5x, https:\/\/i0.wp.com\/artstella-elixirs-floraux.com\/wp-content\/uploads\/2025\/03\/wp-image2360.png?resize=700%2C400&ssl=1 2x, https:\/\/i0.wp.com\/artstella-elixirs-floraux.com\/wp-content\/uploads\/2025\/03\/wp-image2360.png?resize=1050%2C600&ssl=1 3x"},"classes":[]},{"id":3657,"url":"https:\/\/artstella-elixirs-floraux.com\/fr_fr\/produit\/53-sacral-release-ltoe-15-ml\/","url_meta":{"origin":3499,"position":2},"title":"SACRAL RELEASE LTOE 15 ML","author":"eveapprill","date":"9 mars 2025","format":false,"excerpt":"Sacral Release\/ Lib\u00e9ration sacrale V\u00e9hiculant s\u00e9curit\u00e9 et force, il soutient l'\u00e9nergie vitale qui aide au l\u00e2cher prise.","rel":"","context":"Article similaire","block_context":{"text":"Article similaire","link":""},"img":{"alt_text":"","src":"https:\/\/i0.wp.com\/artstella-elixirs-floraux.com\/wp-content\/uploads\/2025\/03\/6e154e2b-ecb4-4f43-bda7-dd59af754b4e.jpg?resize=350%2C200&ssl=1","width":350,"height":200,"srcset":"https:\/\/i0.wp.com\/artstella-elixirs-floraux.com\/wp-content\/uploads\/2025\/03\/6e154e2b-ecb4-4f43-bda7-dd59af754b4e.jpg?resize=350%2C200&ssl=1 1x, https:\/\/i0.wp.com\/artstella-elixirs-floraux.com\/wp-content\/uploads\/2025\/03\/6e154e2b-ecb4-4f43-bda7-dd59af754b4e.jpg?resize=525%2C300&ssl=1 1.5x, https:\/\/i0.wp.com\/artstella-elixirs-floraux.com\/wp-content\/uploads\/2025\/03\/6e154e2b-ecb4-4f43-bda7-dd59af754b4e.jpg?resize=700%2C400&ssl=1 2x"},"classes":[]},{"id":11845,"url":"https:\/\/artstella-elixirs-floraux.com\/fr_fr\/produit\/mood-essence-elixir-pour-lhumeur-30ml-bush\/","url_meta":{"origin":3499,"position":3},"title":"Mood Essence \u00ab\u00a0Elixir pour l&rsquo;humeur\u00a0\u00bb 30ml Bush","author":"eveapprill","date":"10 d\u00e9cembre 2025","format":false,"excerpt":"L\u2019\u00e9lixir \u00ab Mood \u00bb favorise l'\u00e9quilibre \u00e9motionnel, la clart\u00e9, l'optimisme et un sentiment renouvel\u00e9 de joie. Il a \u00e9t\u00e9 con\u00e7u pour traiter et aider \u00e0 soulager les diverses conditions que tant de personnes malheureusement vivent en ce moment.","rel":"","context":"Article similaire","block_context":{"text":"Article similaire","link":""},"img":{"alt_text":"","src":"","width":0,"height":0},"classes":[]},{"id":5199,"url":"https:\/\/artstella-elixirs-floraux.com\/fr_fr\/produit\/immediate-reflief\/","url_meta":{"origin":3499,"position":4},"title":"IMMEDIATE REFLIEF SPRAY","author":"eveapprill","date":"9 mars 2025","format":false,"excerpt":"Immediate Relief Aura Spray (Soulagement imm\u00e9diat) Le spray est efficace dans les situations d\u2019urgence et les moments de stress intenses. Dans des situations traumatisantes ou simplement stressantes. \u00ab\u00a0bleu\u00a0\u00bb avec des huiles essentielles de poivre noir Encens, Bois de Santal","rel":"","context":"Article similaire","block_context":{"text":"Article similaire","link":""},"img":{"alt_text":"","src":"","width":0,"height":0},"classes":[]},{"id":5277,"url":"https:\/\/artstella-elixirs-floraux.com\/fr_fr\/produit\/complexe-n1-assistance-deva-30ml\/","url_meta":{"origin":3499,"position":5},"title":"COMPLEXE N\u00b01 Assistance DEVA 30ml","author":"eveapprill","date":"9 mars 2025","format":false,"excerpt":"COMPLEXE N\u00b01 Assistance est \u00e0 utiliser dans toutes les situations d\u2019urgence \u00e9motionnelle et de grande tension, avant tout \u00e9v\u00e9nement \u00e9prouvant pour garder son sang-froid : nouvelle inattendue, entretien d\u2019embauche, RDV chez le dentiste, trac\u2026","rel":"","context":"Article similaire","block_context":{"text":"Article similaire","link":""},"img":{"alt_text":"","src":"https:\/\/i0.wp.com\/artstella-elixirs-floraux.com\/wp-content\/uploads\/2025\/03\/be12ebcd-d68e-4f7c-8884-27cd0590f062.jpg?resize=350%2C200&ssl=1","width":350,"height":200,"srcset":"https:\/\/i0.wp.com\/artstella-elixirs-floraux.com\/wp-content\/uploads\/2025\/03\/be12ebcd-d68e-4f7c-8884-27cd0590f062.jpg?resize=350%2C200&ssl=1 1x, https:\/\/i0.wp.com\/artstella-elixirs-floraux.com\/wp-content\/uploads\/2025\/03\/be12ebcd-d68e-4f7c-8884-27cd0590f062.jpg?resize=525%2C300&ssl=1 1.5x, https:\/\/i0.wp.com\/artstella-elixirs-floraux.com\/wp-content\/uploads\/2025\/03\/be12ebcd-d68e-4f7c-8884-27cd0590f062.jpg?resize=700%2C400&ssl=1 2x"},"classes":[]}],"_links":{"self":[{"href":"https:\/\/artstella-elixirs-floraux.com\/fr_fr\/wp-json\/wp\/v2\/product\/3499","targetHints":{"allow":["GET"]}}],"collection":[{"href":"https:\/\/artstella-elixirs-floraux.com\/fr_fr\/wp-json\/wp\/v2\/product"}],"about":[{"href":"https:\/\/artstella-elixirs-floraux.com\/fr_fr\/wp-json\/wp\/v2\/types\/product"}],"version-history":[{"count":1,"href":"https:\/\/artstella-elixirs-floraux.com\/fr_fr\/wp-json\/wp\/v2\/product\/3499\/revisions"}],"predecessor-version":[{"id":12669,"href":"https:\/\/artstella-elixirs-floraux.com\/fr_fr\/wp-json\/wp\/v2\/product\/3499\/revisions\/12669"}],"wp:featuredmedia":[{"embeddable":true,"href":"https:\/\/artstella-elixirs-floraux.com\/fr_fr\/wp-json\/wp\/v2\/media\/7657"}],"wp:attachment":[{"href":"https:\/\/artstella-elixirs-floraux.com\/fr_fr\/wp-json\/wp\/v2\/media?parent=3499"}],"wp:term":[{"taxonomy":"product_brand","embeddable":true,"href":"https:\/\/artstella-elixirs-floraux.com\/fr_fr\/wp-json\/wp\/v2\/product_brand?post=3499"},{"taxonomy":"product_cat","embeddable":true,"href":"https:\/\/artstella-elixirs-floraux.com\/fr_fr\/wp-json\/wp\/v2\/product_cat?post=3499"},{"taxonomy":"product_tag","embeddable":true,"href":"https:\/\/artstella-elixirs-floraux.com\/fr_fr\/wp-json\/wp\/v2\/product_tag?post=3499"}],"curies":[{"name":"wp","href":"https:\/\/api.w.org\/{rel}","templated":true}]}}