{"id":3511,"date":"2025-03-09T13:12:20","date_gmt":"2025-03-09T13:12:20","guid":{"rendered":"https:\/\/artstella-elixirs-floraux.com\/product\/sacral-regulator-ltoe-15-ml\/"},"modified":"2025-04-06T09:21:34","modified_gmt":"2025-04-06T09:21:34","slug":"sacral-regulator-ltoe-15-ml","status":"publish","type":"product","link":"https:\/\/artstella-elixirs-floraux.com\/fr_fr\/produit\/sacral-regulator-ltoe-15-ml\/","title":{"rendered":"SACRAL REGULATOR LTOE 15 ML"},"content":{"rendered":"<p>\u00a0La sexualit\u00e9 se transforme en passant de la \u00ab performance \u00bb \u00e0 l\u2019intimit\u00e9 et une communion plus profonde. Renouvelle les \u00e9nergies pelviennes.<\/p>\n","protected":false},"excerpt":{"rendered":"<p><strong>Sacral regulator \/ Equilibre du chakra sacr\u00e9<\/strong> (Core Release\u00a0 Source of Life, et Child\u2019s play, un \u00e9lixir pr\u00e9par\u00e9 par Rose Tichiner). Apporte une sensation de bien-\u00eatre \u00e0 partir de la zone pelvienne et en m\u00eame temps augmente la vigilance.<\/p>\n","protected":false},"featured_media":7643,"template":"","meta":[],"product_brand":[],"product_cat":[131],"product_tag":[],"class_list":{"0":"post-3511","1":"product","2":"type-product","3":"status-publish","4":"has-post-thumbnail","6":"product_cat-les-composes","8":"first","9":"instock","10":"taxable","11":"shipping-taxable","12":"purchasable","13":"product-type-simple"},"etheme_brands":{"errors":{"invalid_taxonomy":["Taxonomie non valide."]},"error_data":[]},"jetpack_sharing_enabled":true,"jetpack-related-posts":[{"id":3569,"url":"https:\/\/artstella-elixirs-floraux.com\/fr_fr\/produit\/13-core-release-ltoe-15-ml\/","url_meta":{"origin":3511,"position":0},"title":"13. CORE RELEASE LTOE 15 ML","author":"eveapprill","date":"9 mars 2025","format":false,"excerpt":"Core Release L\u00e2cher prise au c\u0153ur de l\u2019\u00eatre. (Bulbophyllum gracillimum) Est r\u00e9alis\u00e9 avec la m\u00eame orchid\u00e9e que Base Regulator, son impact sur la r\u00e9gion pelvienne est notable, mais sans effet abaissant la libido","rel":"","context":"Article similaire","block_context":{"text":"Article similaire","link":""},"img":{"alt_text":"","src":"https:\/\/i0.wp.com\/artstella-elixirs-floraux.com\/wp-content\/uploads\/2025\/03\/fc2d7cb0-2144-4388-a626-91075c653f74.jpg?resize=350%2C200&ssl=1","width":350,"height":200,"srcset":"https:\/\/i0.wp.com\/artstella-elixirs-floraux.com\/wp-content\/uploads\/2025\/03\/fc2d7cb0-2144-4388-a626-91075c653f74.jpg?resize=350%2C200&ssl=1 1x, https:\/\/i0.wp.com\/artstella-elixirs-floraux.com\/wp-content\/uploads\/2025\/03\/fc2d7cb0-2144-4388-a626-91075c653f74.jpg?resize=525%2C300&ssl=1 1.5x, https:\/\/i0.wp.com\/artstella-elixirs-floraux.com\/wp-content\/uploads\/2025\/03\/fc2d7cb0-2144-4388-a626-91075c653f74.jpg?resize=700%2C400&ssl=1 2x"},"classes":[]},{"id":3539,"url":"https:\/\/artstella-elixirs-floraux.com\/fr_fr\/produit\/regulateur-de-la-base-lto-15-ml\/","url_meta":{"origin":3511,"position":1},"title":"R\u00e9gulateur de la base LTO 15 ML","author":"eveapprill","date":"9 mars 2025","format":false,"excerpt":"R\u00e9gulateur de la base \/ Base Regulator (Bulbophyllum gracillimum)Profond sur les centres pelviens de m\u00eame que sur le chakra coronal. Il clarifie l\u2019exc\u00e8s d\u2019\u00e9nergies sexuelles. Il poss\u00e8de \u00e9galement une action sur le foie qui en r\u00e9duit la \u00ab\u00a0chaleur\u00a0\u00bb, permettant d\u2019\u00e9quilibrer l\u2019hyperglyc\u00e9mie.","rel":"","context":"Article similaire","block_context":{"text":"Article similaire","link":""},"img":{"alt_text":"","src":"https:\/\/i0.wp.com\/artstella-elixirs-floraux.com\/wp-content\/uploads\/2025\/03\/93c38b70-1e87-4a94-84ea-2c40152db0a3.jpg?resize=350%2C200&ssl=1","width":350,"height":200,"srcset":"https:\/\/i0.wp.com\/artstella-elixirs-floraux.com\/wp-content\/uploads\/2025\/03\/93c38b70-1e87-4a94-84ea-2c40152db0a3.jpg?resize=350%2C200&ssl=1 1x, https:\/\/i0.wp.com\/artstella-elixirs-floraux.com\/wp-content\/uploads\/2025\/03\/93c38b70-1e87-4a94-84ea-2c40152db0a3.jpg?resize=525%2C300&ssl=1 1.5x, https:\/\/i0.wp.com\/artstella-elixirs-floraux.com\/wp-content\/uploads\/2025\/03\/93c38b70-1e87-4a94-84ea-2c40152db0a3.jpg?resize=700%2C400&ssl=1 2x"},"classes":[]},{"id":3657,"url":"https:\/\/artstella-elixirs-floraux.com\/fr_fr\/produit\/53-sacral-release-ltoe-15-ml\/","url_meta":{"origin":3511,"position":2},"title":"53. SACRAL RELEASE LTOE 15 ML","author":"eveapprill","date":"9 mars 2025","format":false,"excerpt":"Sacral Release\/ Lib\u00e9ration sacrale V\u00e9hiculant s\u00e9curit\u00e9 et force, il soutient l'\u00e9nergie vitale qui aide au l\u00e2cher prise.","rel":"","context":"Article similaire","block_context":{"text":"Article similaire","link":""},"img":{"alt_text":"","src":"https:\/\/i0.wp.com\/artstella-elixirs-floraux.com\/wp-content\/uploads\/2025\/03\/6e154e2b-ecb4-4f43-bda7-dd59af754b4e.jpg?resize=350%2C200&ssl=1","width":350,"height":200,"srcset":"https:\/\/i0.wp.com\/artstella-elixirs-floraux.com\/wp-content\/uploads\/2025\/03\/6e154e2b-ecb4-4f43-bda7-dd59af754b4e.jpg?resize=350%2C200&ssl=1 1x, https:\/\/i0.wp.com\/artstella-elixirs-floraux.com\/wp-content\/uploads\/2025\/03\/6e154e2b-ecb4-4f43-bda7-dd59af754b4e.jpg?resize=525%2C300&ssl=1 1.5x, https:\/\/i0.wp.com\/artstella-elixirs-floraux.com\/wp-content\/uploads\/2025\/03\/6e154e2b-ecb4-4f43-bda7-dd59af754b4e.jpg?resize=700%2C400&ssl=1 2x"},"classes":[]},{"id":3623,"url":"https:\/\/artstella-elixirs-floraux.com\/fr_fr\/produit\/enfant-de-la-lune-ltoe-15-ml\/","url_meta":{"origin":3511,"position":3},"title":"Enfant de la Lune LTOE 15 ml","author":"eveapprill","date":"9 mars 2025","format":false,"excerpt":"Moon Child \/ Enfant de la Lune Poss\u00e8de une affinit\u00e9 avec l\u2019\u00e9nergie de la r\u00e9gion pelvienne et aide \u00e0 lib\u00e9rer les blocages entravant l\u2019\u00e9volution \u00e9motionnelle. Durant la gestation, nous recevons toutes sortes d\u2019empreintes plus ou moins subtiles.","rel":"","context":"Article similaire","block_context":{"text":"Article similaire","link":""},"img":{"alt_text":"Enfant de la Lune LTOE 15 ml","src":"https:\/\/i0.wp.com\/artstella-elixirs-floraux.com\/wp-content\/uploads\/2025\/03\/ef27ae0b-ec83-4986-8926-fba89587d513.jpg?resize=350%2C200&ssl=1","width":350,"height":200,"srcset":"https:\/\/i0.wp.com\/artstella-elixirs-floraux.com\/wp-content\/uploads\/2025\/03\/ef27ae0b-ec83-4986-8926-fba89587d513.jpg?resize=350%2C200&ssl=1 1x, https:\/\/i0.wp.com\/artstella-elixirs-floraux.com\/wp-content\/uploads\/2025\/03\/ef27ae0b-ec83-4986-8926-fba89587d513.jpg?resize=525%2C300&ssl=1 1.5x, https:\/\/i0.wp.com\/artstella-elixirs-floraux.com\/wp-content\/uploads\/2025\/03\/ef27ae0b-ec83-4986-8926-fba89587d513.jpg?resize=700%2C400&ssl=1 2x"},"classes":[]},{"id":3675,"url":"https:\/\/artstella-elixirs-floraux.com\/fr_fr\/produit\/63-thoracic-alignement-lto-15-ml\/","url_meta":{"origin":3511,"position":4},"title":"63. THORACIC ALIGNEMENT LTO 15 ML","author":"eveapprill","date":"9 mars 2025","format":false,"excerpt":"Thoracic alignment \/ Alignement thoracique: r\u00e9alis\u00e9 avec la m\u00eame orchid\u00e9e que Core of being mais quand la plante n'\u00e9tait pas en fleur. Son action est plus reli\u00e9e au corps physique, la colonne vert\u00e9brale et la cage thoracique. Favorise un meilleur flux \u00e9nerg\u00e9tique, mieux ancr\u00e9 qui laisse plus de place au\u2026","rel":"","context":"Article similaire","block_context":{"text":"Article similaire","link":""},"img":{"alt_text":"","src":"https:\/\/i0.wp.com\/artstella-elixirs-floraux.com\/wp-content\/uploads\/2025\/03\/aff17d9d-7fbc-40c9-91e8-1461eeafbab2.jpg?resize=350%2C200&ssl=1","width":350,"height":200,"srcset":"https:\/\/i0.wp.com\/artstella-elixirs-floraux.com\/wp-content\/uploads\/2025\/03\/aff17d9d-7fbc-40c9-91e8-1461eeafbab2.jpg?resize=350%2C200&ssl=1 1x, https:\/\/i0.wp.com\/artstella-elixirs-floraux.com\/wp-content\/uploads\/2025\/03\/aff17d9d-7fbc-40c9-91e8-1461eeafbab2.jpg?resize=525%2C300&ssl=1 1.5x, https:\/\/i0.wp.com\/artstella-elixirs-floraux.com\/wp-content\/uploads\/2025\/03\/aff17d9d-7fbc-40c9-91e8-1461eeafbab2.jpg?resize=700%2C400&ssl=1 2x"},"classes":[]},{"id":3637,"url":"https:\/\/artstella-elixirs-floraux.com\/fr_fr\/produit\/44-purity-of-heart-ltoe-15-ml\/","url_meta":{"origin":3511,"position":5},"title":"44. PURITY OF HEART LTOE 15 ML","author":"eveapprill","date":"9 mars 2025","format":false,"excerpt":"Purity of Heart\/ Puret\u00e9 d\u2019\u00e2me Cet \u00e9lixir est utile quand on est stress\u00e9 par manque de temps. On peut comprendre qu\u2019il y a assez de temps pour accomplir tout ce que l\u2019on a \u00e0 faire.","rel":"","context":"Article similaire","block_context":{"text":"Article similaire","link":""},"img":{"alt_text":"","src":"https:\/\/i0.wp.com\/artstella-elixirs-floraux.com\/wp-content\/uploads\/2025\/03\/b3432d85-7c05-496b-825d-e3774d15e503.jpg?resize=350%2C200&ssl=1","width":350,"height":200,"srcset":"https:\/\/i0.wp.com\/artstella-elixirs-floraux.com\/wp-content\/uploads\/2025\/03\/b3432d85-7c05-496b-825d-e3774d15e503.jpg?resize=350%2C200&ssl=1 1x, https:\/\/i0.wp.com\/artstella-elixirs-floraux.com\/wp-content\/uploads\/2025\/03\/b3432d85-7c05-496b-825d-e3774d15e503.jpg?resize=525%2C300&ssl=1 1.5x, https:\/\/i0.wp.com\/artstella-elixirs-floraux.com\/wp-content\/uploads\/2025\/03\/b3432d85-7c05-496b-825d-e3774d15e503.jpg?resize=700%2C400&ssl=1 2x"},"classes":[]}],"_links":{"self":[{"href":"https:\/\/artstella-elixirs-floraux.com\/fr_fr\/wp-json\/wp\/v2\/product\/3511","targetHints":{"allow":["GET"]}}],"collection":[{"href":"https:\/\/artstella-elixirs-floraux.com\/fr_fr\/wp-json\/wp\/v2\/product"}],"about":[{"href":"https:\/\/artstella-elixirs-floraux.com\/fr_fr\/wp-json\/wp\/v2\/types\/product"}],"version-history":[{"count":0,"href":"https:\/\/artstella-elixirs-floraux.com\/fr_fr\/wp-json\/wp\/v2\/product\/3511\/revisions"}],"wp:featuredmedia":[{"embeddable":true,"href":"https:\/\/artstella-elixirs-floraux.com\/fr_fr\/wp-json\/wp\/v2\/media\/7643"}],"wp:attachment":[{"href":"https:\/\/artstella-elixirs-floraux.com\/fr_fr\/wp-json\/wp\/v2\/media?parent=3511"}],"wp:term":[{"taxonomy":"product_brand","embeddable":true,"href":"https:\/\/artstella-elixirs-floraux.com\/fr_fr\/wp-json\/wp\/v2\/product_brand?post=3511"},{"taxonomy":"product_cat","embeddable":true,"href":"https:\/\/artstella-elixirs-floraux.com\/fr_fr\/wp-json\/wp\/v2\/product_cat?post=3511"},{"taxonomy":"product_tag","embeddable":true,"href":"https:\/\/artstella-elixirs-floraux.com\/fr_fr\/wp-json\/wp\/v2\/product_tag?post=3511"}],"curies":[{"name":"wp","href":"https:\/\/api.w.org\/{rel}","templated":true}]}}