{"id":3517,"date":"2025-03-09T13:12:37","date_gmt":"2025-03-09T13:12:37","guid":{"rendered":"https:\/\/artstella-elixirs-floraux.com\/product\/sleep-of-peace-lto-15-ml\/"},"modified":"2026-05-06T17:23:06","modified_gmt":"2026-05-06T17:23:06","slug":"sleep-of-peace-lto-15-ml","status":"publish","type":"product","link":"https:\/\/artstella-elixirs-floraux.com\/fr_fr\/produit\/sleep-of-peace-lto-15-ml\/","title":{"rendered":"SLEEP OF PEACE LTO 15 ML"},"content":{"rendered":"","protected":false},"excerpt":{"rendered":"<p><span style=\"color: #008000;\"><strong><em>Sleep of peace \/ Dormir en paix :<\/em><\/strong><\/span><\/p>\n<p>am\u00e9liore la qualit\u00e9 du sommeil et la quantit\u00e9 de sommeil, diff\u00e9remment de Gentle Sleep, en ce qu&rsquo;il touche les sch\u00e9mas du sommeil.<\/p>\n","protected":false},"featured_media":7646,"template":"","meta":[],"product_brand":[],"product_cat":[131],"product_tag":[],"class_list":{"0":"post-3517","1":"product","2":"type-product","3":"status-publish","4":"has-post-thumbnail","6":"product_cat-les-composes","8":"first","9":"instock","10":"taxable","11":"shipping-taxable","12":"purchasable","13":"product-type-simple"},"etheme_brands":{"errors":{"invalid_taxonomy":["Taxonomie non valide."]},"error_data":[]},"jetpack_sharing_enabled":true,"jetpack-related-posts":[{"id":6086,"url":"https:\/\/artstella-elixirs-floraux.com\/fr_fr\/produit\/gentle-sleep-spray-ltoe-100ml\/","url_meta":{"origin":3517,"position":0},"title":"Gentle sleep spray LTOE","author":"eveapprill","date":"9 mars 2025","format":false,"excerpt":"Gentle sleep\u00a0 (Bon sommeil) De nos jours, les troubles du sommeil touchent un grand nombre de personnes. Pollution \u00e9lectromagn\u00e9tique, t\u00e9l\u00e9phones portables, t\u00e9l\u00e9phones sans fils, le WIFI peuvent alt\u00e9rer le sommeil. Ce spray a \u00e9t\u00e9 cr\u00e9\u00e9 pour prot\u00e9ger le sommeil de ces diff\u00e9rents stress.","rel":"","context":"Article similaire","block_context":{"text":"Article similaire","link":""},"img":{"alt_text":"","src":"https:\/\/i0.wp.com\/artstella-elixirs-floraux.com\/wp-content\/uploads\/2025\/03\/wp-image2120.png?resize=350%2C200&ssl=1","width":350,"height":200},"classes":[]},{"id":3497,"url":"https:\/\/artstella-elixirs-floraux.com\/fr_fr\/produit\/gentle-sleep-ltoe-15ml\/","url_meta":{"origin":3517,"position":1},"title":"GENTLE SLEEP LTOE 15ML","author":"eveapprill","date":"9 mars 2025","format":false,"excerpt":"Gentle sleep \/ Doux sommeil : Est une version am\u00e9lior\u00e9e de Gentle Geisha avec le Rhododendron griffithianum, made by Don dans les jardins d'Achamore House.","rel":"","context":"Article similaire","block_context":{"text":"Article similaire","link":""},"img":{"alt_text":"","src":"https:\/\/i0.wp.com\/artstella-elixirs-floraux.com\/wp-content\/uploads\/2025\/03\/f1da7075-2893-4090-8141-56d98c0424f3.jpg?resize=350%2C200&ssl=1","width":350,"height":200,"srcset":"https:\/\/i0.wp.com\/artstella-elixirs-floraux.com\/wp-content\/uploads\/2025\/03\/f1da7075-2893-4090-8141-56d98c0424f3.jpg?resize=350%2C200&ssl=1 1x, https:\/\/i0.wp.com\/artstella-elixirs-floraux.com\/wp-content\/uploads\/2025\/03\/f1da7075-2893-4090-8141-56d98c0424f3.jpg?resize=525%2C300&ssl=1 1.5x, https:\/\/i0.wp.com\/artstella-elixirs-floraux.com\/wp-content\/uploads\/2025\/03\/f1da7075-2893-4090-8141-56d98c0424f3.jpg?resize=700%2C400&ssl=1 2x"},"classes":[]},{"id":6396,"url":"https:\/\/artstella-elixirs-floraux.com\/fr_fr\/produit\/sleep-sommeil-spay-50ml-bush-australien\/","url_meta":{"origin":3517,"position":2},"title":"Sleep &#8211; Sommeil Spray 50ml Bush Australien","author":"eveapprill","date":"9 mars 2025","format":false,"excerpt":"Un nouveau spray du Bush australien pour favoriser le sommeil.","rel":"","context":"Article similaire","block_context":{"text":"Article similaire","link":""},"img":{"alt_text":"Sommeil Spray 50ml Bush Australien","src":"https:\/\/i0.wp.com\/artstella-elixirs-floraux.com\/wp-content\/uploads\/2025\/03\/7efb9cc8-f479-4a0f-be39-aca972b654d6.webp?resize=350%2C200&ssl=1","width":350,"height":200,"srcset":"https:\/\/i0.wp.com\/artstella-elixirs-floraux.com\/wp-content\/uploads\/2025\/03\/7efb9cc8-f479-4a0f-be39-aca972b654d6.webp?resize=350%2C200&ssl=1 1x, https:\/\/i0.wp.com\/artstella-elixirs-floraux.com\/wp-content\/uploads\/2025\/03\/7efb9cc8-f479-4a0f-be39-aca972b654d6.webp?resize=525%2C300&ssl=1 1.5x, https:\/\/i0.wp.com\/artstella-elixirs-floraux.com\/wp-content\/uploads\/2025\/03\/7efb9cc8-f479-4a0f-be39-aca972b654d6.webp?resize=700%2C400&ssl=1 2x"},"classes":[]},{"id":1918,"url":"https:\/\/artstella-elixirs-floraux.com\/fr_fr\/produit\/complexe-jet-lag-phi-30-ml\/","url_meta":{"origin":3517,"position":3},"title":"COMPLEXE JET LAG \/ SLEEP Voyage et Sommeil PHI","author":"eveapprill","date":"11 septembre 2025","format":false,"excerpt":"COMPLEXE JET LAG \/ SLEEP -\u00a0 Voyage et Sommeil par PHI Am\u00e9liore le sommeil et les phases de repos. Am\u00e9liore la r\u00e9g\u00e9n\u00e9ration. Soutient dans les voyages et les probl\u00e8mes li\u00e9s aux d\u00e9calages horaires.","rel":"","context":"Article similaire","block_context":{"text":"Article similaire","link":""},"img":{"alt_text":"","src":"https:\/\/i0.wp.com\/artstella-elixirs-floraux.com\/wp-content\/uploads\/2025\/03\/jetlag.jpg?resize=350%2C200&ssl=1","width":350,"height":200},"classes":[]},{"id":4565,"url":"https:\/\/artstella-elixirs-floraux.com\/fr_fr\/produit\/coffret-complexes-elixirs-phi\/","url_meta":{"origin":3517,"position":4},"title":"COFFRET COMPLEXES ELIXIRS PHI","author":"eveapprill","date":"9 mars 2025","format":false,"excerpt":"Contient les 10 \u00e9lixirs compos\u00e9s de la gamme PHI pour r\u00e9\u00e9quilibrer l'\u00e9nergie: Women \u00e9quilibre du f\u00e9minin, Men \u00e9quilibre du masculin, Joyful Sexuality sexualit\u00e9 heureuse, Forever Joung! Eternelle jeunesse Regeneration, Purification, Equilibre du Stress, Jetlag \/ Sleep d\u00e9calage horaire \/ sommeil, Heart \u00e9quilibre du coeur, Protection","rel":"","context":"Article similaire","block_context":{"text":"Article similaire","link":""},"img":{"alt_text":"","src":"","width":0,"height":0},"classes":[]},{"id":4691,"url":"https:\/\/artstella-elixirs-floraux.com\/fr_fr\/produit\/peace-14-2ml-perelandra\/","url_meta":{"origin":3517,"position":5},"title":"PEACE 14.2ML PERELANDRA","author":"eveapprill","date":"9 mars 2025","format":false,"excerpt":"PEACE 15 ML PERELANDRA","rel":"","context":"Article similaire","block_context":{"text":"Article similaire","link":""},"img":{"alt_text":"","src":"https:\/\/i0.wp.com\/artstella-elixirs-floraux.com\/wp-content\/uploads\/2025\/03\/wp-image1276.png?resize=350%2C200&ssl=1","width":350,"height":200},"classes":[]}],"_links":{"self":[{"href":"https:\/\/artstella-elixirs-floraux.com\/fr_fr\/wp-json\/wp\/v2\/product\/3517","targetHints":{"allow":["GET"]}}],"collection":[{"href":"https:\/\/artstella-elixirs-floraux.com\/fr_fr\/wp-json\/wp\/v2\/product"}],"about":[{"href":"https:\/\/artstella-elixirs-floraux.com\/fr_fr\/wp-json\/wp\/v2\/types\/product"}],"version-history":[{"count":1,"href":"https:\/\/artstella-elixirs-floraux.com\/fr_fr\/wp-json\/wp\/v2\/product\/3517\/revisions"}],"predecessor-version":[{"id":12658,"href":"https:\/\/artstella-elixirs-floraux.com\/fr_fr\/wp-json\/wp\/v2\/product\/3517\/revisions\/12658"}],"wp:featuredmedia":[{"embeddable":true,"href":"https:\/\/artstella-elixirs-floraux.com\/fr_fr\/wp-json\/wp\/v2\/media\/7646"}],"wp:attachment":[{"href":"https:\/\/artstella-elixirs-floraux.com\/fr_fr\/wp-json\/wp\/v2\/media?parent=3517"}],"wp:term":[{"taxonomy":"product_brand","embeddable":true,"href":"https:\/\/artstella-elixirs-floraux.com\/fr_fr\/wp-json\/wp\/v2\/product_brand?post=3517"},{"taxonomy":"product_cat","embeddable":true,"href":"https:\/\/artstella-elixirs-floraux.com\/fr_fr\/wp-json\/wp\/v2\/product_cat?post=3517"},{"taxonomy":"product_tag","embeddable":true,"href":"https:\/\/artstella-elixirs-floraux.com\/fr_fr\/wp-json\/wp\/v2\/product_tag?post=3517"}],"curies":[{"name":"wp","href":"https:\/\/api.w.org\/{rel}","templated":true}]}}