{"id":3519,"date":"2025-03-09T13:12:39","date_gmt":"2025-03-09T13:12:39","guid":{"rendered":"https:\/\/artstella-elixirs-floraux.com\/product\/solus-15-ml-ltoe\/"},"modified":"2026-05-06T17:22:27","modified_gmt":"2026-05-06T17:22:27","slug":"solus-15-ml-ltoe","status":"publish","type":"product","link":"https:\/\/artstella-elixirs-floraux.com\/fr_fr\/produit\/solus-15-ml-ltoe\/","title":{"rendered":"SOLUS 15 ML LTOE"},"content":{"rendered":"<p>Manquant de jeux fraternels, l\u2019\u00e2me a du mal \u00e0 se d\u00e9velopper dans un contexte social, laissant un manque d\u2019esprit communautaire. Il est important de faire suivre la prise de Solus soit par <em>Wisdom of Compassion<\/em> ou <em>Love beyond Love<\/em>, pour poursuivre le d\u00e9veloppement\u00a0 de ces aspects d\u2019\u00e9motions et de compassion.<\/p>\n","protected":false},"excerpt":{"rendered":"<p><em><strong>Solus &#8211; Solitaire<\/strong> <\/em><em>(moon child, Nigth Soul, Voice of Courage, Viola veritas) <\/em>Ce compos\u00e9 s\u2019adresse au sympt\u00f4me de l\u2019enfant unique dans lequel celui-ci grandit en individu solitaire et autocentr\u00e9.<\/p>\n","protected":false},"featured_media":7647,"template":"","meta":[],"product_brand":[],"product_cat":[131],"product_tag":[],"class_list":{"0":"post-3519","1":"product","2":"type-product","3":"status-publish","4":"has-post-thumbnail","6":"product_cat-les-composes","8":"first","9":"instock","10":"taxable","11":"shipping-taxable","12":"purchasable","13":"product-type-simple"},"etheme_brands":{"errors":{"invalid_taxonomy":["Taxonomie non valide."]},"error_data":[]},"jetpack_sharing_enabled":true,"jetpack-related-posts":[{"id":3697,"url":"https:\/\/artstella-elixirs-floraux.com\/fr_fr\/produit\/75-wisdom-of-compassion-ltoe-15-ml\/","url_meta":{"origin":3519,"position":0},"title":"WISDOM OF COMPASSION LTOE 15 ML","author":"eveapprill","date":"9 mars 2025","format":false,"excerpt":"Wisdom of Compassion\/ Sagesse et compassion il fut cr\u00e9\u00e9 un soir de pleine lune, je jour anniversaire de l\u2019illumination du Bouddha. L\u2019orchid\u00e9e a demand\u00e9 doucement, mais clairement, qu\u2019on en fasse un \u00e9lixir afin de partager son message de compassion envers tous.","rel":"","context":"Article similaire","block_context":{"text":"Article similaire","link":""},"img":{"alt_text":"","src":"https:\/\/i0.wp.com\/artstella-elixirs-floraux.com\/wp-content\/uploads\/2025\/03\/cb85053d-2957-46e4-aff2-8c69846c56ad.jpg?resize=350%2C200&ssl=1","width":350,"height":200,"srcset":"https:\/\/i0.wp.com\/artstella-elixirs-floraux.com\/wp-content\/uploads\/2025\/03\/cb85053d-2957-46e4-aff2-8c69846c56ad.jpg?resize=350%2C200&ssl=1 1x, https:\/\/i0.wp.com\/artstella-elixirs-floraux.com\/wp-content\/uploads\/2025\/03\/cb85053d-2957-46e4-aff2-8c69846c56ad.jpg?resize=525%2C300&ssl=1 1.5x, https:\/\/i0.wp.com\/artstella-elixirs-floraux.com\/wp-content\/uploads\/2025\/03\/cb85053d-2957-46e4-aff2-8c69846c56ad.jpg?resize=700%2C400&ssl=1 2x"},"classes":[]},{"id":4064,"url":"https:\/\/artstella-elixirs-floraux.com\/fr_fr\/produit\/quinoa-15-ml-sylfos\/","url_meta":{"origin":3519,"position":1},"title":"QUINOA SYLFOS","author":"eveapprill","date":"9 mars 2025","format":false,"excerpt":"QUINOA Chenopodium quinoa Ouverture du coeur, compassion. Favorise une ouverture du coeur profonde et sinc\u00e8re en d\u00e9veloppant l\u2019acceptation de soi et la compassion envers autrui.","rel":"","context":"Article similaire","block_context":{"text":"Article similaire","link":""},"img":{"alt_text":"","src":"","width":0,"height":0},"classes":[]},{"id":4876,"url":"https:\/\/artstella-elixirs-floraux.com\/fr_fr\/produit\/bleeding-heart-alaskan\/","url_meta":{"origin":3519,"position":2},"title":"BLEEDING HEART ALASKAN","author":"eveapprill","date":"9 mars 2025","format":false,"excerpt":"BLEEDING HEART Indications : sentiment rejet\u00e9 par l'individu ; coeur ferm\u00e9 aux autres ; manque de compassion pour nous-m\u00eames et les autres ; divisions dans nos relations.","rel":"","context":"Article similaire","block_context":{"text":"Article similaire","link":""},"img":{"alt_text":"","src":"https:\/\/i0.wp.com\/artstella-elixirs-floraux.com\/wp-content\/uploads\/2025\/03\/wp-image1374.png?resize=350%2C200&ssl=1","width":350,"height":200},"classes":[]},{"id":5112,"url":"https:\/\/artstella-elixirs-floraux.com\/fr_fr\/produit\/vesuvianite-7-5-ml-alas-gem-sup\/","url_meta":{"origin":3519,"position":3},"title":"VESUVIANITE 7.5 ML ALAS GEM SUP","author":"eveapprill","date":"9 mars 2025","format":false,"excerpt":"Vesuvianite - V\u00e9suvianite Indications: d\u00e9sincarn\u00e9; solitaire; difficult\u00e9 \u00e0 maintenir des relations amoureuses positives et centr\u00e9es dans le c\u0153ur; manque de confiance \u00e0 se croire capable de cr\u00e9er la vie que l\u2019on d\u00e9sire.","rel":"","context":"Article similaire","block_context":{"text":"Article similaire","link":""},"img":{"alt_text":"Les Elixirs de gemmes","src":"https:\/\/i0.wp.com\/artstella-elixirs-floraux.com\/wp-content\/uploads\/2025\/03\/wp-image1421.png?resize=350%2C200&ssl=1","width":350,"height":200},"classes":[]},{"id":4395,"url":"https:\/\/artstella-elixirs-floraux.com\/fr_fr\/produit\/loving-compassion-30-ml-wea\/","url_meta":{"origin":3519,"position":4},"title":"LOVING COMPASSION 30 ML WEA","author":"eveapprill","date":"9 mars 2025","format":false,"excerpt":"Loving Compassion (l'amour compassionnel) Aide \u00e0 ressentir et exprimer une profonde compassion pour soi et les autres.","rel":"","context":"Article similaire","block_context":{"text":"Article similaire","link":""},"img":{"alt_text":"","src":"","width":0,"height":0},"classes":[]},{"id":4014,"url":"https:\/\/artstella-elixirs-floraux.com\/fr_fr\/produit\/cedron-verveine-15-ml-sylfos\/","url_meta":{"origin":3519,"position":5},"title":"CEDRON \/ VERVEINE ODORANTE SYLFOS","author":"eveapprill","date":"9 mars 2025","format":false,"excerpt":"CEDRONAloysia citriodorata Confiance en soi, pers\u00e9v\u00e9rance. D\u00e9veloppe la confiance en soi, la sociabilit\u00e9, la compr\u00e9hension, l\u201dempathie, le respect d\u2019autrui et la compassion.","rel":"","context":"Article similaire","block_context":{"text":"Article similaire","link":""},"img":{"alt_text":"","src":"","width":0,"height":0},"classes":[]}],"_links":{"self":[{"href":"https:\/\/artstella-elixirs-floraux.com\/fr_fr\/wp-json\/wp\/v2\/product\/3519","targetHints":{"allow":["GET"]}}],"collection":[{"href":"https:\/\/artstella-elixirs-floraux.com\/fr_fr\/wp-json\/wp\/v2\/product"}],"about":[{"href":"https:\/\/artstella-elixirs-floraux.com\/fr_fr\/wp-json\/wp\/v2\/types\/product"}],"version-history":[{"count":2,"href":"https:\/\/artstella-elixirs-floraux.com\/fr_fr\/wp-json\/wp\/v2\/product\/3519\/revisions"}],"predecessor-version":[{"id":12657,"href":"https:\/\/artstella-elixirs-floraux.com\/fr_fr\/wp-json\/wp\/v2\/product\/3519\/revisions\/12657"}],"wp:featuredmedia":[{"embeddable":true,"href":"https:\/\/artstella-elixirs-floraux.com\/fr_fr\/wp-json\/wp\/v2\/media\/7647"}],"wp:attachment":[{"href":"https:\/\/artstella-elixirs-floraux.com\/fr_fr\/wp-json\/wp\/v2\/media?parent=3519"}],"wp:term":[{"taxonomy":"product_brand","embeddable":true,"href":"https:\/\/artstella-elixirs-floraux.com\/fr_fr\/wp-json\/wp\/v2\/product_brand?post=3519"},{"taxonomy":"product_cat","embeddable":true,"href":"https:\/\/artstella-elixirs-floraux.com\/fr_fr\/wp-json\/wp\/v2\/product_cat?post=3519"},{"taxonomy":"product_tag","embeddable":true,"href":"https:\/\/artstella-elixirs-floraux.com\/fr_fr\/wp-json\/wp\/v2\/product_tag?post=3519"}],"curies":[{"name":"wp","href":"https:\/\/api.w.org\/{rel}","templated":true}]}}