{"id":3523,"date":"2025-03-09T13:12:41","date_gmt":"2025-03-09T13:12:41","guid":{"rendered":"https:\/\/artstella-elixirs-floraux.com\/product\/spirit-of-life-15-ml-lto\/"},"modified":"2026-05-06T17:19:28","modified_gmt":"2026-05-06T17:19:28","slug":"spirit-of-life-15-ml-lto","status":"publish","type":"product","link":"https:\/\/artstella-elixirs-floraux.com\/fr_fr\/produit\/spirit-of-life-15-ml-lto\/","title":{"rendered":"SPIRIT OF LIFE 15 ML LTO"},"content":{"rendered":"","protected":false},"excerpt":{"rendered":"<p><span style=\"color: #008000;\"><strong><em>Spirit of life \/ Esprit de vie:<\/em><\/strong><\/span><\/p>\n<p>contient Furnace of Life et Fire of Life. Cette pr\u00e9paration permet de lever les blocages au niveau des sch\u00e9mas ancestraux et \u00ab\u00a0tribaux\u00a0\u00bb contenus dans le premier et le deuxi\u00e8me chakra, permettant se centrer par rapport \u00e0 soi-m\u00eame.<\/p>\n","protected":false},"featured_media":7649,"template":"","meta":[],"product_brand":[],"product_cat":[131],"product_tag":[],"class_list":{"0":"post-3523","1":"product","2":"type-product","3":"status-publish","4":"has-post-thumbnail","6":"product_cat-les-composes","8":"first","9":"instock","10":"taxable","11":"shipping-taxable","12":"purchasable","13":"product-type-simple"},"etheme_brands":{"errors":{"invalid_taxonomy":["Taxonomie non valide."]},"error_data":[]},"jetpack_sharing_enabled":true,"jetpack-related-posts":[{"id":3579,"url":"https:\/\/artstella-elixirs-floraux.com\/fr_fr\/produit\/17-fire-of-life-lto-15-ml\/","url_meta":{"origin":3523,"position":0},"title":"FIRE OF LIFE LTO 15 ML","author":"eveapprill","date":"9 mars 2025","format":false,"excerpt":"Fire of Life \/ Le feu de la vie : est le compl\u00e9ment masculin, Yang, de Furnace of Life. Son \u00e9nergie Yang aide les \u00e9nergies universelles les plus \u00e9lev\u00e9es \u00e0 s'incarner dans la conscience, et contribue \u00e0 ce que cette \u00e9nergie coule au centre de notre \u00eatre. Il donne le\u2026","rel":"","context":"Article similaire","block_context":{"text":"Article similaire","link":""},"img":{"alt_text":"","src":"https:\/\/i0.wp.com\/artstella-elixirs-floraux.com\/wp-content\/uploads\/2025\/03\/cffee8d9-4215-4261-9234-b57ae2c9070b.jpg?resize=350%2C200&ssl=1","width":350,"height":200,"srcset":"https:\/\/i0.wp.com\/artstella-elixirs-floraux.com\/wp-content\/uploads\/2025\/03\/cffee8d9-4215-4261-9234-b57ae2c9070b.jpg?resize=350%2C200&ssl=1 1x, https:\/\/i0.wp.com\/artstella-elixirs-floraux.com\/wp-content\/uploads\/2025\/03\/cffee8d9-4215-4261-9234-b57ae2c9070b.jpg?resize=525%2C300&ssl=1 1.5x, https:\/\/i0.wp.com\/artstella-elixirs-floraux.com\/wp-content\/uploads\/2025\/03\/cffee8d9-4215-4261-9234-b57ae2c9070b.jpg?resize=700%2C400&ssl=1 2x"},"classes":[]},{"id":3671,"url":"https:\/\/artstella-elixirs-floraux.com\/fr_fr\/produit\/61-source-of-life-lto-15-ml\/","url_meta":{"origin":3523,"position":1},"title":"SOURCE OF LIFE LTO 15 ML","author":"eveapprill","date":"9 mars 2025","format":false,"excerpt":"Source of Life \/ Source de vie Un\u00a0 \u00e9lixir unique pour s\u2019adresser aux aspects sexuels du 2\u00e8me chakra. \u00a0","rel":"","context":"Article similaire","block_context":{"text":"Article similaire","link":""},"img":{"alt_text":"","src":"https:\/\/i0.wp.com\/artstella-elixirs-floraux.com\/wp-content\/uploads\/2025\/03\/2246925e-0c0b-4269-8b46-a4b4ef4dce55.jpg?resize=350%2C200&ssl=1","width":350,"height":200,"srcset":"https:\/\/i0.wp.com\/artstella-elixirs-floraux.com\/wp-content\/uploads\/2025\/03\/2246925e-0c0b-4269-8b46-a4b4ef4dce55.jpg?resize=350%2C200&ssl=1 1x, https:\/\/i0.wp.com\/artstella-elixirs-floraux.com\/wp-content\/uploads\/2025\/03\/2246925e-0c0b-4269-8b46-a4b4ef4dce55.jpg?resize=525%2C300&ssl=1 1.5x, https:\/\/i0.wp.com\/artstella-elixirs-floraux.com\/wp-content\/uploads\/2025\/03\/2246925e-0c0b-4269-8b46-a4b4ef4dce55.jpg?resize=700%2C400&ssl=1 2x"},"classes":[]},{"id":6179,"url":"https:\/\/artstella-elixirs-floraux.com\/fr_fr\/produit\/life-cycle-renewal-15ml-ltoe\/","url_meta":{"origin":3523,"position":2},"title":"Life Cycle renewal 15ml LTOE","author":"eveapprill","date":"9 mars 2025","format":false,"excerpt":"Life Cycle Renewal\u00a0 (Silver Ghost, Centre Renewal, Fruits of Love and Blue Angel) Le seul compose cr\u00e9\u00e9 sp\u00e9cialement pour accompagner les femmes. Bien que formul\u00e9 pour les femmes de plus de 50 ans, il peut aider les probl\u00e9matiques f\u00e9minines \u00e0 tout \u00e2ge.","rel":"","context":"Article similaire","block_context":{"text":"Article similaire","link":""},"img":{"alt_text":"","src":"https:\/\/i0.wp.com\/artstella-elixirs-floraux.com\/wp-content\/uploads\/2025\/03\/dbd1bfe3-aca8-44cd-b77b-2509ce9ef384.jpg?resize=350%2C200&ssl=1","width":350,"height":200,"srcset":"https:\/\/i0.wp.com\/artstella-elixirs-floraux.com\/wp-content\/uploads\/2025\/03\/dbd1bfe3-aca8-44cd-b77b-2509ce9ef384.jpg?resize=350%2C200&ssl=1 1x, https:\/\/i0.wp.com\/artstella-elixirs-floraux.com\/wp-content\/uploads\/2025\/03\/dbd1bfe3-aca8-44cd-b77b-2509ce9ef384.jpg?resize=525%2C300&ssl=1 1.5x, https:\/\/i0.wp.com\/artstella-elixirs-floraux.com\/wp-content\/uploads\/2025\/03\/dbd1bfe3-aca8-44cd-b77b-2509ce9ef384.jpg?resize=700%2C400&ssl=1 2x"},"classes":[]},{"id":3489,"url":"https:\/\/artstella-elixirs-floraux.com\/fr_fr\/produit\/defender-of-the-source-15-ml-ltoe\/","url_meta":{"origin":3523,"position":3},"title":"DEFENDER OF THE SOURCE 15 ML LTOE","author":"eveapprill","date":"9 mars 2025","format":false,"excerpt":"Defender of the Source \/ D\u00e9fense de la Source\u00a0 (compos\u00e9 de Defender from the Dark et Source of Life).\u00a0 Ce compos\u00e9 prot\u00e8gera la r\u00e9gion du chakra sacr\u00e9 contre l\u2019interf\u00e9rence de ces \u00e9nergies n\u00e9gatives. Cet \u00e9lixir semble agir comme un gardien des portes de l\u2019\u00e2me","rel":"","context":"Article similaire","block_context":{"text":"Article similaire","link":""},"img":{"alt_text":"","src":"https:\/\/i0.wp.com\/artstella-elixirs-floraux.com\/wp-content\/uploads\/2025\/03\/1daefbf9-9d3a-4242-991c-8fc13d1e5a8a.jpg?resize=350%2C200&ssl=1","width":350,"height":200,"srcset":"https:\/\/i0.wp.com\/artstella-elixirs-floraux.com\/wp-content\/uploads\/2025\/03\/1daefbf9-9d3a-4242-991c-8fc13d1e5a8a.jpg?resize=350%2C200&ssl=1 1x, https:\/\/i0.wp.com\/artstella-elixirs-floraux.com\/wp-content\/uploads\/2025\/03\/1daefbf9-9d3a-4242-991c-8fc13d1e5a8a.jpg?resize=525%2C300&ssl=1 1.5x, https:\/\/i0.wp.com\/artstella-elixirs-floraux.com\/wp-content\/uploads\/2025\/03\/1daefbf9-9d3a-4242-991c-8fc13d1e5a8a.jpg?resize=700%2C400&ssl=1 2x"},"classes":[]},{"id":3393,"url":"https:\/\/artstella-elixirs-floraux.com\/fr_fr\/produit\/life-force-cactus-15ml-phi\/","url_meta":{"origin":3523,"position":4},"title":"LIFE FORCE CACTUS 15ML PHI","author":"eveapprill","date":"9 mars 2025","format":false,"excerpt":"Life force cactus (Orbea variegate) Permet d'\u00e9tablir un contact avec la terre. Une \u00e9nergie nouvelle se r\u00e9pand en nous et renforce le rayonnement des forces vitales. De cette fa\u00e7on, les \u00e9nergies parasites sont repouss\u00e9es et la protection est renforc\u00e9e.","rel":"","context":"Article similaire","block_context":{"text":"Article similaire","link":""},"img":{"alt_text":"","src":"https:\/\/i0.wp.com\/artstella-elixirs-floraux.com\/wp-content\/uploads\/2025\/03\/wp-image370.png?resize=350%2C200&ssl=1","width":350,"height":200},"classes":[]},{"id":3673,"url":"https:\/\/artstella-elixirs-floraux.com\/fr_fr\/produit\/62-spirit-of-the-higher-heart-lto\/","url_meta":{"origin":3523,"position":5},"title":"SPIRIT OF THE HIGHER HEART LTO","author":"eveapprill","date":"9 mars 2025","format":false,"excerpt":"Spirit of the Higher Heart \/ Esprit du Coeur profond : l'\u00e9lixir est fait avec la m\u00eame fleur que Healing the Higher Heart sans l'\u00e9lixir d'or. Il permet une fusion douce du chakra sup\u00e9rieur du c\u0153ur et de la chambre haute spirituelle. Son effet est plus subtil. Il favorise l'expansion\u2026","rel":"","context":"Article similaire","block_context":{"text":"Article similaire","link":""},"img":{"alt_text":"","src":"https:\/\/i0.wp.com\/artstella-elixirs-floraux.com\/wp-content\/uploads\/2025\/03\/f9f2d0e9-e8bb-4732-941c-162c66c9a9e7.jpg?resize=350%2C200&ssl=1","width":350,"height":200,"srcset":"https:\/\/i0.wp.com\/artstella-elixirs-floraux.com\/wp-content\/uploads\/2025\/03\/f9f2d0e9-e8bb-4732-941c-162c66c9a9e7.jpg?resize=350%2C200&ssl=1 1x, https:\/\/i0.wp.com\/artstella-elixirs-floraux.com\/wp-content\/uploads\/2025\/03\/f9f2d0e9-e8bb-4732-941c-162c66c9a9e7.jpg?resize=525%2C300&ssl=1 1.5x, https:\/\/i0.wp.com\/artstella-elixirs-floraux.com\/wp-content\/uploads\/2025\/03\/f9f2d0e9-e8bb-4732-941c-162c66c9a9e7.jpg?resize=700%2C400&ssl=1 2x"},"classes":[]}],"_links":{"self":[{"href":"https:\/\/artstella-elixirs-floraux.com\/fr_fr\/wp-json\/wp\/v2\/product\/3523","targetHints":{"allow":["GET"]}}],"collection":[{"href":"https:\/\/artstella-elixirs-floraux.com\/fr_fr\/wp-json\/wp\/v2\/product"}],"about":[{"href":"https:\/\/artstella-elixirs-floraux.com\/fr_fr\/wp-json\/wp\/v2\/types\/product"}],"version-history":[{"count":1,"href":"https:\/\/artstella-elixirs-floraux.com\/fr_fr\/wp-json\/wp\/v2\/product\/3523\/revisions"}],"predecessor-version":[{"id":12654,"href":"https:\/\/artstella-elixirs-floraux.com\/fr_fr\/wp-json\/wp\/v2\/product\/3523\/revisions\/12654"}],"wp:featuredmedia":[{"embeddable":true,"href":"https:\/\/artstella-elixirs-floraux.com\/fr_fr\/wp-json\/wp\/v2\/media\/7649"}],"wp:attachment":[{"href":"https:\/\/artstella-elixirs-floraux.com\/fr_fr\/wp-json\/wp\/v2\/media?parent=3523"}],"wp:term":[{"taxonomy":"product_brand","embeddable":true,"href":"https:\/\/artstella-elixirs-floraux.com\/fr_fr\/wp-json\/wp\/v2\/product_brand?post=3523"},{"taxonomy":"product_cat","embeddable":true,"href":"https:\/\/artstella-elixirs-floraux.com\/fr_fr\/wp-json\/wp\/v2\/product_cat?post=3523"},{"taxonomy":"product_tag","embeddable":true,"href":"https:\/\/artstella-elixirs-floraux.com\/fr_fr\/wp-json\/wp\/v2\/product_tag?post=3523"}],"curies":[{"name":"wp","href":"https:\/\/api.w.org\/{rel}","templated":true}]}}