{"id":3533,"date":"2025-03-09T13:12:47","date_gmt":"2025-03-09T13:12:47","guid":{"rendered":"https:\/\/artstella-elixirs-floraux.com\/product\/1-andean-fire-ltoe-15-ml\/"},"modified":"2025-06-08T17:03:51","modified_gmt":"2025-06-08T17:03:51","slug":"1-andean-fire-ltoe-15-ml","status":"publish","type":"product","link":"https:\/\/artstella-elixirs-floraux.com\/fr_fr\/produit\/1-andean-fire-ltoe-15-ml\/","title":{"rendered":"1. ANDEAN FIRE LTOE 15 ML"},"content":{"rendered":"","protected":false},"excerpt":{"rendered":"<p><span style=\"color: #008000;\"><strong><em>Andean Fire\/ Feu des Andes<\/em><\/strong><\/span><br \/>\nIl aurait aussi pu s\u2019appeler \u00ab\u00a0Source de courage et raison d\u2019\u00eatre\u00a0\u00bb, en ce qu&rsquo;il aide \u00e0 faire face \u00e0 la souffrance humaine. B\u00e9n\u00e9fique quand on est accabl\u00e9, ou que l\u2019on doit relever des d\u00e9fis d\u2019ordre physique quasi-insurmontables. Indiqu\u00e9 pour les victimes de torture ou de grave sinistre, dans cette vie ou dans une vie ant\u00e9rieure.<\/p>\n","protected":false},"featured_media":10550,"template":"","meta":[],"product_brand":[],"product_cat":[95],"product_tag":[],"class_list":{"0":"post-3533","1":"product","2":"type-product","3":"status-publish","4":"has-post-thumbnail","6":"product_cat-les-elixirs-unitaires","8":"first","9":"instock","10":"taxable","11":"shipping-taxable","12":"purchasable","13":"product-type-simple"},"etheme_brands":{"errors":{"invalid_taxonomy":["Taxonomie non valide."]},"error_data":[]},"jetpack_sharing_enabled":true,"jetpack-related-posts":[{"id":3579,"url":"https:\/\/artstella-elixirs-floraux.com\/fr_fr\/produit\/17-fire-of-life-lto-15-ml\/","url_meta":{"origin":3533,"position":0},"title":"17. FIRE OF LIFE LTO 15 ML","author":"eveapprill","date":"9 mars 2025","format":false,"excerpt":"Fire of Life \/ Le feu de la vie : est le compl\u00e9ment masculin, Yang, de Furnace of Life. Son \u00e9nergie Yang aide les \u00e9nergies universelles les plus \u00e9lev\u00e9es \u00e0 s'incarner dans la conscience, et contribue \u00e0 ce que cette \u00e9nergie coule au centre de notre \u00eatre. Il donne le\u2026","rel":"","context":"Article similaire","block_context":{"text":"Article similaire","link":""},"img":{"alt_text":"","src":"https:\/\/i0.wp.com\/artstella-elixirs-floraux.com\/wp-content\/uploads\/2025\/03\/cffee8d9-4215-4261-9234-b57ae2c9070b.jpg?resize=350%2C200&ssl=1","width":350,"height":200,"srcset":"https:\/\/i0.wp.com\/artstella-elixirs-floraux.com\/wp-content\/uploads\/2025\/03\/cffee8d9-4215-4261-9234-b57ae2c9070b.jpg?resize=350%2C200&ssl=1 1x, https:\/\/i0.wp.com\/artstella-elixirs-floraux.com\/wp-content\/uploads\/2025\/03\/cffee8d9-4215-4261-9234-b57ae2c9070b.jpg?resize=525%2C300&ssl=1 1.5x, https:\/\/i0.wp.com\/artstella-elixirs-floraux.com\/wp-content\/uploads\/2025\/03\/cffee8d9-4215-4261-9234-b57ae2c9070b.jpg?resize=700%2C400&ssl=1 2x"},"classes":[]},{"id":2755,"url":"https:\/\/artstella-elixirs-floraux.com\/fr_fr\/produit\/fire-feu-bush-white-light\/","url_meta":{"origin":3533,"position":1},"title":"FIRE (Feu) BUSH WHITE LIGHT","author":"eveapprill","date":"9 mars 2025","format":false,"excerpt":"L'\u00c9LIXIR FEU (FIRE ESSENCE)a \u00e9t\u00e9 pr\u00e9par\u00e9 dans la zone sacr\u00e9e de Katajuta en Australie Centrale. Il contient l\u2019\u00e9nergie de passion, de cr\u00e9ation, des possibilit\u00e9s et du potentiel du Feu. Un aspect des quatre \u00e9lixirs des \u00e9l\u00e9ments (Feu, Eau, Air et Terre) ...","rel":"","context":"Article similaire","block_context":{"text":"Article similaire","link":""},"img":{"alt_text":"","src":"https:\/\/i0.wp.com\/artstella-elixirs-floraux.com\/wp-content\/uploads\/2025\/03\/f632d282-b8dc-4bcb-9292-c0f9db32d983.jpg?resize=350%2C200&ssl=1","width":350,"height":200,"srcset":"https:\/\/i0.wp.com\/artstella-elixirs-floraux.com\/wp-content\/uploads\/2025\/03\/f632d282-b8dc-4bcb-9292-c0f9db32d983.jpg?resize=350%2C200&ssl=1 1x, https:\/\/i0.wp.com\/artstella-elixirs-floraux.com\/wp-content\/uploads\/2025\/03\/f632d282-b8dc-4bcb-9292-c0f9db32d983.jpg?resize=525%2C300&ssl=1 1.5x, https:\/\/i0.wp.com\/artstella-elixirs-floraux.com\/wp-content\/uploads\/2025\/03\/f632d282-b8dc-4bcb-9292-c0f9db32d983.jpg?resize=700%2C400&ssl=1 2x"},"classes":[]},{"id":5873,"url":"https:\/\/artstella-elixirs-floraux.com\/fr_fr\/produit\/dragon-fire-15-ml\/","url_meta":{"origin":3533,"position":2},"title":"DRAGON FIRE 15 ML","author":"eveapprill","date":"9 mars 2025","format":false,"excerpt":"Dragon Fire Phragmipedium China Dragon Donne le courage et l\u2019\u00e9nergie d\u2019accueillir le pouvoir spirituel de transformation dans nos vies.","rel":"","context":"Article similaire","block_context":{"text":"Article similaire","link":""},"img":{"alt_text":"","src":"","width":0,"height":0},"classes":[]},{"id":6088,"url":"https:\/\/artstella-elixirs-floraux.com\/fr_fr\/produit\/higher-courage-ltoe-15ml\/","url_meta":{"origin":3533,"position":3},"title":"Higher Courage LTOE 15ml","author":"eveapprill","date":"9 mars 2025","format":false,"excerpt":"Higher Courage Phragmipedium besseae Grand Courage Gu\u00e9rit et ouvre le chakra du Coeur de fa\u00e7on \u00e0 ce que sa force et son courage soit r\u00e9tablis. L\u2019\u00e9lixir est associ\u00e9 \u00e0 Andean Fire (Feu des Andes). Pour des traumas de vie pass\u00e9e, prendre Andean Fire en premier lieu, puis enchainer avec Higher\u2026","rel":"","context":"Article similaire","block_context":{"text":"Article similaire","link":""},"img":{"alt_text":"","src":"","width":0,"height":0},"classes":[]},{"id":3523,"url":"https:\/\/artstella-elixirs-floraux.com\/fr_fr\/produit\/spirit-of-life-15-ml-lto\/","url_meta":{"origin":3533,"position":4},"title":"SPIRIT OF LIFE 15 ML LTO","author":"eveapprill","date":"9 mars 2025","format":false,"excerpt":"Spirit of life \/ Esprit de vie: contient Furnace of Life et Fire of Life. Cette pr\u00e9paration permet de lever les blocages au niveau des sch\u00e9mas ancestraux et \"tribaux\" contenus dans le premier et le deuxi\u00e8me chakra, permettant se centrer par rapport \u00e0 soi-m\u00eame.","rel":"","context":"Article similaire","block_context":{"text":"Article similaire","link":""},"img":{"alt_text":"","src":"https:\/\/i0.wp.com\/artstella-elixirs-floraux.com\/wp-content\/uploads\/2025\/03\/775f61b9-dca1-46e8-b2b1-240a49b4b68c.jpg?resize=350%2C200&ssl=1","width":350,"height":200,"srcset":"https:\/\/i0.wp.com\/artstella-elixirs-floraux.com\/wp-content\/uploads\/2025\/03\/775f61b9-dca1-46e8-b2b1-240a49b4b68c.jpg?resize=350%2C200&ssl=1 1x, https:\/\/i0.wp.com\/artstella-elixirs-floraux.com\/wp-content\/uploads\/2025\/03\/775f61b9-dca1-46e8-b2b1-240a49b4b68c.jpg?resize=525%2C300&ssl=1 1.5x, https:\/\/i0.wp.com\/artstella-elixirs-floraux.com\/wp-content\/uploads\/2025\/03\/775f61b9-dca1-46e8-b2b1-240a49b4b68c.jpg?resize=700%2C400&ssl=1 2x"},"classes":[]},{"id":4581,"url":"https:\/\/artstella-elixirs-floraux.com\/fr_fr\/produit\/coffret-pyramide-white-light\/","url_meta":{"origin":3533,"position":5},"title":"COFFRET PYRAMIDE WHITE LIGHT","author":"eveapprill","date":"9 mars 2025","format":false,"excerpt":"Le COFFRET PYRAMIDE WHITE LIGHT contient les 7 \u00e9lixirs White Light, Lumi\u00e8re Blanche, soit Water \/ Eau, Earth \/ Terre, Fire \/ feu, Air, Devic, Higher self \/ moi sup\u00e9rieur et Angelic \/ Ang\u00e9lique, un livret en anglais et 1 CD Le livret en fran\u00e7ais est offert dans la mesure\u2026","rel":"","context":"Article similaire","block_context":{"text":"Article similaire","link":""},"img":{"alt_text":"","src":"","width":0,"height":0},"classes":[]}],"_links":{"self":[{"href":"https:\/\/artstella-elixirs-floraux.com\/fr_fr\/wp-json\/wp\/v2\/product\/3533","targetHints":{"allow":["GET"]}}],"collection":[{"href":"https:\/\/artstella-elixirs-floraux.com\/fr_fr\/wp-json\/wp\/v2\/product"}],"about":[{"href":"https:\/\/artstella-elixirs-floraux.com\/fr_fr\/wp-json\/wp\/v2\/types\/product"}],"version-history":[{"count":0,"href":"https:\/\/artstella-elixirs-floraux.com\/fr_fr\/wp-json\/wp\/v2\/product\/3533\/revisions"}],"wp:featuredmedia":[{"embeddable":true,"href":"https:\/\/artstella-elixirs-floraux.com\/fr_fr\/wp-json\/wp\/v2\/media\/10550"}],"wp:attachment":[{"href":"https:\/\/artstella-elixirs-floraux.com\/fr_fr\/wp-json\/wp\/v2\/media?parent=3533"}],"wp:term":[{"taxonomy":"product_brand","embeddable":true,"href":"https:\/\/artstella-elixirs-floraux.com\/fr_fr\/wp-json\/wp\/v2\/product_brand?post=3533"},{"taxonomy":"product_cat","embeddable":true,"href":"https:\/\/artstella-elixirs-floraux.com\/fr_fr\/wp-json\/wp\/v2\/product_cat?post=3533"},{"taxonomy":"product_tag","embeddable":true,"href":"https:\/\/artstella-elixirs-floraux.com\/fr_fr\/wp-json\/wp\/v2\/product_tag?post=3533"}],"curies":[{"name":"wp","href":"https:\/\/api.w.org\/{rel}","templated":true}]}}