{"id":3536,"date":"2025-03-09T13:12:49","date_gmt":"2025-03-09T13:12:49","guid":{"rendered":"https:\/\/artstella-elixirs-floraux.com\/product\/2-angelic-canopy-ltoe-15-ml\/"},"modified":"2025-04-06T10:12:36","modified_gmt":"2025-04-06T10:12:36","slug":"2-angelic-canopy-ltoe-15-ml","status":"publish","type":"product","link":"https:\/\/artstella-elixirs-floraux.com\/fr_fr\/produit\/2-angelic-canopy-ltoe-15-ml\/","title":{"rendered":"Canop\u00e9e des Anges 15 ml LTOE"},"content":{"rendered":"<p>Le Canop\u00e9e des Anges &#8211; Vo\u00fbte c\u00e9leste est un \u00e9lixir d&rsquo;orchid\u00e9e incontournable qui offre un r\u00e9confort puissant aux c\u0153urs troubl\u00e9s. Id\u00e9al pour ceux qui traversent des p\u00e9riodes de deuil ou de d\u00e9sespoir, cet \u00e9lixir procure une sensation de s\u00e9curit\u00e9 et de calme, en aidant \u00e0 dissiper le r\u00e9flexe combat-fuite. Il favorise l&rsquo;alignement sur les v\u00e9ritables valeurs de la vie, en instillant la croyance que tout est possible pour ceux qui y croient. En plus de ses propri\u00e9t\u00e9s apaisantes pour l&rsquo;\u00e2me, cet \u00e9lixir s&rsquo;av\u00e8re excellent pour purifier les espaces et les cristaux, apportant une \u00e9nergie positive et revitalisante dans votre environnement.<\/p>\n","protected":false},"excerpt":{"rendered":"<p><span style=\"color: #000000;\"><strong>Canop\u00e9e des Anges &#8211; Vo\u00fbte c\u00e9leste\/<\/strong><strong>Angelic Canopy<\/strong> <\/span>(Laeliocattleya Angel Love)<br \/>\nSi vous ne devez choisir qu\u2019un seul \u00e9lixir d\u2019orchid\u00e9e LT, optez pour celui-ci. D\u2019une grande utilit\u00e9 de nos jours, il apaise l\u2019\u00e2me troubl\u00e9e et r\u00e9conforte ceux qui vivent le deuil ou le d\u00e9sespoir.<\/p>\n","protected":false},"featured_media":6860,"template":"","meta":[],"product_brand":[],"product_cat":[95],"product_tag":[],"class_list":{"0":"post-3536","1":"product","2":"type-product","3":"status-publish","4":"has-post-thumbnail","6":"product_cat-les-elixirs-unitaires","8":"first","9":"instock","10":"taxable","11":"shipping-taxable","12":"purchasable","13":"product-type-simple"},"etheme_brands":{"errors":{"invalid_taxonomy":["Taxonomie non valide."]},"error_data":[]},"jetpack_sharing_enabled":true,"jetpack-related-posts":[{"id":3748,"url":"https:\/\/artstella-elixirs-floraux.com\/fr_fr\/produit\/nuns-dome-coiffe-cuba-15ml-phi\/","url_meta":{"origin":3536,"position":0},"title":"NUNS DOME COIFFE (CUBA) 15ML PHI","author":"eveapprill","date":"9 mars 2025","format":false,"excerpt":"NONNENHAUBE Prosthechea cochleata\u00a0\u00ab\u00a0Voilette de nonne\u00a0\u00bbOrchid\u00e9e en forme d\u2019ange avec une voilette sur la t\u00eate. C\u2019est une esp\u00e8ce end\u00e9mique des Cara\u00efbes.","rel":"","context":"Article similaire","block_context":{"text":"Article similaire","link":""},"img":{"alt_text":"","src":"","width":0,"height":0},"classes":[]},{"id":3699,"url":"https:\/\/artstella-elixirs-floraux.com\/fr_fr\/produit\/angelic-canopy-blue-spray\/","url_meta":{"origin":3536,"position":1},"title":"ANGELIC CANOPY BLUE SPRAY","author":"eveapprill","date":"5 septembre 2025","format":false,"excerpt":"Angelic canopy (La canop\u00e9e des Anges) Un spray tr\u00e8s puissant pour nettoyer l\u2019aura, mais aussi les espaces de vie et de travail. Profond\u00e9ment rassurant, il agit comme un baume pour l\u2019\u00e2me troubl\u00e9e. Nourrit ceux qui sont en grande peine, ont perdu l\u2019espoir. Peut \u00eatre donn\u00e9 aux animaux. Permet de mieux\u2026","rel":"","context":"Article similaire","block_context":{"text":"Article similaire","link":""},"img":{"alt_text":"","src":"https:\/\/i0.wp.com\/artstella-elixirs-floraux.com\/wp-content\/uploads\/2025\/03\/Angelic-Canopy-Blue-500.jpg?resize=350%2C200&ssl=1","width":350,"height":200},"classes":[]},{"id":3665,"url":"https:\/\/artstella-elixirs-floraux.com\/fr_fr\/produit\/58-shadow-warrior-lto-15-ml\/","url_meta":{"origin":3536,"position":2},"title":"58. SHADOW WARRIOR LTO 15 ML","author":"eveapprill","date":"9 mars 2025","format":false,"excerpt":"Shadow warrior \/Le guerrier de l'ombre Une orchid\u00e9e extraordinaire\u2026 L'\u00e9lixir a \u00e9t\u00e9 r\u00e9alis\u00e9 pour mieux\u00a0 int\u00e9grer l'ombre sur le chemin de notre \u00e2me vers la lumi\u00e8re.","rel":"","context":"Article similaire","block_context":{"text":"Article similaire","link":""},"img":{"alt_text":"","src":"https:\/\/i0.wp.com\/artstella-elixirs-floraux.com\/wp-content\/uploads\/2025\/03\/82238735-1972-4453-8b4d-001baabff31a.jpg?resize=350%2C200&ssl=1","width":350,"height":200,"srcset":"https:\/\/i0.wp.com\/artstella-elixirs-floraux.com\/wp-content\/uploads\/2025\/03\/82238735-1972-4453-8b4d-001baabff31a.jpg?resize=350%2C200&ssl=1 1x, https:\/\/i0.wp.com\/artstella-elixirs-floraux.com\/wp-content\/uploads\/2025\/03\/82238735-1972-4453-8b4d-001baabff31a.jpg?resize=525%2C300&ssl=1 1.5x, https:\/\/i0.wp.com\/artstella-elixirs-floraux.com\/wp-content\/uploads\/2025\/03\/82238735-1972-4453-8b4d-001baabff31a.jpg?resize=700%2C400&ssl=1 2x"},"classes":[]},{"id":3766,"url":"https:\/\/artstella-elixirs-floraux.com\/fr_fr\/produit\/angel-of-protection-orch-phiphi\/","url_meta":{"origin":3536,"position":3},"title":"ANGEL OF PROTECTION ORCH PHI","author":"eveapprill","date":"9 mars 2025","format":false,"excerpt":"Angel of protection orchid (Miltonia phalaenopsis) Pour les \u00eatres fins et sensibles, expos\u00e9s aux hostilit\u00e9s d'un environnement difficile et qui ont besoin de mani\u00e8re urgente d'un \u00e9cran protecteur. L'\u00e9lixir am\u00e9liore la communication avec nos anges gardiens.","rel":"","context":"Article similaire","block_context":{"text":"Article similaire","link":""},"img":{"alt_text":"","src":"https:\/\/i0.wp.com\/artstella-elixirs-floraux.com\/wp-content\/uploads\/2025\/03\/wp-image502.png?resize=350%2C200&ssl=1","width":350,"height":200},"classes":[]},{"id":3575,"url":"https:\/\/artstella-elixirs-floraux.com\/fr_fr\/produit\/protection-de-lobscurite-ltoe-15-ml\/","url_meta":{"origin":3536,"position":4},"title":"Protection de l\u2019obscurit\u00e9 LTOE 15 ml","author":"eveapprill","date":"9 mars 2025","format":false,"excerpt":"Protection de l\u2019obscurit\u00e9 L\u2019\u00e9lixir connecte fortement\u00a0 le 1er chakra \u00e0 la terre \u00e0 travers les chakras de la vo\u00fbte plantaire. L\u2019abdomen et la poitrine sont comme prot\u00e9g\u00e9s par une armure. L\u2019\u00e9lixir nous prot\u00e8ge jusqu\u2019au c\u0153ur des \u00e9nergies de nos \u00ab\u00a0d\u00e9mons\u00a0\u00bb conscients ou inconscients","rel":"","context":"Article similaire","block_context":{"text":"Article similaire","link":""},"img":{"alt_text":"","src":"https:\/\/i0.wp.com\/artstella-elixirs-floraux.com\/wp-content\/uploads\/2025\/03\/68615fd6-50d6-4881-8541-288343b719b2.jpg?resize=350%2C200&ssl=1","width":350,"height":200,"srcset":"https:\/\/i0.wp.com\/artstella-elixirs-floraux.com\/wp-content\/uploads\/2025\/03\/68615fd6-50d6-4881-8541-288343b719b2.jpg?resize=350%2C200&ssl=1 1x, https:\/\/i0.wp.com\/artstella-elixirs-floraux.com\/wp-content\/uploads\/2025\/03\/68615fd6-50d6-4881-8541-288343b719b2.jpg?resize=525%2C300&ssl=1 1.5x, https:\/\/i0.wp.com\/artstella-elixirs-floraux.com\/wp-content\/uploads\/2025\/03\/68615fd6-50d6-4881-8541-288343b719b2.jpg?resize=700%2C400&ssl=1 2x"},"classes":[]},{"id":12249,"url":"https:\/\/artstella-elixirs-floraux.com\/fr_fr\/produit\/5-orchidee-de-lintuition-spathoglottis-plicata-sylfos\/","url_meta":{"origin":3536,"position":5},"title":"05. ORCHID\u00c9E DE L\u2019INTUITION Spathoglottis plicata Sylfos","author":"eveapprill","date":"13 mars 2026","format":false,"excerpt":"\u00c9lixir d\u2019intuition et de clart\u00e9 int\u00e9rieure. Ouvre la perception subtile, apaise le mental et renforce la confiance dans la voix int\u00e9rieure.","rel":"","context":"Article similaire","block_context":{"text":"Article similaire","link":""},"img":{"alt_text":"","src":"https:\/\/i0.wp.com\/artstella-elixirs-floraux.com\/wp-content\/uploads\/2026\/03\/5_intuicion_-WEB.png?resize=350%2C200&ssl=1","width":350,"height":200},"classes":[]}],"_links":{"self":[{"href":"https:\/\/artstella-elixirs-floraux.com\/fr_fr\/wp-json\/wp\/v2\/product\/3536","targetHints":{"allow":["GET"]}}],"collection":[{"href":"https:\/\/artstella-elixirs-floraux.com\/fr_fr\/wp-json\/wp\/v2\/product"}],"about":[{"href":"https:\/\/artstella-elixirs-floraux.com\/fr_fr\/wp-json\/wp\/v2\/types\/product"}],"version-history":[{"count":0,"href":"https:\/\/artstella-elixirs-floraux.com\/fr_fr\/wp-json\/wp\/v2\/product\/3536\/revisions"}],"wp:featuredmedia":[{"embeddable":true,"href":"https:\/\/artstella-elixirs-floraux.com\/fr_fr\/wp-json\/wp\/v2\/media\/6860"}],"wp:attachment":[{"href":"https:\/\/artstella-elixirs-floraux.com\/fr_fr\/wp-json\/wp\/v2\/media?parent=3536"}],"wp:term":[{"taxonomy":"product_brand","embeddable":true,"href":"https:\/\/artstella-elixirs-floraux.com\/fr_fr\/wp-json\/wp\/v2\/product_brand?post=3536"},{"taxonomy":"product_cat","embeddable":true,"href":"https:\/\/artstella-elixirs-floraux.com\/fr_fr\/wp-json\/wp\/v2\/product_cat?post=3536"},{"taxonomy":"product_tag","embeddable":true,"href":"https:\/\/artstella-elixirs-floraux.com\/fr_fr\/wp-json\/wp\/v2\/product_tag?post=3536"}],"curies":[{"name":"wp","href":"https:\/\/api.w.org\/{rel}","templated":true}]}}