{"id":3542,"date":"2025-03-09T13:12:52","date_gmt":"2025-03-09T13:12:52","guid":{"rendered":"https:\/\/artstella-elixirs-floraux.com\/product\/4-behold-the-silence-ltoe-15-ml\/"},"modified":"2025-04-06T10:11:23","modified_gmt":"2025-04-06T10:11:23","slug":"contemplation-du-silence-15-ml","status":"publish","type":"product","link":"https:\/\/artstella-elixirs-floraux.com\/fr_fr\/produit\/contemplation-du-silence-15-ml\/","title":{"rendered":"Contemplation du silence 15 ML"},"content":{"rendered":"<p><strong>Contemplation du silence \/ <\/strong><strong>Behold the Silence<\/strong> (Comparetia macroplectron &#8211; Colombie)<br \/>\nCet \u00e9lixir invite \u00e0 entrer dans le silence profond de l\u2019\u00eatre universel et de cr\u00e9er une nouvelle relation avec l\u2019avenir. Lorsque le futur devient de plus en plus pr\u00e9sent dans ce silence int\u00e9rieur, il y a un l\u00e2cher-prise du pass\u00e9 qui dissipe nos actions ant\u00e9rieures ou karma. Ce qui reste : l\u2019action libre. Ajoutez 4 gouttes de cet \u00e9lixir \u00e0 une petite quantit\u00e9 d\u2019eau et gardez en bouche pendant 15 secondes. L\u2019\u00e9nergie est absorb\u00e9e par le palais pour atteindre le chakra coronal. Cet \u00e9lixir favorise la m\u00e9ditation et la qu\u00eate de la vision, pr\u00e9pare bien \u00e0 diff\u00e9rents rituels, et \u00e9veille la conscience \u00e0 l\u2019aspect sacr\u00e9 de la nature.<\/p>\n","protected":false},"excerpt":{"rendered":"<p><span style=\"color: #008000;\"><strong>Contemplation du silence \/ <\/strong><strong>Behold the Silence<\/strong> <\/span>(Comparetia macroplectron &#8211; Colombie) Cet \u00e9lixir invite \u00e0 entrer dans le silence profond de l\u2019\u00eatre universel et de cr\u00e9er une nouvelle relation avec l\u2019avenir. Lorsque le futur devient de plus en plus pr\u00e9sent dans ce silence int\u00e9rieur,<\/p>\n","protected":false},"featured_media":7546,"template":"","meta":[],"product_brand":[],"product_cat":[95],"product_tag":[],"class_list":{"0":"post-3542","1":"product","2":"type-product","3":"status-publish","4":"has-post-thumbnail","6":"product_cat-les-elixirs-unitaires","8":"first","9":"instock","10":"taxable","11":"shipping-taxable","12":"purchasable","13":"product-type-simple"},"etheme_brands":{"errors":{"invalid_taxonomy":["Taxonomie non valide."]},"error_data":[]},"jetpack_sharing_enabled":true,"jetpack-related-posts":[{"id":3557,"url":"https:\/\/artstella-elixirs-floraux.com\/fr_fr\/produit\/9-celestial-siren-ltoe-15-ml\/","url_meta":{"origin":3542,"position":0},"title":"9. CELESTIAL SIREN LTOE 15 ML","author":"eveapprill","date":"9 mars 2025","format":false,"excerpt":"Celestial siren \/ Sir\u00e8ne c\u00e9leste (Dendrobium lawesii)Favorable \u00e0 la m\u00e9ditation. Permet d\u2019atteindre une attitude int\u00e9rieure de calme et de silence. Les pens\u00e9es n\u00e9gatives sont souffl\u00e9es telles des bougies.","rel":"","context":"Article similaire","block_context":{"text":"Article similaire","link":""},"img":{"alt_text":"","src":"https:\/\/i0.wp.com\/artstella-elixirs-floraux.com\/wp-content\/uploads\/2025\/03\/f89166a4-b22a-4ff5-9fa5-1b29deb20102.jpg?resize=350%2C200&ssl=1","width":350,"height":200,"srcset":"https:\/\/i0.wp.com\/artstella-elixirs-floraux.com\/wp-content\/uploads\/2025\/03\/f89166a4-b22a-4ff5-9fa5-1b29deb20102.jpg?resize=350%2C200&ssl=1 1x, https:\/\/i0.wp.com\/artstella-elixirs-floraux.com\/wp-content\/uploads\/2025\/03\/f89166a4-b22a-4ff5-9fa5-1b29deb20102.jpg?resize=525%2C300&ssl=1 1.5x, https:\/\/i0.wp.com\/artstella-elixirs-floraux.com\/wp-content\/uploads\/2025\/03\/f89166a4-b22a-4ff5-9fa5-1b29deb20102.jpg?resize=700%2C400&ssl=1 2x"},"classes":[]},{"id":12261,"url":"https:\/\/artstella-elixirs-floraux.com\/fr_fr\/produit\/8-orchidee-de-la-meditation-pleurothallis-revoluta-sylfos\/","url_meta":{"origin":3542,"position":1},"title":"08. ORCHID\u00c9E DE LA M\u00c9DITATION Pleurothallis revoluta Sylfos","author":"eveapprill","date":"13 mars 2026","format":false,"excerpt":"\u00c9lixir de\u00a0silence int\u00e9rieur et de pr\u00e9sence consciente. Apaise le mental, facilite la m\u00e9ditation et ouvre la voie \u00e0 une perception spirituelle claire.","rel":"","context":"Article similaire","block_context":{"text":"Article similaire","link":""},"img":{"alt_text":"","src":"https:\/\/i0.wp.com\/artstella-elixirs-floraux.com\/wp-content\/uploads\/2026\/03\/08_MEDITACION-WEB-1.png?resize=350%2C200&ssl=1","width":350,"height":200},"classes":[]},{"id":6304,"url":"https:\/\/artstella-elixirs-floraux.com\/fr_fr\/produit\/coming-home-15-ml-ltoe\/","url_meta":{"origin":3542,"position":2},"title":"COMING HOME 15 ml LTOE","author":"eveapprill","date":"9 mars 2025","format":false,"excerpt":"Coming Home \/ Rentrer chez soi \u00a0(Behold the Silence, Boundless Peace, Mercutio, Purity of Heart, renewing Life, Unconditionnal Snuggles) Apaisant, relaxant et enracinant. Apporte de l\u2019\u00e9nergie dans les chakras inf\u00e9rieurs (1er, 2\u00e8me , 3\u00e8me) de m\u00eame qu\u2019au chakra du c\u0153ur, apportant une l\u00e9g\u00e8ret\u00e9 de l\u2019\u00eatre.","rel":"","context":"Article similaire","block_context":{"text":"Article similaire","link":""},"img":{"alt_text":"","src":"https:\/\/i0.wp.com\/artstella-elixirs-floraux.com\/wp-content\/uploads\/2025\/03\/873ab185-7c2b-45dd-ad29-abfd6728c3f8.jpg?resize=350%2C200&ssl=1","width":350,"height":200,"srcset":"https:\/\/i0.wp.com\/artstella-elixirs-floraux.com\/wp-content\/uploads\/2025\/03\/873ab185-7c2b-45dd-ad29-abfd6728c3f8.jpg?resize=350%2C200&ssl=1 1x, https:\/\/i0.wp.com\/artstella-elixirs-floraux.com\/wp-content\/uploads\/2025\/03\/873ab185-7c2b-45dd-ad29-abfd6728c3f8.jpg?resize=525%2C300&ssl=1 1.5x, https:\/\/i0.wp.com\/artstella-elixirs-floraux.com\/wp-content\/uploads\/2025\/03\/873ab185-7c2b-45dd-ad29-abfd6728c3f8.jpg?resize=700%2C400&ssl=1 2x"},"classes":[]},{"id":6185,"url":"https:\/\/artstella-elixirs-floraux.com\/fr_fr\/produit\/celebration-15-ml-ltoe\/","url_meta":{"origin":3542,"position":3},"title":"CELEBRATION 15 ML LTOE","author":"eveapprill","date":"9 mars 2025","format":false,"excerpt":"Celestial siren - Sir\u00e8ne c\u00e9leste (Dendrobium lawesii) Favorable \u00e0 la m\u00e9ditation. Permet d\u2019atteindre une attitude int\u00e9rieure de calme et de silence. Les pens\u00e9es n\u00e9gatives sont souffl\u00e9es telles des bougies.\u00a0","rel":"","context":"Article similaire","block_context":{"text":"Article similaire","link":""},"img":{"alt_text":"","src":"https:\/\/i0.wp.com\/artstella-elixirs-floraux.com\/wp-content\/uploads\/2025\/03\/0597375b-4703-441c-a0c7-7bfc63b4e47c.jpg?resize=350%2C200&ssl=1","width":350,"height":200,"srcset":"https:\/\/i0.wp.com\/artstella-elixirs-floraux.com\/wp-content\/uploads\/2025\/03\/0597375b-4703-441c-a0c7-7bfc63b4e47c.jpg?resize=350%2C200&ssl=1 1x, https:\/\/i0.wp.com\/artstella-elixirs-floraux.com\/wp-content\/uploads\/2025\/03\/0597375b-4703-441c-a0c7-7bfc63b4e47c.jpg?resize=525%2C300&ssl=1 1.5x, https:\/\/i0.wp.com\/artstella-elixirs-floraux.com\/wp-content\/uploads\/2025\/03\/0597375b-4703-441c-a0c7-7bfc63b4e47c.jpg?resize=700%2C400&ssl=1 2x"},"classes":[]},{"id":3092,"url":"https:\/\/artstella-elixirs-floraux.com\/fr_fr\/produit\/teide-phi-15-ml\/","url_meta":{"origin":3542,"position":4},"title":"TEIDE PHI 15 ML","author":"eveapprill","date":"9 mars 2025","format":false,"excerpt":"\u00c9lixir du volcan Te\u00efde Cet \u00e9lixir environnemental a \u00e9t\u00e9 r\u00e9alis\u00e9 sur le volcan du Te\u00efde ( 3 718 m) qui domine l\u2019\u00eele de T\u00e9n\u00e9riffe aux Canaries. Son action\u00a0: l\u2019\u00e9lixir permet \u00e0 la conscience de descendre au plan cellulaire, jusqu\u2019aux plus petites structures.","rel":"","context":"Article similaire","block_context":{"text":"Article similaire","link":""},"img":{"alt_text":"","src":"","width":0,"height":0},"classes":[]},{"id":3843,"url":"https:\/\/artstella-elixirs-floraux.com\/fr_fr\/produit\/delph-dauphin-15-ml-phi\/","url_meta":{"origin":3542,"position":5},"title":"DELPH Elixir des Dauphins PHI","author":"eveapprill","date":"9 mars 2025","format":false,"excerpt":"Delph (Tursiops truncatus) Delph est un \u00e9lixir \u00e0 part. Il a pu \u00eatre r\u00e9alis\u00e9 avec l\u2019aide des dauphins dans la mer. existe aussi en spray, en cr\u00e8me et en pendentif","rel":"","context":"Article similaire","block_context":{"text":"Article similaire","link":""},"img":{"alt_text":"","src":"","width":0,"height":0},"classes":[]}],"_links":{"self":[{"href":"https:\/\/artstella-elixirs-floraux.com\/fr_fr\/wp-json\/wp\/v2\/product\/3542","targetHints":{"allow":["GET"]}}],"collection":[{"href":"https:\/\/artstella-elixirs-floraux.com\/fr_fr\/wp-json\/wp\/v2\/product"}],"about":[{"href":"https:\/\/artstella-elixirs-floraux.com\/fr_fr\/wp-json\/wp\/v2\/types\/product"}],"version-history":[{"count":0,"href":"https:\/\/artstella-elixirs-floraux.com\/fr_fr\/wp-json\/wp\/v2\/product\/3542\/revisions"}],"wp:featuredmedia":[{"embeddable":true,"href":"https:\/\/artstella-elixirs-floraux.com\/fr_fr\/wp-json\/wp\/v2\/media\/7546"}],"wp:attachment":[{"href":"https:\/\/artstella-elixirs-floraux.com\/fr_fr\/wp-json\/wp\/v2\/media?parent=3542"}],"wp:term":[{"taxonomy":"product_brand","embeddable":true,"href":"https:\/\/artstella-elixirs-floraux.com\/fr_fr\/wp-json\/wp\/v2\/product_brand?post=3542"},{"taxonomy":"product_cat","embeddable":true,"href":"https:\/\/artstella-elixirs-floraux.com\/fr_fr\/wp-json\/wp\/v2\/product_cat?post=3542"},{"taxonomy":"product_tag","embeddable":true,"href":"https:\/\/artstella-elixirs-floraux.com\/fr_fr\/wp-json\/wp\/v2\/product_tag?post=3542"}],"curies":[{"name":"wp","href":"https:\/\/api.w.org\/{rel}","templated":true}]}}