{"id":3545,"date":"2025-03-09T13:12:54","date_gmt":"2025-03-09T13:12:54","guid":{"rendered":"https:\/\/artstella-elixirs-floraux.com\/product\/5-being-in-grace-ltoe-15-ml\/"},"modified":"2025-04-06T10:11:23","modified_gmt":"2025-04-06T10:11:23","slug":"5-being-in-grace-ltoe-15-ml","status":"publish","type":"product","link":"https:\/\/artstella-elixirs-floraux.com\/fr_fr\/produit\/5-being-in-grace-ltoe-15-ml\/","title":{"rendered":"5. BEING IN GRACE LTOE 15 ML"},"content":{"rendered":"<p><span style=\"color: #008000;\"><strong>\u00c9tat de gr\u00e2ce \/ <\/strong><strong>Being in Grace<\/strong> <\/span>(Ascocenda Princes Mikasa)<br \/>\nCet \u00e9lixir fut cr\u00e9\u00e9 \u00e0 partir d\u2019une Vanda \u00e0 grosses fleurs d\u2019un violet vif. La couleur de la fleur est centrale au processus de gu\u00e9rison. L\u2019\u00e9lixir p\u00e9n\u00e8tre profond\u00e9ment dans le centre \u00e9motif du cerveau pour balayer les anciennes douleurs affectives qui se manifestent par des maladies physiques ou par des blocages \u00e9nerg\u00e9tiques. Il soulage les tensions dans le m\u00e9ridien du rein.<\/p>\n","protected":false},"excerpt":{"rendered":"<p><span style=\"color: #008000;\"><strong>\u00c9tat de gr\u00e2ce \/ <\/strong><strong>Being in Grace<\/strong><\/span> (Ascocenda Princes Mikasa)<br \/>\nCet \u00e9lixir fut cr\u00e9\u00e9 \u00e0 partir d\u2019une Vanda \u00e0 grosses fleurs d\u2019un violet vif. La couleur de la fleur est centrale au processus de gu\u00e9rison.<\/p>\n","protected":false},"featured_media":7709,"template":"","meta":[],"product_brand":[],"product_cat":[95],"product_tag":[],"class_list":{"0":"post-3545","1":"product","2":"type-product","3":"status-publish","4":"has-post-thumbnail","6":"product_cat-les-elixirs-unitaires","8":"first","9":"instock","10":"taxable","11":"shipping-taxable","12":"purchasable","13":"product-type-simple"},"etheme_brands":{"errors":{"invalid_taxonomy":["Taxonomie non valide."]},"error_data":[]},"jetpack_sharing_enabled":true,"jetpack-related-posts":[{"id":3548,"url":"https:\/\/artstella-elixirs-floraux.com\/fr_fr\/produit\/6-being-in-time-ltoe-15-ml\/","url_meta":{"origin":3545,"position":0},"title":"6. BEING IN TIME LTOE 15 ML","author":"eveapprill","date":"9 mars 2025","format":false,"excerpt":"Harmonisation horaire\/Being in Time (Phragmipedium Ainsworthii) Cet \u00e9lixir ram\u00e8ne le corps dans les 3 dimensions du moment pr\u00e9sent. Il s\u2019av\u00e8re \u00eatre un excellent outil th\u00e9rapeutique, invitant la personne \u00e0 prendre contact avec la partie inf\u00e9rieure de son corps et \u00e0 y habiter","rel":"","context":"Article similaire","block_context":{"text":"Article similaire","link":""},"img":{"alt_text":"","src":"https:\/\/i0.wp.com\/artstella-elixirs-floraux.com\/wp-content\/uploads\/2025\/03\/1a7b9608-2c6d-4c38-8343-d074457b4e40.jpg?resize=350%2C200&ssl=1","width":350,"height":200,"srcset":"https:\/\/i0.wp.com\/artstella-elixirs-floraux.com\/wp-content\/uploads\/2025\/03\/1a7b9608-2c6d-4c38-8343-d074457b4e40.jpg?resize=350%2C200&ssl=1 1x, https:\/\/i0.wp.com\/artstella-elixirs-floraux.com\/wp-content\/uploads\/2025\/03\/1a7b9608-2c6d-4c38-8343-d074457b4e40.jpg?resize=525%2C300&ssl=1 1.5x, https:\/\/i0.wp.com\/artstella-elixirs-floraux.com\/wp-content\/uploads\/2025\/03\/1a7b9608-2c6d-4c38-8343-d074457b4e40.jpg?resize=700%2C400&ssl=1 2x"},"classes":[]},{"id":4518,"url":"https:\/\/artstella-elixirs-floraux.com\/fr_fr\/produit\/rq7\/","url_meta":{"origin":3545,"position":1},"title":"RQ7 15ml","author":"eveapprill","date":"27 mai 2025","format":false,"excerpt":"RQ7 M\u00e9lange de fleurs faisant partie de la gamme des fleurs classiques mises au point par le Dr Bach. Cet \u00e9lixir correspond au rem\u00e8de d\u2019urgence traditionnel. A. Korte y a ajout\u00e9 le Lotus pour l\u2019harmonisation et la Brunelle pour l\u2019auto gu\u00e9rison. Cet \u00e9lixir combat le stress, r\u00e9\u00e9quilibre et r\u00e9 harmonise\u2026","rel":"","context":"Article similaire","block_context":{"text":"Article similaire","link":""},"img":{"alt_text":"","src":"","width":0,"height":0},"classes":[]},{"id":3566,"url":"https:\/\/artstella-elixirs-floraux.com\/fr_fr\/produit\/12-core-of-being-ltoe-15-ml\/","url_meta":{"origin":3545,"position":2},"title":"12. CORE OF BEING LTOE 15 ML","author":"eveapprill","date":"9 mars 2025","format":false,"excerpt":"Tr\u00e9fonds de l\u2019\u00eatre\/Core of Being (Nanodes medusae\u00a0\u00a0 (\u00c9quateur) Voici un \u00e9lixir tr\u00e8s efficace pour se r\u00e9aligner sur son axe spirituel. Il p\u00e9n\u00e8tre le corps causal (lumi\u00e8re blanche spirituelle).","rel":"","context":"Article similaire","block_context":{"text":"Article similaire","link":""},"img":{"alt_text":"","src":"https:\/\/i0.wp.com\/artstella-elixirs-floraux.com\/wp-content\/uploads\/2025\/03\/68ad64f9-1ba6-47fd-af78-70df93f47b98.jpg?resize=350%2C200&ssl=1","width":350,"height":200,"srcset":"https:\/\/i0.wp.com\/artstella-elixirs-floraux.com\/wp-content\/uploads\/2025\/03\/68ad64f9-1ba6-47fd-af78-70df93f47b98.jpg?resize=350%2C200&ssl=1 1x, https:\/\/i0.wp.com\/artstella-elixirs-floraux.com\/wp-content\/uploads\/2025\/03\/68ad64f9-1ba6-47fd-af78-70df93f47b98.jpg?resize=525%2C300&ssl=1 1.5x, https:\/\/i0.wp.com\/artstella-elixirs-floraux.com\/wp-content\/uploads\/2025\/03\/68ad64f9-1ba6-47fd-af78-70df93f47b98.jpg?resize=700%2C400&ssl=1 2x"},"classes":[]},{"id":5241,"url":"https:\/\/artstella-elixirs-floraux.com\/fr_fr\/produit\/les-nouveaux-elixirs-floraux-par-a-korte\/","url_meta":{"origin":3545,"position":3},"title":"Les nouveaux \u00e9lixirs floraux par A. Korte","author":"eveapprill","date":"9 mars 2025","format":false,"excerpt":"Ce guide d\u2019utilisation est une mine d\u2019informations pour ceux qui veulent aller plus loin et mieux conna\u00eetre le travail d\u2019Andr\u00e9as Korte, mais aussi pour tous ceux qui connaissent d\u00e9j\u00e0 les \u00e9lixirs et souhaitent en savoir plus, notamment \u00e0 propos des fleurs classiques (fleurs de Bach) ou des fleurs sauvages que\u2026","rel":"","context":"Article similaire","block_context":{"text":"Article similaire","link":""},"img":{"alt_text":"","src":"https:\/\/i0.wp.com\/artstella-elixirs-floraux.com\/wp-content\/uploads\/2025\/03\/wp-image2372.png?resize=350%2C200&ssl=1","width":350,"height":200,"srcset":"https:\/\/i0.wp.com\/artstella-elixirs-floraux.com\/wp-content\/uploads\/2025\/03\/wp-image2372.png?resize=350%2C200&ssl=1 1x, https:\/\/i0.wp.com\/artstella-elixirs-floraux.com\/wp-content\/uploads\/2025\/03\/wp-image2372.png?resize=525%2C300&ssl=1 1.5x, https:\/\/i0.wp.com\/artstella-elixirs-floraux.com\/wp-content\/uploads\/2025\/03\/wp-image2372.png?resize=700%2C400&ssl=1 2x"},"classes":[]},{"id":4175,"url":"https:\/\/artstella-elixirs-floraux.com\/fr_fr\/produit\/rafael-messagers-sylfos-15ml\/","url_meta":{"origin":3545,"position":4},"title":"RAFAEL (MESSAGERS) SYLFOS 15ML","author":"eveapprill","date":"9 mars 2025","format":false,"excerpt":"RAFAEL\u00a0 Int\u00e9grit\u00e9, Gu\u00e9rison, Reconstituant, Unit\u00e9, Perfection profonde. \u00a0 R\u00e9tablit l\u2019Int\u00e9grit\u00e9, ramenant un r\u00e9el \u00e9tat d\u2019\u00e9quilibre, d\u2019harmonie et de gr\u00e2ce.","rel":"","context":"Article similaire","block_context":{"text":"Article similaire","link":""},"img":{"alt_text":"","src":"","width":0,"height":0},"classes":[]},{"id":4912,"url":"https:\/\/artstella-elixirs-floraux.com\/fr_fr\/produit\/dwarf-fireweed-alaskan-f-sup\/","url_meta":{"origin":3545,"position":5},"title":"DWARF FIREWEED ALASKAN F SUP","author":"eveapprill","date":"9 mars 2025","format":false,"excerpt":"DWARF FIREWEED Indications : attachement au mal ; faire les choses la dure ; d\u00e9bord\u00e9 pendant tout type de processus de gu\u00e9rison transformatrice.","rel":"","context":"Article similaire","block_context":{"text":"Article similaire","link":""},"img":{"alt_text":"","src":"https:\/\/i0.wp.com\/artstella-elixirs-floraux.com\/wp-content\/uploads\/2025\/03\/wp-image1383.png?resize=350%2C200&ssl=1","width":350,"height":200},"classes":[]}],"_links":{"self":[{"href":"https:\/\/artstella-elixirs-floraux.com\/fr_fr\/wp-json\/wp\/v2\/product\/3545","targetHints":{"allow":["GET"]}}],"collection":[{"href":"https:\/\/artstella-elixirs-floraux.com\/fr_fr\/wp-json\/wp\/v2\/product"}],"about":[{"href":"https:\/\/artstella-elixirs-floraux.com\/fr_fr\/wp-json\/wp\/v2\/types\/product"}],"version-history":[{"count":0,"href":"https:\/\/artstella-elixirs-floraux.com\/fr_fr\/wp-json\/wp\/v2\/product\/3545\/revisions"}],"wp:featuredmedia":[{"embeddable":true,"href":"https:\/\/artstella-elixirs-floraux.com\/fr_fr\/wp-json\/wp\/v2\/media\/7709"}],"wp:attachment":[{"href":"https:\/\/artstella-elixirs-floraux.com\/fr_fr\/wp-json\/wp\/v2\/media?parent=3545"}],"wp:term":[{"taxonomy":"product_brand","embeddable":true,"href":"https:\/\/artstella-elixirs-floraux.com\/fr_fr\/wp-json\/wp\/v2\/product_brand?post=3545"},{"taxonomy":"product_cat","embeddable":true,"href":"https:\/\/artstella-elixirs-floraux.com\/fr_fr\/wp-json\/wp\/v2\/product_cat?post=3545"},{"taxonomy":"product_tag","embeddable":true,"href":"https:\/\/artstella-elixirs-floraux.com\/fr_fr\/wp-json\/wp\/v2\/product_tag?post=3545"}],"curies":[{"name":"wp","href":"https:\/\/api.w.org\/{rel}","templated":true}]}}