{"id":3551,"date":"2025-03-09T13:12:56","date_gmt":"2025-03-09T13:12:56","guid":{"rendered":"https:\/\/artstella-elixirs-floraux.com\/product\/7-boundless-peace-ltoe-15-ml\/"},"modified":"2025-06-08T16:18:43","modified_gmt":"2025-06-08T16:18:43","slug":"7-boundless-peace-ltoe-15-ml","status":"publish","type":"product","link":"https:\/\/artstella-elixirs-floraux.com\/fr_fr\/produit\/7-boundless-peace-ltoe-15-ml\/","title":{"rendered":"7. BOUNDLESS PEACE LTOE 15 ML"},"content":{"rendered":"<p><span style=\"color: #008000;\"><strong>Pa<span style=\"text-decoration: underline;\">ix profonde\/<\/span><\/strong><span style=\"text-decoration: underline;\"><strong>Boundless Peace<\/strong><\/span> <\/span>(Anguloa virginalis &#8211; P\u00e9rou)<br \/>\nTels les pulsations d\u2019une m\u00e9duse translucide ou des bulles de champagne qui remontent \u00e0 la surface, cet \u00e9lixir donne une sensation de l\u00e9g\u00e8ret\u00e9 et de bien-\u00eatre. Il soulage efficacement la tension dans les lobes frontaux du cerveau cr\u00e9\u00e9e par un mental trop actif, et \u00e9veille la conscience au r\u00eave cr\u00e9ateur. Il est donc tout indiqu\u00e9 pour les hommes qui ont besoin d\u2019\u00e9quilibrer un temp\u00e9rament trop yang.<\/p>\n","protected":false},"excerpt":{"rendered":"<p><span style=\"color: #008000;\"><strong>Paix profonde\/<\/strong><strong>Boundless Peace<\/strong><\/span> (Anguloa virginalis &#8211; P\u00e9rou)<br \/>\nTels les pulsations d\u2019une m\u00e9duse translucide ou des bulles de champagne qui remontent \u00e0 la surface, cet \u00e9lixir donne une sensation de l\u00e9g\u00e8ret\u00e9 et de bien-\u00eatre.<\/p>\n","protected":false},"featured_media":10518,"template":"","meta":[],"product_brand":[],"product_cat":[95],"product_tag":[],"class_list":{"0":"post-3551","1":"product","2":"type-product","3":"status-publish","4":"has-post-thumbnail","6":"product_cat-les-elixirs-unitaires","8":"first","9":"instock","10":"taxable","11":"shipping-taxable","12":"purchasable","13":"product-type-simple"},"etheme_brands":{"errors":{"invalid_taxonomy":["Taxonomie non valide."]},"error_data":[]},"jetpack_sharing_enabled":true,"jetpack-related-posts":[{"id":6074,"url":"https:\/\/artstella-elixirs-floraux.com\/fr_fr\/produit\/inner-peace-15-ml-ltoe\/","url_meta":{"origin":3551,"position":0},"title":"INNER PEACE 15 ML LTOE","author":"eveapprill","date":"9 mars 2025","format":false,"excerpt":"Inner Peace - Dendrobium eximium Paix int\u00e9rieure Pr\u00e9pare \u00e0 exp\u00e9rimenter la vraie paix int\u00e9rieure, comme ceux qui ont atteint un haut d\u00e9veloppement de leur voyage spirituel. \u00ab\u00a0La paix surpassera toute compr\u00e9hension\u00a0\u00bb.","rel":"","context":"Article similaire","block_context":{"text":"Article similaire","link":""},"img":{"alt_text":"","src":"https:\/\/i0.wp.com\/artstella-elixirs-floraux.com\/wp-content\/uploads\/2025\/03\/wp-image2062.png?resize=350%2C200&ssl=1","width":350,"height":200,"srcset":"https:\/\/i0.wp.com\/artstella-elixirs-floraux.com\/wp-content\/uploads\/2025\/03\/wp-image2062.png?resize=350%2C200&ssl=1 1x, https:\/\/i0.wp.com\/artstella-elixirs-floraux.com\/wp-content\/uploads\/2025\/03\/wp-image2062.png?resize=525%2C300&ssl=1 1.5x, https:\/\/i0.wp.com\/artstella-elixirs-floraux.com\/wp-content\/uploads\/2025\/03\/wp-image2062.png?resize=700%2C400&ssl=1 2x, https:\/\/i0.wp.com\/artstella-elixirs-floraux.com\/wp-content\/uploads\/2025\/03\/wp-image2062.png?resize=1050%2C600&ssl=1 3x, https:\/\/i0.wp.com\/artstella-elixirs-floraux.com\/wp-content\/uploads\/2025\/03\/wp-image2062.png?resize=1400%2C800&ssl=1 4x"},"classes":[]},{"id":6068,"url":"https:\/\/artstella-elixirs-floraux.com\/fr_fr\/produit\/elixir-ocean-n20-phi-15ml\/","url_meta":{"origin":3551,"position":1},"title":"ELIXIR OCEAN N\u00b020 PHI 15ML","author":"eveapprill","date":"9 mars 2025","format":false,"excerpt":"L\u2019\u00e9lixir relie avec les profondeurs de l\u2019inconscient, permettant la lib\u00e9ration d\u2019anciens blocages et sch\u00e9mas. Son action lib\u00e8re int\u00e9rieurement, nous rendant plus conscients des blocages encore pr\u00e9sents, en apportant de la clart\u00e9.","rel":"","context":"Article similaire","block_context":{"text":"Article similaire","link":""},"img":{"alt_text":"","src":"https:\/\/i0.wp.com\/artstella-elixirs-floraux.com\/wp-content\/uploads\/2025\/03\/wp-image2058.png?resize=350%2C200&ssl=1","width":350,"height":200},"classes":[]},{"id":5520,"url":"https:\/\/artstella-elixirs-floraux.com\/fr_fr\/produit\/meduse-lune\/","url_meta":{"origin":3551,"position":2},"title":"MEDUSE LUNE","author":"eveapprill","date":"9 mars 2025","format":false,"excerpt":"MEDUSE LUNE-\u00a0Qualle (Aurelia aurita) Cet \u00e9lixir poss\u00e8de une action \u00e9quilibrante sur la teneur en eau du corps. Il nous aide \u00e0 trouver un \u00e9quilibre int\u00e9rieur fluide...","rel":"","context":"Article similaire","block_context":{"text":"Article similaire","link":""},"img":{"alt_text":"","src":"https:\/\/i0.wp.com\/artstella-elixirs-floraux.com\/wp-content\/uploads\/2025\/03\/wp-image1755.png?resize=350%2C200&ssl=1","width":350,"height":200},"classes":[]},{"id":2767,"url":"https:\/\/artstella-elixirs-floraux.com\/fr_fr\/produit\/antarctic-bush-lf\/","url_meta":{"origin":3551,"position":3},"title":"ANTARCTIC BUSH LF","author":"eveapprill","date":"9 mars 2025","format":false,"excerpt":"Antarctic Essence \u2013 Elixir de l'Antarctique Favorise le calme, la paix et le repos. Donne une meilleure vision de ce qui est n\u00e9cessaire et essentiel dans la vie. Antarctic Essence r\u00e9v\u00e8le et dissout les aspects profonds et cach\u00e9s de notre personnalit\u00e9.","rel":"","context":"Article similaire","block_context":{"text":"Article similaire","link":""},"img":{"alt_text":"","src":"https:\/\/i0.wp.com\/artstella-elixirs-floraux.com\/wp-content\/uploads\/2025\/03\/619e443f-a1e4-4582-9202-7ae7c3b159c7.jpg?resize=350%2C200&ssl=1","width":350,"height":200,"srcset":"https:\/\/i0.wp.com\/artstella-elixirs-floraux.com\/wp-content\/uploads\/2025\/03\/619e443f-a1e4-4582-9202-7ae7c3b159c7.jpg?resize=350%2C200&ssl=1 1x, https:\/\/i0.wp.com\/artstella-elixirs-floraux.com\/wp-content\/uploads\/2025\/03\/619e443f-a1e4-4582-9202-7ae7c3b159c7.jpg?resize=525%2C300&ssl=1 1.5x, https:\/\/i0.wp.com\/artstella-elixirs-floraux.com\/wp-content\/uploads\/2025\/03\/619e443f-a1e4-4582-9202-7ae7c3b159c7.jpg?resize=700%2C400&ssl=1 2x"},"classes":[]},{"id":2777,"url":"https:\/\/artstella-elixirs-floraux.com\/fr_fr\/produit\/mt-pinatubo-10ml-bush-lf\/","url_meta":{"origin":3551,"position":4},"title":"MT PINATUBO 10ML BUSH LF","author":"eveapprill","date":"9 mars 2025","format":false,"excerpt":"Mont Pinatubo Essence\u00a0 - Elixir du Mt Pinatubo\u00a0 Renforce l\u2019intuition pour avoir conscience de la pulsation profonde de la Terre et des \u00e9v\u00e9nements futurs qui se pr\u00e9parent, pour savoir o\u00f9 se trouver pour \u00eatre en s\u00e9curit\u00e9. Nous permet d\u2019\u00eatre ancr\u00e9 et centr\u00e9 dans notre pouvoir.","rel":"","context":"Article similaire","block_context":{"text":"Article similaire","link":""},"img":{"alt_text":"","src":"https:\/\/i0.wp.com\/artstella-elixirs-floraux.com\/wp-content\/uploads\/2025\/03\/fa9b96e1-bbc9-4978-a4f5-37c8f01b6d10.jpg?resize=350%2C200&ssl=1","width":350,"height":200,"srcset":"https:\/\/i0.wp.com\/artstella-elixirs-floraux.com\/wp-content\/uploads\/2025\/03\/fa9b96e1-bbc9-4978-a4f5-37c8f01b6d10.jpg?resize=350%2C200&ssl=1 1x, https:\/\/i0.wp.com\/artstella-elixirs-floraux.com\/wp-content\/uploads\/2025\/03\/fa9b96e1-bbc9-4978-a4f5-37c8f01b6d10.jpg?resize=525%2C300&ssl=1 1.5x, https:\/\/i0.wp.com\/artstella-elixirs-floraux.com\/wp-content\/uploads\/2025\/03\/fa9b96e1-bbc9-4978-a4f5-37c8f01b6d10.jpg?resize=700%2C400&ssl=1 2x"},"classes":[]},{"id":4010,"url":"https:\/\/artstella-elixirs-floraux.com\/fr_fr\/produit\/canelo-15-ml-sylfos\/","url_meta":{"origin":3551,"position":5},"title":"CANELO \/ CANELLE DE MAGELAN SYLFOS","author":"eveapprill","date":"9 mars 2025","format":false,"excerpt":"CANELO Drimys chilensis Paix et bien-\u00eatre. Plante ma\u00eetresse des indiens Mapuches utilis\u00e9e pour acc\u00e9der \u00e1 un \u00e9tat de paix profonde, de s\u00e9r\u00e9nit\u00e9 et de confiance, apr\u00e9s une p\u00e9riode agit\u00e9e.","rel":"","context":"Article similaire","block_context":{"text":"Article similaire","link":""},"img":{"alt_text":"","src":"","width":0,"height":0},"classes":[]}],"_links":{"self":[{"href":"https:\/\/artstella-elixirs-floraux.com\/fr_fr\/wp-json\/wp\/v2\/product\/3551","targetHints":{"allow":["GET"]}}],"collection":[{"href":"https:\/\/artstella-elixirs-floraux.com\/fr_fr\/wp-json\/wp\/v2\/product"}],"about":[{"href":"https:\/\/artstella-elixirs-floraux.com\/fr_fr\/wp-json\/wp\/v2\/types\/product"}],"version-history":[{"count":0,"href":"https:\/\/artstella-elixirs-floraux.com\/fr_fr\/wp-json\/wp\/v2\/product\/3551\/revisions"}],"wp:featuredmedia":[{"embeddable":true,"href":"https:\/\/artstella-elixirs-floraux.com\/fr_fr\/wp-json\/wp\/v2\/media\/10518"}],"wp:attachment":[{"href":"https:\/\/artstella-elixirs-floraux.com\/fr_fr\/wp-json\/wp\/v2\/media?parent=3551"}],"wp:term":[{"taxonomy":"product_brand","embeddable":true,"href":"https:\/\/artstella-elixirs-floraux.com\/fr_fr\/wp-json\/wp\/v2\/product_brand?post=3551"},{"taxonomy":"product_cat","embeddable":true,"href":"https:\/\/artstella-elixirs-floraux.com\/fr_fr\/wp-json\/wp\/v2\/product_cat?post=3551"},{"taxonomy":"product_tag","embeddable":true,"href":"https:\/\/artstella-elixirs-floraux.com\/fr_fr\/wp-json\/wp\/v2\/product_tag?post=3551"}],"curies":[{"name":"wp","href":"https:\/\/api.w.org\/{rel}","templated":true}]}}