{"id":3557,"date":"2025-03-09T13:12:59","date_gmt":"2025-03-09T13:12:59","guid":{"rendered":"https:\/\/artstella-elixirs-floraux.com\/product\/9-celestial-siren-ltoe-15-ml\/"},"modified":"2025-06-08T16:15:28","modified_gmt":"2025-06-08T16:15:28","slug":"9-celestial-siren-ltoe-15-ml","status":"publish","type":"product","link":"https:\/\/artstella-elixirs-floraux.com\/fr_fr\/produit\/9-celestial-siren-ltoe-15-ml\/","title":{"rendered":"9. CELESTIAL SIREN LTOE 15 ML"},"content":{"rendered":"<p><strong>Celestial siren<em> \/ Sir\u00e8ne c\u00e9leste<\/em> <\/strong>(Dendrobium lawesii)<br \/>\nFavorable \u00e0 la m\u00e9ditation. Permet d\u2019atteindre une attitude int\u00e9rieure de calme et de silence. Les pens\u00e9es n\u00e9gatives sont souffl\u00e9es telles des bougies.\u00a0 Notre moi sup\u00e9rieur rappelle \u00e0 notre \u00e2me notre potentiel le plus \u00e9lev\u00e9 et le plus profond, nous permettant d\u2019atteindre la beaut\u00e9 int\u00e9rieure illumin\u00e9e, tout en restant calme, centr\u00e9 et bien enracin\u00e9.<\/p>\n","protected":false},"excerpt":{"rendered":"<p><span style=\"color: #008000;\"><strong>Celestial siren<em> \/ Sir\u00e8ne c\u00e9leste<br \/>\n<\/em> <\/strong><\/span>(Dendrobium lawesii)Favorable \u00e0 la m\u00e9ditation. Permet d\u2019atteindre une attitude int\u00e9rieure de calme et de silence. Les pens\u00e9es n\u00e9gatives sont souffl\u00e9es telles des bougies.<\/p>\n","protected":false},"featured_media":10514,"template":"","meta":[],"product_brand":[],"product_cat":[95],"product_tag":[],"class_list":{"0":"post-3557","1":"product","2":"type-product","3":"status-publish","4":"has-post-thumbnail","6":"product_cat-les-elixirs-unitaires","8":"first","9":"instock","10":"taxable","11":"shipping-taxable","12":"purchasable","13":"product-type-simple"},"etheme_brands":{"errors":{"invalid_taxonomy":["Taxonomie non valide."]},"error_data":[]},"jetpack_sharing_enabled":true,"jetpack-related-posts":[{"id":6185,"url":"https:\/\/artstella-elixirs-floraux.com\/fr_fr\/produit\/celebration-15-ml-ltoe\/","url_meta":{"origin":3557,"position":0},"title":"CELEBRATION 15 ML LTOE","author":"eveapprill","date":"9 mars 2025","format":false,"excerpt":"Celestial siren - Sir\u00e8ne c\u00e9leste (Dendrobium lawesii) Favorable \u00e0 la m\u00e9ditation. Permet d\u2019atteindre une attitude int\u00e9rieure de calme et de silence. Les pens\u00e9es n\u00e9gatives sont souffl\u00e9es telles des bougies.\u00a0","rel":"","context":"Article similaire","block_context":{"text":"Article similaire","link":""},"img":{"alt_text":"","src":"https:\/\/i0.wp.com\/artstella-elixirs-floraux.com\/wp-content\/uploads\/2025\/03\/0597375b-4703-441c-a0c7-7bfc63b4e47c.jpg?resize=350%2C200&ssl=1","width":350,"height":200,"srcset":"https:\/\/i0.wp.com\/artstella-elixirs-floraux.com\/wp-content\/uploads\/2025\/03\/0597375b-4703-441c-a0c7-7bfc63b4e47c.jpg?resize=350%2C200&ssl=1 1x, https:\/\/i0.wp.com\/artstella-elixirs-floraux.com\/wp-content\/uploads\/2025\/03\/0597375b-4703-441c-a0c7-7bfc63b4e47c.jpg?resize=525%2C300&ssl=1 1.5x, https:\/\/i0.wp.com\/artstella-elixirs-floraux.com\/wp-content\/uploads\/2025\/03\/0597375b-4703-441c-a0c7-7bfc63b4e47c.jpg?resize=700%2C400&ssl=1 2x"},"classes":[]},{"id":3481,"url":"https:\/\/artstella-elixirs-floraux.com\/fr_fr\/produit\/celestial-defender-ltoe-15-ml\/","url_meta":{"origin":3557,"position":1},"title":"CELESTIAL DEFENDER LTOE 15 ML","author":"eveapprill","date":"9 mars 2025","format":false,"excerpt":"Celestial Defender \/ Defenseur c\u00e9leste (Defender from the Dark et de Celestial Siren)\u00a0: invite \u00e0 s\u2019ouvrir au divin en douceur. Il peut y avoir un certain risque de manque de protection dans le voyage transcendantal. En cr\u00e9ant un espace de protection, l\u2019effet de Celestial Siren peut mieux se d\u00e9ployer. D\u2019une\u2026","rel":"","context":"Article similaire","block_context":{"text":"Article similaire","link":""},"img":{"alt_text":"","src":"https:\/\/i0.wp.com\/artstella-elixirs-floraux.com\/wp-content\/uploads\/2025\/03\/d9ad2e65-71c0-4959-abee-9c1ddf9aaa2c.jpg?resize=350%2C200&ssl=1","width":350,"height":200,"srcset":"https:\/\/i0.wp.com\/artstella-elixirs-floraux.com\/wp-content\/uploads\/2025\/03\/d9ad2e65-71c0-4959-abee-9c1ddf9aaa2c.jpg?resize=350%2C200&ssl=1 1x, https:\/\/i0.wp.com\/artstella-elixirs-floraux.com\/wp-content\/uploads\/2025\/03\/d9ad2e65-71c0-4959-abee-9c1ddf9aaa2c.jpg?resize=525%2C300&ssl=1 1.5x, https:\/\/i0.wp.com\/artstella-elixirs-floraux.com\/wp-content\/uploads\/2025\/03\/d9ad2e65-71c0-4959-abee-9c1ddf9aaa2c.jpg?resize=700%2C400&ssl=1 2x"},"classes":[]},{"id":2111,"url":"https:\/\/artstella-elixirs-floraux.com\/fr_fr\/produit\/cassandra-alaska\/","url_meta":{"origin":3557,"position":2},"title":"CASSANDRA ALASKA","author":"eveapprill","date":"9 mars 2025","format":false,"excerpt":"CASSANDRA ALASKA. Anxi\u00e9t\u00e9, incapacit\u00e9 \u00e0 se tourner vers l'int\u00e9rieur, \u00e0 se relaxer dans les niveaux plus profond de m\u00e9ditation. Calme, encourage la paix de l'esprit et permet de percevoir la vie \u00e0 partir du calme int\u00e9rieur.","rel":"","context":"Article similaire","block_context":{"text":"Article similaire","link":""},"img":{"alt_text":"","src":"https:\/\/i0.wp.com\/artstella-elixirs-floraux.com\/wp-content\/uploads\/2025\/03\/wp-image549.png?resize=350%2C200&ssl=1","width":350,"height":200,"srcset":"https:\/\/i0.wp.com\/artstella-elixirs-floraux.com\/wp-content\/uploads\/2025\/03\/wp-image549.png?resize=350%2C200&ssl=1 1x, https:\/\/i0.wp.com\/artstella-elixirs-floraux.com\/wp-content\/uploads\/2025\/03\/wp-image549.png?resize=525%2C300&ssl=1 1.5x"},"classes":[]},{"id":3542,"url":"https:\/\/artstella-elixirs-floraux.com\/fr_fr\/produit\/contemplation-du-silence-15-ml\/","url_meta":{"origin":3557,"position":3},"title":"Contemplation du silence 15 ML","author":"eveapprill","date":"9 mars 2025","format":false,"excerpt":"Contemplation du silence \/ Behold the Silence (Comparetia macroplectron - Colombie) Cet \u00e9lixir invite \u00e0 entrer dans le silence profond de l\u2019\u00eatre universel et de cr\u00e9er une nouvelle relation avec l\u2019avenir. Lorsque le futur devient de plus en plus pr\u00e9sent dans ce silence int\u00e9rieur,","rel":"","context":"Article similaire","block_context":{"text":"Article similaire","link":""},"img":{"alt_text":"Contemplation du silence 15 ML","src":"https:\/\/i0.wp.com\/artstella-elixirs-floraux.com\/wp-content\/uploads\/2025\/03\/92ba7bb5-9539-4a0a-b4b8-21a85a7e1055.jpg?resize=350%2C200&ssl=1","width":350,"height":200,"srcset":"https:\/\/i0.wp.com\/artstella-elixirs-floraux.com\/wp-content\/uploads\/2025\/03\/92ba7bb5-9539-4a0a-b4b8-21a85a7e1055.jpg?resize=350%2C200&ssl=1 1x, https:\/\/i0.wp.com\/artstella-elixirs-floraux.com\/wp-content\/uploads\/2025\/03\/92ba7bb5-9539-4a0a-b4b8-21a85a7e1055.jpg?resize=525%2C300&ssl=1 1.5x, https:\/\/i0.wp.com\/artstella-elixirs-floraux.com\/wp-content\/uploads\/2025\/03\/92ba7bb5-9539-4a0a-b4b8-21a85a7e1055.jpg?resize=700%2C400&ssl=1 2x"},"classes":[]},{"id":12298,"url":"https:\/\/artstella-elixirs-floraux.com\/fr_fr\/produit\/15-orchidee-de-la-transformation-dendrobium-fimbriatum-sylfos\/","url_meta":{"origin":3557,"position":4},"title":"15. ORCHID\u00c9E DE LA TRANSFORMATION  (Dendrobium fimbriatum) Sylfos","author":"eveapprill","date":"13 mars 2026","format":false,"excerpt":"\u00c9lixir de\u00a0renouveau et de m\u00e9tamorphose int\u00e9rieure. Aide \u00e0 lib\u00e9rer le pass\u00e9 et \u00e0 avancer vers une nouvelle \u00e9tape de vie avec confiance.","rel":"","context":"Article similaire","block_context":{"text":"Article similaire","link":""},"img":{"alt_text":"","src":"https:\/\/i0.wp.com\/artstella-elixirs-floraux.com\/wp-content\/uploads\/2026\/03\/15_transformacion_-WEB.png?resize=350%2C200&ssl=1","width":350,"height":200},"classes":[]},{"id":12285,"url":"https:\/\/artstella-elixirs-floraux.com\/fr_fr\/produit\/14-orchidee-du-courage-dendrobium-anceps-sylfos\/","url_meta":{"origin":3557,"position":5},"title":"14. ORCHID\u00c9E DU COURAGE Dendrobium anceps Sylfos","author":"eveapprill","date":"13 mars 2026","format":false,"excerpt":"\u00c9lixir de\u00a0r\u00e9silience et de force int\u00e9rieure. Aide \u00e0 d\u00e9passer la peur, \u00e0 prendre des d\u00e9cisions et \u00e0 avancer avec d\u00e9termination face aux d\u00e9fis.","rel":"","context":"Article similaire","block_context":{"text":"Article similaire","link":""},"img":{"alt_text":"","src":"https:\/\/i0.wp.com\/artstella-elixirs-floraux.com\/wp-content\/uploads\/2026\/03\/14_valentia_-WEB.png?resize=350%2C200&ssl=1","width":350,"height":200},"classes":[]}],"_links":{"self":[{"href":"https:\/\/artstella-elixirs-floraux.com\/fr_fr\/wp-json\/wp\/v2\/product\/3557","targetHints":{"allow":["GET"]}}],"collection":[{"href":"https:\/\/artstella-elixirs-floraux.com\/fr_fr\/wp-json\/wp\/v2\/product"}],"about":[{"href":"https:\/\/artstella-elixirs-floraux.com\/fr_fr\/wp-json\/wp\/v2\/types\/product"}],"version-history":[{"count":0,"href":"https:\/\/artstella-elixirs-floraux.com\/fr_fr\/wp-json\/wp\/v2\/product\/3557\/revisions"}],"wp:featuredmedia":[{"embeddable":true,"href":"https:\/\/artstella-elixirs-floraux.com\/fr_fr\/wp-json\/wp\/v2\/media\/10514"}],"wp:attachment":[{"href":"https:\/\/artstella-elixirs-floraux.com\/fr_fr\/wp-json\/wp\/v2\/media?parent=3557"}],"wp:term":[{"taxonomy":"product_brand","embeddable":true,"href":"https:\/\/artstella-elixirs-floraux.com\/fr_fr\/wp-json\/wp\/v2\/product_brand?post=3557"},{"taxonomy":"product_cat","embeddable":true,"href":"https:\/\/artstella-elixirs-floraux.com\/fr_fr\/wp-json\/wp\/v2\/product_cat?post=3557"},{"taxonomy":"product_tag","embeddable":true,"href":"https:\/\/artstella-elixirs-floraux.com\/fr_fr\/wp-json\/wp\/v2\/product_tag?post=3557"}],"curies":[{"name":"wp","href":"https:\/\/api.w.org\/{rel}","templated":true}]}}