{"id":3560,"date":"2025-03-09T13:13:01","date_gmt":"2025-03-09T13:13:01","guid":{"rendered":"https:\/\/artstella-elixirs-floraux.com\/product\/10-clear-mind-ltoe-15-ml\/"},"modified":"2025-04-06T10:11:22","modified_gmt":"2025-04-06T10:11:22","slug":"10-clear-mind-ltoe-15-ml","status":"publish","type":"product","link":"https:\/\/artstella-elixirs-floraux.com\/fr_fr\/produit\/10-clear-mind-ltoe-15-ml\/","title":{"rendered":"10. CLEAR MIND LTOE 15 ML"},"content":{"rendered":"<p><span style=\"color: #000000;\"><strong>Esprit serein\/<\/strong><strong>Clear Mind <\/strong><\/span>(Aeranthes grandiflora &#8211; Madagascar) + aigue-marine Cet \u00e9lixir apaise le mental et \u00e9claircit l\u2019esprit afin d\u2019aider la r\u00e9flexion et d\u2019amener de nouvelles perspectives. Il soulage la tension dans le m\u00e9senc\u00e9phale et donne un temps d\u2019arr\u00eat au mental\u2026 Pensez \u00e0 la luminosit\u00e9 d\u2019une pierre pr\u00e9cieuse, le calme d\u2019une nuit d\u2019hiver frais et sans nuages, le reflet de la lune sur un lac limpide.<\/p>\n","protected":false},"excerpt":{"rendered":"<p><span style=\"color: #008000;\"><strong>Esprit serein\/<\/strong><strong>Clear Mind <\/strong><\/span>(Aeranthes grandiflora &#8211; Madagascar)<br \/>\naigue-marineCet \u00e9lixir apaise le mental et \u00e9claircit l\u2019esprit afin d\u2019aider la r\u00e9flexion et d\u2019amener de nouvelles perspectives.<\/p>\n","protected":false},"featured_media":6833,"template":"","meta":[],"product_brand":[],"product_cat":[95],"product_tag":[],"class_list":{"0":"post-3560","1":"product","2":"type-product","3":"status-publish","4":"has-post-thumbnail","6":"product_cat-les-elixirs-unitaires","8":"first","9":"instock","10":"taxable","11":"shipping-taxable","12":"purchasable","13":"product-type-simple"},"etheme_brands":{"errors":{"invalid_taxonomy":["Taxonomie non valide."]},"error_data":[]},"jetpack_sharing_enabled":true,"jetpack-related-posts":[{"id":12323,"url":"https:\/\/artstella-elixirs-floraux.com\/fr_fr\/produit\/aigue-marine-agua-marina-15ml\/","url_meta":{"origin":3560,"position":0},"title":"AIGUE MARINE &#8211; AGUA MARINA 15ML","author":"eveapprill","date":"16 mars 2026","format":false,"excerpt":"L'aigue-marine apporte calme et clart\u00e9 \u00e0 la communication \u00e9motionnelle, aidant \u00e0 exprimer ce que l'on ressent sans anxi\u00e9t\u00e9 ni blocage. Elle met de l'ordre dans les pens\u00e9es et les \u00e9motions, facilitant une expression authentique et coh\u00e9rente. Elle est particuli\u00e8rement utile en cas de peur de parler ou de difficult\u00e9 \u00e0\u2026","rel":"","context":"Article similaire","block_context":{"text":"Article similaire","link":""},"img":{"alt_text":"","src":"https:\/\/i0.wp.com\/artstella-elixirs-floraux.com\/wp-content\/uploads\/2026\/03\/AguaMarina_1.png?resize=350%2C200&ssl=1","width":350,"height":200},"classes":[]},{"id":5664,"url":"https:\/\/artstella-elixirs-floraux.com\/fr_fr\/produit\/citronier-15-ml-deva\/","url_meta":{"origin":3560,"position":1},"title":"Citronier 15 ml DEVA","author":"eveapprill","date":"9 mars 2025","format":false,"excerpt":"Citronnier Tonicit\u00e9, clart\u00e9 mentale. Eclaircit le mental en coordonnant les pens\u00e9es. Aide \u00e0 retrouver le calme et la tranquillit\u00e9 d\u2019esprit. Stimule l\u2019intellect et favorise le raisonnement analytique.","rel":"","context":"Article similaire","block_context":{"text":"Article similaire","link":""},"img":{"alt_text":"","src":"https:\/\/i0.wp.com\/artstella-elixirs-floraux.com\/wp-content\/uploads\/2025\/03\/wp-image2388.png?resize=350%2C200&ssl=1","width":350,"height":200},"classes":[]},{"id":2775,"url":"https:\/\/artstella-elixirs-floraux.com\/fr_fr\/produit\/madagascar-bush-lf\/","url_meta":{"origin":3560,"position":2},"title":"MADAGASCAR BUSH LF","author":"eveapprill","date":"9 mars 2025","format":false,"excerpt":"Madagascar Essence \u2013 Elixir de Madagascar Aide \u00e0 nous connecter avec gentillesse et harmonie aux autres, y compris les animaux et la terre. Mais son plus beau cadeau est de nous permettre de nous d\u00e9tacher de la conscience de masse et de sa pr\u00e9dilection pour la maladie.","rel":"","context":"Article similaire","block_context":{"text":"Article similaire","link":""},"img":{"alt_text":"Les Elixirs \" Light Fr\u00e9quences\"","src":"https:\/\/i0.wp.com\/artstella-elixirs-floraux.com\/wp-content\/uploads\/2025\/03\/5d3b0688-526c-42f3-b056-890005ef5440.jpg?resize=350%2C200&ssl=1","width":350,"height":200,"srcset":"https:\/\/i0.wp.com\/artstella-elixirs-floraux.com\/wp-content\/uploads\/2025\/03\/5d3b0688-526c-42f3-b056-890005ef5440.jpg?resize=350%2C200&ssl=1 1x, https:\/\/i0.wp.com\/artstella-elixirs-floraux.com\/wp-content\/uploads\/2025\/03\/5d3b0688-526c-42f3-b056-890005ef5440.jpg?resize=525%2C300&ssl=1 1.5x, https:\/\/i0.wp.com\/artstella-elixirs-floraux.com\/wp-content\/uploads\/2025\/03\/5d3b0688-526c-42f3-b056-890005ef5440.jpg?resize=700%2C400&ssl=1 2x"},"classes":[]},{"id":6064,"url":"https:\/\/artstella-elixirs-floraux.com\/fr_fr\/produit\/elixir-ocean-n18-phi-15ml\/","url_meta":{"origin":3560,"position":3},"title":"ELIXIR OCEAN N\u00b018 PHI 15ML","author":"eveapprill","date":"9 mars 2025","format":false,"excerpt":"L\u2019\u00e9lixir aide \u00e0 nettoyer le corps mental. Son action commence dans la zone de la t\u00eate, les pens\u00e9es peuvent s\u2019\u00e9claircir et \u00eatre trait\u00e9es avec plus de facilit\u00e9. La t\u00eate est libre, les pens\u00e9es claires et conscientes. Ensuite, cette lumi\u00e8re coule dans le corps.","rel":"","context":"Article similaire","block_context":{"text":"Article similaire","link":""},"img":{"alt_text":"","src":"","width":0,"height":0},"classes":[]},{"id":3235,"url":"https:\/\/artstella-elixirs-floraux.com\/fr_fr\/produit\/valeriane-15-ml-phi\/","url_meta":{"origin":3560,"position":4},"title":"VALERIANE 15 ML PHI","author":"eveapprill","date":"9 mars 2025","format":false,"excerpt":"Val\u00e9riane (Valeriana officinalis) (Baldrian) Son action apaise \u00e9nerg\u00e9tiquement le corps et l'esprit. L'\u00e9lixir aide \u00e0 traverser les situations de stress avec la paix int\u00e9rieure.","rel":"","context":"Article similaire","block_context":{"text":"Article similaire","link":""},"img":{"alt_text":"","src":"https:\/\/i0.wp.com\/artstella-elixirs-floraux.com\/wp-content\/uploads\/2025\/03\/wp-image658.png?resize=350%2C200&ssl=1","width":350,"height":200},"classes":[]},{"id":2351,"url":"https:\/\/artstella-elixirs-floraux.com\/fr_fr\/produit\/wild-rhubarb-alaskan\/","url_meta":{"origin":3560,"position":5},"title":"Wild rhubarb Alaskan","author":"eveapprill","date":"9 mars 2025","format":false,"excerpt":"Wild rhubar. Poligonum alaskanum R\u00e9sistance mentale et inflexibilit\u00e9 ; esprit influenc\u00e9 par l'ego ; communication entre le c\u0153ur et l'esprit bloqu\u00e9e ...","rel":"","context":"Article similaire","block_context":{"text":"Article similaire","link":""},"img":{"alt_text":"","src":"https:\/\/i0.wp.com\/artstella-elixirs-floraux.com\/wp-content\/uploads\/2025\/03\/wp-image601.png?resize=350%2C200&ssl=1","width":350,"height":200},"classes":[]}],"_links":{"self":[{"href":"https:\/\/artstella-elixirs-floraux.com\/fr_fr\/wp-json\/wp\/v2\/product\/3560","targetHints":{"allow":["GET"]}}],"collection":[{"href":"https:\/\/artstella-elixirs-floraux.com\/fr_fr\/wp-json\/wp\/v2\/product"}],"about":[{"href":"https:\/\/artstella-elixirs-floraux.com\/fr_fr\/wp-json\/wp\/v2\/types\/product"}],"version-history":[{"count":0,"href":"https:\/\/artstella-elixirs-floraux.com\/fr_fr\/wp-json\/wp\/v2\/product\/3560\/revisions"}],"wp:featuredmedia":[{"embeddable":true,"href":"https:\/\/artstella-elixirs-floraux.com\/fr_fr\/wp-json\/wp\/v2\/media\/6833"}],"wp:attachment":[{"href":"https:\/\/artstella-elixirs-floraux.com\/fr_fr\/wp-json\/wp\/v2\/media?parent=3560"}],"wp:term":[{"taxonomy":"product_brand","embeddable":true,"href":"https:\/\/artstella-elixirs-floraux.com\/fr_fr\/wp-json\/wp\/v2\/product_brand?post=3560"},{"taxonomy":"product_cat","embeddable":true,"href":"https:\/\/artstella-elixirs-floraux.com\/fr_fr\/wp-json\/wp\/v2\/product_cat?post=3560"},{"taxonomy":"product_tag","embeddable":true,"href":"https:\/\/artstella-elixirs-floraux.com\/fr_fr\/wp-json\/wp\/v2\/product_tag?post=3560"}],"curies":[{"name":"wp","href":"https:\/\/api.w.org\/{rel}","templated":true}]}}