{"id":3563,"date":"2025-03-09T13:13:03","date_gmt":"2025-03-09T13:13:03","guid":{"rendered":"https:\/\/artstella-elixirs-floraux.com\/product\/11-clearing-the-way-ltoe-15-ml\/"},"modified":"2025-04-06T10:11:22","modified_gmt":"2025-04-06T10:11:22","slug":"11-clearing-the-way-ltoe-15-ml","status":"publish","type":"product","link":"https:\/\/artstella-elixirs-floraux.com\/fr_fr\/produit\/11-clearing-the-way-ltoe-15-ml\/","title":{"rendered":"11. CLEARING THE WAY LTOE 15 ML"},"content":{"rendered":"<p><strong><span style=\"color: #008000;\">Avancer avec confiance<\/span><br \/>\n<\/strong>Avancer avec confiance gr\u00e2ce au Phragmipedium Don Wimbur, un \u00e9lixir dynamique sp\u00e9cialement con\u00e7u pour renforcer votre confiance en vos ressources spirituelles. Cet \u00e9lixir aide \u00e0 surmonter les doutes et \u00e0 propulser vos projets vers l&rsquo;avant, tout en vous guidant vers l&rsquo;atteinte de vos objectifs personnels. Que vous soyez en qu\u00eate d&rsquo;une nouvelle direction ou que vous souhaitiez r\u00e9aliser un r\u00eave, cet ingr\u00e9dient puissant vous accompagnera sur votre chemin vers le succ\u00e8s.<\/p>\n","protected":false},"excerpt":{"rendered":"<p><strong><span style=\"color: #008000;\">Avancer avec confiance<\/span> \/ <\/strong><strong>Clearing the Way\/Self Belief<\/strong> (Phragmipedium Don Wimbur)<br \/>\nAvancer avec confiance gr\u00e2ce au Phragmipedium Don Wimbur, un \u00e9lixir dynamique sp\u00e9cialement con\u00e7u pour renforcer votre confiance en vos ressources spirituelles.<\/p>\n","protected":false},"featured_media":6868,"template":"","meta":[],"product_brand":[],"product_cat":[95],"product_tag":[],"class_list":{"0":"post-3563","1":"product","2":"type-product","3":"status-publish","4":"has-post-thumbnail","6":"product_cat-les-elixirs-unitaires","8":"first","9":"instock","10":"taxable","11":"shipping-taxable","12":"purchasable","13":"product-type-simple"},"etheme_brands":{"errors":{"invalid_taxonomy":["Taxonomie non valide."]},"error_data":[]},"jetpack_sharing_enabled":true,"jetpack-related-posts":[{"id":5873,"url":"https:\/\/artstella-elixirs-floraux.com\/fr_fr\/produit\/dragon-fire-15-ml\/","url_meta":{"origin":3563,"position":0},"title":"DRAGON FIRE 15 ML","author":"eveapprill","date":"9 mars 2025","format":false,"excerpt":"Dragon Fire Phragmipedium China Dragon Donne le courage et l\u2019\u00e9nergie d\u2019accueillir le pouvoir spirituel de transformation dans nos vies.","rel":"","context":"Article similaire","block_context":{"text":"Article similaire","link":""},"img":{"alt_text":"","src":"","width":0,"height":0},"classes":[]},{"id":6369,"url":"https:\/\/artstella-elixirs-floraux.com\/fr_fr\/produit\/radiant-courage-ltoe-15ml\/","url_meta":{"origin":3563,"position":1},"title":"Radiant Courage LTOE 15ml","author":"eveapprill","date":"9 mars 2025","format":false,"excerpt":"Radiant courage (Phragmipedium besseae) Un nouvel \u00e9lixir d\u2019Orchid\u00e9e par Living Tree r\u00e9alis\u00e9 le 1er janvier 2024. Il aide \u00e0 avancer dans ces temps troubles et sombres.\u00a0 Au cours des 25 derni\u00e8res ann\u00e9es, Don Denis remarque que \u00a0rarement un \u00e9lixir ne lui a sembl\u00e9 si universellement n\u00e9cessaire.","rel":"","context":"Article similaire","block_context":{"text":"Article similaire","link":""},"img":{"alt_text":"","src":"https:\/\/i0.wp.com\/artstella-elixirs-floraux.com\/wp-content\/uploads\/2025\/03\/wp-image2377.png?resize=350%2C200&ssl=1","width":350,"height":200,"srcset":"https:\/\/i0.wp.com\/artstella-elixirs-floraux.com\/wp-content\/uploads\/2025\/03\/wp-image2377.png?resize=350%2C200&ssl=1 1x, https:\/\/i0.wp.com\/artstella-elixirs-floraux.com\/wp-content\/uploads\/2025\/03\/wp-image2377.png?resize=525%2C300&ssl=1 1.5x, https:\/\/i0.wp.com\/artstella-elixirs-floraux.com\/wp-content\/uploads\/2025\/03\/wp-image2377.png?resize=700%2C400&ssl=1 2x, https:\/\/i0.wp.com\/artstella-elixirs-floraux.com\/wp-content\/uploads\/2025\/03\/wp-image2377.png?resize=1050%2C600&ssl=1 3x, https:\/\/i0.wp.com\/artstella-elixirs-floraux.com\/wp-content\/uploads\/2025\/03\/wp-image2377.png?resize=1400%2C800&ssl=1 4x"},"classes":[]},{"id":12245,"url":"https:\/\/artstella-elixirs-floraux.com\/fr_fr\/produit\/4-orchidee-de-lequilibre-phragmipedium-longifolium-sylfos\/","url_meta":{"origin":3563,"position":2},"title":"04. ORCHID\u00c9E DE L\u2019\u00c9QUILIBRE Phragmipedium longifolium Sylfos","author":"eveapprill","date":"13 mars 2026","format":false,"excerpt":"Orchid\u00e9e de l\u2019\u00c9quilibre \u2013 Phragmipedium longifolium \u00c9lixir de\u00a0paix int\u00e9rieure et d\u2019harmonisation \u00e9motionnelle. Stabilise les \u00e9motions, clarifie l\u2019esprit et aide \u00e0 transformer les tensions affectives en s\u00e9r\u00e9nit\u00e9 et maturit\u00e9.","rel":"","context":"Article similaire","block_context":{"text":"Article similaire","link":""},"img":{"alt_text":"","src":"https:\/\/i0.wp.com\/artstella-elixirs-floraux.com\/wp-content\/uploads\/2026\/03\/4_EQUILIBRIO_-WEB.png?resize=350%2C200&ssl=1","width":350,"height":200},"classes":[]},{"id":6308,"url":"https:\/\/artstella-elixirs-floraux.com\/fr_fr\/produit\/unconditional-love-ltoe15ml\/","url_meta":{"origin":3563,"position":3},"title":"UNCONDITIONAL LOVE LTOE15ML","author":"eveapprill","date":"9 mars 2025","format":false,"excerpt":"Unconditional Love \u2013 Amour Inconditionnel L\u2019\u00e2me aspire \u00e0 se reconnecter \u00e0 notre source ultime, avec l\u2019Etre qui est au-del\u00e0 de notre compr\u00e9hension. Une \u00e9tape cl\u00e9 sur ce chemin vers ce que certains appellent le Divin est de l\u00e2cher les sch\u00e9mas restrictifs qui conditionnent l\u2019ouverture du c\u0153ur aux autres.","rel":"","context":"Article similaire","block_context":{"text":"Article similaire","link":""},"img":{"alt_text":"","src":"https:\/\/i0.wp.com\/artstella-elixirs-floraux.com\/wp-content\/uploads\/2025\/03\/wp-image2242.png?resize=350%2C200&ssl=1","width":350,"height":200,"srcset":"https:\/\/i0.wp.com\/artstella-elixirs-floraux.com\/wp-content\/uploads\/2025\/03\/wp-image2242.png?resize=350%2C200&ssl=1 1x, https:\/\/i0.wp.com\/artstella-elixirs-floraux.com\/wp-content\/uploads\/2025\/03\/wp-image2242.png?resize=525%2C300&ssl=1 1.5x, https:\/\/i0.wp.com\/artstella-elixirs-floraux.com\/wp-content\/uploads\/2025\/03\/wp-image2242.png?resize=700%2C400&ssl=1 2x, https:\/\/i0.wp.com\/artstella-elixirs-floraux.com\/wp-content\/uploads\/2025\/03\/wp-image2242.png?resize=1050%2C600&ssl=1 3x, https:\/\/i0.wp.com\/artstella-elixirs-floraux.com\/wp-content\/uploads\/2025\/03\/wp-image2242.png?resize=1400%2C800&ssl=1 4x"},"classes":[]},{"id":6225,"url":"https:\/\/artstella-elixirs-floraux.com\/fr_fr\/produit\/elixir-ocean-n33-%c2%a8hi-15ml\/","url_meta":{"origin":3563,"position":4},"title":"ELIXIR OCEAN N\u00b033 \u00a8HI 15ml","author":"eveapprill","date":"9 mars 2025","format":false,"excerpt":"ELIXIR OCEAN N\u00b033\u00a0 nous aide \u00e0 nous orienter int\u00e9rieurement, lorsque nous nous sentons profond\u00e9ment anxieux, d\u00e9sorient\u00e9s et sans but. En nous lib\u00e9rant de tels sentiments, nous trouvons plus de\u00a0 clart\u00e9 et de confiance. Nous pouvons apprendre \u00e0 avancer m\u00eame \u00e0 petits pas dans la vie, avec confiance et estime de\u2026","rel":"","context":"Article similaire","block_context":{"text":"Article similaire","link":""},"img":{"alt_text":"","src":"https:\/\/i0.wp.com\/artstella-elixirs-floraux.com\/wp-content\/uploads\/2025\/03\/wp-image2207.png?resize=350%2C200&ssl=1","width":350,"height":200},"classes":[]},{"id":6076,"url":"https:\/\/artstella-elixirs-floraux.com\/fr_fr\/produit\/vital-light-15-ml-ltoe\/","url_meta":{"origin":3563,"position":5},"title":"Vital Light 15 ml LTOE","author":"eveapprill","date":"9 mars 2025","format":false,"excerpt":"Vital Light\u00a0- Cet \u00e9lixir cumule les effets de ces 3 composants, Vital core, Vital Clarity agisant sur les corps subtils inf\u00e9rieurs et Kuan Yin fluorite sur le chakra du c\u0153ur vers le haut. Invoquant un chariot mystique de l\u2019\u00e2me, le Merkabah. Vital Light est rafra\u00eechissant, apportant vitalit\u00e9 et \u00e9nergie.","rel":"","context":"Article similaire","block_context":{"text":"Article similaire","link":""},"img":{"alt_text":"","src":"https:\/\/i0.wp.com\/artstella-elixirs-floraux.com\/wp-content\/uploads\/2025\/03\/61681582-05e5-47ee-8b72-56d99fa23113.jpg?resize=350%2C200&ssl=1","width":350,"height":200,"srcset":"https:\/\/i0.wp.com\/artstella-elixirs-floraux.com\/wp-content\/uploads\/2025\/03\/61681582-05e5-47ee-8b72-56d99fa23113.jpg?resize=350%2C200&ssl=1 1x, https:\/\/i0.wp.com\/artstella-elixirs-floraux.com\/wp-content\/uploads\/2025\/03\/61681582-05e5-47ee-8b72-56d99fa23113.jpg?resize=525%2C300&ssl=1 1.5x, https:\/\/i0.wp.com\/artstella-elixirs-floraux.com\/wp-content\/uploads\/2025\/03\/61681582-05e5-47ee-8b72-56d99fa23113.jpg?resize=700%2C400&ssl=1 2x"},"classes":[]}],"_links":{"self":[{"href":"https:\/\/artstella-elixirs-floraux.com\/fr_fr\/wp-json\/wp\/v2\/product\/3563","targetHints":{"allow":["GET"]}}],"collection":[{"href":"https:\/\/artstella-elixirs-floraux.com\/fr_fr\/wp-json\/wp\/v2\/product"}],"about":[{"href":"https:\/\/artstella-elixirs-floraux.com\/fr_fr\/wp-json\/wp\/v2\/types\/product"}],"version-history":[{"count":0,"href":"https:\/\/artstella-elixirs-floraux.com\/fr_fr\/wp-json\/wp\/v2\/product\/3563\/revisions"}],"wp:featuredmedia":[{"embeddable":true,"href":"https:\/\/artstella-elixirs-floraux.com\/fr_fr\/wp-json\/wp\/v2\/media\/6868"}],"wp:attachment":[{"href":"https:\/\/artstella-elixirs-floraux.com\/fr_fr\/wp-json\/wp\/v2\/media?parent=3563"}],"wp:term":[{"taxonomy":"product_brand","embeddable":true,"href":"https:\/\/artstella-elixirs-floraux.com\/fr_fr\/wp-json\/wp\/v2\/product_brand?post=3563"},{"taxonomy":"product_cat","embeddable":true,"href":"https:\/\/artstella-elixirs-floraux.com\/fr_fr\/wp-json\/wp\/v2\/product_cat?post=3563"},{"taxonomy":"product_tag","embeddable":true,"href":"https:\/\/artstella-elixirs-floraux.com\/fr_fr\/wp-json\/wp\/v2\/product_tag?post=3563"}],"curies":[{"name":"wp","href":"https:\/\/api.w.org\/{rel}","templated":true}]}}