{"id":3577,"date":"2025-03-09T13:13:10","date_gmt":"2025-03-09T13:13:10","guid":{"rendered":"https:\/\/artstella-elixirs-floraux.com\/product\/16-direct-vision-ltoe-15-ml\/"},"modified":"2025-04-06T10:11:22","modified_gmt":"2025-04-06T10:11:22","slug":"16-direct-vision-ltoe-15-ml","status":"publish","type":"product","link":"https:\/\/artstella-elixirs-floraux.com\/fr_fr\/produit\/16-direct-vision-ltoe-15-ml\/","title":{"rendered":"16. DIRECT VISION LTOE 15 ML"},"content":{"rendered":"<p><strong><em>Direct Vision \/Vision directe : <\/em><\/strong>Permet d&rsquo;exp\u00e9rimenter le 3eme \u0152il. L&rsquo;\u00e9lixir peut \u00eatre utile dans une qu\u00eate de vision. Il a \u00e9t\u00e9 r\u00e9alis\u00e9 avec la m\u00eame orchid\u00e9e que \u00ab\u00a0New Vitality\u00a0\u00bb mais six mois plus t\u00f4t, quand les fleurs \u00e9taient compl\u00e8tement align\u00e9es, ce qui donne une \u00e9nergie tr\u00e8s intense \u00e0 cet \u00e9lixir. A utiliser avec pr\u00e9caution. Utile pour accompagner les pratiques de m\u00e9ditation.<\/p>\n","protected":false},"excerpt":{"rendered":"<p><strong><em><span style=\"color: #008000;\">Direct Vision \/Vision directe :<\/span><br \/>\n<\/em><\/strong>Permet d&rsquo;exp\u00e9rimenter le 3eme \u0152il. L&rsquo;\u00e9lixir peut \u00eatre utile dans une qu\u00eate de vision.<\/p>\n","protected":false},"featured_media":6840,"template":"","meta":[],"product_brand":[],"product_cat":[95],"product_tag":[],"class_list":{"0":"post-3577","1":"product","2":"type-product","3":"status-publish","4":"has-post-thumbnail","6":"product_cat-les-elixirs-unitaires","8":"first","9":"instock","10":"taxable","11":"shipping-taxable","12":"purchasable","13":"product-type-simple"},"etheme_brands":{"errors":{"invalid_taxonomy":["Taxonomie non valide."]},"error_data":[]},"jetpack_sharing_enabled":true,"jetpack-related-posts":[{"id":5396,"url":"https:\/\/artstella-elixirs-floraux.com\/fr_fr\/produit\/ojo-de-macho-sylfos-15ml-pap\/","url_meta":{"origin":3577,"position":0},"title":"OJO DE MACHO SYLFOS 15ML PAP","author":"eveapprill","date":"9 mars 2025","format":false,"excerpt":"34 - OJO DE MACHO\/ PAPILLON OCELL\u00c9 Junonia coenia\u00a0\u00a0 Vision - Conscience- Evolution Cet \u00e9lixir nous permet de transformer la n\u00e9gativit\u00e9 afin de pouvoir voire la v\u00e9rit\u00e9. Il nous permet de voire plus clairement la situation afin de nous aider \u00e0 voire et \u00e0 aller directement au centre du probl\u00e8me","rel":"","context":"Article similaire","block_context":{"text":"Article similaire","link":""},"img":{"alt_text":"","src":"https:\/\/i0.wp.com\/artstella-elixirs-floraux.com\/wp-content\/uploads\/2025\/03\/599dbec6-a0ba-4dd0-b4c6-380b343e864f.jpg?resize=350%2C200&ssl=1","width":350,"height":200,"srcset":"https:\/\/i0.wp.com\/artstella-elixirs-floraux.com\/wp-content\/uploads\/2025\/03\/599dbec6-a0ba-4dd0-b4c6-380b343e864f.jpg?resize=350%2C200&ssl=1 1x, https:\/\/i0.wp.com\/artstella-elixirs-floraux.com\/wp-content\/uploads\/2025\/03\/599dbec6-a0ba-4dd0-b4c6-380b343e864f.jpg?resize=525%2C300&ssl=1 1.5x, https:\/\/i0.wp.com\/artstella-elixirs-floraux.com\/wp-content\/uploads\/2025\/03\/599dbec6-a0ba-4dd0-b4c6-380b343e864f.jpg?resize=700%2C400&ssl=1 2x"},"classes":[]},{"id":4110,"url":"https:\/\/artstella-elixirs-floraux.com\/fr_fr\/produit\/puma-el-chamaniques-15-ml\/","url_meta":{"origin":3577,"position":1},"title":"PUMA EL CHAMANIQUES 15 ML","author":"eveapprill","date":"9 mars 2025","format":false,"excerpt":"PUMA\u00a0 \" Le Gardien du Temple\" Leadership \u2013 Contr\u00f4le de l\u2019ego - Pouvoir L\u2019\u00e9lixir aide \u00e0 prendre nos responsabilit\u00e9s. Il soutient l\u2019action efficace et apporte l\u2019aide n\u00e9cessaire pour manifester nos r\u00eaves et nos visions.","rel":"","context":"Article similaire","block_context":{"text":"Article similaire","link":""},"img":{"alt_text":"","src":"","width":0,"height":0},"classes":[]},{"id":2767,"url":"https:\/\/artstella-elixirs-floraux.com\/fr_fr\/produit\/antarctic-bush-lf\/","url_meta":{"origin":3577,"position":2},"title":"ANTARCTIC BUSH LF","author":"eveapprill","date":"9 mars 2025","format":false,"excerpt":"Antarctic Essence \u2013 Elixir de l'Antarctique Favorise le calme, la paix et le repos. Donne une meilleure vision de ce qui est n\u00e9cessaire et essentiel dans la vie. Antarctic Essence r\u00e9v\u00e8le et dissout les aspects profonds et cach\u00e9s de notre personnalit\u00e9.","rel":"","context":"Article similaire","block_context":{"text":"Article similaire","link":""},"img":{"alt_text":"","src":"https:\/\/i0.wp.com\/artstella-elixirs-floraux.com\/wp-content\/uploads\/2025\/03\/619e443f-a1e4-4582-9202-7ae7c3b159c7.jpg?resize=350%2C200&ssl=1","width":350,"height":200,"srcset":"https:\/\/i0.wp.com\/artstella-elixirs-floraux.com\/wp-content\/uploads\/2025\/03\/619e443f-a1e4-4582-9202-7ae7c3b159c7.jpg?resize=350%2C200&ssl=1 1x, https:\/\/i0.wp.com\/artstella-elixirs-floraux.com\/wp-content\/uploads\/2025\/03\/619e443f-a1e4-4582-9202-7ae7c3b159c7.jpg?resize=525%2C300&ssl=1 1.5x, https:\/\/i0.wp.com\/artstella-elixirs-floraux.com\/wp-content\/uploads\/2025\/03\/619e443f-a1e4-4582-9202-7ae7c3b159c7.jpg?resize=700%2C400&ssl=1 2x"},"classes":[]},{"id":3642,"url":"https:\/\/artstella-elixirs-floraux.com\/fr_fr\/produit\/46-pushing-back-the-night-ltoe-15-ml\/","url_meta":{"origin":3577,"position":3},"title":"46. PUSHING BACK THE NIGHT LTOE 15 ML","author":"eveapprill","date":"9 mars 2025","format":false,"excerpt":"Pushing Back the Night\u00a0 \/ Repousser la nuit Cet \u00e9lixir favorise un \u00e9tat d\u2019esprit o\u00f9 vision et lumi\u00e8re se confondent, permettant de prendre conscience que la vie est sacr\u00e9e. Son but est d\u2019aider \u00e0 gu\u00e9rir le destin de l\u2019humanit\u00e9.","rel":"","context":"Article similaire","block_context":{"text":"Article similaire","link":""},"img":{"alt_text":"","src":"https:\/\/i0.wp.com\/artstella-elixirs-floraux.com\/wp-content\/uploads\/2025\/03\/2b1ff100-6342-4cb5-a1c6-56a752173a69.jpg?resize=350%2C200&ssl=1","width":350,"height":200,"srcset":"https:\/\/i0.wp.com\/artstella-elixirs-floraux.com\/wp-content\/uploads\/2025\/03\/2b1ff100-6342-4cb5-a1c6-56a752173a69.jpg?resize=350%2C200&ssl=1 1x, https:\/\/i0.wp.com\/artstella-elixirs-floraux.com\/wp-content\/uploads\/2025\/03\/2b1ff100-6342-4cb5-a1c6-56a752173a69.jpg?resize=525%2C300&ssl=1 1.5x, https:\/\/i0.wp.com\/artstella-elixirs-floraux.com\/wp-content\/uploads\/2025\/03\/2b1ff100-6342-4cb5-a1c6-56a752173a69.jpg?resize=700%2C400&ssl=1 2x"},"classes":[]},{"id":3542,"url":"https:\/\/artstella-elixirs-floraux.com\/fr_fr\/produit\/contemplation-du-silence-15-ml\/","url_meta":{"origin":3577,"position":4},"title":"Contemplation du silence 15 ML","author":"eveapprill","date":"9 mars 2025","format":false,"excerpt":"Contemplation du silence \/ Behold the Silence (Comparetia macroplectron - Colombie) Cet \u00e9lixir invite \u00e0 entrer dans le silence profond de l\u2019\u00eatre universel et de cr\u00e9er une nouvelle relation avec l\u2019avenir. Lorsque le futur devient de plus en plus pr\u00e9sent dans ce silence int\u00e9rieur,","rel":"","context":"Article similaire","block_context":{"text":"Article similaire","link":""},"img":{"alt_text":"Contemplation du silence 15 ML","src":"https:\/\/i0.wp.com\/artstella-elixirs-floraux.com\/wp-content\/uploads\/2025\/03\/92ba7bb5-9539-4a0a-b4b8-21a85a7e1055.jpg?resize=350%2C200&ssl=1","width":350,"height":200,"srcset":"https:\/\/i0.wp.com\/artstella-elixirs-floraux.com\/wp-content\/uploads\/2025\/03\/92ba7bb5-9539-4a0a-b4b8-21a85a7e1055.jpg?resize=350%2C200&ssl=1 1x, https:\/\/i0.wp.com\/artstella-elixirs-floraux.com\/wp-content\/uploads\/2025\/03\/92ba7bb5-9539-4a0a-b4b8-21a85a7e1055.jpg?resize=525%2C300&ssl=1 1.5x, https:\/\/i0.wp.com\/artstella-elixirs-floraux.com\/wp-content\/uploads\/2025\/03\/92ba7bb5-9539-4a0a-b4b8-21a85a7e1055.jpg?resize=700%2C400&ssl=1 2x"},"classes":[]},{"id":6304,"url":"https:\/\/artstella-elixirs-floraux.com\/fr_fr\/produit\/coming-home-15-ml-ltoe\/","url_meta":{"origin":3577,"position":5},"title":"COMING HOME 15 ml LTOE","author":"eveapprill","date":"9 mars 2025","format":false,"excerpt":"Coming Home \/ Rentrer chez soi \u00a0(Behold the Silence, Boundless Peace, Mercutio, Purity of Heart, renewing Life, Unconditionnal Snuggles) Apaisant, relaxant et enracinant. Apporte de l\u2019\u00e9nergie dans les chakras inf\u00e9rieurs (1er, 2\u00e8me , 3\u00e8me) de m\u00eame qu\u2019au chakra du c\u0153ur, apportant une l\u00e9g\u00e8ret\u00e9 de l\u2019\u00eatre.","rel":"","context":"Article similaire","block_context":{"text":"Article similaire","link":""},"img":{"alt_text":"","src":"https:\/\/i0.wp.com\/artstella-elixirs-floraux.com\/wp-content\/uploads\/2025\/03\/873ab185-7c2b-45dd-ad29-abfd6728c3f8.jpg?resize=350%2C200&ssl=1","width":350,"height":200,"srcset":"https:\/\/i0.wp.com\/artstella-elixirs-floraux.com\/wp-content\/uploads\/2025\/03\/873ab185-7c2b-45dd-ad29-abfd6728c3f8.jpg?resize=350%2C200&ssl=1 1x, https:\/\/i0.wp.com\/artstella-elixirs-floraux.com\/wp-content\/uploads\/2025\/03\/873ab185-7c2b-45dd-ad29-abfd6728c3f8.jpg?resize=525%2C300&ssl=1 1.5x, https:\/\/i0.wp.com\/artstella-elixirs-floraux.com\/wp-content\/uploads\/2025\/03\/873ab185-7c2b-45dd-ad29-abfd6728c3f8.jpg?resize=700%2C400&ssl=1 2x"},"classes":[]}],"_links":{"self":[{"href":"https:\/\/artstella-elixirs-floraux.com\/fr_fr\/wp-json\/wp\/v2\/product\/3577","targetHints":{"allow":["GET"]}}],"collection":[{"href":"https:\/\/artstella-elixirs-floraux.com\/fr_fr\/wp-json\/wp\/v2\/product"}],"about":[{"href":"https:\/\/artstella-elixirs-floraux.com\/fr_fr\/wp-json\/wp\/v2\/types\/product"}],"version-history":[{"count":0,"href":"https:\/\/artstella-elixirs-floraux.com\/fr_fr\/wp-json\/wp\/v2\/product\/3577\/revisions"}],"wp:featuredmedia":[{"embeddable":true,"href":"https:\/\/artstella-elixirs-floraux.com\/fr_fr\/wp-json\/wp\/v2\/media\/6840"}],"wp:attachment":[{"href":"https:\/\/artstella-elixirs-floraux.com\/fr_fr\/wp-json\/wp\/v2\/media?parent=3577"}],"wp:term":[{"taxonomy":"product_brand","embeddable":true,"href":"https:\/\/artstella-elixirs-floraux.com\/fr_fr\/wp-json\/wp\/v2\/product_brand?post=3577"},{"taxonomy":"product_cat","embeddable":true,"href":"https:\/\/artstella-elixirs-floraux.com\/fr_fr\/wp-json\/wp\/v2\/product_cat?post=3577"},{"taxonomy":"product_tag","embeddable":true,"href":"https:\/\/artstella-elixirs-floraux.com\/fr_fr\/wp-json\/wp\/v2\/product_tag?post=3577"}],"curies":[{"name":"wp","href":"https:\/\/api.w.org\/{rel}","templated":true}]}}