{"id":3603,"date":"2025-03-09T13:13:26","date_gmt":"2025-03-09T13:13:26","guid":{"rendered":"https:\/\/artstella-elixirs-floraux.com\/product\/27-joyous-purification-ltoe-15-ml\/"},"modified":"2025-04-06T10:10:53","modified_gmt":"2025-04-06T10:10:53","slug":"27-joyous-purification-ltoe-15-ml","status":"publish","type":"product","link":"https:\/\/artstella-elixirs-floraux.com\/fr_fr\/produit\/27-joyous-purification-ltoe-15-ml\/","title":{"rendered":"Purification joyeuse LTOE 15 ML"},"content":{"rendered":"<p><strong><em>Purification joyeuse-\u00a0 Joyous Purification<br \/>\n<\/em><\/strong>purifie le chakra de base. Alors que la purification est souvent per\u00e7ue comme un processus ardu et douloureux, cet \u00e9lixir en fait une exp\u00e9rience joyeuse. Chez les hommes, il initie \u00e0 une compr\u00e9hension plus f\u00e9minine de la puret\u00e9 et de l\u2019innocence ; chez les femmes, il s\u2019av\u00e8re b\u00e9n\u00e9fique dans certains cas d\u2019abus sexuel, r\u00e9tablissant ainsi l\u2019innocence naturelle du chakra de base avec une mont\u00e9e de lumi\u00e8re blanche \u00e9th\u00e9rique. Le mouvement puissant et efficace de cette lumi\u00e8re permet l\u2019exploration th\u00e9rapeutique de difficult\u00e9s enfouies dans le chakra de base.<\/p>\n","protected":false},"excerpt":{"rendered":"<p><strong><em>Purification joyeuse-\u00a0 Joyous Purification<br \/>\n<\/em><\/strong>Purifie le chakra de base. Alors que la purification est souvent per\u00e7ue comme un processus ardu et douloureux, cet \u00e9lixir en fait une exp\u00e9rience joyeuse<\/p>\n","protected":false},"featured_media":7399,"template":"","meta":[],"product_brand":[],"product_cat":[95],"product_tag":[],"class_list":{"0":"post-3603","1":"product","2":"type-product","3":"status-publish","4":"has-post-thumbnail","6":"product_cat-les-elixirs-unitaires","8":"first","9":"instock","10":"taxable","11":"shipping-taxable","12":"purchasable","13":"product-type-simple"},"etheme_brands":{"errors":{"invalid_taxonomy":["Taxonomie non valide."]},"error_data":[]},"jetpack_sharing_enabled":true,"jetpack-related-posts":[{"id":5247,"url":"https:\/\/artstella-elixirs-floraux.com\/fr_fr\/produit\/defend-protect-and-purify-15-ml\/","url_meta":{"origin":3603,"position":0},"title":"DEFEND PROTECT AND PURIFY 15 ML","author":"eveapprill","date":"9 mars 2025","format":false,"excerpt":"Defend Protect & Purify ( compos\u00e9 de Defender frome the Dark, Protective Presence et Joyous Purification) Aide \u00e0 nettoyer le corps \u00e9th\u00e9rique des entit\u00e9s de bases \u00e9nergies. A tester en relation avec le 1er et le 2\u00e8me chakra. Peut \u00eatre utilis\u00e9 aussi bien par voie orale que de fa\u00e7on externe.","rel":"","context":"Article similaire","block_context":{"text":"Article similaire","link":""},"img":{"alt_text":"","src":"https:\/\/i0.wp.com\/artstella-elixirs-floraux.com\/wp-content\/uploads\/2025\/03\/ecb69ce2-ef0f-4bad-8272-8f4b7737aef1.jpg?resize=350%2C200&ssl=1","width":350,"height":200,"srcset":"https:\/\/i0.wp.com\/artstella-elixirs-floraux.com\/wp-content\/uploads\/2025\/03\/ecb69ce2-ef0f-4bad-8272-8f4b7737aef1.jpg?resize=350%2C200&ssl=1 1x, https:\/\/i0.wp.com\/artstella-elixirs-floraux.com\/wp-content\/uploads\/2025\/03\/ecb69ce2-ef0f-4bad-8272-8f4b7737aef1.jpg?resize=525%2C300&ssl=1 1.5x, https:\/\/i0.wp.com\/artstella-elixirs-floraux.com\/wp-content\/uploads\/2025\/03\/ecb69ce2-ef0f-4bad-8272-8f4b7737aef1.jpg?resize=700%2C400&ssl=1 2x"},"classes":[]},{"id":3464,"url":"https:\/\/artstella-elixirs-floraux.com\/fr_fr\/produit\/champ-amazonie-n1-15-ml-phi\/","url_meta":{"origin":3603,"position":1},"title":"CHAMP AMAZONIE N1 15 ML PHI","author":"eveapprill","date":"9 mars 2025","format":false,"excerpt":"Champignon d\u2019Amazonie n\u00b01 (Cordyceps) (Kernkeulen) L\u2019\u00e9lixir soutient et purifie le 2\u00e8me chakra et sur la zone des reins. Son action est tr\u00e8s profonde et permet d\u2019\u00e9vacuer les poisons \u00e9motionnels qui sont install\u00e9s au niveau corporel","rel":"","context":"Article similaire","block_context":{"text":"Article similaire","link":""},"img":{"alt_text":"","src":"https:\/\/i0.wp.com\/artstella-elixirs-floraux.com\/wp-content\/uploads\/2025\/03\/wp-image330.png?resize=350%2C200&ssl=1","width":350,"height":200},"classes":[]},{"id":6278,"url":"https:\/\/artstella-elixirs-floraux.com\/fr_fr\/produit\/hortensia-sylfos-15ml\/","url_meta":{"origin":3603,"position":2},"title":"HORTENSIA SYLFOS 15ML","author":"eveapprill","date":"9 mars 2025","format":false,"excerpt":"HORTENSIA (Hydrangea sp.) \u00a0Confiance en soi - \u00c9nergie - Purification \u2013 Responsabilit\u00e9 Elixir recommand\u00e9 aux personnes qui souffrent d\u2019anxi\u00e9t\u00e9 dans les relations. Ils manquent souvent de clart\u00e9 de pens\u00e9e, n'ont pas confiance en eux mais sont tr\u00e8s exigeants et ne sont jamais satisfaits.","rel":"","context":"Article similaire","block_context":{"text":"Article similaire","link":""},"img":{"alt_text":"","src":"https:\/\/i0.wp.com\/artstella-elixirs-floraux.com\/wp-content\/uploads\/2025\/03\/wp-image2228.png?resize=350%2C200&ssl=1","width":350,"height":200},"classes":[]},{"id":12326,"url":"https:\/\/artstella-elixirs-floraux.com\/fr_fr\/produit\/ambre-ambar-15-ml-sylfos\/","url_meta":{"origin":3603,"position":3},"title":"AMBRE &#8211; AMBAR 15 ml Sylfos","author":"eveapprill","date":"16 mars 2026","format":false,"excerpt":"L'ambre lib\u00e8re les charges \u00e9motionnelles du pass\u00e9 qui g\u00e9n\u00e8rent une lourdeur ou une stagnation int\u00e9rieure. Il purifie le champ \u00e9nerg\u00e9tique et redonne vitalit\u00e9 et l\u00e9g\u00e8ret\u00e9. Il est particuli\u00e8rement utile dans les processus d'\u00e9puisement ou de purification \u00e9motionnelle profonde. Son \u00e9nergie transforme la densit\u00e9 en renouveau et en mouvement int\u00e9rieur.","rel":"","context":"Article similaire","block_context":{"text":"Article similaire","link":""},"img":{"alt_text":"","src":"https:\/\/i0.wp.com\/artstella-elixirs-floraux.com\/wp-content\/uploads\/2026\/03\/Ambar_1.png?resize=350%2C200&ssl=1","width":350,"height":200},"classes":[]},{"id":5032,"url":"https:\/\/artstella-elixirs-floraux.com\/fr_fr\/produit\/amazonite-7-5-ml-alas-gem-sup\/","url_meta":{"origin":3603,"position":4},"title":"AMAZONITE 7.5 ML ALAS GEM SUP","author":"eveapprill","date":"9 mars 2025","format":false,"excerpt":"Amazonite \u00a0 Indications : congestion \u00e9motionnelle ; traitement des difficult\u00e9s et en lib\u00e9rant les \u00e9motions d'un pass\u00e9 lointain ; attitude d\u00e9faitiste ; sentiment accabl\u00e9 par la vie.","rel":"","context":"Article similaire","block_context":{"text":"Article similaire","link":""},"img":{"alt_text":"","src":"https:\/\/i0.wp.com\/artstella-elixirs-floraux.com\/wp-content\/uploads\/2025\/03\/wp-image1370.png?resize=350%2C200&ssl=1","width":350,"height":200},"classes":[]},{"id":5682,"url":"https:\/\/artstella-elixirs-floraux.com\/fr_fr\/produit\/epilobe-15-ml-deva\/","url_meta":{"origin":3603,"position":5},"title":"Epilobe 15 ml DEVA","author":"eveapprill","date":"9 mars 2025","format":false,"excerpt":"L'\u00e9lixir d'Epilobe aide \u00e0 se lib\u00e9rer des vieilles habitudes, des comportements fig\u00e9s, dans les p\u00e9riodes de transition.\u00a0Catalyseur de transformation. R\u00e9g\u00e9n\u00e9ration, purification","rel":"","context":"Article similaire","block_context":{"text":"Article similaire","link":""},"img":{"alt_text":"","src":"https:\/\/i0.wp.com\/artstella-elixirs-floraux.com\/wp-content\/uploads\/2025\/03\/wp-image2398.png?resize=350%2C200&ssl=1","width":350,"height":200},"classes":[]}],"_links":{"self":[{"href":"https:\/\/artstella-elixirs-floraux.com\/fr_fr\/wp-json\/wp\/v2\/product\/3603","targetHints":{"allow":["GET"]}}],"collection":[{"href":"https:\/\/artstella-elixirs-floraux.com\/fr_fr\/wp-json\/wp\/v2\/product"}],"about":[{"href":"https:\/\/artstella-elixirs-floraux.com\/fr_fr\/wp-json\/wp\/v2\/types\/product"}],"version-history":[{"count":0,"href":"https:\/\/artstella-elixirs-floraux.com\/fr_fr\/wp-json\/wp\/v2\/product\/3603\/revisions"}],"wp:featuredmedia":[{"embeddable":true,"href":"https:\/\/artstella-elixirs-floraux.com\/fr_fr\/wp-json\/wp\/v2\/media\/7399"}],"wp:attachment":[{"href":"https:\/\/artstella-elixirs-floraux.com\/fr_fr\/wp-json\/wp\/v2\/media?parent=3603"}],"wp:term":[{"taxonomy":"product_brand","embeddable":true,"href":"https:\/\/artstella-elixirs-floraux.com\/fr_fr\/wp-json\/wp\/v2\/product_brand?post=3603"},{"taxonomy":"product_cat","embeddable":true,"href":"https:\/\/artstella-elixirs-floraux.com\/fr_fr\/wp-json\/wp\/v2\/product_cat?post=3603"},{"taxonomy":"product_tag","embeddable":true,"href":"https:\/\/artstella-elixirs-floraux.com\/fr_fr\/wp-json\/wp\/v2\/product_tag?post=3603"}],"curies":[{"name":"wp","href":"https:\/\/api.w.org\/{rel}","templated":true}]}}