{"id":3605,"date":"2025-03-09T13:13:27","date_gmt":"2025-03-09T13:13:27","guid":{"rendered":"https:\/\/artstella-elixirs-floraux.com\/product\/28-just-me-15-ml\/"},"modified":"2026-05-06T16:41:13","modified_gmt":"2026-05-06T16:41:13","slug":"28-just-me-15-ml","status":"publish","type":"product","link":"https:\/\/artstella-elixirs-floraux.com\/fr_fr\/produit\/28-just-me-15-ml\/","title":{"rendered":"JUST ME 15 ML"},"content":{"rendered":"<p><span style=\"color: #008000;\"><strong><em>Just Me\/ Moi, c\u2019est moi :<\/em><\/strong> <\/span><br \/>\naide \u00e0 rester fid\u00e8le \u00e0 soi-m\u00eame sans subir l\u2019influence des projections et des attentes des autres. Il est excellent pour les enfants qui se sentent mal aim\u00e9s. Il permet d\u2019accepter ses limites et de les voir non pas comme sa vraie identit\u00e9, mais comme autant d\u2019\u00e9tapes de son cheminement personnel. Le monde a besoin de personnages haut en couleur, alors affichons nos couleurs !<\/p>\n","protected":false},"excerpt":{"rendered":"<p><span style=\"color: #008000;\"><strong><em>Just Me\/ Moi, c\u2019est moi :<\/em><\/strong><\/span><br \/>\naide \u00e0 rester fid\u00e8le \u00e0 soi-m\u00eame sans subir l\u2019influence des projections et des attentes des autres.<\/p>\n","protected":false},"featured_media":7638,"template":"","meta":[],"product_brand":[],"product_cat":[95],"product_tag":[],"class_list":{"0":"post-3605","1":"product","2":"type-product","3":"status-publish","4":"has-post-thumbnail","6":"product_cat-les-elixirs-unitaires","8":"first","9":"instock","10":"taxable","11":"shipping-taxable","12":"purchasable","13":"product-type-simple"},"etheme_brands":{"errors":{"invalid_taxonomy":["Taxonomie non valide."]},"error_data":[]},"jetpack_sharing_enabled":true,"jetpack-related-posts":[{"id":6339,"url":"https:\/\/artstella-elixirs-floraux.com\/fr_fr\/produit\/just-center-ltoe-15ml\/","url_meta":{"origin":3605,"position":0},"title":"Just center LTOE 15ml","author":"eveapprill","date":"9 mars 2025","format":false,"excerpt":"Just Center (avec Just me et Center renewal) A \u00e9t\u00e9 cr\u00e9\u00e9 pour faire face \u00e0 des configurations astrologiques perturbatrices de notre bien-\u00eatre. Nous aide \u00e0 \u00eatre conscient de notre valeur intrins\u00e8que et ainsi \u00e0 ne pas \u00eatre sujet \u00e0 ces influences n\u00e9gatives. Tel un parapluie nous prot\u00e9geant d\u2019une \u00ab pluie\u2026","rel":"","context":"Article similaire","block_context":{"text":"Article similaire","link":""},"img":{"alt_text":"","src":"https:\/\/i0.wp.com\/artstella-elixirs-floraux.com\/wp-content\/uploads\/2025\/03\/wp-image2344.png?resize=350%2C200&ssl=1","width":350,"height":200,"srcset":"https:\/\/i0.wp.com\/artstella-elixirs-floraux.com\/wp-content\/uploads\/2025\/03\/wp-image2344.png?resize=350%2C200&ssl=1 1x, https:\/\/i0.wp.com\/artstella-elixirs-floraux.com\/wp-content\/uploads\/2025\/03\/wp-image2344.png?resize=525%2C300&ssl=1 1.5x, https:\/\/i0.wp.com\/artstella-elixirs-floraux.com\/wp-content\/uploads\/2025\/03\/wp-image2344.png?resize=700%2C400&ssl=1 2x, https:\/\/i0.wp.com\/artstella-elixirs-floraux.com\/wp-content\/uploads\/2025\/03\/wp-image2344.png?resize=1050%2C600&ssl=1 3x, https:\/\/i0.wp.com\/artstella-elixirs-floraux.com\/wp-content\/uploads\/2025\/03\/wp-image2344.png?resize=1400%2C800&ssl=1 4x"},"classes":[]},{"id":3863,"url":"https:\/\/artstella-elixirs-floraux.com\/fr_fr\/produit\/oursin-15-ml-phi\/","url_meta":{"origin":3605,"position":1},"title":"OURSIN 15 ML PHI","author":"eveapprill","date":"9 mars 2025","format":false,"excerpt":"Oursin\u00a0(Echinotrix diadema) Seeigel L\u2019\u00e9lixir nous aide \u00e0 trouver notre juste place dans le couple et les autres relations humaines. Il nous aide \u00e0 trouver la distance juste entre la proximit\u00e9 et l\u2019\u00e9loignement. Nous apprenons \u00e0 prendre notre place tout en laissant leur place aux autres.","rel":"","context":"Article similaire","block_context":{"text":"Article similaire","link":""},"img":{"alt_text":"","src":"","width":0,"height":0},"classes":[]},{"id":3272,"url":"https:\/\/artstella-elixirs-floraux.com\/fr_fr\/produit\/epilobe-15-ml-phi\/","url_meta":{"origin":3605,"position":2},"title":"EPILOBE 15 ML PHI","author":"eveapprill","date":"9 mars 2025","format":false,"excerpt":"Epilobe (Epilobium angustifolium) (Staudenfeuerkraut) Cette plante est la premi\u00e8re \u00e0 pousser dans les endroits qui ont subi des chocs importants (incendies, abattage des arbres...).","rel":"","context":"Article similaire","block_context":{"text":"Article similaire","link":""},"img":{"alt_text":"","src":"https:\/\/i0.wp.com\/artstella-elixirs-floraux.com\/wp-content\/uploads\/2025\/03\/wp-image676.png?resize=350%2C200&ssl=1","width":350,"height":200},"classes":[]},{"id":3633,"url":"https:\/\/artstella-elixirs-floraux.com\/fr_fr\/produit\/42-positive-outcome-ltoe-15-ml\/","url_meta":{"origin":3605,"position":3},"title":"POSITIVE OUTCOME LTOE 15 ML","author":"eveapprill","date":"9 mars 2025","format":false,"excerpt":"Positive Outcome\/ Issue positive Cet \u00e9lixir aide \u00e0 garder un optimisme \u00e0 toute \u00e9preuve et fournit une endurance remarquable.","rel":"","context":"Article similaire","block_context":{"text":"Article similaire","link":""},"img":{"alt_text":"","src":"https:\/\/i0.wp.com\/artstella-elixirs-floraux.com\/wp-content\/uploads\/2025\/03\/3b42a2f2-8bfb-46cb-bc88-cb3ba763587c.jpg?resize=350%2C200&ssl=1","width":350,"height":200,"srcset":"https:\/\/i0.wp.com\/artstella-elixirs-floraux.com\/wp-content\/uploads\/2025\/03\/3b42a2f2-8bfb-46cb-bc88-cb3ba763587c.jpg?resize=350%2C200&ssl=1 1x, https:\/\/i0.wp.com\/artstella-elixirs-floraux.com\/wp-content\/uploads\/2025\/03\/3b42a2f2-8bfb-46cb-bc88-cb3ba763587c.jpg?resize=525%2C300&ssl=1 1.5x, https:\/\/i0.wp.com\/artstella-elixirs-floraux.com\/wp-content\/uploads\/2025\/03\/3b42a2f2-8bfb-46cb-bc88-cb3ba763587c.jpg?resize=700%2C400&ssl=1 2x"},"classes":[]},{"id":6193,"url":"https:\/\/artstella-elixirs-floraux.com\/fr_fr\/produit\/4-elements-compose-bloesem-remedies\/","url_meta":{"origin":3605,"position":4},"title":"4 ELEMENTS COMPOSE BLOESEM REMEDIES","author":"eveapprill","date":"9 mars 2025","format":false,"excerpt":"COMPOS\u00c9 4 ELEMENTS \u2013 4 ELEMENTEN COMBINATIE \u2013 permet d\u2019\u00eatre ouvert et chaleureux avec des autres tout en restant fid\u00e8le \u00e0 soi-m\u00eame. Le lien avec l\u2019\u00e2me et le but de l\u2019\u00e2me deviennent plus clair","rel":"","context":"Article similaire","block_context":{"text":"Article similaire","link":""},"img":{"alt_text":"","src":"https:\/\/i0.wp.com\/artstella-elixirs-floraux.com\/wp-content\/uploads\/2025\/03\/wp-image2192.png?resize=350%2C200&ssl=1","width":350,"height":200},"classes":[]},{"id":3932,"url":"https:\/\/artstella-elixirs-floraux.com\/fr_fr\/produit\/grand-duc-a-e-15-ml-phi\/","url_meta":{"origin":3605,"position":5},"title":"GRAND DUC A.E 15 ML PHI","author":"eveapprill","date":"9 mars 2025","format":false,"excerpt":"\u00a0Grand duc (Bubo bubo) Uhu renforce nos sens pour mieux distinguer ce qui est juste et important pour nous.","rel":"","context":"Article similaire","block_context":{"text":"Article similaire","link":""},"img":{"alt_text":"","src":"","width":0,"height":0},"classes":[]}],"_links":{"self":[{"href":"https:\/\/artstella-elixirs-floraux.com\/fr_fr\/wp-json\/wp\/v2\/product\/3605","targetHints":{"allow":["GET"]}}],"collection":[{"href":"https:\/\/artstella-elixirs-floraux.com\/fr_fr\/wp-json\/wp\/v2\/product"}],"about":[{"href":"https:\/\/artstella-elixirs-floraux.com\/fr_fr\/wp-json\/wp\/v2\/types\/product"}],"version-history":[{"count":1,"href":"https:\/\/artstella-elixirs-floraux.com\/fr_fr\/wp-json\/wp\/v2\/product\/3605\/revisions"}],"predecessor-version":[{"id":12619,"href":"https:\/\/artstella-elixirs-floraux.com\/fr_fr\/wp-json\/wp\/v2\/product\/3605\/revisions\/12619"}],"wp:featuredmedia":[{"embeddable":true,"href":"https:\/\/artstella-elixirs-floraux.com\/fr_fr\/wp-json\/wp\/v2\/media\/7638"}],"wp:attachment":[{"href":"https:\/\/artstella-elixirs-floraux.com\/fr_fr\/wp-json\/wp\/v2\/media?parent=3605"}],"wp:term":[{"taxonomy":"product_brand","embeddable":true,"href":"https:\/\/artstella-elixirs-floraux.com\/fr_fr\/wp-json\/wp\/v2\/product_brand?post=3605"},{"taxonomy":"product_cat","embeddable":true,"href":"https:\/\/artstella-elixirs-floraux.com\/fr_fr\/wp-json\/wp\/v2\/product_cat?post=3605"},{"taxonomy":"product_tag","embeddable":true,"href":"https:\/\/artstella-elixirs-floraux.com\/fr_fr\/wp-json\/wp\/v2\/product_tag?post=3605"}],"curies":[{"name":"wp","href":"https:\/\/api.w.org\/{rel}","templated":true}]}}