{"id":3631,"date":"2025-03-09T13:13:44","date_gmt":"2025-03-09T13:13:44","guid":{"rendered":"https:\/\/artstella-elixirs-floraux.com\/product\/41-night-soul-15-ml-ltoe\/"},"modified":"2026-05-06T16:28:23","modified_gmt":"2026-05-06T16:28:23","slug":"41-night-soul-15-ml-ltoe","status":"publish","type":"product","link":"https:\/\/artstella-elixirs-floraux.com\/fr_fr\/produit\/41-night-soul-15-ml-ltoe\/","title":{"rendered":"NIGHT SOUL 15 ML LTOE"},"content":{"rendered":"<p>Tel un esprit dirigeant, un empereur guerrier, cet \u00e9lixir aide \u00e0 gu\u00e9rir les blessures pour retrouver son int\u00e9grit\u00e9 et pouvoir \u00e0 nouveau avancer dans la vie. Rappelez vous que vous \u00eates le capitaine de votre \u00e2me quelques soient les \u00e9preuves et les d\u00e9fis rencontr\u00e9s dans la vie<\/p>\n","protected":false},"excerpt":{"rendered":"<p><span lang=\"FR-CA\"><strong><em>Night Soul \/ Nuit de l&rsquo;\u00c2me\u00a0 <\/em><\/strong><\/span><span lang=\"FR-CA\"> Un \u00e9lixir puissant pour les p\u00e9riodes sombres, ou pour gu\u00e9rir des exp\u00e9riences sombres de l\u2019\u00e2me. La d\u00e9vastation qu\u2019elle soit ressentie int\u00e9rieurement ou rencontr\u00e9e, laisse de profondes empreintes dans la psych\u00e9.<\/span><\/p>\n","protected":false},"featured_media":7637,"template":"","meta":[],"product_brand":[],"product_cat":[95],"product_tag":[],"class_list":{"0":"post-3631","1":"product","2":"type-product","3":"status-publish","4":"has-post-thumbnail","6":"product_cat-les-elixirs-unitaires","8":"first","9":"instock","10":"taxable","11":"shipping-taxable","12":"purchasable","13":"product-type-simple"},"etheme_brands":{"errors":{"invalid_taxonomy":["Taxonomie non valide."]},"error_data":[]},"jetpack_sharing_enabled":true,"jetpack-related-posts":[{"id":3687,"url":"https:\/\/artstella-elixirs-floraux.com\/fr_fr\/produit\/70-voice-of-courage-ltoe-15ml\/","url_meta":{"origin":3631,"position":0},"title":"VOICE OF COURAGE LTOE 15ML","author":"eveapprill","date":"9 mars 2025","format":false,"excerpt":"Voice of Courage \/ la Voix du courage Un \u00e9lixir tr\u00e8s important pour gu\u00e9rir les niveaux profonds du 3\u00e8me chakra, de m\u00eame qu\u2019il \u00e9nerg\u00e9tise le chakra de la gorge. Donne force et courage et permet de renouveler notre engagement par rapport aux buts de notre \u00e2me dans cette vie","rel":"","context":"Article similaire","block_context":{"text":"Article similaire","link":""},"img":{"alt_text":"","src":"https:\/\/i0.wp.com\/artstella-elixirs-floraux.com\/wp-content\/uploads\/2025\/03\/29909093-978a-4b79-857b-1fffc2be6331.jpg?resize=350%2C200&ssl=1","width":350,"height":200,"srcset":"https:\/\/i0.wp.com\/artstella-elixirs-floraux.com\/wp-content\/uploads\/2025\/03\/29909093-978a-4b79-857b-1fffc2be6331.jpg?resize=350%2C200&ssl=1 1x, https:\/\/i0.wp.com\/artstella-elixirs-floraux.com\/wp-content\/uploads\/2025\/03\/29909093-978a-4b79-857b-1fffc2be6331.jpg?resize=525%2C300&ssl=1 1.5x, https:\/\/i0.wp.com\/artstella-elixirs-floraux.com\/wp-content\/uploads\/2025\/03\/29909093-978a-4b79-857b-1fffc2be6331.jpg?resize=700%2C400&ssl=1 2x"},"classes":[]},{"id":3521,"url":"https:\/\/artstella-elixirs-floraux.com\/fr_fr\/produit\/soul-shield-ltoe-15-ml\/","url_meta":{"origin":3631,"position":1},"title":"SOUL SHIELD + LTOE 15 ML","author":"eveapprill","date":"9 mars 2025","format":false,"excerpt":"Bouclier de l\u2019\u00e2me \/ Soul Shield On a parfois besoin de se prot\u00e9ger, pour toutes sortes de raisons. Ceux qui travaillent avec la lumi\u00e8re peuvent, \u00e0 l\u2019occasion, \u00eatre sujets \u00e0 des attaques \u00e9nerg\u00e9tiques\u00a0;","rel":"","context":"Article similaire","block_context":{"text":"Article similaire","link":""},"img":{"alt_text":"","src":"https:\/\/i0.wp.com\/artstella-elixirs-floraux.com\/wp-content\/uploads\/2025\/03\/ed2b69e3-6c8e-46f6-92d8-02e5adb4a16f.jpg?resize=350%2C200&ssl=1","width":350,"height":200,"srcset":"https:\/\/i0.wp.com\/artstella-elixirs-floraux.com\/wp-content\/uploads\/2025\/03\/ed2b69e3-6c8e-46f6-92d8-02e5adb4a16f.jpg?resize=350%2C200&ssl=1 1x, https:\/\/i0.wp.com\/artstella-elixirs-floraux.com\/wp-content\/uploads\/2025\/03\/ed2b69e3-6c8e-46f6-92d8-02e5adb4a16f.jpg?resize=525%2C300&ssl=1 1.5x, https:\/\/i0.wp.com\/artstella-elixirs-floraux.com\/wp-content\/uploads\/2025\/03\/ed2b69e3-6c8e-46f6-92d8-02e5adb4a16f.jpg?resize=700%2C400&ssl=1 2x"},"classes":[]},{"id":5191,"url":"https:\/\/artstella-elixirs-floraux.com\/fr_fr\/produit\/soul-shield-spray\/","url_meta":{"origin":3631,"position":2},"title":"SOUL SHIELD SPRAY LTOE","author":"eveapprill","date":"9 mars 2025","format":false,"excerpt":"Soul Shield + (Bouclier de l\u2019\u00e2me) Protection psychique Pour les moments o\u00f9 l\u2019on a besoin de protection. Prot\u00e8ge l\u2019aura corporelle ou les espaces de vie de l\u2019incursion d\u2019\u00e9nergies psychiques n\u00e9gatives. Les personnes travaillant avec la lumi\u00e8re peuvent facilement s\u2019attirer des d\u00e9fis divers et parfois des \u00e9nergies \u00ab\u00a0sombres\u00a0\u00bb. \u00ab\u00a0bleu\u00a0\u00bb avec les\u2026","rel":"","context":"Article similaire","block_context":{"text":"Article similaire","link":""},"img":{"alt_text":"","src":"https:\/\/i0.wp.com\/artstella-elixirs-floraux.com\/wp-content\/uploads\/2025\/03\/wp-image1737.png?resize=350%2C200&ssl=1","width":350,"height":200},"classes":[]},{"id":3639,"url":"https:\/\/artstella-elixirs-floraux.com\/fr_fr\/produit\/45-purity-of-soul-15ml-ltoe\/","url_meta":{"origin":3631,"position":3},"title":"PURITY OF SOUL 15ML LTOE","author":"eveapprill","date":"9 mars 2025","format":false,"excerpt":"Purity of Soul \/ Puret\u00e9 de l\u2019\u00e2me. Agit comme une pluie bienfaisante sur l\u2019\u00e2me, une ablution purifiant les bagages n\u00e9gatifs accumul\u00e9s par l\u2019Ego. Clarifier \u00e9galement les sch\u00e9mas n\u00e9gatifs ancestraux inconscients au niveau de la psych\u00e9.","rel":"","context":"Article similaire","block_context":{"text":"Article similaire","link":""},"img":{"alt_text":"","src":"https:\/\/i0.wp.com\/artstella-elixirs-floraux.com\/wp-content\/uploads\/2025\/03\/97cc5ccb-059e-4f84-ae80-823985597481.jpg?resize=350%2C200&ssl=1","width":350,"height":200,"srcset":"https:\/\/i0.wp.com\/artstella-elixirs-floraux.com\/wp-content\/uploads\/2025\/03\/97cc5ccb-059e-4f84-ae80-823985597481.jpg?resize=350%2C200&ssl=1 1x, https:\/\/i0.wp.com\/artstella-elixirs-floraux.com\/wp-content\/uploads\/2025\/03\/97cc5ccb-059e-4f84-ae80-823985597481.jpg?resize=525%2C300&ssl=1 1.5x, https:\/\/i0.wp.com\/artstella-elixirs-floraux.com\/wp-content\/uploads\/2025\/03\/97cc5ccb-059e-4f84-ae80-823985597481.jpg?resize=700%2C400&ssl=1 2x"},"classes":[]},{"id":3642,"url":"https:\/\/artstella-elixirs-floraux.com\/fr_fr\/produit\/46-pushing-back-the-night-ltoe-15-ml\/","url_meta":{"origin":3631,"position":4},"title":"PUSHING BACK THE NIGHT LTOE 15 ML","author":"eveapprill","date":"9 mars 2025","format":false,"excerpt":"Pushing Back the Night\u00a0 \/ Repousser la nuit Cet \u00e9lixir favorise un \u00e9tat d\u2019esprit o\u00f9 vision et lumi\u00e8re se confondent, permettant de prendre conscience que la vie est sacr\u00e9e. Son but est d\u2019aider \u00e0 gu\u00e9rir le destin de l\u2019humanit\u00e9.","rel":"","context":"Article similaire","block_context":{"text":"Article similaire","link":""},"img":{"alt_text":"","src":"https:\/\/i0.wp.com\/artstella-elixirs-floraux.com\/wp-content\/uploads\/2025\/03\/2b1ff100-6342-4cb5-a1c6-56a752173a69.jpg?resize=350%2C200&ssl=1","width":350,"height":200,"srcset":"https:\/\/i0.wp.com\/artstella-elixirs-floraux.com\/wp-content\/uploads\/2025\/03\/2b1ff100-6342-4cb5-a1c6-56a752173a69.jpg?resize=350%2C200&ssl=1 1x, https:\/\/i0.wp.com\/artstella-elixirs-floraux.com\/wp-content\/uploads\/2025\/03\/2b1ff100-6342-4cb5-a1c6-56a752173a69.jpg?resize=525%2C300&ssl=1 1.5x, https:\/\/i0.wp.com\/artstella-elixirs-floraux.com\/wp-content\/uploads\/2025\/03\/2b1ff100-6342-4cb5-a1c6-56a752173a69.jpg?resize=700%2C400&ssl=1 2x"},"classes":[]},{"id":5873,"url":"https:\/\/artstella-elixirs-floraux.com\/fr_fr\/produit\/dragon-fire-15-ml\/","url_meta":{"origin":3631,"position":5},"title":"DRAGON FIRE 15 ML","author":"eveapprill","date":"9 mars 2025","format":false,"excerpt":"Dragon Fire Phragmipedium China Dragon Donne le courage et l\u2019\u00e9nergie d\u2019accueillir le pouvoir spirituel de transformation dans nos vies.","rel":"","context":"Article similaire","block_context":{"text":"Article similaire","link":""},"img":{"alt_text":"","src":"","width":0,"height":0},"classes":[]}],"_links":{"self":[{"href":"https:\/\/artstella-elixirs-floraux.com\/fr_fr\/wp-json\/wp\/v2\/product\/3631","targetHints":{"allow":["GET"]}}],"collection":[{"href":"https:\/\/artstella-elixirs-floraux.com\/fr_fr\/wp-json\/wp\/v2\/product"}],"about":[{"href":"https:\/\/artstella-elixirs-floraux.com\/fr_fr\/wp-json\/wp\/v2\/types\/product"}],"version-history":[{"count":1,"href":"https:\/\/artstella-elixirs-floraux.com\/fr_fr\/wp-json\/wp\/v2\/product\/3631\/revisions"}],"predecessor-version":[{"id":12604,"href":"https:\/\/artstella-elixirs-floraux.com\/fr_fr\/wp-json\/wp\/v2\/product\/3631\/revisions\/12604"}],"wp:featuredmedia":[{"embeddable":true,"href":"https:\/\/artstella-elixirs-floraux.com\/fr_fr\/wp-json\/wp\/v2\/media\/7637"}],"wp:attachment":[{"href":"https:\/\/artstella-elixirs-floraux.com\/fr_fr\/wp-json\/wp\/v2\/media?parent=3631"}],"wp:term":[{"taxonomy":"product_brand","embeddable":true,"href":"https:\/\/artstella-elixirs-floraux.com\/fr_fr\/wp-json\/wp\/v2\/product_brand?post=3631"},{"taxonomy":"product_cat","embeddable":true,"href":"https:\/\/artstella-elixirs-floraux.com\/fr_fr\/wp-json\/wp\/v2\/product_cat?post=3631"},{"taxonomy":"product_tag","embeddable":true,"href":"https:\/\/artstella-elixirs-floraux.com\/fr_fr\/wp-json\/wp\/v2\/product_tag?post=3631"}],"curies":[{"name":"wp","href":"https:\/\/api.w.org\/{rel}","templated":true}]}}