{"id":3635,"date":"2025-03-09T13:13:58","date_gmt":"2025-03-09T13:13:58","guid":{"rendered":"https:\/\/artstella-elixirs-floraux.com\/product\/43-protective-presence-ltoe-15-ml\/"},"modified":"2026-05-06T16:27:09","modified_gmt":"2026-05-06T16:27:09","slug":"43-protective-presence-ltoe-15-ml","status":"publish","type":"product","link":"https:\/\/artstella-elixirs-floraux.com\/fr_fr\/produit\/43-protective-presence-ltoe-15-ml\/","title":{"rendered":"PROTECTIVE PRESENCE LTOE 15 ML"},"content":{"rendered":"<p><span style=\"color: #008000;\"><strong><em>Protective Presence\/ Pr\u00e9sence protectrice <\/em><\/strong><\/span><br \/>\nExcellent pour ceux qui voyagent vers des destinations o\u00f9 leur s\u00e9curit\u00e9 personnelle est menac\u00e9e, cet \u00e9lixir prot\u00e8ge et donne un sens de continuit\u00e9 pendant des p\u00e9riodes de changement majeur (ex. d\u00e9m\u00e9nagement, changement de carri\u00e8re). Il peut aider aussi comprendre que la v\u00e9ritable protection se trouve dans la prise de conscience de la vraie nature de l\u2019existence humaine, au tr\u00e9fonds de soi. Les fleurs de l\u2019orchid\u00e9e qui a permis la cr\u00e9ation de cet \u00e9lixir ressemblent aux protecteurs courrouc\u00e9s du bouddhisme tib\u00e9tain. L\u2019\u00e9lixir favorise donc une remise en contact avec sa propre force int\u00e9rieure.<\/p>\n","protected":false},"excerpt":{"rendered":"<p><strong><em><span style=\"color: #008000;\">Protective Presence\/ Pr\u00e9sence protectrice<\/span><br \/>\n<\/em><\/strong>Excellent pour ceux qui voyagent vers des destinations o\u00f9 leur s\u00e9curit\u00e9 personnelle est menac\u00e9e, cet \u00e9lixir prot\u00e8ge et donne un sens de continuit\u00e9 pendant des p\u00e9riodes de changement majeur<\/p>\n","protected":false},"featured_media":7629,"template":"","meta":[],"product_brand":[],"product_cat":[95],"product_tag":[],"class_list":{"0":"post-3635","1":"product","2":"type-product","3":"status-publish","4":"has-post-thumbnail","6":"product_cat-les-elixirs-unitaires","8":"first","9":"instock","10":"taxable","11":"shipping-taxable","12":"purchasable","13":"product-type-simple"},"etheme_brands":{"errors":{"invalid_taxonomy":["Taxonomie non valide."]},"error_data":[]},"jetpack_sharing_enabled":true,"jetpack-related-posts":[{"id":3485,"url":"https:\/\/artstella-elixirs-floraux.com\/fr_fr\/produit\/defend-and-protect-15-ml-ltoe\/","url_meta":{"origin":3635,"position":0},"title":"DEFEND AND PROTECT 15 ML LTOE","author":"eveapprill","date":"9 mars 2025","format":false,"excerpt":"Defend and Protect \/ D\u00e9fense et Protection * (Defender from the Dark et Protective Presence) Il y a une similarit\u00e9 entre ces deux orchid\u00e9es en ce qu\u2019elles apportent une attention \u00e0 toute \u00e9preuve face aux influences malignes. Quand on doit faire face \u00e0 des entit\u00e9s n\u00e9gatives, ce compos\u00e9 apporte une\u2026","rel":"","context":"Article similaire","block_context":{"text":"Article similaire","link":""},"img":{"alt_text":"","src":"https:\/\/i0.wp.com\/artstella-elixirs-floraux.com\/wp-content\/uploads\/2025\/03\/56bfa7bf-53e2-4519-8fed-67e2d0d481ea.jpg?resize=350%2C200&ssl=1","width":350,"height":200,"srcset":"https:\/\/i0.wp.com\/artstella-elixirs-floraux.com\/wp-content\/uploads\/2025\/03\/56bfa7bf-53e2-4519-8fed-67e2d0d481ea.jpg?resize=350%2C200&ssl=1 1x, https:\/\/i0.wp.com\/artstella-elixirs-floraux.com\/wp-content\/uploads\/2025\/03\/56bfa7bf-53e2-4519-8fed-67e2d0d481ea.jpg?resize=525%2C300&ssl=1 1.5x, https:\/\/i0.wp.com\/artstella-elixirs-floraux.com\/wp-content\/uploads\/2025\/03\/56bfa7bf-53e2-4519-8fed-67e2d0d481ea.jpg?resize=700%2C400&ssl=1 2x"},"classes":[]},{"id":5340,"url":"https:\/\/artstella-elixirs-floraux.com\/fr_fr\/produit\/defend-and-protect\/","url_meta":{"origin":3635,"position":1},"title":"DEFEND and PROTECT SPRAY","author":"eveapprill","date":"9 mars 2025","format":false,"excerpt":"Defend and Protect \/ D\u00e9fense et Protection \u00a0(Defender from the Dark et protective Presence) Il y a une similarit\u00e9 entre ces deux orchid\u00e9es en ce qu\u2019elles apportent une attention \u00e0 toute \u00e9preuve face aux influences malignes. Quand on doit faire face \u00e0 des entit\u00e9s n\u00e9gatives, ce compos\u00e9 apporte une armure\u2026","rel":"","context":"Article similaire","block_context":{"text":"Article similaire","link":""},"img":{"alt_text":"","src":"https:\/\/i0.wp.com\/artstella-elixirs-floraux.com\/wp-content\/uploads\/2025\/03\/wp-image1738.png?resize=350%2C200&ssl=1","width":350,"height":200},"classes":[]},{"id":6288,"url":"https:\/\/artstella-elixirs-floraux.com\/fr_fr\/produit\/tomillo-thym-sylfos-15ml\/","url_meta":{"origin":3635,"position":2},"title":"TOMILLO THYM SYLFOS 15ML","author":"eveapprill","date":"9 mars 2025","format":false,"excerpt":"TOMILLO \/ Thym\u00a0(Thymus vulgaris) Pr\u00e9sence \u2013 l\u2019Elixir du Temps Aide \u00e0 dissoudre les sentiments d\u2019urgence et de manque de temps permettant de g\u00e9rer les \u00e9v\u00e9nements quotidiens de la vie de fa\u00e7on plus d\u00e9tendue. Il am\u00e9liore la concentration, augmente l'\u00e9nergie, et aide ceux qui s'adaptent aux changements de saison.","rel":"","context":"Article similaire","block_context":{"text":"Article similaire","link":""},"img":{"alt_text":"","src":"https:\/\/i0.wp.com\/artstella-elixirs-floraux.com\/wp-content\/uploads\/2025\/03\/wp-image2232.png?resize=350%2C200&ssl=1","width":350,"height":200},"classes":[]},{"id":6032,"url":"https:\/\/artstella-elixirs-floraux.com\/fr_fr\/produit\/elixir-ocean-n02-phi15ml\/","url_meta":{"origin":3635,"position":3},"title":"ELIXIR OCEAN N\u00b002 PHI15ML","author":"eveapprill","date":"9 mars 2025","format":false,"excerpt":"L\u2019\u00e9lixir exerce une action de protection \u00e9nerg\u00e9tique pour nos cellules. Am\u00e9liore la fonction protectrice des corps de lumi\u00e8re. Nous relie avec la force primordiale. Nous aide \u00e0 traverser la vie en souplesse. Am\u00e9liore la flexibilit\u00e9 et la capacit\u00e9 d\u2019adaptation.","rel":"","context":"Article similaire","block_context":{"text":"Article similaire","link":""},"img":{"alt_text":"","src":"https:\/\/i0.wp.com\/artstella-elixirs-floraux.com\/wp-content\/uploads\/2025\/03\/wp-image2040.png?resize=350%2C200&ssl=1","width":350,"height":200},"classes":[]},{"id":3575,"url":"https:\/\/artstella-elixirs-floraux.com\/fr_fr\/produit\/protection-de-lobscurite-ltoe-15-ml\/","url_meta":{"origin":3635,"position":4},"title":"Defender from the dark LTOE 15 ml","author":"eveapprill","date":"9 mars 2025","format":false,"excerpt":"Protection de l\u2019obscurit\u00e9 L\u2019\u00e9lixir connecte fortement\u00a0 le 1er chakra \u00e0 la terre \u00e0 travers les chakras de la vo\u00fbte plantaire. L\u2019abdomen et la poitrine sont comme prot\u00e9g\u00e9s par une armure. L\u2019\u00e9lixir nous prot\u00e8ge jusqu\u2019au c\u0153ur des \u00e9nergies de nos \u00ab\u00a0d\u00e9mons\u00a0\u00bb conscients ou inconscients","rel":"","context":"Article similaire","block_context":{"text":"Article similaire","link":""},"img":{"alt_text":"","src":"https:\/\/i0.wp.com\/artstella-elixirs-floraux.com\/wp-content\/uploads\/2025\/03\/68615fd6-50d6-4881-8541-288343b719b2.jpg?resize=350%2C200&ssl=1","width":350,"height":200,"srcset":"https:\/\/i0.wp.com\/artstella-elixirs-floraux.com\/wp-content\/uploads\/2025\/03\/68615fd6-50d6-4881-8541-288343b719b2.jpg?resize=350%2C200&ssl=1 1x, https:\/\/i0.wp.com\/artstella-elixirs-floraux.com\/wp-content\/uploads\/2025\/03\/68615fd6-50d6-4881-8541-288343b719b2.jpg?resize=525%2C300&ssl=1 1.5x, https:\/\/i0.wp.com\/artstella-elixirs-floraux.com\/wp-content\/uploads\/2025\/03\/68615fd6-50d6-4881-8541-288343b719b2.jpg?resize=700%2C400&ssl=1 2x"},"classes":[]},{"id":5942,"url":"https:\/\/artstella-elixirs-floraux.com\/fr_fr\/produit\/noyer-15ml-deva\/","url_meta":{"origin":3635,"position":5},"title":"Noyer 15ml DEVA","author":"eveapprill","date":"9 mars 2025","format":false,"excerpt":"Noyer - Walnut Juglans regia Lib\u00e9ration des liens du pass\u00e9, protection Aide \u00e0 se d\u00e9barrasser des liens du pass\u00e9. Pour ceux qui ont besoin de se prot\u00e9ger des influences ext\u00e9rieures, surtout pendant les p\u00e9riodes de changement.","rel":"","context":"Article similaire","block_context":{"text":"Article similaire","link":""},"img":{"alt_text":"","src":"","width":0,"height":0},"classes":[]}],"_links":{"self":[{"href":"https:\/\/artstella-elixirs-floraux.com\/fr_fr\/wp-json\/wp\/v2\/product\/3635","targetHints":{"allow":["GET"]}}],"collection":[{"href":"https:\/\/artstella-elixirs-floraux.com\/fr_fr\/wp-json\/wp\/v2\/product"}],"about":[{"href":"https:\/\/artstella-elixirs-floraux.com\/fr_fr\/wp-json\/wp\/v2\/types\/product"}],"version-history":[{"count":1,"href":"https:\/\/artstella-elixirs-floraux.com\/fr_fr\/wp-json\/wp\/v2\/product\/3635\/revisions"}],"predecessor-version":[{"id":12602,"href":"https:\/\/artstella-elixirs-floraux.com\/fr_fr\/wp-json\/wp\/v2\/product\/3635\/revisions\/12602"}],"wp:featuredmedia":[{"embeddable":true,"href":"https:\/\/artstella-elixirs-floraux.com\/fr_fr\/wp-json\/wp\/v2\/media\/7629"}],"wp:attachment":[{"href":"https:\/\/artstella-elixirs-floraux.com\/fr_fr\/wp-json\/wp\/v2\/media?parent=3635"}],"wp:term":[{"taxonomy":"product_brand","embeddable":true,"href":"https:\/\/artstella-elixirs-floraux.com\/fr_fr\/wp-json\/wp\/v2\/product_brand?post=3635"},{"taxonomy":"product_cat","embeddable":true,"href":"https:\/\/artstella-elixirs-floraux.com\/fr_fr\/wp-json\/wp\/v2\/product_cat?post=3635"},{"taxonomy":"product_tag","embeddable":true,"href":"https:\/\/artstella-elixirs-floraux.com\/fr_fr\/wp-json\/wp\/v2\/product_tag?post=3635"}],"curies":[{"name":"wp","href":"https:\/\/api.w.org\/{rel}","templated":true}]}}