{"id":3639,"date":"2025-03-09T13:14:01","date_gmt":"2025-03-09T13:14:01","guid":{"rendered":"https:\/\/artstella-elixirs-floraux.com\/product\/45-purity-of-soul-15ml-ltoe\/"},"modified":"2025-04-06T10:10:13","modified_gmt":"2025-04-06T10:10:13","slug":"45-purity-of-soul-15ml-ltoe","status":"publish","type":"product","link":"https:\/\/artstella-elixirs-floraux.com\/fr_fr\/produit\/45-purity-of-soul-15ml-ltoe\/","title":{"rendered":"45. PURITY OF SOUL 15ML LTOE"},"content":{"rendered":"<p><span>C\u2019est un \u00e9lixir apaisant, reposant, apportant un ancrage en douceur. Il apporte un \u00e9tat d\u2019esprit attentif d\u2019un calme profond. Recommand\u00e9 avant la m\u00e9ditation, la pri\u00e8re ou la participation \u00e0 une c\u00e9r\u00e9monie. Il est particuli\u00e8rement recommand\u00e9 avant la c\u00e9r\u00e9monie du mariage. Il contient une qualit\u00e9 de doux r\u00eave mais aussi une fermet\u00e9 dans ses buts. Il permet de retrouver une compr\u00e9hension pour des royaumes oubli\u00e9s.<\/span><\/p>\n","protected":false},"excerpt":{"rendered":"<p><span><strong><em>Purity of Soul \/ Puret\u00e9 de l\u2019\u00e2me. <\/em><\/strong><\/span><span>Agit comme une pluie bienfaisante sur l\u2019\u00e2me, une ablution purifiant les bagages n\u00e9gatifs accumul\u00e9s par l\u2019Ego. Clarifier \u00e9galement les sch\u00e9mas n\u00e9gatifs ancestraux inconscients au niveau de la psych\u00e9.\u00a0<\/span><\/p>\n","protected":false},"featured_media":7631,"template":"","meta":[],"product_brand":[],"product_cat":[95],"product_tag":[],"class_list":{"0":"post-3639","1":"product","2":"type-product","3":"status-publish","4":"has-post-thumbnail","6":"product_cat-les-elixirs-unitaires","8":"first","9":"instock","10":"taxable","11":"shipping-taxable","12":"purchasable","13":"product-type-simple"},"etheme_brands":{"errors":{"invalid_taxonomy":["Taxonomie non valide."]},"error_data":[]},"jetpack_sharing_enabled":true,"jetpack-related-posts":[{"id":3637,"url":"https:\/\/artstella-elixirs-floraux.com\/fr_fr\/produit\/44-purity-of-heart-ltoe-15-ml\/","url_meta":{"origin":3639,"position":0},"title":"44. PURITY OF HEART LTOE 15 ML","author":"eveapprill","date":"9 mars 2025","format":false,"excerpt":"Purity of Heart\/ Puret\u00e9 d\u2019\u00e2me Cet \u00e9lixir est utile quand on est stress\u00e9 par manque de temps. On peut comprendre qu\u2019il y a assez de temps pour accomplir tout ce que l\u2019on a \u00e0 faire.","rel":"","context":"Article similaire","block_context":{"text":"Article similaire","link":""},"img":{"alt_text":"","src":"https:\/\/i0.wp.com\/artstella-elixirs-floraux.com\/wp-content\/uploads\/2025\/03\/b3432d85-7c05-496b-825d-e3774d15e503.jpg?resize=350%2C200&ssl=1","width":350,"height":200,"srcset":"https:\/\/i0.wp.com\/artstella-elixirs-floraux.com\/wp-content\/uploads\/2025\/03\/b3432d85-7c05-496b-825d-e3774d15e503.jpg?resize=350%2C200&ssl=1 1x, https:\/\/i0.wp.com\/artstella-elixirs-floraux.com\/wp-content\/uploads\/2025\/03\/b3432d85-7c05-496b-825d-e3774d15e503.jpg?resize=525%2C300&ssl=1 1.5x, https:\/\/i0.wp.com\/artstella-elixirs-floraux.com\/wp-content\/uploads\/2025\/03\/b3432d85-7c05-496b-825d-e3774d15e503.jpg?resize=700%2C400&ssl=1 2x"},"classes":[]},{"id":5494,"url":"https:\/\/artstella-elixirs-floraux.com\/fr_fr\/produit\/sympathetic-p-15-ml-ltoe\/","url_meta":{"origin":3639,"position":1},"title":"SYMPATHETIC P 15 ml LTOE","author":"eveapprill","date":"9 mars 2025","format":false,"excerpt":"Sympathetic (P) \/ Sympathie (P) (Heaven\u2019s Gate, Hive of Heaven, Purity of Soul, Winged Messenger) Aide en cas de sous-activit\u00e9 des 2\u00e8me\u00a0 et 3\u00e8me\u00a0 chakras, et r\u00e9gule une suractivit\u00e9 des glandes surr\u00e9nales. L\u2019\u00e9lixir agit sur les 1er, 4\u00e8me, 5\u00e8me et 7\u00e8me chakras.","rel":"","context":"Article similaire","block_context":{"text":"Article similaire","link":""},"img":{"alt_text":"","src":"https:\/\/i0.wp.com\/artstella-elixirs-floraux.com\/wp-content\/uploads\/2025\/03\/569c2266-0dc6-4ab0-99b3-65eb7a0197a2.jpg?resize=350%2C200&ssl=1","width":350,"height":200,"srcset":"https:\/\/i0.wp.com\/artstella-elixirs-floraux.com\/wp-content\/uploads\/2025\/03\/569c2266-0dc6-4ab0-99b3-65eb7a0197a2.jpg?resize=350%2C200&ssl=1 1x, https:\/\/i0.wp.com\/artstella-elixirs-floraux.com\/wp-content\/uploads\/2025\/03\/569c2266-0dc6-4ab0-99b3-65eb7a0197a2.jpg?resize=525%2C300&ssl=1 1.5x, https:\/\/i0.wp.com\/artstella-elixirs-floraux.com\/wp-content\/uploads\/2025\/03\/569c2266-0dc6-4ab0-99b3-65eb7a0197a2.jpg?resize=700%2C400&ssl=1 2x"},"classes":[]},{"id":5191,"url":"https:\/\/artstella-elixirs-floraux.com\/fr_fr\/produit\/soul-shield-spray\/","url_meta":{"origin":3639,"position":2},"title":"SOUL SHIELD SPRAY LTOE","author":"eveapprill","date":"9 mars 2025","format":false,"excerpt":"Soul Shield + (Bouclier de l\u2019\u00e2me) Protection psychique Pour les moments o\u00f9 l\u2019on a besoin de protection. Prot\u00e8ge l\u2019aura corporelle ou les espaces de vie de l\u2019incursion d\u2019\u00e9nergies psychiques n\u00e9gatives. Les personnes travaillant avec la lumi\u00e8re peuvent facilement s\u2019attirer des d\u00e9fis divers et parfois des \u00e9nergies \u00ab\u00a0sombres\u00a0\u00bb. \u00ab\u00a0bleu\u00a0\u00bb avec les\u2026","rel":"","context":"Article similaire","block_context":{"text":"Article similaire","link":""},"img":{"alt_text":"","src":"https:\/\/i0.wp.com\/artstella-elixirs-floraux.com\/wp-content\/uploads\/2025\/03\/wp-image1737.png?resize=350%2C200&ssl=1","width":350,"height":200},"classes":[]},{"id":5322,"url":"https:\/\/artstella-elixirs-floraux.com\/fr_fr\/produit\/true-beauty-spray\/","url_meta":{"origin":3639,"position":3},"title":"TRUE BEAUTY SPRAY","author":"eveapprill","date":"9 mars 2025","format":false,"excerpt":"True Beauty Aura Spray \u2013 \u201cVraie Beaut\u00e9\u201d \u00a0aide \u00e0 voir la beaut\u00e9 de l\u2019Esprit et de l\u2019Etre qui se trouve en chacun de nous et \u00e0 pouvoir incarner cette gr\u00e2ce c\u00e9leste. \"Bleu\" avec Rose Otto","rel":"","context":"Article similaire","block_context":{"text":"Article similaire","link":""},"img":{"alt_text":"","src":"","width":0,"height":0},"classes":[]},{"id":2709,"url":"https:\/\/artstella-elixirs-floraux.com\/fr_fr\/produit\/soul-support-alaska\/","url_meta":{"origin":3639,"position":4},"title":"SOUL SUPPORT ALASKA","author":"eveapprill","date":"9 mars 2025","format":false,"excerpt":"Soul support (Support de l\u2019\u00e2me) existe en spray Contient : Cattell Pollen. Chalice well. Cotton Grass. Firenze. Labrador Tema. Malachite. River Beauty. Tuby. White Firenze.. Correspond \u00e0 la pr\u00e9paration d\u2019urgence. Elle peut \u00eatre utilis\u00e9e pour maintenir force et stabilit\u00e9 et \u00e9quilibre dans toute situation de stress ou de traumatisme","rel":"","context":"Article similaire","block_context":{"text":"Article similaire","link":""},"img":{"alt_text":"","src":"https:\/\/i0.wp.com\/artstella-elixirs-floraux.com\/wp-content\/uploads\/2025\/03\/ca7328c6-de94-4934-a288-a35ba1678624.jpg?resize=350%2C200&ssl=1","width":350,"height":200,"srcset":"https:\/\/i0.wp.com\/artstella-elixirs-floraux.com\/wp-content\/uploads\/2025\/03\/ca7328c6-de94-4934-a288-a35ba1678624.jpg?resize=350%2C200&ssl=1 1x, https:\/\/i0.wp.com\/artstella-elixirs-floraux.com\/wp-content\/uploads\/2025\/03\/ca7328c6-de94-4934-a288-a35ba1678624.jpg?resize=525%2C300&ssl=1 1.5x, https:\/\/i0.wp.com\/artstella-elixirs-floraux.com\/wp-content\/uploads\/2025\/03\/ca7328c6-de94-4934-a288-a35ba1678624.jpg?resize=700%2C400&ssl=1 2x"},"classes":[]},{"id":6304,"url":"https:\/\/artstella-elixirs-floraux.com\/fr_fr\/produit\/coming-home-15-ml-ltoe\/","url_meta":{"origin":3639,"position":5},"title":"COMING HOME 15 ml LTOE","author":"eveapprill","date":"9 mars 2025","format":false,"excerpt":"Coming Home \/ Rentrer chez soi \u00a0(Behold the Silence, Boundless Peace, Mercutio, Purity of Heart, renewing Life, Unconditionnal Snuggles) Apaisant, relaxant et enracinant. Apporte de l\u2019\u00e9nergie dans les chakras inf\u00e9rieurs (1er, 2\u00e8me , 3\u00e8me) de m\u00eame qu\u2019au chakra du c\u0153ur, apportant une l\u00e9g\u00e8ret\u00e9 de l\u2019\u00eatre.","rel":"","context":"Article similaire","block_context":{"text":"Article similaire","link":""},"img":{"alt_text":"","src":"https:\/\/i0.wp.com\/artstella-elixirs-floraux.com\/wp-content\/uploads\/2025\/03\/873ab185-7c2b-45dd-ad29-abfd6728c3f8.jpg?resize=350%2C200&ssl=1","width":350,"height":200,"srcset":"https:\/\/i0.wp.com\/artstella-elixirs-floraux.com\/wp-content\/uploads\/2025\/03\/873ab185-7c2b-45dd-ad29-abfd6728c3f8.jpg?resize=350%2C200&ssl=1 1x, https:\/\/i0.wp.com\/artstella-elixirs-floraux.com\/wp-content\/uploads\/2025\/03\/873ab185-7c2b-45dd-ad29-abfd6728c3f8.jpg?resize=525%2C300&ssl=1 1.5x, https:\/\/i0.wp.com\/artstella-elixirs-floraux.com\/wp-content\/uploads\/2025\/03\/873ab185-7c2b-45dd-ad29-abfd6728c3f8.jpg?resize=700%2C400&ssl=1 2x"},"classes":[]}],"_links":{"self":[{"href":"https:\/\/artstella-elixirs-floraux.com\/fr_fr\/wp-json\/wp\/v2\/product\/3639","targetHints":{"allow":["GET"]}}],"collection":[{"href":"https:\/\/artstella-elixirs-floraux.com\/fr_fr\/wp-json\/wp\/v2\/product"}],"about":[{"href":"https:\/\/artstella-elixirs-floraux.com\/fr_fr\/wp-json\/wp\/v2\/types\/product"}],"version-history":[{"count":0,"href":"https:\/\/artstella-elixirs-floraux.com\/fr_fr\/wp-json\/wp\/v2\/product\/3639\/revisions"}],"wp:featuredmedia":[{"embeddable":true,"href":"https:\/\/artstella-elixirs-floraux.com\/fr_fr\/wp-json\/wp\/v2\/media\/7631"}],"wp:attachment":[{"href":"https:\/\/artstella-elixirs-floraux.com\/fr_fr\/wp-json\/wp\/v2\/media?parent=3639"}],"wp:term":[{"taxonomy":"product_brand","embeddable":true,"href":"https:\/\/artstella-elixirs-floraux.com\/fr_fr\/wp-json\/wp\/v2\/product_brand?post=3639"},{"taxonomy":"product_cat","embeddable":true,"href":"https:\/\/artstella-elixirs-floraux.com\/fr_fr\/wp-json\/wp\/v2\/product_cat?post=3639"},{"taxonomy":"product_tag","embeddable":true,"href":"https:\/\/artstella-elixirs-floraux.com\/fr_fr\/wp-json\/wp\/v2\/product_tag?post=3639"}],"curies":[{"name":"wp","href":"https:\/\/api.w.org\/{rel}","templated":true}]}}