{"id":3655,"date":"2025-03-09T13:14:11","date_gmt":"2025-03-09T13:14:11","guid":{"rendered":"https:\/\/artstella-elixirs-floraux.com\/product\/52-rising-the-call-of-beauty-ltoe-15-m\/"},"modified":"2025-06-08T12:51:50","modified_gmt":"2025-06-08T12:51:50","slug":"52-rising-the-call-of-beauty-ltoe-15-m","status":"publish","type":"product","link":"https:\/\/artstella-elixirs-floraux.com\/fr_fr\/produit\/52-rising-the-call-of-beauty-ltoe-15-m\/","title":{"rendered":"52. RISING THE CALL OF BEAUTY LTOE 15 M"},"content":{"rendered":"<p><span style=\"color: #008000\"><strong><em>Rising to the Call of Beauty \/Appel \u00e0 la beaut\u00e9l :<\/em><\/strong><\/span><\/p>\n<p><strong><em> <\/em><\/strong>pour s\u2019ouvrir \u00e0 l\u2019appel de la beaut\u00e9 et s\u2019aligner avec elle. La soci\u00e9t\u00e9 moderne s\u2019en est souvent \u00e9loign\u00e9e, cr\u00e9ant ainsi un s\u00e9rieux malaise. Souvent, on ne per\u00e7oit plus la beaut\u00e9 simple. Il s\u2019agit de proportions harmonieuses et d\u2019int\u00e9grit\u00e9, ainsi que du respect des forces et des dimensions retrouv\u00e9es dans la g\u00e9om\u00e9trie sacr\u00e9e. Guid\u00e9 par la beaut\u00e9, le r\u00e9sultat de nos actions suit forc\u00e9ment les principes universels, bannissant la laideur et le mal. Il aide aussi \u00e0 soulager les tensions dans les \u00e9paules.<\/p>\n","protected":false},"excerpt":{"rendered":"<p><span style=\"color: #008000\"><strong><em>Rising to the Call of Beauty \/Appel \u00e0 la beaut\u00e9l :<\/em><\/strong><\/span><\/p>\n<p><strong><em> <\/em><\/strong>pour s\u2019ouvrir \u00e0 l\u2019appel de la beaut\u00e9 et s\u2019aligner avec elle. La soci\u00e9t\u00e9 moderne s\u2019en est souvent \u00e9loign\u00e9e, cr\u00e9ant ainsi un s\u00e9rieux malaise.<\/p>\n","protected":false},"featured_media":7621,"template":"","meta":[],"product_brand":[],"product_cat":[95],"product_tag":[],"class_list":{"0":"post-3655","1":"product","2":"type-product","3":"status-publish","4":"has-post-thumbnail","6":"product_cat-les-elixirs-unitaires","8":"first","9":"instock","10":"taxable","11":"shipping-taxable","12":"purchasable","13":"product-type-simple"},"etheme_brands":{"errors":{"invalid_taxonomy":["Taxonomie non valide."]},"error_data":[]},"jetpack_sharing_enabled":true,"jetpack-related-posts":[{"id":5322,"url":"https:\/\/artstella-elixirs-floraux.com\/fr_fr\/produit\/true-beauty-spray\/","url_meta":{"origin":3655,"position":0},"title":"TRUE BEAUTY SPRAY","author":"eveapprill","date":"9 mars 2025","format":false,"excerpt":"True Beauty Aura Spray \u2013 \u201cVraie Beaut\u00e9\u201d \u00a0aide \u00e0 voir la beaut\u00e9 de l\u2019Esprit et de l\u2019Etre qui se trouve en chacun de nous et \u00e0 pouvoir incarner cette gr\u00e2ce c\u00e9leste. \"Bleu\" avec Rose Otto","rel":"","context":"Article similaire","block_context":{"text":"Article similaire","link":""},"img":{"alt_text":"","src":"","width":0,"height":0},"classes":[]},{"id":3627,"url":"https:\/\/artstella-elixirs-floraux.com\/fr_fr\/produit\/39-necklace-of-beauty-15-ml\/","url_meta":{"origin":3655,"position":1},"title":"39. NECKLACE OF BEAUTY 15 ML","author":"eveapprill","date":"9 mars 2025","format":false,"excerpt":"Necklace of beauty \/ Collier de beaut\u00e9 : apporte une magnifique \u00e9nergie d'amour dans le chakra sup\u00e9rieur du c\u0153ur, nous permettant de nous sentir aim\u00e9, \u00e9lev\u00e9 et en paix.","rel":"","context":"Article similaire","block_context":{"text":"Article similaire","link":""},"img":{"alt_text":"","src":"https:\/\/i0.wp.com\/artstella-elixirs-floraux.com\/wp-content\/uploads\/2025\/03\/0c3a666b-f328-482a-86c7-cbea44b63d1e.jpg?resize=350%2C200&ssl=1","width":350,"height":200,"srcset":"https:\/\/i0.wp.com\/artstella-elixirs-floraux.com\/wp-content\/uploads\/2025\/03\/0c3a666b-f328-482a-86c7-cbea44b63d1e.jpg?resize=350%2C200&ssl=1 1x, https:\/\/i0.wp.com\/artstella-elixirs-floraux.com\/wp-content\/uploads\/2025\/03\/0c3a666b-f328-482a-86c7-cbea44b63d1e.jpg?resize=525%2C300&ssl=1 1.5x, https:\/\/i0.wp.com\/artstella-elixirs-floraux.com\/wp-content\/uploads\/2025\/03\/0c3a666b-f328-482a-86c7-cbea44b63d1e.jpg?resize=700%2C400&ssl=1 2x"},"classes":[]},{"id":6095,"url":"https:\/\/artstella-elixirs-floraux.com\/fr_fr\/produit\/collier-beauty\/","url_meta":{"origin":3655,"position":2},"title":"COLLIER \u00ab\u00a0BEAUTY\u00a0\u00bb","author":"eveapprill","date":"9 mars 2025","format":false,"excerpt":"La \u00ab beaut\u00e9 de la cr\u00e9ation \u00bb Le grand Tout se b\u00e2tit \u00e0 partir de la plus petite structure. Tout advient selon le plan divin. La Formation nous rappelle l\u2019\u00e9tincelle divine en nous et que tout est reli\u00e9. La Lumi\u00e8re rayonne \u00e0 partir du c\u0153ur dans chaque cellule. Avec une\u2026","rel":"","context":"Article similaire","block_context":{"text":"Article similaire","link":""},"img":{"alt_text":"","src":"https:\/\/i0.wp.com\/artstella-elixirs-floraux.com\/wp-content\/uploads\/2025\/03\/wp-image2129.png?resize=350%2C200&ssl=1","width":350,"height":200,"srcset":"https:\/\/i0.wp.com\/artstella-elixirs-floraux.com\/wp-content\/uploads\/2025\/03\/wp-image2129.png?resize=350%2C200&ssl=1 1x, https:\/\/i0.wp.com\/artstella-elixirs-floraux.com\/wp-content\/uploads\/2025\/03\/wp-image2129.png?resize=525%2C300&ssl=1 1.5x, https:\/\/i0.wp.com\/artstella-elixirs-floraux.com\/wp-content\/uploads\/2025\/03\/wp-image2129.png?resize=700%2C400&ssl=1 2x"},"classes":[]},{"id":3360,"url":"https:\/\/artstella-elixirs-floraux.com\/fr_fr\/produit\/beauty-cactus-15-ml-phi\/","url_meta":{"origin":3655,"position":3},"title":"BEAUTY CACTUS 15 ML PHI","author":"eveapprill","date":"9 mars 2025","format":false,"excerpt":"Beauty cactus (Echinocereus scheeri) Permet de d\u00e9velopper la beaut\u00e9 int\u00e9rieure. Il favorise l'\u00e9quilibre au niveau du c\u0153ur. Les personnes plut\u00f4t retenues qui passent inaper\u00e7ues pourront d\u00e9velopper leur rayonnement. Les personnes qui donnent trop d'importance \u00e0 l'ext\u00e9riorisation pourront d\u00e9velopper humilit\u00e9 et modestie.","rel":"","context":"Article similaire","block_context":{"text":"Article similaire","link":""},"img":{"alt_text":"","src":"https:\/\/i0.wp.com\/artstella-elixirs-floraux.com\/wp-content\/uploads\/2025\/03\/wp-image361.png?resize=350%2C200&ssl=1","width":350,"height":200},"classes":[]},{"id":5470,"url":"https:\/\/artstella-elixirs-floraux.com\/fr_fr\/produit\/ornithogale-etoile-de-b-bloes-10ml\/","url_meta":{"origin":3655,"position":4},"title":"Ornithogale \u00c9toile de B BLOES 10ML","author":"eveapprill","date":"9 mars 2025","format":false,"excerpt":"\u00c9toile de Bethlehem \/ Ornithogalum umbellatum (Star of Bethlehem) Ouvre \u00e0 l\u2019\u00e9nergie universelle et \u00e0 la connexion avec le moi sup\u00e9rieur.","rel":"","context":"Article similaire","block_context":{"text":"Article similaire","link":""},"img":{"alt_text":"","src":"","width":0,"height":0},"classes":[]},{"id":3489,"url":"https:\/\/artstella-elixirs-floraux.com\/fr_fr\/produit\/defender-of-the-source-15-ml-ltoe\/","url_meta":{"origin":3655,"position":5},"title":"DEFENDER OF THE SOURCE 15 ML LTOE","author":"eveapprill","date":"9 mars 2025","format":false,"excerpt":"Defender of the Source \/ D\u00e9fense de la Source\u00a0 (compos\u00e9 de Defender from the Dark et Source of Life).\u00a0 Ce compos\u00e9 prot\u00e8gera la r\u00e9gion du chakra sacr\u00e9 contre l\u2019interf\u00e9rence de ces \u00e9nergies n\u00e9gatives. Cet \u00e9lixir semble agir comme un gardien des portes de l\u2019\u00e2me","rel":"","context":"Article similaire","block_context":{"text":"Article similaire","link":""},"img":{"alt_text":"","src":"https:\/\/i0.wp.com\/artstella-elixirs-floraux.com\/wp-content\/uploads\/2025\/03\/1daefbf9-9d3a-4242-991c-8fc13d1e5a8a.jpg?resize=350%2C200&ssl=1","width":350,"height":200,"srcset":"https:\/\/i0.wp.com\/artstella-elixirs-floraux.com\/wp-content\/uploads\/2025\/03\/1daefbf9-9d3a-4242-991c-8fc13d1e5a8a.jpg?resize=350%2C200&ssl=1 1x, https:\/\/i0.wp.com\/artstella-elixirs-floraux.com\/wp-content\/uploads\/2025\/03\/1daefbf9-9d3a-4242-991c-8fc13d1e5a8a.jpg?resize=525%2C300&ssl=1 1.5x, https:\/\/i0.wp.com\/artstella-elixirs-floraux.com\/wp-content\/uploads\/2025\/03\/1daefbf9-9d3a-4242-991c-8fc13d1e5a8a.jpg?resize=700%2C400&ssl=1 2x"},"classes":[]}],"_links":{"self":[{"href":"https:\/\/artstella-elixirs-floraux.com\/fr_fr\/wp-json\/wp\/v2\/product\/3655","targetHints":{"allow":["GET"]}}],"collection":[{"href":"https:\/\/artstella-elixirs-floraux.com\/fr_fr\/wp-json\/wp\/v2\/product"}],"about":[{"href":"https:\/\/artstella-elixirs-floraux.com\/fr_fr\/wp-json\/wp\/v2\/types\/product"}],"version-history":[{"count":0,"href":"https:\/\/artstella-elixirs-floraux.com\/fr_fr\/wp-json\/wp\/v2\/product\/3655\/revisions"}],"wp:featuredmedia":[{"embeddable":true,"href":"https:\/\/artstella-elixirs-floraux.com\/fr_fr\/wp-json\/wp\/v2\/media\/7621"}],"wp:attachment":[{"href":"https:\/\/artstella-elixirs-floraux.com\/fr_fr\/wp-json\/wp\/v2\/media?parent=3655"}],"wp:term":[{"taxonomy":"product_brand","embeddable":true,"href":"https:\/\/artstella-elixirs-floraux.com\/fr_fr\/wp-json\/wp\/v2\/product_brand?post=3655"},{"taxonomy":"product_cat","embeddable":true,"href":"https:\/\/artstella-elixirs-floraux.com\/fr_fr\/wp-json\/wp\/v2\/product_cat?post=3655"},{"taxonomy":"product_tag","embeddable":true,"href":"https:\/\/artstella-elixirs-floraux.com\/fr_fr\/wp-json\/wp\/v2\/product_tag?post=3655"}],"curies":[{"name":"wp","href":"https:\/\/api.w.org\/{rel}","templated":true}]}}