{"id":3659,"date":"2025-03-09T13:14:14","date_gmt":"2025-03-09T13:14:14","guid":{"rendered":"https:\/\/artstella-elixirs-floraux.com\/product\/54-secret-wisdom-ltoe-15-ml\/"},"modified":"2025-04-06T10:10:12","modified_gmt":"2025-04-06T10:10:12","slug":"54-secret-wisdom-ltoe-15-ml","status":"publish","type":"product","link":"https:\/\/artstella-elixirs-floraux.com\/fr_fr\/produit\/54-secret-wisdom-ltoe-15-ml\/","title":{"rendered":"54. SECRET WISDOM LTOE 15 ML"},"content":{"rendered":"<p><span style=\"color: #008000\"><strong><em>Secret Wisdom \/Sagesse secrete <\/em><\/strong>:<\/span><\/p>\n<p>oriente l\u2019attention vers la divinit\u00e9 int\u00e9rieure, au niveau de la chambre int\u00e9rieure du chakra du c\u0153ur. De l\u00e0, une vision sereine et silencieuse appara\u00eet\u00a0qui active les chakras de la t\u00eate pour ensuite \u00e9veiller le 11<sup>e<\/sup> chakra, si\u00e8ge de la conscience intergalactique. Ceci am\u00e8ne une perception profonde, empreinte de compassion et de sagesse, o\u00f9 tout est uni et o\u00f9 la vie refl\u00e8te essentiellement ses propres pens\u00e9es et actions. Recommand\u00e9 \u00e0 ceux qui sont d\u00e9j\u00e0 avanc\u00e9s sur le chemin spirituel.<\/p>\n","protected":false},"excerpt":{"rendered":"<p><span style=\"color: #008000\"><strong><em>Secret Wisdom \/Sagesse secrete <\/em><\/strong>:<\/span><\/p>\n<p>oriente l\u2019attention vers la divinit\u00e9 int\u00e9rieure, au niveau de la chambre int\u00e9rieure du chakra du c\u0153ur.<\/p>\n","protected":false},"featured_media":7623,"template":"","meta":[],"product_brand":[],"product_cat":[95],"product_tag":[],"class_list":{"0":"post-3659","1":"product","2":"type-product","3":"status-publish","4":"has-post-thumbnail","6":"product_cat-les-elixirs-unitaires","8":"first","9":"instock","10":"taxable","11":"shipping-taxable","12":"purchasable","13":"product-type-simple"},"etheme_brands":{"errors":{"invalid_taxonomy":["Taxonomie non valide."]},"error_data":[]},"jetpack_sharing_enabled":true,"jetpack-related-posts":[{"id":3697,"url":"https:\/\/artstella-elixirs-floraux.com\/fr_fr\/produit\/75-wisdom-of-compassion-ltoe-15-ml\/","url_meta":{"origin":3659,"position":0},"title":"75. WISDOM OF COMPASSION LTOE 15 ML","author":"eveapprill","date":"9 mars 2025","format":false,"excerpt":"Wisdom of Compassion\/ Sagesse et compassion il fut cr\u00e9\u00e9 un soir de pleine lune, je jour anniversaire de l\u2019illumination du Bouddha. L\u2019orchid\u00e9e a demand\u00e9 doucement, mais clairement, qu\u2019on en fasse un \u00e9lixir afin de partager son message de compassion envers tous.","rel":"","context":"Article similaire","block_context":{"text":"Article similaire","link":""},"img":{"alt_text":"","src":"https:\/\/i0.wp.com\/artstella-elixirs-floraux.com\/wp-content\/uploads\/2025\/03\/cb85053d-2957-46e4-aff2-8c69846c56ad.jpg?resize=350%2C200&ssl=1","width":350,"height":200,"srcset":"https:\/\/i0.wp.com\/artstella-elixirs-floraux.com\/wp-content\/uploads\/2025\/03\/cb85053d-2957-46e4-aff2-8c69846c56ad.jpg?resize=350%2C200&ssl=1 1x, https:\/\/i0.wp.com\/artstella-elixirs-floraux.com\/wp-content\/uploads\/2025\/03\/cb85053d-2957-46e4-aff2-8c69846c56ad.jpg?resize=525%2C300&ssl=1 1.5x, https:\/\/i0.wp.com\/artstella-elixirs-floraux.com\/wp-content\/uploads\/2025\/03\/cb85053d-2957-46e4-aff2-8c69846c56ad.jpg?resize=700%2C400&ssl=1 2x"},"classes":[]},{"id":3683,"url":"https:\/\/artstella-elixirs-floraux.com\/fr_fr\/produit\/68-violacea-veritas-ltoe-15ml\/","url_meta":{"origin":3659,"position":1},"title":"68. VIOLACEA VERITAS LTOE 15ML","author":"eveapprill","date":"9 mars 2025","format":false,"excerpt":"Violacea Veritas Ce nouvel \u00e9lixir agit profond\u00e9ment sur le 6\u00e8me chakra. \u00ab\u00a0Recable\u00a0\u00bb le cerveau pour aider la personne \u00e0 accomplir son plus haut potentiel. Facilite les ouvertures vers les niveaux sup\u00e9rieurs et l\u2019acc\u00e8s \u00e0 la sagesse int\u00e9rieure.","rel":"","context":"Article similaire","block_context":{"text":"Article similaire","link":""},"img":{"alt_text":"","src":"https:\/\/i0.wp.com\/artstella-elixirs-floraux.com\/wp-content\/uploads\/2025\/03\/9a3d7196-89f0-4dd1-a089-dbd74f84b3b0-e1748372735620.jpg?resize=350%2C200&ssl=1","width":350,"height":200},"classes":[]},{"id":3726,"url":"https:\/\/artstella-elixirs-floraux.com\/fr_fr\/produit\/temple-of-light-blue-spray\/","url_meta":{"origin":3659,"position":2},"title":"TEMPLE OF LIGHT BLUE SPRAY","author":"eveapprill","date":"9 mars 2025","format":false,"excerpt":"Temple of light (Temple de lumi\u00e8re) Ce spray a \u00e9t\u00e9 cr\u00e9\u00e9 pour harmoniser un d\u00e9s\u00e9quilibre entre le point Ba-Hui qui gouverne les principaux m\u00e9ridiens d'acupuncture et la chambre int\u00e9rieure du chakra... \u00ab\u00a0bleu\u00a0\u00bb avec les huiles essentielles de rose Bulgare.","rel":"","context":"Article similaire","block_context":{"text":"Article similaire","link":""},"img":{"alt_text":"","src":"","width":0,"height":0},"classes":[]},{"id":3525,"url":"https:\/\/artstella-elixirs-floraux.com\/fr_fr\/produit\/temple-of-light-ltoe-15-ml\/","url_meta":{"origin":3659,"position":3},"title":"TEMPLE OF LIGHT LTOE 15 ML","author":"eveapprill","date":"9 mars 2025","format":false,"excerpt":"Temple of light \/ Temple de lumi\u00e8re : a \u00e9t\u00e9 cr\u00e9e pour harmoniser le point Ba-hui et la chambre int\u00e9rieur du c\u0153ur, le 4eme et le 7eme chakra. Un v\u00e9ritable \u00e9quilibre demande une synchronisation entre ces quatre points","rel":"","context":"Article similaire","block_context":{"text":"Article similaire","link":""},"img":{"alt_text":"","src":"https:\/\/i0.wp.com\/artstella-elixirs-floraux.com\/wp-content\/uploads\/2025\/03\/5f06e3cd-a5a8-4ff4-8a9d-307d6fed4639.jpg?resize=350%2C200&ssl=1","width":350,"height":200,"srcset":"https:\/\/i0.wp.com\/artstella-elixirs-floraux.com\/wp-content\/uploads\/2025\/03\/5f06e3cd-a5a8-4ff4-8a9d-307d6fed4639.jpg?resize=350%2C200&ssl=1 1x, https:\/\/i0.wp.com\/artstella-elixirs-floraux.com\/wp-content\/uploads\/2025\/03\/5f06e3cd-a5a8-4ff4-8a9d-307d6fed4639.jpg?resize=525%2C300&ssl=1 1.5x, https:\/\/i0.wp.com\/artstella-elixirs-floraux.com\/wp-content\/uploads\/2025\/03\/5f06e3cd-a5a8-4ff4-8a9d-307d6fed4639.jpg?resize=700%2C400&ssl=1 2x"},"classes":[]},{"id":3583,"url":"https:\/\/artstella-elixirs-floraux.com\/fr_fr\/produit\/lumiere-radieuse-15-ml-ltoe\/","url_meta":{"origin":3659,"position":4},"title":"Lumi\u00e8re radieuse 15 ml LTOE","author":"eveapprill","date":"9 mars 2025","format":false,"excerpt":"Lumi\u00e8re radieuse\/Golden Radiance (Phragmipedium St. Ouen) De tous les \u00e9lixirs LT, cet \u00e9lixir est probablement celui dont l\u2019application est la plus universelle.","rel":"","context":"Article similaire","block_context":{"text":"Article similaire","link":""},"img":{"alt_text":"","src":"https:\/\/i0.wp.com\/artstella-elixirs-floraux.com\/wp-content\/uploads\/2025\/03\/686926e2-541a-4130-9bbd-8516aee47a7e.jpg?resize=350%2C200&ssl=1","width":350,"height":200,"srcset":"https:\/\/i0.wp.com\/artstella-elixirs-floraux.com\/wp-content\/uploads\/2025\/03\/686926e2-541a-4130-9bbd-8516aee47a7e.jpg?resize=350%2C200&ssl=1 1x, https:\/\/i0.wp.com\/artstella-elixirs-floraux.com\/wp-content\/uploads\/2025\/03\/686926e2-541a-4130-9bbd-8516aee47a7e.jpg?resize=525%2C300&ssl=1 1.5x, https:\/\/i0.wp.com\/artstella-elixirs-floraux.com\/wp-content\/uploads\/2025\/03\/686926e2-541a-4130-9bbd-8516aee47a7e.jpg?resize=700%2C400&ssl=1 2x"},"classes":[]},{"id":5053,"url":"https:\/\/artstella-elixirs-floraux.com\/fr_fr\/produit\/blue-green-tourmaline-alas-r-30ml\/","url_meta":{"origin":3659,"position":5},"title":"BLUE GREEN TOURMALINE ALAS R 30ML","author":"eveapprill","date":"9 mars 2025","format":false,"excerpt":"Blue Green Tourmaline \u2013 Tourmaline bleu vert Indication : agitation, trouble int\u00e9rieur\u00a0; alignement vertical faible\u00a0; exc\u00e8s d\u2019\u00e9nergie mentale bloquant le flux descendant des forces spirituelles\u00a0; peur et r\u00e9sistance au niveau du c\u0153ur","rel":"","context":"Article similaire","block_context":{"text":"Article similaire","link":""},"img":{"alt_text":"","src":"https:\/\/i0.wp.com\/artstella-elixirs-floraux.com\/wp-content\/uploads\/2025\/03\/wp-image1401.png?resize=350%2C200&ssl=1","width":350,"height":200},"classes":[]}],"_links":{"self":[{"href":"https:\/\/artstella-elixirs-floraux.com\/fr_fr\/wp-json\/wp\/v2\/product\/3659","targetHints":{"allow":["GET"]}}],"collection":[{"href":"https:\/\/artstella-elixirs-floraux.com\/fr_fr\/wp-json\/wp\/v2\/product"}],"about":[{"href":"https:\/\/artstella-elixirs-floraux.com\/fr_fr\/wp-json\/wp\/v2\/types\/product"}],"version-history":[{"count":0,"href":"https:\/\/artstella-elixirs-floraux.com\/fr_fr\/wp-json\/wp\/v2\/product\/3659\/revisions"}],"wp:featuredmedia":[{"embeddable":true,"href":"https:\/\/artstella-elixirs-floraux.com\/fr_fr\/wp-json\/wp\/v2\/media\/7623"}],"wp:attachment":[{"href":"https:\/\/artstella-elixirs-floraux.com\/fr_fr\/wp-json\/wp\/v2\/media?parent=3659"}],"wp:term":[{"taxonomy":"product_brand","embeddable":true,"href":"https:\/\/artstella-elixirs-floraux.com\/fr_fr\/wp-json\/wp\/v2\/product_brand?post=3659"},{"taxonomy":"product_cat","embeddable":true,"href":"https:\/\/artstella-elixirs-floraux.com\/fr_fr\/wp-json\/wp\/v2\/product_cat?post=3659"},{"taxonomy":"product_tag","embeddable":true,"href":"https:\/\/artstella-elixirs-floraux.com\/fr_fr\/wp-json\/wp\/v2\/product_tag?post=3659"}],"curies":[{"name":"wp","href":"https:\/\/api.w.org\/{rel}","templated":true}]}}