{"id":3665,"date":"2025-03-09T13:14:17","date_gmt":"2025-03-09T13:14:17","guid":{"rendered":"https:\/\/artstella-elixirs-floraux.com\/product\/58-shadow-warrior-lto-15-ml\/"},"modified":"2025-04-06T10:10:11","modified_gmt":"2025-04-06T10:10:11","slug":"58-shadow-warrior-lto-15-ml","status":"publish","type":"product","link":"https:\/\/artstella-elixirs-floraux.com\/fr_fr\/produit\/58-shadow-warrior-lto-15-ml\/","title":{"rendered":"58. SHADOW WARRIOR LTO 15 ML"},"content":{"rendered":"<p><span style=\"color: #008000\"><strong><em>Shadow warrior<\/em><\/strong><strong> \/<\/strong><strong><em>Le guerrier de l&rsquo;ombre<\/em><\/strong><\/span><\/p>\n<p><strong><em> <\/em><\/strong>Une orchid\u00e9e extraordinaire\u2026 L&rsquo;\u00e9lixir a \u00e9t\u00e9 r\u00e9alis\u00e9 pour mieux\u00a0 int\u00e9grer l&rsquo;ombre sur le chemin de notre \u00e2me vers la lumi\u00e8re. Il permet que l&rsquo;ombre cesse d&rsquo;interagir n\u00e9gativement au niveau des arch\u00e9types n\u00e9gatifs et aide \u00e0 apaiser les peurs primitives. Son action se situe \u00e0 la base du cr\u00e2ne et descend par le corps causal jusqu&rsquo;au chakra racine et plus bas, faisant la connexion entre l&rsquo;\u00e2me et le fondement de son cheminement. Cet \u00e9lixir \u00e9claire notre vision int\u00e9rieure causant un changement de perceptions vers une r\u00e9alit\u00e9 plus profonde. C&rsquo;est un \u00e9lixir tr\u00e8s \u00ab\u00a0yang\u00a0\u00bb et son effet est atteint avec des doses minimums.<\/p>\n","protected":false},"excerpt":{"rendered":"<p><span style=\"color: #008000\"><strong><em>Shadow warrior<\/em> \/<em>Le guerrier de l&rsquo;ombre<\/em><\/strong><\/span><\/p>\n<p><strong><em> <\/em><\/strong>Une orchid\u00e9e extraordinaire\u2026 L&rsquo;\u00e9lixir a \u00e9t\u00e9 r\u00e9alis\u00e9 pour mieux\u00a0 int\u00e9grer l&rsquo;ombre sur le chemin de notre \u00e2me vers la lumi\u00e8re.<\/p>\n","protected":false},"featured_media":7626,"template":"","meta":[],"product_brand":[],"product_cat":[95],"product_tag":[],"class_list":{"0":"post-3665","1":"product","2":"type-product","3":"status-publish","4":"has-post-thumbnail","6":"product_cat-les-elixirs-unitaires","8":"first","9":"instock","10":"taxable","11":"shipping-taxable","12":"purchasable","13":"product-type-simple"},"etheme_brands":{"errors":{"invalid_taxonomy":["Taxonomie non valide."]},"error_data":[]},"jetpack_sharing_enabled":true,"jetpack-related-posts":[{"id":5344,"url":"https:\/\/artstella-elixirs-floraux.com\/fr_fr\/produit\/shadow-defense-spray\/","url_meta":{"origin":3665,"position":0},"title":"SHADOW DEFENSE SPRAY","author":"eveapprill","date":"9 mars 2025","format":false,"excerpt":"Shadow Defense (Se d\u00e9fendre contre l\u2019ombre) Ce compos\u00e9 nous prot\u00e8ge contre l\u2019ombre dans ses aspects int\u00e9rieurs comme ext\u00e9rieurs. \u00ab\u00a0jaune\u00a0\u00bb\u00a0: avec les huiles essentielles de Bois de Santal, C\u00e8dre de l\u2019Altlas et de Leleshwa (Sauge africaine sauvage)","rel":"","context":"Article similaire","block_context":{"text":"Article similaire","link":""},"img":{"alt_text":"","src":"https:\/\/i0.wp.com\/artstella-elixirs-floraux.com\/wp-content\/uploads\/2025\/03\/wp-image1736.png?resize=350%2C200&ssl=1","width":350,"height":200},"classes":[]},{"id":3513,"url":"https:\/\/artstella-elixirs-floraux.com\/fr_fr\/produit\/shadow-defense-15-ml-ltoe\/","url_meta":{"origin":3665,"position":1},"title":"SHADOW DEFENSE 15 ML LTOE","author":"eveapprill","date":"9 mars 2025","format":false,"excerpt":"Shadow defense \/ Defense contre l\u2019ombre : (Defender from the Dark, Pushing Back the Night et Shadow Warrior). Ce compos\u00e9 nous prot\u00e8ge contre l\u2019ombre dans ses aspects int\u00e9rieurs comme ext\u00e9rieurs.","rel":"","context":"Article similaire","block_context":{"text":"Article similaire","link":""},"img":{"alt_text":"","src":"https:\/\/i0.wp.com\/artstella-elixirs-floraux.com\/wp-content\/uploads\/2025\/03\/ba8ee7a7-51f8-4e02-93c8-03d13e3b73e1.jpg?resize=350%2C200&ssl=1","width":350,"height":200,"srcset":"https:\/\/i0.wp.com\/artstella-elixirs-floraux.com\/wp-content\/uploads\/2025\/03\/ba8ee7a7-51f8-4e02-93c8-03d13e3b73e1.jpg?resize=350%2C200&ssl=1 1x, https:\/\/i0.wp.com\/artstella-elixirs-floraux.com\/wp-content\/uploads\/2025\/03\/ba8ee7a7-51f8-4e02-93c8-03d13e3b73e1.jpg?resize=525%2C300&ssl=1 1.5x, https:\/\/i0.wp.com\/artstella-elixirs-floraux.com\/wp-content\/uploads\/2025\/03\/ba8ee7a7-51f8-4e02-93c8-03d13e3b73e1.jpg?resize=700%2C400&ssl=1 2x"},"classes":[]},{"id":5873,"url":"https:\/\/artstella-elixirs-floraux.com\/fr_fr\/produit\/dragon-fire-15-ml\/","url_meta":{"origin":3665,"position":2},"title":"DRAGON FIRE 15 ML","author":"eveapprill","date":"9 mars 2025","format":false,"excerpt":"Dragon Fire Phragmipedium China Dragon Donne le courage et l\u2019\u00e9nergie d\u2019accueillir le pouvoir spirituel de transformation dans nos vies.","rel":"","context":"Article similaire","block_context":{"text":"Article similaire","link":""},"img":{"alt_text":"","src":"","width":0,"height":0},"classes":[]},{"id":3713,"url":"https:\/\/artstella-elixirs-floraux.com\/fr_fr\/produit\/defender-from-the-dark-spray\/","url_meta":{"origin":3665,"position":3},"title":"DEFENDER from the DARK SPRAY","author":"eveapprill","date":"9 mars 2025","format":false,"excerpt":"Defender from the Dark (Protection de l\u2019obscurit\u00e9) En r\u00e9ponse aux d\u00e9fis dus au changement \u00e9nerg\u00e9tique global, cette orchid\u00e9e a demand\u00e9 \u00e0 \u00eatre pr\u00e9par\u00e9e en \u00e9lixir, en octobre 2010. Elle rappelle les images de Tolkien. Ainsi, bien que connaissant l\u2019ombre, elle n\u2019est pas de l\u2019ombre. \"Bleu\" : avec les huiles essentielles\u2026","rel":"","context":"Article similaire","block_context":{"text":"Article similaire","link":""},"img":{"alt_text":"sprays d\u00e9fense","src":"https:\/\/i0.wp.com\/artstella-elixirs-floraux.com\/wp-content\/uploads\/2025\/03\/wp-image1735.png?resize=350%2C200&ssl=1","width":350,"height":200},"classes":[]},{"id":5336,"url":"https:\/\/artstella-elixirs-floraux.com\/fr_fr\/produit\/silver-shadow-spray\/","url_meta":{"origin":3665,"position":4},"title":"SILVER SHADOW SPRAY","author":"eveapprill","date":"9 mars 2025","format":false,"excerpt":"Silver Shadow \u2013 Ombre argent\u00e9e Aide \u00e0 percevoir les forces obscures ambiantes et nous permet de choisir ce que nous acceptons dans notre environnement. \u201cbleu\u201d avec les huiles de Leleshwa, Myrrhe et Neroli","rel":"","context":"Article similaire","block_context":{"text":"Article similaire","link":""},"img":{"alt_text":"","src":"https:\/\/i0.wp.com\/artstella-elixirs-floraux.com\/wp-content\/uploads\/2025\/03\/wp-image1739.png?resize=350%2C200&ssl=1","width":350,"height":200},"classes":[]},{"id":3631,"url":"https:\/\/artstella-elixirs-floraux.com\/fr_fr\/produit\/41-night-soul-15-ml-ltoe\/","url_meta":{"origin":3665,"position":5},"title":"41. NIGHT SOUL 15 ML LTOE","author":"eveapprill","date":"9 mars 2025","format":false,"excerpt":"Night Soul \/ Nuit de l'\u00c2me\u00a0 Un \u00e9lixir puissant pour les p\u00e9riodes sombres, ou pour gu\u00e9rir des exp\u00e9riences sombres de l\u2019\u00e2me. La d\u00e9vastation qu\u2019elle soit ressentie int\u00e9rieurement ou rencontr\u00e9e, laisse de profondes empreintes dans la psych\u00e9.","rel":"","context":"Article similaire","block_context":{"text":"Article similaire","link":""},"img":{"alt_text":"","src":"https:\/\/i0.wp.com\/artstella-elixirs-floraux.com\/wp-content\/uploads\/2025\/03\/d3acc05b-ffb5-4f4a-902e-bf77701ef7a6.jpg?resize=350%2C200&ssl=1","width":350,"height":200,"srcset":"https:\/\/i0.wp.com\/artstella-elixirs-floraux.com\/wp-content\/uploads\/2025\/03\/d3acc05b-ffb5-4f4a-902e-bf77701ef7a6.jpg?resize=350%2C200&ssl=1 1x, https:\/\/i0.wp.com\/artstella-elixirs-floraux.com\/wp-content\/uploads\/2025\/03\/d3acc05b-ffb5-4f4a-902e-bf77701ef7a6.jpg?resize=525%2C300&ssl=1 1.5x, https:\/\/i0.wp.com\/artstella-elixirs-floraux.com\/wp-content\/uploads\/2025\/03\/d3acc05b-ffb5-4f4a-902e-bf77701ef7a6.jpg?resize=700%2C400&ssl=1 2x"},"classes":[]}],"_links":{"self":[{"href":"https:\/\/artstella-elixirs-floraux.com\/fr_fr\/wp-json\/wp\/v2\/product\/3665","targetHints":{"allow":["GET"]}}],"collection":[{"href":"https:\/\/artstella-elixirs-floraux.com\/fr_fr\/wp-json\/wp\/v2\/product"}],"about":[{"href":"https:\/\/artstella-elixirs-floraux.com\/fr_fr\/wp-json\/wp\/v2\/types\/product"}],"version-history":[{"count":0,"href":"https:\/\/artstella-elixirs-floraux.com\/fr_fr\/wp-json\/wp\/v2\/product\/3665\/revisions"}],"wp:featuredmedia":[{"embeddable":true,"href":"https:\/\/artstella-elixirs-floraux.com\/fr_fr\/wp-json\/wp\/v2\/media\/7626"}],"wp:attachment":[{"href":"https:\/\/artstella-elixirs-floraux.com\/fr_fr\/wp-json\/wp\/v2\/media?parent=3665"}],"wp:term":[{"taxonomy":"product_brand","embeddable":true,"href":"https:\/\/artstella-elixirs-floraux.com\/fr_fr\/wp-json\/wp\/v2\/product_brand?post=3665"},{"taxonomy":"product_cat","embeddable":true,"href":"https:\/\/artstella-elixirs-floraux.com\/fr_fr\/wp-json\/wp\/v2\/product_cat?post=3665"},{"taxonomy":"product_tag","embeddable":true,"href":"https:\/\/artstella-elixirs-floraux.com\/fr_fr\/wp-json\/wp\/v2\/product_tag?post=3665"}],"curies":[{"name":"wp","href":"https:\/\/api.w.org\/{rel}","templated":true}]}}