{"id":3677,"date":"2025-03-09T13:14:25","date_gmt":"2025-03-09T13:14:25","guid":{"rendered":"https:\/\/artstella-elixirs-floraux.com\/product\/65-unconditional-snuggles-ltoe-15-ml\/"},"modified":"2025-04-06T10:10:10","modified_gmt":"2025-04-06T10:10:10","slug":"65-unconditional-snuggles-ltoe-15-ml","status":"publish","type":"product","link":"https:\/\/artstella-elixirs-floraux.com\/fr_fr\/produit\/65-unconditional-snuggles-ltoe-15-ml\/","title":{"rendered":"65. UNCONDITIONAL SNUGGLES LTOE 15 ML"},"content":{"rendered":"","protected":false},"excerpt":{"rendered":"<p><strong><em>\u00a0<\/em><\/strong><\/p>\n<p align=\"center\"><span style=\"color: #008000\"><strong><em>Unconditional Snuggles\/C\u00e2lins inconditionnels<\/em><\/strong><\/span><\/p>\n<p align=\"center\"><strong><em> <\/em><\/strong><em>Comme un c\u00e2lin doux et rassurant qui n\u2019en finit pas, cet \u00e9lixir est excellent pour des adultes \u00e0 la fin d\u2019une journ\u00e9e exigeante, et pour les enfants \u00e0 tous moments. Que dire de plus ?<\/em><\/p>\n","protected":false},"featured_media":7617,"template":"","meta":[],"product_brand":[],"product_cat":[95],"product_tag":[],"class_list":{"0":"post-3677","1":"product","2":"type-product","3":"status-publish","4":"has-post-thumbnail","6":"product_cat-les-elixirs-unitaires","8":"first","9":"instock","10":"taxable","11":"shipping-taxable","12":"purchasable","13":"product-type-simple"},"etheme_brands":{"errors":{"invalid_taxonomy":["Taxonomie non valide."]},"error_data":[]},"jetpack_sharing_enabled":true,"jetpack-related-posts":[{"id":3586,"url":"https:\/\/artstella-elixirs-floraux.com\/fr_fr\/produit\/protecteur-du-voyage-interieur-15-ml\/","url_meta":{"origin":3677,"position":0},"title":"Protecteur du voyage int\u00e9rieur 15 ml","author":"eveapprill","date":"9 mars 2025","format":false,"excerpt":"Guardian of the inner journey \/Protecteur du voyage int\u00e9rieur Il apporte le courage de voir notre ombre et les peurs qui inhibent notre \u00e9volution spirituelle. Un \u00e9lixir \"s\u00e9rieux\" qui nous aide dans les pratiques de m\u00e9ditation. Il correspond \u00e9nerg\u00e9tiquement \u00e0 \"Walking to the Earth rythm\" qui peut \u00eatre pris \u00e0\u2026","rel":"","context":"Article similaire","block_context":{"text":"Article similaire","link":""},"img":{"alt_text":"","src":"https:\/\/i0.wp.com\/artstella-elixirs-floraux.com\/wp-content\/uploads\/2025\/03\/be484e02-a99a-4749-8338-486dd12f7498.jpg?resize=350%2C200&ssl=1","width":350,"height":200,"srcset":"https:\/\/i0.wp.com\/artstella-elixirs-floraux.com\/wp-content\/uploads\/2025\/03\/be484e02-a99a-4749-8338-486dd12f7498.jpg?resize=350%2C200&ssl=1 1x, https:\/\/i0.wp.com\/artstella-elixirs-floraux.com\/wp-content\/uploads\/2025\/03\/be484e02-a99a-4749-8338-486dd12f7498.jpg?resize=525%2C300&ssl=1 1.5x, https:\/\/i0.wp.com\/artstella-elixirs-floraux.com\/wp-content\/uploads\/2025\/03\/be484e02-a99a-4749-8338-486dd12f7498.jpg?resize=700%2C400&ssl=1 2x"},"classes":[]},{"id":3495,"url":"https:\/\/artstella-elixirs-floraux.com\/fr_fr\/produit\/gentle-geisha-ltoe-15-ml\/","url_meta":{"origin":3677,"position":1},"title":"GENTLE GEISHA LTOE 15 ML","author":"eveapprill","date":"9 mars 2025","format":false,"excerpt":"Douce geisha\/Gentle Geisha Au niveau \u00e9nerg\u00e9tique, ce complexe se situe presque \u00e0 l\u2019oppos\u00e9 du Double espresso (voir ci-dessus). Il favorise la d\u00e9tente en fin de journ\u00e9e, apaise un mental trop actif et ram\u00e8ne doucement et gracieusement l\u2019attention dans le corps.","rel":"","context":"Article similaire","block_context":{"text":"Article similaire","link":""},"img":{"alt_text":"","src":"https:\/\/i0.wp.com\/artstella-elixirs-floraux.com\/wp-content\/uploads\/2025\/03\/7abf70dc-35d5-4f0b-937b-a0efdde3f41c.jpg?resize=350%2C200&ssl=1","width":350,"height":200,"srcset":"https:\/\/i0.wp.com\/artstella-elixirs-floraux.com\/wp-content\/uploads\/2025\/03\/7abf70dc-35d5-4f0b-937b-a0efdde3f41c.jpg?resize=350%2C200&ssl=1 1x, https:\/\/i0.wp.com\/artstella-elixirs-floraux.com\/wp-content\/uploads\/2025\/03\/7abf70dc-35d5-4f0b-937b-a0efdde3f41c.jpg?resize=525%2C300&ssl=1 1.5x, https:\/\/i0.wp.com\/artstella-elixirs-floraux.com\/wp-content\/uploads\/2025\/03\/7abf70dc-35d5-4f0b-937b-a0efdde3f41c.jpg?resize=700%2C400&ssl=1 2x"},"classes":[]},{"id":2398,"url":"https:\/\/artstella-elixirs-floraux.com\/fr_fr\/produit\/portage-glacier\/","url_meta":{"origin":3677,"position":2},"title":"PORTAGE GLACIER &#8211; Glacier Portage","author":"eveapprill","date":"9 mars 2025","format":false,"excerpt":"Portage glacier. Cet \u00e9lixir a \u00e9t\u00e9 r\u00e9alis\u00e9 sur la banquise du Lac Portage \u00e0 proximit\u00e9 de la fin du Glacier Portage au sud de la r\u00e9gion centrale de Alaska. Une \u00e9nergie puissante et catalysante qui nous aide \u00e0 lib\u00e9rer notre corps mental, \u00e9motionnel, \u00e9th\u00e9rique et physique de ce qui n'est\u2026","rel":"","context":"Article similaire","block_context":{"text":"Article similaire","link":""},"img":{"alt_text":"","src":"https:\/\/i0.wp.com\/artstella-elixirs-floraux.com\/wp-content\/uploads\/2025\/03\/Portage_Glacier_1024x1024.jpg?resize=350%2C200&ssl=1","width":350,"height":200},"classes":[]},{"id":6280,"url":"https:\/\/artstella-elixirs-floraux.com\/fr_fr\/produit\/lantana-sylfos-15ml\/","url_meta":{"origin":3677,"position":3},"title":"LANTANA SYLFOS 15ML","author":"eveapprill","date":"9 mars 2025","format":false,"excerpt":"LANTANA \u2013Lantana camara Sensibilit\u00e9 \u2013 Luminosit\u00e9 - Karma aide \u00e0 r\u00e9soudre les manques de motivation, de direction et de clart\u00e9, en amenant directement \u00e0 ce qui est bloqu\u00e9 dans notre conscience.","rel":"","context":"Article similaire","block_context":{"text":"Article similaire","link":""},"img":{"alt_text":"","src":"https:\/\/i0.wp.com\/artstella-elixirs-floraux.com\/wp-content\/uploads\/2025\/03\/wp-image2229.png?resize=350%2C200&ssl=1","width":350,"height":200},"classes":[]},{"id":3879,"url":"https:\/\/artstella-elixirs-floraux.com\/fr_fr\/produit\/dauphin-rose-15-ml-phi\/","url_meta":{"origin":3677,"position":4},"title":"DAUPHIN ROSE 15 ML PHI","author":"eveapprill","date":"9 mars 2025","format":false,"excerpt":"Le dauphin rose de l\u2019Amazone\u00a0: Le plus grand des dauphins de fleuve est tr\u00e8s rare. Sa peau est si fine que les petites veinules roses transparaissent. Il vit dans l\u2019ensemble fluvial de l\u2019Amazone et l\u2019Orenoke, en Am\u00e9rique du Sud.","rel":"","context":"Article similaire","block_context":{"text":"Article similaire","link":""},"img":{"alt_text":"","src":"https:\/\/i0.wp.com\/artstella-elixirs-floraux.com\/wp-content\/uploads\/2025\/03\/wp-image493.png?resize=350%2C200&ssl=1","width":350,"height":200,"srcset":"https:\/\/i0.wp.com\/artstella-elixirs-floraux.com\/wp-content\/uploads\/2025\/03\/wp-image493.png?resize=350%2C200&ssl=1 1x, https:\/\/i0.wp.com\/artstella-elixirs-floraux.com\/wp-content\/uploads\/2025\/03\/wp-image493.png?resize=525%2C300&ssl=1 1.5x"},"classes":[]},{"id":3744,"url":"https:\/\/artstella-elixirs-floraux.com\/fr_fr\/produit\/phantom-orchid-cuba-15-ml-phi\/","url_meta":{"origin":3677,"position":5},"title":"PHANTOM ORCHID (CUBA) 15 ML PHI","author":"eveapprill","date":"9 mars 2025","format":false,"excerpt":"PHANTOM ORCHID\u00a0Dendrophyllax varius\u00a0Orchid\u00e9e Fant\u00f4me\u00a0Est une orchid\u00e9e miniature sans feuilles. D\u2019un entrelacs de racines pos\u00e9 directement sur du bois la petite orchid\u00e9e blanche pousse sur une tige fin.","rel":"","context":"Article similaire","block_context":{"text":"Article similaire","link":""},"img":{"alt_text":"","src":"https:\/\/i0.wp.com\/artstella-elixirs-floraux.com\/wp-content\/uploads\/2025\/03\/wp-image1786.png?resize=350%2C200&ssl=1","width":350,"height":200},"classes":[]}],"_links":{"self":[{"href":"https:\/\/artstella-elixirs-floraux.com\/fr_fr\/wp-json\/wp\/v2\/product\/3677","targetHints":{"allow":["GET"]}}],"collection":[{"href":"https:\/\/artstella-elixirs-floraux.com\/fr_fr\/wp-json\/wp\/v2\/product"}],"about":[{"href":"https:\/\/artstella-elixirs-floraux.com\/fr_fr\/wp-json\/wp\/v2\/types\/product"}],"version-history":[{"count":0,"href":"https:\/\/artstella-elixirs-floraux.com\/fr_fr\/wp-json\/wp\/v2\/product\/3677\/revisions"}],"wp:featuredmedia":[{"embeddable":true,"href":"https:\/\/artstella-elixirs-floraux.com\/fr_fr\/wp-json\/wp\/v2\/media\/7617"}],"wp:attachment":[{"href":"https:\/\/artstella-elixirs-floraux.com\/fr_fr\/wp-json\/wp\/v2\/media?parent=3677"}],"wp:term":[{"taxonomy":"product_brand","embeddable":true,"href":"https:\/\/artstella-elixirs-floraux.com\/fr_fr\/wp-json\/wp\/v2\/product_brand?post=3677"},{"taxonomy":"product_cat","embeddable":true,"href":"https:\/\/artstella-elixirs-floraux.com\/fr_fr\/wp-json\/wp\/v2\/product_cat?post=3677"},{"taxonomy":"product_tag","embeddable":true,"href":"https:\/\/artstella-elixirs-floraux.com\/fr_fr\/wp-json\/wp\/v2\/product_tag?post=3677"}],"curies":[{"name":"wp","href":"https:\/\/api.w.org\/{rel}","templated":true}]}}